{"id":98,"date":"2019-01-08T11:05:39","date_gmt":"2019-01-08T10:05:39","guid":{"rendered":"https:\/\/app.lib.uliege.be\/stt\/?page_id=98"},"modified":"2019-02-01T09:51:48","modified_gmt":"2019-02-01T08:51:48","slug":"4-nouvelles-interactions-et-approches-dinterfacage-avec-applications-tierces","status":"publish","type":"page","link":"https:\/\/services.lib.uliege.be\/stt\/index.php\/edition-2019\/sessions-autour-du-sgb\/4-nouvelles-interactions-et-approches-dinterfacage-avec-applications-tierces\/","title":{"rendered":"Nouvelles interactions et approches d&#8217;interfa\u00e7age avec applications tierces"},"content":{"rendered":"\n<p class=\"wp-block-paragraph\"><em>Mercredi 30 janvier 2019 \u00e0 9:00<\/em><\/p>\n\n\n\n<h3 class=\"wp-block-heading\">Quand Koha rencontre Primo : une API com\u00e9die<\/h3>\n\n\n\n<p class=\"wp-block-paragraph\"><em>Julien Sicot (Universit\u00e9 de Rennes 2)<\/em><\/p>\n\n\n\n<p class=\"wp-block-paragraph\"><u>R\u00e9sum\u00e9<\/u> : Apr\u00e8s deux exp\u00e9riences mitig\u00e9es sur des produits concurrents avec notamment un objectif de simplification d&#8217;acc\u00e8s aux documents non atteint, les biblioth\u00e8ques de l&#8217;universit\u00e9 Rennes 2 ont fait le choix d&#8217;adopter les solutions Primo Central et SFX. Ce retour d&#8217;exp\u00e9rience se propose de mettre en lumi\u00e8re les enjeux et d\u00e9fis techniques relev\u00e9s dans le cadre de cette impl\u00e9mentation. Nous reviendrons en particulier sur la probl\u00e9matique de l&#8217;interfa\u00e7age et donc de l&#8217;interop\u00e9rabilit\u00e9 entre une plate-forme dite ouverte Primo et un syst\u00e8me de gestion de biblioth\u00e8que open source \u00e0 savoir Koha. Quels m\u00e9thodes et outils ont \u00e9t\u00e9 utilis\u00e9s ? Quelles contraintes et difficult\u00e9s se sont pos\u00e9es ? Pour quels objectifs d&#8217;usage ?<\/p>\n\n\n<div class=\"ead-preview\"><div class=\"ead-document\" style=\"position: relative;padding-top: 90%\"><div class=\"ead-iframe-wrapper\"><iframe src=\"\/\/docs.google.com\/viewer?url=https%3A%2F%2Fservices.lib.uliege.be%2Fstt%2Fwp-content%2Fuploads%2F2019%2F01%2Fme_1_sicot-compressed.pdf&amp;embedded=true&amp;hl=en\" title=\"Embedded Document\" class=\"ead-iframe\" style=\"width: 100%;height: 100%;border: none;position: absolute;left: 0;top: 0;visibility: hidden;\"><\/iframe><\/div>\t\t\t<div class=\"ead-document-loading\" style=\"width:100%;height:100%;position:absolute;left:0;top:0;z-index:10\">\n\t\t\t\t<div class=\"ead-loading-wrap\">\n\t\t\t\t\t<div class=\"ead-loading-main\">\n\t\t\t\t\t\t<div class=\"ead-loading\">\n\t\t\t\t\t\t\t<img loading=\"lazy\" decoding=\"async\" src=\"https:\/\/services.lib.uliege.be\/stt\/wp-content\/plugins\/embed-any-document\/images\/loading.svg\" width=\"55\" height=\"55\" alt=\"Loader\">\n\t\t\t\t\t\t\t<span>Loading&#8230;<\/span>\n\t\t\t\t\t\t<\/div>\n\t\t\t\t\t<\/div>\n\t\t\t\t\t<div class=\"ead-loading-foot\">\n\t\t\t\t\t\t<div class=\"ead-loading-foot-title\">\n\t\t\t\t\t\t\t<img loading=\"lazy\" decoding=\"async\" src=\"https:\/\/services.lib.uliege.be\/stt\/wp-content\/plugins\/embed-any-document\/images\/EAD-logo.svg\" alt=\"EAD Logo\" width=\"36\" height=\"23\"\/>\n\t\t\t\t\t\t\t<span>Taking too long?<\/span>\n\t\t\t\t\t\t<\/div>\n\t\t\t\t\t\t<p>\n\t\t\t\t\t\t\t<div class=\"ead-document-btn ead-reload-btn\" role=\"button\">\n\t\t\t\t\t\t\t\t<img loading=\"lazy\" decoding=\"async\" src=\"https:\/\/services.lib.uliege.be\/stt\/wp-content\/plugins\/embed-any-document\/images\/reload.svg\" alt=\"Reload\" width=\"12\" height=\"12\"\/> Reload document\t\t\t\t\t\t\t<\/div>\n\t\t\t\t\t\t\t<span>|<\/span>\n\t\t\t\t\t\t\t<a href=\"https:\/\/services.lib.uliege.be\/stt\/wp-content\/uploads\/2019\/01\/me_1_sicot-compressed.pdf\" class=\"ead-document-btn\" target=\"_blank\">\n\t\t\t\t\t\t\t\t<img loading=\"lazy\" decoding=\"async\" src=\"https:\/\/services.lib.uliege.be\/stt\/wp-content\/plugins\/embed-any-document\/images\/open.svg\" alt=\"Open\" width=\"12\" height=\"12\"\/> Open in new tab\t\t\t\t\t\t\t<\/a>\n\t\t\t\t\t<\/div>\n\t\t\t\t<\/div>\n\t\t\t<\/div>\n\t\t<\/div><p class=\"embed_download\"><a href=\"https:\/\/services.lib.uliege.be\/stt\/wp-content\/uploads\/2019\/01\/me_1_sicot-compressed.pdf\" download>T\u00e9l\u00e9charger [5.18 MB] <\/a><\/p><\/div>\n\n\n<h3 class=\"wp-block-heading\">Remise \u00e0 plat des processus n\u00e9cessitant une interaction avec le SGB dans le cadre d&#8217;un changement de syst\u00e8me<\/h3>\n\n\n\n<p class=\"wp-block-paragraph\"><em>Sylvain Machefert (Universit\u00e9 Bordeaux Montaigne)<\/em><\/p>\n\n\n\n<p class=\"wp-block-paragraph\"><u>R\u00e9sum\u00e9<\/u> : Avant de passer \u00e0 Alma\/Primo en septembre 2018, le r\u00e9seau des universit\u00e9s bordelaises utilisait le logiciel Horizon avec lequel les possibilit\u00e9s de communication sont impossibles si l&#8217;on n&#8217;a pas un acc\u00e8s direct \u00e0 la base de donn\u00e9es. En quelques mois nous avons d\u00e9j\u00e0 pu b\u00e9n\u00e9ficier du passage \u00e0 un outil proposant des API en reprenant deux processus. Tout d&#8217;abord la v\u00e9rification de l&#8217;absence de contentieux avec les BU pour les \u00e9tudiants qui souhaitent partir dans une autre universit\u00e9 (\u00ab quitus \u00bb). Le service de la scolarit\u00e9 est maintenant autonome pour v\u00e9rifier cela lui-m\u00eame via une interface d\u00e9di\u00e9e, simplifiant la vie des lecteurs et des coll\u00e8gues biblioth\u00e9caires. La mise \u00e0 jour de cotes en s\u00e9ries : les BU sont en train de migrer de la CDU \u00e0 la Dewey pour leurs cotes. Via l&#8217;outil interne d\u00e9di\u00e9 \u00e0 cette op\u00e9ration, nous sommes d\u00e9sormais en mesure d&#8217;aller mettre \u00e0 jour les cotes en temps r\u00e9el au moment de l&#8217;impression d&#8217;une nouvelle cote, alors qu&#8217;avant le script ne tournait qu&#8217;une fois par semaine, occasionnant souvent une dizaine de jours de d\u00e9calages entre le contenu du catalogue et les ouvrages en rayon.<\/p>\n\n\n<div class=\"ead-preview\"><div class=\"ead-document\" style=\"position: relative;padding-top: 90%\"><div class=\"ead-iframe-wrapper\"><iframe src=\"\/\/docs.google.com\/viewer?url=https%3A%2F%2Fservices.lib.uliege.be%2Fstt%2Fwp-content%2Fuploads%2F2019%2F01%2Fme_2_machefert.pdf&amp;embedded=true&amp;hl=en\" title=\"Embedded Document\" class=\"ead-iframe\" style=\"width: 100%;height: 100%;border: none;position: absolute;left: 0;top: 0;visibility: hidden;\"><\/iframe><\/div>\t\t\t<div class=\"ead-document-loading\" style=\"width:100%;height:100%;position:absolute;left:0;top:0;z-index:10\">\n\t\t\t\t<div class=\"ead-loading-wrap\">\n\t\t\t\t\t<div class=\"ead-loading-main\">\n\t\t\t\t\t\t<div class=\"ead-loading\">\n\t\t\t\t\t\t\t<img loading=\"lazy\" decoding=\"async\" src=\"https:\/\/services.lib.uliege.be\/stt\/wp-content\/plugins\/embed-any-document\/images\/loading.svg\" width=\"55\" height=\"55\" alt=\"Loader\">\n\t\t\t\t\t\t\t<span>Loading&#8230;<\/span>\n\t\t\t\t\t\t<\/div>\n\t\t\t\t\t<\/div>\n\t\t\t\t\t<div class=\"ead-loading-foot\">\n\t\t\t\t\t\t<div class=\"ead-loading-foot-title\">\n\t\t\t\t\t\t\t<img loading=\"lazy\" decoding=\"async\" src=\"https:\/\/services.lib.uliege.be\/stt\/wp-content\/plugins\/embed-any-document\/images\/EAD-logo.svg\" alt=\"EAD Logo\" width=\"36\" height=\"23\"\/>\n\t\t\t\t\t\t\t<span>Taking too long?<\/span>\n\t\t\t\t\t\t<\/div>\n\t\t\t\t\t\t<p>\n\t\t\t\t\t\t\t<div class=\"ead-document-btn ead-reload-btn\" role=\"button\">\n\t\t\t\t\t\t\t\t<img loading=\"lazy\" decoding=\"async\" src=\"https:\/\/services.lib.uliege.be\/stt\/wp-content\/plugins\/embed-any-document\/images\/reload.svg\" alt=\"Reload\" width=\"12\" height=\"12\"\/> Reload document\t\t\t\t\t\t\t<\/div>\n\t\t\t\t\t\t\t<span>|<\/span>\n\t\t\t\t\t\t\t<a href=\"https:\/\/services.lib.uliege.be\/stt\/wp-content\/uploads\/2019\/01\/me_2_machefert.pdf\" class=\"ead-document-btn\" target=\"_blank\">\n\t\t\t\t\t\t\t\t<img loading=\"lazy\" decoding=\"async\" src=\"https:\/\/services.lib.uliege.be\/stt\/wp-content\/plugins\/embed-any-document\/images\/open.svg\" alt=\"Open\" width=\"12\" height=\"12\"\/> Open in new tab\t\t\t\t\t\t\t<\/a>\n\t\t\t\t\t<\/div>\n\t\t\t\t<\/div>\n\t\t\t<\/div>\n\t\t<\/div><p class=\"embed_download\"><a href=\"https:\/\/services.lib.uliege.be\/stt\/wp-content\/uploads\/2019\/01\/me_2_machefert.pdf\" download>T\u00e9l\u00e9charger [1.05 MB] <\/a><\/p><\/div>\n\n\n<h3 class=\"wp-block-heading\">Evaluation et SGB(m) : quels enjeux et quelles possibilit\u00e9s ?<\/h3>\n\n\n\n<p class=\"wp-block-paragraph\"><em>Ga\u00eblle Denni (Universit\u00e9 Grenoble Alpes Grenoble INP)<\/em><\/p>\n\n\n\n<p class=\"wp-block-paragraph\"><u>R\u00e9sum\u00e9<\/u> : Avec les SGB nouvelle g\u00e9n\u00e9ration, l&#8217;ouverture vers d&#8217;autres applications, en particulier celles de nos tutelles, est un v\u00e9ritable enjeu. Cela ne se joue pas uniquement dans les possibilit\u00e9s d&#8217;offrir de nouveaux services aux usagers, mais aussi pour mesurer les flux, qualifier les usages et donc \u00e9valuer. Mais comment faire pour agr\u00e9ger les donn\u00e9es internes au SGB (des activit\u00e9s \u00ab c\u0153ur de m\u00e9tier \u00bb) \u00e0 celles des API qui y seront interfac\u00e9es et celles qui sont g\u00e9r\u00e9es dans les autres applications informatiques (financi\u00e8res, des scolarit\u00e9s, des dispositifs de mesure de la fr\u00e9quentation\u2026) ? A Grenoble, au SID UGA-Grenoble INP, o\u00f9 un syst\u00e8me informatique d\u00e9cisionnel est install\u00e9 et d\u00e9velopp\u00e9 depuis une douzaine d&#8217;ann\u00e9es, ces questions se posent actuellement dans le cadre de son projet de r\u00e9informatisation. Nous vous proposons d&#8217;identifier les enjeux, poser les (bonnes) questions et \u00e9baucher des solutions. <\/p>\n\n\n<div class=\"ead-preview\"><div class=\"ead-document\" style=\"position: relative;padding-top: 90%\"><iframe src=\"\/\/view.officeapps.live.com\/op\/embed.aspx?src=https%3A%2F%2Fservices.lib.uliege.be%2Fstt%2Fwp-content%2Fuploads%2F2019%2F01%2Fme_4_denni.pptx\" title=\"Embedded Document\" class=\"ead-iframe\" style=\"width: 100%;height: 100%;border: none;position: absolute;left: 0;top: 0;\"><\/iframe><\/div><p class=\"embed_download\"><a href=\"https:\/\/services.lib.uliege.be\/stt\/wp-content\/uploads\/2019\/01\/me_4_denni.pptx\" download>T\u00e9l\u00e9charger [2.63 MB] <\/a><\/p><\/div>\n\n\n<h3 class=\"wp-block-heading\">Au-del\u00e0 des catalogues : le discovery tool de l&#8217;Universit\u00e0 degli studi di Perugia et autres projets italiens<\/h3>\n\n\n\n<p class=\"wp-block-paragraph\"><em>Tania Chiacchieroni (Universit\u00e0 degli Studi di Perugia)<\/em><\/p>\n\n\n\n<p class=\"wp-block-paragraph\"><u>R\u00e9sum\u00e9<\/u> : L&#8217;Universit\u00e0 degli Studi di Perugia a impl\u00e9ment\u00e9 en 2017 le logiciel Primo. Le nouvel outil de d\u00e9couverte des ressources bibliographiques s&#8217;interface localement avec le catalogue g\u00e9n\u00e9ral (Aleph), avec les ressources \u00e9lectroniques souscrites et gratuites (SFX). Primo interroge aussi l&#8217;archive institutionnelle de la recherche (IRIS), qui a acquis plus de visibilit\u00e9 mais qui ne publie pas encore de documents en acc\u00e8s ouvert. On mettra \u00e9galement l&#8217;accent sur deux exemples de discovery tool partag\u00e9 entre plusieurs universit\u00e9s italiennes : OneSearch SBART (Toscane) et SHARE Discovery (r\u00e9gions Campanie et Basilicate). Le projet SHARE inclut l&#8217;archive ouverte EleA, laquelle est \u00e9galement int\u00e9gr\u00e9e dans Primo Central Index. Enfin, on mentionnera bri\u00e8vement l&#8217;Institut central du catalogue unique (Istituto centrale per il catalogo unico \u2013 ICCU) qui a r\u00e9cemment lanc\u00e9 un projet orient\u00e9 vers la r\u00e9alisation d&#8217;un \u00ab syst\u00e8me de recherche int\u00e9gr\u00e9 \u00bb de ses catalogues et bases de donn\u00e9es.<\/p>\n\n\n<div class=\"ead-preview\"><div class=\"ead-document\" style=\"position: relative;padding-top: 90%\"><iframe src=\"\/\/view.officeapps.live.com\/op\/embed.aspx?src=https%3A%2F%2Fservices.lib.uliege.be%2Fstt%2Fwp-content%2Fuploads%2F2019%2F01%2Fme_3_chiacchieroni.pptx\" title=\"Embedded Document\" class=\"ead-iframe\" style=\"width: 100%;height: 100%;border: none;position: absolute;left: 0;top: 0;\"><\/iframe><\/div><p class=\"embed_download\"><a href=\"https:\/\/services.lib.uliege.be\/stt\/wp-content\/uploads\/2019\/01\/me_3_chiacchieroni.pptx\" download>T\u00e9l\u00e9charger [7.38 MB] <\/a><\/p><\/div>","protected":false},"excerpt":{"rendered":"<p>Mercredi 30 janvier 2019 \u00e0 9:00 Quand Koha rencontre Primo : une API com\u00e9die Julien Sicot (Universit\u00e9 de Rennes 2) R\u00e9sum\u00e9 : Apr\u00e8s deux exp\u00e9riences mitig\u00e9es sur des produits concurrents avec notamment un objectif de simplification d&#8217;acc\u00e8s aux documents non&#8230; <a href=\"https:\/\/services.lib.uliege.be\/stt\/index.php\/edition-2019\/sessions-autour-du-sgb\/4-nouvelles-interactions-et-approches-dinterfacage-avec-applications-tierces\/\" class=\"readmore\">Read more<span class=\"screen-reader-text\">Nouvelles interactions et approches d&#8217;interfa\u00e7age avec applications tierces<\/span><span class=\"fa fa-angle-double-right\" aria-hidden=\"true\"><\/span><\/a><\/p>\n","protected":false},"author":3,"featured_media":0,"parent":62,"menu_order":4,"comment_status":"closed","ping_status":"closed","template":"template\/content-sidebar.php","meta":{"_crdt_document":"","footnotes":""},"class_list":["post-98","page","type-page","status-publish","hentry"],"jetpack_sharing_enabled":true,"jetpack_shortlink":"https:\/\/wp.me\/PaDENg-1A","_links":{"self":[{"href":"https:\/\/services.lib.uliege.be\/stt\/index.php\/wp-json\/wp\/v2\/pages\/98","targetHints":{"allow":["GET"]}}],"collection":[{"href":"https:\/\/services.lib.uliege.be\/stt\/index.php\/wp-json\/wp\/v2\/pages"}],"about":[{"href":"https:\/\/services.lib.uliege.be\/stt\/index.php\/wp-json\/wp\/v2\/types\/page"}],"author":[{"embeddable":true,"href":"https:\/\/services.lib.uliege.be\/stt\/index.php\/wp-json\/wp\/v2\/users\/3"}],"replies":[{"embeddable":true,"href":"https:\/\/services.lib.uliege.be\/stt\/index.php\/wp-json\/wp\/v2\/comments?post=98"}],"version-history":[{"count":14,"href":"https:\/\/services.lib.uliege.be\/stt\/index.php\/wp-json\/wp\/v2\/pages\/98\/revisions"}],"predecessor-version":[{"id":431,"href":"https:\/\/services.lib.uliege.be\/stt\/index.php\/wp-json\/wp\/v2\/pages\/98\/revisions\/431"}],"up":[{"embeddable":true,"href":"https:\/\/services.lib.uliege.be\/stt\/index.php\/wp-json\/wp\/v2\/pages\/62"}],"wp:attachment":[{"href":"https:\/\/services.lib.uliege.be\/stt\/index.php\/wp-json\/wp\/v2\/media?parent=98"}],"curies":[{"name":"wp","href":"https:\/\/api.w.org\/{rel}","templated":true}]}}