{"id":851,"date":"2021-11-03T15:21:46","date_gmt":"2021-11-03T14:21:46","guid":{"rendered":"https:\/\/app.lib.uliege.be\/stt\/?page_id=851"},"modified":"2022-05-24T14:36:31","modified_gmt":"2022-05-24T12:36:31","slug":"venue","status":"publish","type":"page","link":"https:\/\/services.lib.uliege.be\/stt\/venue\/","title":{"rendered":"Venue"},"content":{"rendered":"\n<p class=\"wp-block-paragraph\">The 2022 Erasmus Staff Training Week will be held at two different places:<\/p>\n\n\n\n<h3 class=\"wp-block-heading\" id=\"monday-may-30th-and-tuesday-may-31st\">Monday May 30th and Thursday June 2nd<\/h3>\n\n\n\n<p class=\"wp-block-paragraph\" id=\"faculty-room\"><a href=\"https:\/\/services.lib.uliege.be\/stt\/indexphp\/locations\/salle-des-professeurs-b37-1\/\"><strong>Faculty Room<\/strong><\/a> (<em>Salle des professeurs<\/em>)<\/p>\n\n\n\n<p class=\"wp-block-paragraph\"><em>Institut de Math\u00e9matiques<\/em><br><strong>Sart Tilman campus \u2013 POLYTECH area<\/strong><br>Building B37 (1st floor)<br>All\u00e9e de la D\u00e9couverte 12<br>4000 Li\u00e8ge Sart Tilman<\/p>\n\n\n\n<p class=\"wp-block-paragraph\"><\/p>\n\n\n\n<p class=\"wp-block-paragraph\">Bus line from the city center<strong>: <em>48 Op\u00e9ra &#8211; Guillemins &#8211; Sart-Tilman Universit\u00e9 &#8211; CHU<\/em><\/strong><\/p>\n\n\n\n<p class=\"wp-block-paragraph\">Bus stop: <strong>SART-TILMAN Polytech<\/strong> (4 min. walk) or <strong>SART-TILMAN Amphith\u00e9\u00e2tres<\/strong> (11 min. walk)<\/p>\n\n\n\n<p class=\"wp-block-paragraph\">&nbsp;<\/p>\n\n\n\n<h3 class=\"wp-block-heading\" id=\"wednesday-june-1st-friday-june-3rd\">Tuesday May 31st, Wednesday June 1st, and Friday June 3rd<\/h3>\n\n\n\n<p class=\"wp-block-paragraph\"><strong><a href=\"https:\/\/services.lib.uliege.be\/stt\/indexphp\/locations\/room-a2-6-8\/\">Room A2\/6\/8<\/a><\/strong><\/p>\n\n\n\n<p class=\"wp-block-paragraph\"><em>Facult\u00e9 de Philosophie et Lettres<\/em><br><strong>Li\u00e8ge city center campus &#8211; 20-Ao\u00fbt district<\/strong><br>Building A2 (6th floor)<br>Place Cockerill 3<br>4000 Li\u00e8ge<br><\/p>\n","protected":false},"excerpt":{"rendered":"<p>The 2022 Erasmus Staff Training Week will be held at two different places: Monday May 30th and Thursday June 2nd Faculty Room (Salle des professeurs) Institut de Math\u00e9matiquesSart Tilman campus \u2013 POLYTECH areaBuilding B37 (1st floor)All\u00e9e de la D\u00e9couverte 124000&#8230; <a href=\"https:\/\/services.lib.uliege.be\/stt\/venue\/\" class=\"readmore\">Read more<span class=\"screen-reader-text\">Venue<\/span><span class=\"fa fa-angle-double-right\" aria-hidden=\"true\"><\/span><\/a><\/p>\n","protected":false},"author":3,"featured_media":0,"parent":523,"menu_order":4,"comment_status":"closed","ping_status":"closed","template":"template\/content-sidebar.php","meta":{"_crdt_document":"","footnotes":""},"class_list":["post-851","page","type-page","status-publish","hentry"],"jetpack_sharing_enabled":true,"jetpack_shortlink":"https:\/\/wp.me\/PaDENg-dJ","_links":{"self":[{"href":"https:\/\/services.lib.uliege.be\/stt\/index.php\/wp-json\/wp\/v2\/pages\/851","targetHints":{"allow":["GET"]}}],"collection":[{"href":"https:\/\/services.lib.uliege.be\/stt\/index.php\/wp-json\/wp\/v2\/pages"}],"about":[{"href":"https:\/\/services.lib.uliege.be\/stt\/index.php\/wp-json\/wp\/v2\/types\/page"}],"author":[{"embeddable":true,"href":"https:\/\/services.lib.uliege.be\/stt\/index.php\/wp-json\/wp\/v2\/users\/3"}],"replies":[{"embeddable":true,"href":"https:\/\/services.lib.uliege.be\/stt\/index.php\/wp-json\/wp\/v2\/comments?post=851"}],"version-history":[{"count":19,"href":"https:\/\/services.lib.uliege.be\/stt\/index.php\/wp-json\/wp\/v2\/pages\/851\/revisions"}],"predecessor-version":[{"id":1043,"href":"https:\/\/services.lib.uliege.be\/stt\/index.php\/wp-json\/wp\/v2\/pages\/851\/revisions\/1043"}],"up":[{"embeddable":true,"href":"https:\/\/services.lib.uliege.be\/stt\/index.php\/wp-json\/wp\/v2\/pages\/523"}],"wp:attachment":[{"href":"https:\/\/services.lib.uliege.be\/stt\/index.php\/wp-json\/wp\/v2\/media?parent=851"}],"curies":[{"name":"wp","href":"https:\/\/api.w.org\/{rel}","templated":true}]}}