{"id":642,"date":"2021-10-17T15:05:17","date_gmt":"2021-10-17T13:05:17","guid":{"rendered":"https:\/\/app.lib.uliege.be\/stt\/?page_id=642"},"modified":"2022-05-24T11:17:40","modified_gmt":"2022-05-24T09:17:40","slug":"list-of-participants","status":"publish","type":"page","link":"https:\/\/services.lib.uliege.be\/stt\/2022-edition\/list-of-participants\/","title":{"rendered":"List of participants"},"content":{"rendered":"\n<ol class=\"wp-block-list\"><li>Reyes Albo, <em>Library Director<\/em> (Universidad Polit\u00e9cnica de Madrid, Spain) <\/li><li>Joris Baeyens, <em>Assistant Librarian ILL and Acquisitions<\/em> (Ghent University, Belgium) <\/li><li>L\u00e9a Bouillet, <em>Head of Public services department<\/em> (Universit\u00e9 Toulouse Jean Jaur\u00e8s, France) <\/li><li>Karin Bystr\u00f6m, <em>Collection Development Coordinator<\/em> (Uppsala University Library, Sweden) <\/li><li>Camille Carette, <em>Digital Library Manager<\/em> (\u00c9cole nationale des chartes, France) <\/li><li>Marion Favre, <em>E-resources<\/em> <em>Librarian<\/em> (EPFL, Switzerland) <\/li><li>Karolina Forma, <em>Librarian<\/em> (Main Library of the AGH University of Science and Technology, Poland) <\/li><li>Veronica Fors, <em>Librarian<\/em> (\u00d6rebro University Library, Sweden) <\/li><li>Elisabetta Guerra, <em>Librarian, member of the Interlibrary Loan staff<\/em> (Verona University, Italy) <\/li><li>Martina Kassler, <em>ILL Manager<\/em> (Karlstads university, Sweden) <\/li><li>Susanne Kirchmair, <em>Head of Library Services<\/em> (MCI Management Center Innsbruck, Austria) <\/li><li>Carmen Lomba, <em>Librarian Responsable of ILL-DD Service<\/em> (Universidad de Cantabria, Spain) <\/li><li>Debora Mazza, <em>Research fellow<\/em> (National Research Council &#8211; Research Area of Bologna, Italy)<\/li><li>Is\u00e0vena Opisso-Atienza, <em>ILL Manager<\/em> (Universitat Aut\u00f2noma de Barcelona, Spain) <\/li><li>Florian Prei\u00df, <em>Librarian<\/em> (Deutsches Museum, Germany) <\/li><li>Fabienne Prosmans, <em>Fullfilment &amp; ILL Coordinator<\/em> (Universit\u00e9 de Li\u00e8ge, Belgium) <\/li><li>Fran\u00e7ois Renaville, <em>Head of Library Systems<\/em> (Universit\u00e9 de Li\u00e8ge, Belgium) <\/li><li>Franciszek Skalski, <em>Junior Librarian<\/em> (University of Warsaw Library, Poland) <\/li><li>Fr\u00e9d\u00e9ric Spagnoli, <em>Ma\u00eetre de conf\u00e9rences italien \/ co-directeur master Rare Book and Digital Humanities<\/em> (Universit\u00e9 Bourgogne-Franche-Comt\u00e9, France) <\/li><li>Jennifer Van den Avijle, <em>User Services Manager<\/em> (University of Antwerp, Belgium) <\/li><li>Ipek Yarar, <em>User Services Librarian<\/em> (MEF University, Turkey)<\/li><\/ol>\n","protected":false},"excerpt":{"rendered":"<p>Reyes Albo, Library Director (Universidad Polit\u00e9cnica de Madrid, Spain) Joris Baeyens, Assistant Librarian ILL and Acquisitions (Ghent University, Belgium) L\u00e9a Bouillet, Head of Public services department (Universit\u00e9 Toulouse Jean Jaur\u00e8s, France) Karin Bystr\u00f6m, Collection Development Coordinator (Uppsala University Library, Sweden)&#8230; <a href=\"https:\/\/services.lib.uliege.be\/stt\/2022-edition\/list-of-participants\/\" class=\"readmore\">Read more<span class=\"screen-reader-text\">List of participants<\/span><span class=\"fa fa-angle-double-right\" aria-hidden=\"true\"><\/span><\/a><\/p>\n","protected":false},"author":3,"featured_media":0,"parent":523,"menu_order":2,"comment_status":"closed","ping_status":"closed","template":"template\/content-sidebar.php","meta":{"_crdt_document":"","footnotes":""},"class_list":["post-642","page","type-page","status-publish","hentry"],"jetpack_sharing_enabled":true,"jetpack_shortlink":"https:\/\/wp.me\/PaDENg-am","_links":{"self":[{"href":"https:\/\/services.lib.uliege.be\/stt\/index.php\/wp-json\/wp\/v2\/pages\/642","targetHints":{"allow":["GET"]}}],"collection":[{"href":"https:\/\/services.lib.uliege.be\/stt\/index.php\/wp-json\/wp\/v2\/pages"}],"about":[{"href":"https:\/\/services.lib.uliege.be\/stt\/index.php\/wp-json\/wp\/v2\/types\/page"}],"author":[{"embeddable":true,"href":"https:\/\/services.lib.uliege.be\/stt\/index.php\/wp-json\/wp\/v2\/users\/3"}],"replies":[{"embeddable":true,"href":"https:\/\/services.lib.uliege.be\/stt\/index.php\/wp-json\/wp\/v2\/comments?post=642"}],"version-history":[{"count":26,"href":"https:\/\/services.lib.uliege.be\/stt\/index.php\/wp-json\/wp\/v2\/pages\/642\/revisions"}],"predecessor-version":[{"id":1040,"href":"https:\/\/services.lib.uliege.be\/stt\/index.php\/wp-json\/wp\/v2\/pages\/642\/revisions\/1040"}],"up":[{"embeddable":true,"href":"https:\/\/services.lib.uliege.be\/stt\/index.php\/wp-json\/wp\/v2\/pages\/523"}],"wp:attachment":[{"href":"https:\/\/services.lib.uliege.be\/stt\/index.php\/wp-json\/wp\/v2\/media?parent=642"}],"curies":[{"name":"wp","href":"https:\/\/api.w.org\/{rel}","templated":true}]}}