{"id":62,"date":"2018-12-21T14:12:33","date_gmt":"2018-12-21T13:12:33","guid":{"rendered":"https:\/\/app.lib.uliege.be\/stt\/?page_id=62"},"modified":"2019-01-14T14:21:19","modified_gmt":"2019-01-14T13:21:19","slug":"sessions-autour-du-sgb","status":"publish","type":"page","link":"https:\/\/services.lib.uliege.be\/stt\/index.php\/edition-2019\/sessions-autour-du-sgb\/","title":{"rendered":"Sessions autour du SGB"},"content":{"rendered":"\n<p class=\"wp-block-paragraph\">La semaine Eramsus SGB 2019 met l&#8217;accent sur cinq th\u00e9matiques gravitant autour du SGB et abord\u00e9es durant une demi-journ\u00e9e chacune : <\/p>\n\n\n\n<ol class=\"wp-block-list\"><li><a href=\"https:\/\/services.lib.uliege.be\/stt\/index.php\/edition-2019\/sessions-autour-du-sgb\/1-gestion-de-projet-et-implantation-dun-sgb\/\">Gestion de projet et implantation d&#8217;un SGB<\/a><\/li><li><a href=\"https:\/\/services.lib.uliege.be\/stt\/index.php\/edition-2019\/sessions-autour-du-sgb\/2-nouveaux-services-aux-usagers-nouvelle-organisation-de-services-existants\/\">Nouveaux services aux usagers, nouvelle organisation de services existants<\/a><\/li><li><a href=\"https:\/\/services.lib.uliege.be\/stt\/index.php\/edition-2019\/sessions-autour-du-sgb\/3-sgb-et-impact-organisationnel-au-sein-des-equipes\/\">SGB et impact organisationnel au sein des \u00e9quipes<\/a><\/li><li><a href=\"https:\/\/services.lib.uliege.be\/stt\/index.php\/edition-2019\/sessions-autour-du-sgb\/4-nouvelles-interactions-et-approches-dinterfacage-avec-applications-tierces\/\">Nouvelles interactions et approches d&#8217;interfa\u00e7age avec applications tierces<\/a><\/li><li><a href=\"https:\/\/services.lib.uliege.be\/stt\/index.php\/edition-2019\/sessions-autour-du-sgb\/5-dynamique-nouvelles-collaborations-nouveaux-partenariats\/\">Dynamique : nouvelles collaborations, nouveaux partenariats<\/a><\/li><\/ol>\n\n\n\n<div class=\"wp-block-image\"><figure class=\"aligncenter is-resized\"><img data-recalc-dims=\"1\" loading=\"lazy\" decoding=\"async\" data-attachment-id=\"168\" data-permalink=\"https:\/\/services.lib.uliege.be\/stt\/indexphp\/edition-2019\/attachment\/accompagnement-au-changement\/\" data-orig-file=\"https:\/\/i0.wp.com\/services.lib.uliege.be\/stt\/wp-content\/uploads\/2019\/01\/Accompagnement-au-changement.jpg?fit=1080%2C675&amp;ssl=1\" data-orig-size=\"1080,675\" data-comments-opened=\"0\" data-image-meta=\"{&quot;aperture&quot;:&quot;0&quot;,&quot;credit&quot;:&quot;&quot;,&quot;camera&quot;:&quot;&quot;,&quot;caption&quot;:&quot;&quot;,&quot;created_timestamp&quot;:&quot;0&quot;,&quot;copyright&quot;:&quot;&quot;,&quot;focal_length&quot;:&quot;0&quot;,&quot;iso&quot;:&quot;0&quot;,&quot;shutter_speed&quot;:&quot;0&quot;,&quot;title&quot;:&quot;&quot;,&quot;orientation&quot;:&quot;0&quot;}\" data-image-title=\"Accompagnement au changement\" data-image-description=\"\" data-image-caption=\"\" data-large-file=\"https:\/\/i0.wp.com\/services.lib.uliege.be\/stt\/wp-content\/uploads\/2019\/01\/Accompagnement-au-changement.jpg?fit=800%2C500&amp;ssl=1\" src=\"https:\/\/i0.wp.com\/services.lib.uliege.be\/stt\/wp-content\/uploads\/2019\/01\/Accompagnement-au-changement.jpg?resize=512%2C320&#038;ssl=1\" alt=\"\" class=\"wp-image-168\" width=\"512\" height=\"320\" srcset=\"https:\/\/i0.wp.com\/services.lib.uliege.be\/stt\/wp-content\/uploads\/2019\/01\/Accompagnement-au-changement.jpg?resize=1024%2C640&amp;ssl=1 1024w, https:\/\/i0.wp.com\/services.lib.uliege.be\/stt\/wp-content\/uploads\/2019\/01\/Accompagnement-au-changement.jpg?resize=300%2C188&amp;ssl=1 300w, https:\/\/i0.wp.com\/services.lib.uliege.be\/stt\/wp-content\/uploads\/2019\/01\/Accompagnement-au-changement.jpg?resize=768%2C480&amp;ssl=1 768w, https:\/\/i0.wp.com\/services.lib.uliege.be\/stt\/wp-content\/uploads\/2019\/01\/Accompagnement-au-changement.jpg?w=1080&amp;ssl=1 1080w\" sizes=\"auto, (max-width: 512px) 100vw, 512px\" \/><\/figure><\/div>\n","protected":false},"excerpt":{"rendered":"<p>La semaine Eramsus SGB 2019 met l&#8217;accent sur cinq th\u00e9matiques gravitant autour du SGB et abord\u00e9es durant une demi-journ\u00e9e chacune : Gestion de projet et implantation d&#8217;un SGB Nouveaux services aux usagers, nouvelle organisation de services existants SGB et impact&#8230; <a href=\"https:\/\/services.lib.uliege.be\/stt\/index.php\/edition-2019\/sessions-autour-du-sgb\/\" class=\"readmore\">Read more<span class=\"screen-reader-text\">Sessions autour du SGB<\/span><span class=\"fa fa-angle-double-right\" aria-hidden=\"true\"><\/span><\/a><\/p>\n","protected":false},"author":3,"featured_media":0,"parent":58,"menu_order":3,"comment_status":"closed","ping_status":"closed","template":"template\/content-sidebar.php","meta":{"_crdt_document":"","footnotes":""},"class_list":["post-62","page","type-page","status-publish","hentry"],"jetpack_sharing_enabled":true,"jetpack_shortlink":"https:\/\/wp.me\/PaDENg-10","_links":{"self":[{"href":"https:\/\/services.lib.uliege.be\/stt\/index.php\/wp-json\/wp\/v2\/pages\/62","targetHints":{"allow":["GET"]}}],"collection":[{"href":"https:\/\/services.lib.uliege.be\/stt\/index.php\/wp-json\/wp\/v2\/pages"}],"about":[{"href":"https:\/\/services.lib.uliege.be\/stt\/index.php\/wp-json\/wp\/v2\/types\/page"}],"author":[{"embeddable":true,"href":"https:\/\/services.lib.uliege.be\/stt\/index.php\/wp-json\/wp\/v2\/users\/3"}],"replies":[{"embeddable":true,"href":"https:\/\/services.lib.uliege.be\/stt\/index.php\/wp-json\/wp\/v2\/comments?post=62"}],"version-history":[{"count":10,"href":"https:\/\/services.lib.uliege.be\/stt\/index.php\/wp-json\/wp\/v2\/pages\/62\/revisions"}],"predecessor-version":[{"id":240,"href":"https:\/\/services.lib.uliege.be\/stt\/index.php\/wp-json\/wp\/v2\/pages\/62\/revisions\/240"}],"up":[{"embeddable":true,"href":"https:\/\/services.lib.uliege.be\/stt\/index.php\/wp-json\/wp\/v2\/pages\/58"}],"wp:attachment":[{"href":"https:\/\/services.lib.uliege.be\/stt\/index.php\/wp-json\/wp\/v2\/media?parent=62"}],"curies":[{"name":"wp","href":"https:\/\/api.w.org\/{rel}","templated":true}]}}