{"id":60,"date":"2018-12-21T14:11:55","date_gmt":"2018-12-21T13:11:55","guid":{"rendered":"https:\/\/app.lib.uliege.be\/stt\/?page_id=60"},"modified":"2019-02-01T14:49:51","modified_gmt":"2019-02-01T13:49:51","slug":"participants","status":"publish","type":"page","link":"https:\/\/services.lib.uliege.be\/stt\/index.php\/edition-2019\/participants\/","title":{"rendered":"Participants"},"content":{"rendered":"\n<h4 class=\"wp-block-heading\">Participants externes <\/h4>\n\n\n\n<ul class=\"wp-block-list\"><li>Laurent Aucher (Universit\u00e9 Paris 1), <a href=\"mailto:laurent.aucher@univ-paris1.fr\">laurent.aucher {@} univ-paris1 {.} fr<\/a><\/li><li>Antoine Barthelemy (Universit\u00e9 Bordeaux Montaigne), <a href=\"mailto:antoine.barthelemy@u-bordeaux-montaigne.fr\">antoine.barthelemy {@} u-bordeaux-montaigne {.} fr<\/a><\/li><li>Julien Baudry (Universit\u00e9 Bordeaux Montaigne), <a href=\"mailto:julien.baudry@u-bordeaux-montaigne.fr \">julien.baudry {@} u-bordeaux-montaigne {.} fr<\/a><\/li><li>Magali Bergia (Universit\u00e9 Grenoble Alpes Grenoble INP), <a href=\"mailto:magali.bergia@univ-grenoble-alpes.fr\">magali.bergia {@} univ-grenoble-alpes {.} fr<\/a><\/li><li>Pascale Bouton (Ecole Polytechnique F\u00e9d\u00e9rale de Lausanne &#8211; EPFL), <a href=\"mailto:pascale.bouton@epfl.ch\">pascale.bouton {@} epfl {.}ch<\/a><\/li><li>Aur\u00e9lia Braud (Universit\u00e9 Bordeaux Montaigne), <a href=\"mailto:aurelia.braud@u-bordeaux-montaigne.fr\">aurelia.braud {@} u-bordeaux-montaigne {.} fr<\/a><\/li><li>Tania Chiacchieroni (Universit\u00e0 degli Studi di Perugia), <a href=\"mailto:tania.chiacchieroni@unipg.it\">tania.chiacchieroni {@} unipg {.} it<\/a> <\/li><li>Nadine Cormerais-Vernay (Universit\u00e9 Grenoble Alpes Grenoble INP), <a href=\"mailto:nadine.cormerais-vernay@univ-grenoble-alpes.fr\">nadine.cormerais-vernay {@} univ-grenoble-alpes {.} fr<\/a>  <\/li><li>William Demet (Universit\u00e9 de la Nouvelle-Cal\u00e9donie), <a href=\"mailto:william.demet@unc.nc\">william.demet {@} unc {.} nc<\/a> <\/li><li>Ga\u00eblle Denni (Universit\u00e9 Grenoble Alpes Grenoble INP), <a href=\"mailto:gaelle.denni@univ-grenoble-alpes.fr\">gaelle.denni {@} univ-grenoble-alpes {.} fr<\/a><\/li><li>Jeanette Isele (Swiss Library Service Platform &#8211; SLSP), <a href=\"mailto:jeanette.isele@slsp.ch\">jeanette.isele {@} slsp {.} ch<\/a><\/li><li>J\u00fcrgen K\u00fcssow (Swiss Library Service Platform &#8211; SLSP), <a href=\"mailto:juergen.kuessow@slsp.ch\">juergen.kuessow {@} slsp {.} ch<\/a><\/li><li>Sylvain Machefert (Universit\u00e9 Bordeaux Montaigne), <a href=\"mailto:sylvain.machefert@u-bordeaux-montaigne.fr\">sylvain.machefert {@} u-bordeaux-montaigne {.} fr<\/a><\/li><li>Anne-Sophie Pascal (Universit\u00e9 de Poitiers), <a href=\"mailto:anne.sophie.pascal@univ-poitiers.fr\">anne.sophie.pascal {@} univ-poitiers {.} fr<\/a><\/li><li>Marie-Laure Pelle (Universit\u00e9 de Versailles Saint-Quentin-en-Yvelines), <a href=\"mailto:marie-laure.pelle@uvsq.fr\">marie-laure.pelle {@} uvsq {.} fr<\/a><\/li><li>Julien Sicot (Universit\u00e9 Rennes 2), <a href=\"mailto:julien.sicot@univ-rennes2.fr\">julien.sicot {@} univ-rennes2 {.} fr<\/a><\/li><li>Nadia Tarfaoui (Sorbonne Universit\u00e9), <a href=\"mailto:nadia.tarfaoui@sorbonne-universite.fr\">nadia.tarfaoui {@} sorbonne-universite {.} fr<\/a><\/li><\/ul>\n\n\n\n<h4 class=\"wp-block-heading\">Intervenants de l&#8217;ULi\u00e8ge<\/h4>\n\n\n\n<ul class=\"wp-block-list\"><li>Marie Goukens, <em>Gestionnaire des manuscrits et fonds anciens<\/em>, <a href=\"mailto:mgoukens@uliege.be\">mgoukens {@} uliege {.} be<\/a><\/li><li>C\u00e9cile Oger, <em>Responsable des manuscrits et fonds anciens<\/em>,&nbsp;<a href=\"mailto:cecile.oger@uliege.be\">cecile.oger {@} uliege {.} be<\/a><\/li><li>Fran\u00e7ois Paquot, <em>Responsable MatheO<\/em>, <a href=\"mailto:francois.paquot@uliege.be\">francois.paquot {@} uliege {.} be<\/a> <\/li><li>Bernard Pochet, <em>Responsable InfoLit et PoPuPS<\/em>,&nbsp;<a href=\"mailto:bernard.pochet@uliege.be\">bernard.pochet {@} uliege {.} be<\/a> <\/li><li>Fabienne Prosmans, <em>Responsable des groupes de travail Alma Fulfillment et Resource Sharing<\/em>,&nbsp;<a href=\"mailto:fprosmans@uliege.be\">fprosmans {@} uliege {.} be<\/a> <\/li><li>Fran\u00e7ois Renaville, <em>Responsable des syst\u00e8mes documentaires informatis\u00e9s<\/em>, <a href=\"mailto:francois.renaville@uliege.be\">francois.renaville {@} uliege {.} be<\/a> <\/li><li>Laurence Richelle, <em>Gestionnaire des syst\u00e8mes documentaires informatis\u00e9s<\/em>, <a href=\"mailto:laurence.richelle@uliege.be\">laurence.richelle {@} uliege {.} be<\/a><\/li><li>St\u00e9phanie Simon, <em>Responsable de la Cellule num\u00e9risation<\/em>, <a href=\"mailto:stephanie.simon@uliege.be\">stephanie.simon {@} uliege {.} be<\/a><\/li><li>Paul Thirion, <em>Biblioth\u00e9caire en chef<\/em>, <a href=\"mailto:paul.thirion@uliege.be\">paul.thirion {@} uliege {.} be<\/a><\/li><\/ul>\n\n\n\n<figure class=\"wp-block-image\"><img data-recalc-dims=\"1\" loading=\"lazy\" decoding=\"async\" width=\"800\" height=\"321\" data-attachment-id=\"441\" data-permalink=\"https:\/\/services.lib.uliege.be\/stt\/photo-de-groupe-site_1000\/\" data-orig-file=\"https:\/\/i0.wp.com\/services.lib.uliege.be\/stt\/wp-content\/uploads\/2019\/02\/Photo-de-groupe-site_1000.jpg?fit=1000%2C401&amp;ssl=1\" data-orig-size=\"1000,401\" data-comments-opened=\"0\" data-image-meta=\"{&quot;aperture&quot;:&quot;0&quot;,&quot;credit&quot;:&quot;&quot;,&quot;camera&quot;:&quot;&quot;,&quot;caption&quot;:&quot;&quot;,&quot;created_timestamp&quot;:&quot;0&quot;,&quot;copyright&quot;:&quot;&quot;,&quot;focal_length&quot;:&quot;0&quot;,&quot;iso&quot;:&quot;0&quot;,&quot;shutter_speed&quot;:&quot;0&quot;,&quot;title&quot;:&quot;&quot;,&quot;orientation&quot;:&quot;1&quot;}\" data-image-title=\"Participants Erasmus Staff Training Week 2019 &#8211; SGB ULi\u00e8ge\" data-image-description=\"\" data-image-caption=\"\" data-large-file=\"https:\/\/i0.wp.com\/services.lib.uliege.be\/stt\/wp-content\/uploads\/2019\/02\/Photo-de-groupe-site_1000.jpg?fit=800%2C321&amp;ssl=1\" src=\"https:\/\/i0.wp.com\/services.lib.uliege.be\/stt\/wp-content\/uploads\/2019\/02\/Photo-de-groupe-site_1000.jpg?resize=800%2C321&#038;ssl=1\" alt=\"\" class=\"wp-image-441\" srcset=\"https:\/\/i0.wp.com\/services.lib.uliege.be\/stt\/wp-content\/uploads\/2019\/02\/Photo-de-groupe-site_1000.jpg?w=1000&amp;ssl=1 1000w, https:\/\/i0.wp.com\/services.lib.uliege.be\/stt\/wp-content\/uploads\/2019\/02\/Photo-de-groupe-site_1000.jpg?resize=300%2C120&amp;ssl=1 300w, https:\/\/i0.wp.com\/services.lib.uliege.be\/stt\/wp-content\/uploads\/2019\/02\/Photo-de-groupe-site_1000.jpg?resize=768%2C308&amp;ssl=1 768w\" sizes=\"auto, (max-width: 800px) 100vw, 800px\" \/><figcaption><em>Derri\u00e8re: J. Sicot, G. Denni, A. Barthelemy, S. Machefert, J. Baudry, P. Bouton, M. Uyttebrouck, W. Demet, J. K\u00fcssow, Fr. Renaville, J. Isele<br>Devant : N. Cormerais-Vernay, A.-S. Pascal, A. Braud, T. Chiacchieroni, M.-L. Pelle, L. Aucher, M. Bergia, N. Tarfaoui<\/em><\/figcaption><\/figure>\n","protected":false},"excerpt":{"rendered":"<p>Participants externes Laurent Aucher (Universit\u00e9 Paris 1), laurent.aucher {@} univ-paris1 {.} fr Antoine Barthelemy (Universit\u00e9 Bordeaux Montaigne), antoine.barthelemy {@} u-bordeaux-montaigne {.} fr Julien Baudry (Universit\u00e9 Bordeaux Montaigne), julien.baudry {@} u-bordeaux-montaigne {.} fr Magali Bergia (Universit\u00e9 Grenoble Alpes Grenoble INP), magali.bergia&#8230; <a href=\"https:\/\/services.lib.uliege.be\/stt\/index.php\/edition-2019\/participants\/\" class=\"readmore\">Read more<span class=\"screen-reader-text\">Participants<\/span><span class=\"fa fa-angle-double-right\" aria-hidden=\"true\"><\/span><\/a><\/p>\n","protected":false},"author":3,"featured_media":0,"parent":58,"menu_order":1,"comment_status":"closed","ping_status":"closed","template":"template\/content-sidebar.php","meta":{"_crdt_document":"","footnotes":""},"class_list":["post-60","page","type-page","status-publish","hentry"],"jetpack_sharing_enabled":true,"jetpack_shortlink":"https:\/\/wp.me\/PaDENg-Y","_links":{"self":[{"href":"https:\/\/services.lib.uliege.be\/stt\/index.php\/wp-json\/wp\/v2\/pages\/60","targetHints":{"allow":["GET"]}}],"collection":[{"href":"https:\/\/services.lib.uliege.be\/stt\/index.php\/wp-json\/wp\/v2\/pages"}],"about":[{"href":"https:\/\/services.lib.uliege.be\/stt\/index.php\/wp-json\/wp\/v2\/types\/page"}],"author":[{"embeddable":true,"href":"https:\/\/services.lib.uliege.be\/stt\/index.php\/wp-json\/wp\/v2\/users\/3"}],"replies":[{"embeddable":true,"href":"https:\/\/services.lib.uliege.be\/stt\/index.php\/wp-json\/wp\/v2\/comments?post=60"}],"version-history":[{"count":14,"href":"https:\/\/services.lib.uliege.be\/stt\/index.php\/wp-json\/wp\/v2\/pages\/60\/revisions"}],"predecessor-version":[{"id":452,"href":"https:\/\/services.lib.uliege.be\/stt\/index.php\/wp-json\/wp\/v2\/pages\/60\/revisions\/452"}],"up":[{"embeddable":true,"href":"https:\/\/services.lib.uliege.be\/stt\/index.php\/wp-json\/wp\/v2\/pages\/58"}],"wp:attachment":[{"href":"https:\/\/services.lib.uliege.be\/stt\/index.php\/wp-json\/wp\/v2\/media?parent=60"}],"curies":[{"name":"wp","href":"https:\/\/api.w.org\/{rel}","templated":true}]}}