{"id":58,"date":"2018-12-21T14:10:56","date_gmt":"2018-12-21T13:10:56","guid":{"rendered":"https:\/\/app.lib.uliege.be\/stt\/?page_id=58"},"modified":"2023-02-15T09:12:41","modified_gmt":"2023-02-15T08:12:41","slug":"edition-2019","status":"publish","type":"page","link":"https:\/\/services.lib.uliege.be\/stt\/indexphp\/edition-2019\/","title":{"rendered":"Edition 2019 &#8211; Le SGB au service de la modernisation de la biblioth\u00e8que"},"content":{"rendered":"\n<p class=\"wp-block-paragraph\">L&#8217;\u00e9dition 2019 de l&#8217;Erasmus Staff Training Week organis\u00e9e par les Biblioth\u00e8ques de l&#8217;ULi\u00e8ge traite du passage \u00e0 un syst\u00e8me de gestion de biblioth\u00e8que (SGB) de nouvelle g\u00e9n\u00e9ration, des attentes de ce type de migration ainsi que de l&#8217;impact et des cons\u00e9quences sur la modernisation des missions et services des biblioth\u00e8ques.<\/p>\n\n\n\n<p class=\"wp-block-paragraph\">La semaine met l&#8217;accent sur cinq th\u00e9matiques abord\u00e9es durant une demi-journ\u00e9e chacune :<\/p>\n\n\n\n<ol class=\"wp-block-list\">\n<li><strong><a href=\"https:\/\/services.lib.uliege.be\/stt\/index.php\/edition-2019\/sessions-autour-du-sgb\/1-gestion-de-projet-et-implantation-dun-sgb\/\">Gestion de projet et implantation d&#8217;un SGB<\/a><\/strong><\/li>\n\n\n\n<li><strong><a href=\"https:\/\/services.lib.uliege.be\/stt\/index.php\/edition-2019\/sessions-autour-du-sgb\/2-nouveaux-services-aux-usagers-nouvelle-organisation-de-services-existants\/\">Nouveaux services aux usagers, nouvelle organisation de services existants<\/a><\/strong><\/li>\n\n\n\n<li><strong><a href=\"https:\/\/services.lib.uliege.be\/stt\/index.php\/edition-2019\/sessions-autour-du-sgb\/3-sgb-et-impact-organisationnel-au-sein-des-equipes\/\">SGB et impact organisationnel au sein des \u00e9quipes<\/a><\/strong><\/li>\n\n\n\n<li><strong><a href=\"https:\/\/services.lib.uliege.be\/stt\/index.php\/edition-2019\/sessions-autour-du-sgb\/4-nouvelles-interactions-et-approches-dinterfacage-avec-applications-tierces\/\">Nouvelles interactions et approches d&#8217;interfa\u00e7age avec applications tierces<\/a><\/strong><\/li>\n\n\n\n<li><strong><a href=\"https:\/\/services.lib.uliege.be\/stt\/index.php\/edition-2019\/sessions-autour-du-sgb\/5-dynamique-nouvelles-collaborations-nouveaux-partenariats\/\">Dynamique : nouvelles collaborations, nouveaux partenariats<\/a> <\/strong><\/li>\n<\/ol>\n\n\n\n<p class=\"wp-block-paragraph\">Chaque th\u00e9matique fait l&#8217;objet de quelques mini-pr\u00e9sentations d&#8217;environ 20-30 minutes de la part des participants. Elles sont suivies chacune d&#8217;un d\u00e9bat et finalement d&#8217;une discussion de synth\u00e8se sur l&#8217;ensemble de la th\u00e9matique. Le SGB utilis\u00e9 au sein des \u00e9tablissements importe peu, l&#8217;approche de cette semaine se voulant ind\u00e9pendante de toute solution.<\/p>\n\n\n\n<p class=\"wp-block-paragraph\">\u00c0 c\u00f4t\u00e9 des cinq demi-journ\u00e9es consacr\u00e9es au SGB, des <a href=\"https:\/\/services.lib.uliege.be\/stt\/index.php\/edition-2019\/sessions-annexes\/\">s\u00e9ances plus courtes consacr\u00e9es \u00e0 des th\u00e9matiques annexes<\/a> sont organis\u00e9es.<\/p>\n\n\n\n<figure class=\"wp-block-image is-resized\"><img data-recalc-dims=\"1\" loading=\"lazy\" decoding=\"async\" data-attachment-id=\"241\" data-permalink=\"https:\/\/services.lib.uliege.be\/stt\/indexphp\/edition-2019\/attachment\/rs4441_141%e2%88%8fm-houet-ulg-sujet-eras-in-out-scr\/\" data-orig-file=\"https:\/\/i0.wp.com\/services.lib.uliege.be\/stt\/wp-content\/uploads\/2019\/01\/RS4441_141%E2%88%8Fm-houet-ulg-sujet-Eras-In-Out-scr.jpg?fit=1100%2C733&amp;ssl=1\" data-orig-size=\"1100,733\" data-comments-opened=\"0\" data-image-meta=\"{&quot;aperture&quot;:&quot;0&quot;,&quot;credit&quot;:&quot;&quot;,&quot;camera&quot;:&quot;&quot;,&quot;caption&quot;:&quot;&quot;,&quot;created_timestamp&quot;:&quot;0&quot;,&quot;copyright&quot;:&quot;&quot;,&quot;focal_length&quot;:&quot;0&quot;,&quot;iso&quot;:&quot;0&quot;,&quot;shutter_speed&quot;:&quot;0&quot;,&quot;title&quot;:&quot;&quot;,&quot;orientation&quot;:&quot;0&quot;}\" data-image-title=\"RS4441_141\u220fm houet-ulg &#8211; sujet= Eras In Out-scr\" data-image-description=\"\" data-image-caption=\"\" data-large-file=\"https:\/\/i0.wp.com\/services.lib.uliege.be\/stt\/wp-content\/uploads\/2019\/01\/RS4441_141%E2%88%8Fm-houet-ulg-sujet-Eras-In-Out-scr.jpg?fit=800%2C533&amp;ssl=1\" src=\"https:\/\/i0.wp.com\/services.lib.uliege.be\/stt\/wp-content\/uploads\/2019\/01\/RS4441_141%E2%88%8Fm-houet-ulg-sujet-Eras-In-Out-scr.jpg?resize=768%2C512&#038;ssl=1\" alt=\"\" class=\"wp-image-241\" width=\"768\" height=\"512\" srcset=\"https:\/\/i0.wp.com\/services.lib.uliege.be\/stt\/wp-content\/uploads\/2019\/01\/RS4441_141%E2%88%8Fm-houet-ulg-sujet-Eras-In-Out-scr.jpg?resize=1024%2C682&amp;ssl=1 1024w, https:\/\/i0.wp.com\/services.lib.uliege.be\/stt\/wp-content\/uploads\/2019\/01\/RS4441_141%E2%88%8Fm-houet-ulg-sujet-Eras-In-Out-scr.jpg?resize=300%2C200&amp;ssl=1 300w, https:\/\/i0.wp.com\/services.lib.uliege.be\/stt\/wp-content\/uploads\/2019\/01\/RS4441_141%E2%88%8Fm-houet-ulg-sujet-Eras-In-Out-scr.jpg?resize=768%2C512&amp;ssl=1 768w, https:\/\/i0.wp.com\/services.lib.uliege.be\/stt\/wp-content\/uploads\/2019\/01\/RS4441_141%E2%88%8Fm-houet-ulg-sujet-Eras-In-Out-scr.jpg?w=1100&amp;ssl=1 1100w\" sizes=\"auto, (max-width: 768px) 100vw, 768px\" \/><figcaption class=\"wp-element-caption\"><em>Universit\u00e9 de Li\u00e8ge, campus du Sart Tilman ; cr\u00e9dits : Michel Houet<\/em><\/figcaption><\/figure>\n","protected":false},"excerpt":{"rendered":"<p>L&#8217;\u00e9dition 2019 de l&#8217;Erasmus Staff Training Week organis\u00e9e par les Biblioth\u00e8ques de l&#8217;ULi\u00e8ge traite du passage \u00e0 un syst\u00e8me de gestion de biblioth\u00e8que (SGB) de nouvelle g\u00e9n\u00e9ration, des attentes de ce type de migration ainsi que de l&#8217;impact et des&#8230; <a href=\"https:\/\/services.lib.uliege.be\/stt\/indexphp\/edition-2019\/\" class=\"readmore\">Read more<span class=\"screen-reader-text\">Edition 2019 &#8211; Le SGB au service de la modernisation de la biblioth\u00e8que<\/span><span class=\"fa fa-angle-double-right\" aria-hidden=\"true\"><\/span><\/a><\/p>\n","protected":false},"author":3,"featured_media":0,"parent":0,"menu_order":1,"comment_status":"closed","ping_status":"closed","template":"template\/content-sidebar.php","meta":{"_crdt_document":"","footnotes":""},"class_list":["post-58","page","type-page","status-publish","hentry"],"jetpack_sharing_enabled":true,"jetpack_shortlink":"https:\/\/wp.me\/PaDENg-W","_links":{"self":[{"href":"https:\/\/services.lib.uliege.be\/stt\/index.php\/wp-json\/wp\/v2\/pages\/58","targetHints":{"allow":["GET"]}}],"collection":[{"href":"https:\/\/services.lib.uliege.be\/stt\/index.php\/wp-json\/wp\/v2\/pages"}],"about":[{"href":"https:\/\/services.lib.uliege.be\/stt\/index.php\/wp-json\/wp\/v2\/types\/page"}],"author":[{"embeddable":true,"href":"https:\/\/services.lib.uliege.be\/stt\/index.php\/wp-json\/wp\/v2\/users\/3"}],"replies":[{"embeddable":true,"href":"https:\/\/services.lib.uliege.be\/stt\/index.php\/wp-json\/wp\/v2\/comments?post=58"}],"version-history":[{"count":17,"href":"https:\/\/services.lib.uliege.be\/stt\/index.php\/wp-json\/wp\/v2\/pages\/58\/revisions"}],"predecessor-version":[{"id":1148,"href":"https:\/\/services.lib.uliege.be\/stt\/index.php\/wp-json\/wp\/v2\/pages\/58\/revisions\/1148"}],"wp:attachment":[{"href":"https:\/\/services.lib.uliege.be\/stt\/index.php\/wp-json\/wp\/v2\/media?parent=58"}],"curies":[{"name":"wp","href":"https:\/\/api.w.org\/{rel}","templated":true}]}}