{"id":536,"date":"2021-05-31T09:07:08","date_gmt":"2021-05-31T07:07:08","guid":{"rendered":"https:\/\/app.lib.uliege.be\/stt\/?page_id=536"},"modified":"2021-11-15T11:12:55","modified_gmt":"2021-11-15T10:12:55","slug":"practical-information","status":"publish","type":"page","link":"https:\/\/services.lib.uliege.be\/stt\/indexphp\/2022-edition\/practical-information\/","title":{"rendered":"Travel"},"content":{"rendered":"\n<p class=\"wp-block-paragraph\" id=\"note-that-liege-is-translated-in-some-languages\">Note that \u201cLi\u00e8ge\u201d is translated in some languages:<\/p>\n\n\n\n<ul class=\"wp-block-list\"><li><strong>Luik <\/strong>in Dutch<\/li><li><strong>L\u00fcttich <\/strong>in German<\/li><\/ul>\n\n\n\n<p class=\"wp-block-paragraph\">On your way to Li\u00e8ge by car or train, you may sometimes see &#8216;Luik&#8217; or &#8216;L\u00fcttich&#8217; displayed. No worries, all roads lead to Li\u00e8ge&#8230; \ud83d\ude09 <\/p>\n\n\n\n<h3 class=\"wp-block-heading\" id=\"coming-to-liege\">Coming to Li\u00e8ge<\/h3>\n\n\n\n<h4 class=\"wp-block-heading\" id=\"by-train\">By train<\/h4>\n\n\n\n<p class=\"wp-block-paragraph\"><a rel=\"noreferrer noopener\" href=\"https:\/\/www.b-europe.com\/EN\/Stations\/Liege-Guillemins\" target=\"_blank\">Li\u00e8ge-Guillemins<\/a> high speed train station.<br>High speed trains from Paris, Brussels, Cologne and Amsterdam. Regional and intercity trains from most Belgian cities.<br>To get to the center from the station: buses Nos 1 or 4, train to the Li\u00e8ge Saint-Lambert railway station.<\/p>\n\n\n\n<h4 class=\"wp-block-heading\" id=\"by-air\">By air<\/h4>\n\n\n\n<p class=\"wp-block-paragraph\">Brussels National Airport (Zaventem) or Brussels South Airport (Charleroi), then take a train to Li\u00e8ge (approx. 1 hour). From Charleroi Airport, you can also use the &#8220;<a href=\"https:\/\/www.flibco.com\/en\/shuttle-liege-charleroi-bus\" target=\"_blank\" rel=\"noreferrer noopener\">Flibco shuttle<\/a>&#8221; to Li\u00e8ge.<\/p>\n\n\n\n<div class=\"wp-block-image\"><figure class=\"aligncenter size-large is-resized\"><img loading=\"lazy\" decoding=\"async\" data-attachment-id=\"602\" data-permalink=\"https:\/\/services.lib.uliege.be\/stt\/indexphp\/2022-edition\/practical-information\/attachment\/liege_map\/\" data-orig-file=\"https:\/\/i0.wp.com\/services.lib.uliege.be\/stt\/wp-content\/uploads\/2021\/06\/Liege_map.jpg?fit=1200%2C924&amp;ssl=1\" data-orig-size=\"1200,924\" data-comments-opened=\"0\" data-image-meta=\"{&quot;aperture&quot;:&quot;0&quot;,&quot;credit&quot;:&quot;&quot;,&quot;camera&quot;:&quot;&quot;,&quot;caption&quot;:&quot;&quot;,&quot;created_timestamp&quot;:&quot;0&quot;,&quot;copyright&quot;:&quot;&quot;,&quot;focal_length&quot;:&quot;0&quot;,&quot;iso&quot;:&quot;0&quot;,&quot;shutter_speed&quot;:&quot;0&quot;,&quot;title&quot;:&quot;&quot;,&quot;orientation&quot;:&quot;1&quot;}\" data-image-title=\"Liege_map\" data-image-description=\"\" data-image-caption=\"\" data-large-file=\"https:\/\/i0.wp.com\/services.lib.uliege.be\/stt\/wp-content\/uploads\/2021\/06\/Liege_map.jpg?fit=800%2C616&amp;ssl=1\" src=\"https:\/\/i0.wp.com\/app.lib.uliege.be\/stt\/wp-content\/uploads\/2021\/06\/Liege_map.jpg?fit=800%2C616&amp;ssl=1\" alt=\"\" class=\"wp-image-602\" width=\"600\" height=\"462\" srcset=\"https:\/\/i0.wp.com\/services.lib.uliege.be\/stt\/wp-content\/uploads\/2021\/06\/Liege_map.jpg?w=1200&amp;ssl=1 1200w, https:\/\/i0.wp.com\/services.lib.uliege.be\/stt\/wp-content\/uploads\/2021\/06\/Liege_map.jpg?resize=300%2C231&amp;ssl=1 300w, https:\/\/i0.wp.com\/services.lib.uliege.be\/stt\/wp-content\/uploads\/2021\/06\/Liege_map.jpg?resize=1024%2C788&amp;ssl=1 1024w, https:\/\/i0.wp.com\/services.lib.uliege.be\/stt\/wp-content\/uploads\/2021\/06\/Liege_map.jpg?resize=768%2C591&amp;ssl=1 768w\" sizes=\"auto, (max-width: 600px) 100vw, 600px\" \/><figcaption><em>Credits: <a href=\"https:\/\/www.visitezliege.be\/\" target=\"_blank\" rel=\"noreferrer noopener\">Visitez Li\u00e8ge.be<\/a><\/em><\/figcaption><\/figure><\/div>\n\n\n\n<h3 class=\"wp-block-heading\" id=\"travelling-by-bus-in-liege\">Travelling by bus in Li\u00e8ge<\/h3>\n\n\n\n<p class=\"wp-block-paragraph\">You can easily walk everywhere in the city center. However, to attend the <a href=\"https:\/\/services.lib.uliege.be\/stt\/venue\/\">first two days of the Week<\/a> that will be in the Sart Tilman campus, you will need to take the bus (or a taxi). <\/p>\n\n\n\n<ul class=\"wp-block-list\"><li>Bus line:<strong> 48 Op\u00e9ra &#8211; Guillemins &#8211; Sart-Tilman Universit\u00e9 &#8211; CHU<\/strong><\/li><\/ul>\n\n\n\n<p class=\"wp-block-paragraph\">A single ticket costs 2,50\u20ac and a \u201cMulti 8 ticket\u201d (available for 8 trips) costs 9,2\u20ac. <\/p>\n\n\n\n<p class=\"wp-block-paragraph\">Where can you buy a bus ticket when arriving in Li\u00e8ge? At the &#8220;ESPACE TEC Li\u00e8ge Gare des Guillemins&#8221; located in the main station or in the city. You can also use the <a rel=\"noreferrer noopener\" href=\"https:\/\/www.letec.be\/#\/View\/The_TEC_app\/1118\" target=\"_blank\">TEC app<\/a> to travel and buy tickets.<\/p>\n\n\n\n<p class=\"wp-block-paragraph\">Because of the health situation, tickets cannot be bought on the bus at the moment.<\/p>\n\n\n\n<p class=\"wp-block-paragraph\">More info: <a href=\"https:\/\/www.letec.be\/#\/View\/Tickets_and_fares\/675\" target=\"_blank\" rel=\"noreferrer noopener\">TEC Tickets and fares<\/a><\/p>\n","protected":false},"excerpt":{"rendered":"<p>Note that \u201cLi\u00e8ge\u201d is translated in some languages: Luik in Dutch L\u00fcttich in German On your way to Li\u00e8ge by car or train, you may sometimes see &#8216;Luik&#8217; or &#8216;L\u00fcttich&#8217; displayed. No worries, all roads lead to Li\u00e8ge&#8230; \ud83d\ude09 Coming&#8230; <a href=\"https:\/\/services.lib.uliege.be\/stt\/indexphp\/2022-edition\/practical-information\/\" class=\"readmore\">Read more<span class=\"screen-reader-text\">Travel<\/span><span class=\"fa fa-angle-double-right\" aria-hidden=\"true\"><\/span><\/a><\/p>\n","protected":false},"author":3,"featured_media":0,"parent":523,"menu_order":4,"comment_status":"closed","ping_status":"closed","template":"template\/content-sidebar.php","meta":{"_crdt_document":"","footnotes":""},"class_list":["post-536","page","type-page","status-publish","hentry"],"jetpack_sharing_enabled":true,"jetpack_shortlink":"https:\/\/wp.me\/PaDENg-8E","_links":{"self":[{"href":"https:\/\/services.lib.uliege.be\/stt\/index.php\/wp-json\/wp\/v2\/pages\/536","targetHints":{"allow":["GET"]}}],"collection":[{"href":"https:\/\/services.lib.uliege.be\/stt\/index.php\/wp-json\/wp\/v2\/pages"}],"about":[{"href":"https:\/\/services.lib.uliege.be\/stt\/index.php\/wp-json\/wp\/v2\/types\/page"}],"author":[{"embeddable":true,"href":"https:\/\/services.lib.uliege.be\/stt\/index.php\/wp-json\/wp\/v2\/users\/3"}],"replies":[{"embeddable":true,"href":"https:\/\/services.lib.uliege.be\/stt\/index.php\/wp-json\/wp\/v2\/comments?post=536"}],"version-history":[{"count":11,"href":"https:\/\/services.lib.uliege.be\/stt\/index.php\/wp-json\/wp\/v2\/pages\/536\/revisions"}],"predecessor-version":[{"id":887,"href":"https:\/\/services.lib.uliege.be\/stt\/index.php\/wp-json\/wp\/v2\/pages\/536\/revisions\/887"}],"up":[{"embeddable":true,"href":"https:\/\/services.lib.uliege.be\/stt\/index.php\/wp-json\/wp\/v2\/pages\/523"}],"wp:attachment":[{"href":"https:\/\/services.lib.uliege.be\/stt\/index.php\/wp-json\/wp\/v2\/media?parent=536"}],"curies":[{"name":"wp","href":"https:\/\/api.w.org\/{rel}","templated":true}]}}