{"id":332,"date":"2019-01-28T21:30:41","date_gmt":"2019-01-28T20:30:41","guid":{"rendered":"https:\/\/app.lib.uliege.be\/stt\/?page_id=332"},"modified":"2019-01-28T21:38:36","modified_gmt":"2019-01-28T20:38:36","slug":"bonnes-adresses","status":"publish","type":"page","link":"https:\/\/services.lib.uliege.be\/stt\/index.php\/edition-2019\/bonnes-adresses\/","title":{"rendered":"Bonnes adresses&#8230;"},"content":{"rendered":"\n<h2 class=\"wp-block-heading\">D\u00e9jeuner<\/h2>\n\n\n\n<p class=\"wp-block-paragraph\"><strong>EXKi Li\u00e8ge Place Cath\u00e9drale<\/strong><br> Place Cath\u00e9drale, 8-10<br> <a rel=\"noreferrer noopener\" label=\"https:\/\/www.exki.be\/fr\/restaurants\/exki-liege-place-cathedrale (ouverture dans un nouvel onglet)\" href=\"https:\/\/www.exki.be\/fr\/restaurants\/exki-liege-place-cathedrale\" target=\"_blank\" class=\"broken_link\">https:\/\/www.exki.be\/fr\/restaurants\/exki-liege-place-cathedrale<\/a><\/p>\n\n\n\n<p class=\"wp-block-paragraph\"><strong>12-30<\/strong><br>Rue des Carmes, 1 &#8211; T\u00e9l :+32 4 221 18 48<br><a rel=\"noreferrer noopener\" aria-label=\"http:\/\/12-30.be\/ (ouverture dans un nouvel onglet)\" href=\"http:\/\/12-30.be\/\" target=\"_blank\">http:\/\/12-30.be\/<\/a><\/p>\n\n\n\n<p class=\"wp-block-paragraph\"><strong>Touch &amp; Go<\/strong><br>Rue des Carmes, 13 &#8211; T\u00e9l.: +32 4 223 15 09<br><a rel=\"noreferrer noopener\" aria-label=\"http:\/\/www.touch-go.eu (ouverture dans un nouvel onglet)\" href=\"http:\/\/www.touch-go.eu\" target=\"_blank\">http:\/\/www.touch-go.eu<\/a><\/p>\n\n\n\n<p class=\"wp-block-paragraph\"><strong>Poivre et Sel Li\u00e8ge centre<\/strong><br>Rue de l&#8217;Universit\u00e9, 33 -T\u00e9l.: +32 4 223 65 50<br><a rel=\"noreferrer noopener\" aria-label=\"http:\/\/www.poivreetsel.eu (ouverture dans un nouvel onglet)\" href=\"http:\/\/www.poivreetsel.eu\" target=\"_blank\">http:\/\/www.poivreetsel.eu<\/a><\/p>\n\n\n\n<p class=\"wp-block-paragraph\"><strong>Darius Caf\u00e9<\/strong><br>Rue Charles Magnette, 1C -T\u00e9l.: +32 499 61 04 31<br><a rel=\"noreferrer noopener\" aria-label=\"https:\/\/www.facebook.com\/Darius-Caf%C3%A9-852471188118393\/ (ouverture dans un nouvel onglet)\" href=\"https:\/\/www.facebook.com\/Darius-Caf%C3%A9-852471188118393\/\" target=\"_blank\">https:\/\/www.facebook.com\/Darius-Caf%C3%A9-852471188118393\/<\/a><\/p>\n\n\n\n<p class=\"wp-block-paragraph\"><\/p>\n\n\n\n<h2 class=\"wp-block-heading\">Soir\u00e9e <\/h2>\n\n\n\n<p class=\"wp-block-paragraph\"><strong>Au point de Vue<\/strong><br>Place Verte, 10 &#8211; T\u00e9l.: +32 4 223 64 82<br><a href=\"http:\/\/brasserie-aupointdevue.be\" target=\"_blank\" rel=\"noreferrer noopener\" aria-label=\"http:\/\/brasserie-aupointdevue.be (ouverture dans un nouvel onglet)\">http:\/\/brasserie-aupointdevue.be<\/a><\/p>\n\n\n\n<p class=\"wp-block-paragraph\"><strong>L&#8217;Industrie<\/strong><br>Rue Saint-Gilles, 6 &#8211; T\u00e9l.: +32 4 223 08 54<br><a href=\"https:\/\/restaurant-industrie.be\" target=\"_blank\" rel=\"noreferrer noopener\" aria-label=\"https:\/\/restaurant-industrie.be (ouverture dans un nouvel onglet)\">https:\/\/restaurant-industrie.be<\/a><\/p>\n\n\n\n<p class=\"wp-block-paragraph\"><strong>Amon Nanesse<\/strong><br>Rue du Stalon, 1-3 &#8211; T\u00e9l.: +32 4 250 67 83<br><a rel=\"noreferrer noopener\" aria-label=\"http:\/\/www.maisondupeket.be\/amonnanesse\/ (ouverture dans un nouvel onglet)\" href=\"http:\/\/www.maisondupeket.be\/amonnanesse\/\" target=\"_blank\">http:\/\/www.maisondupeket.be\/amonnanesse\/<\/a><\/p>\n\n\n\n<p class=\"wp-block-paragraph\"><strong>Le Vaudr\u00e9e<\/strong><br>Rue Saint-Gilles, 149 &#8211; T\u00e9l. : +32 4 223 18 80<br><a href=\"http:\/\/vaudree-concept.be\/vaudree-liege\/\" target=\"_blank\" rel=\"noreferrer noopener\" aria-label=\"http:\/\/vaudree-concept.be\/vaudree-liege\/ (ouverture dans un nouvel onglet)\">http:\/\/vaudree-concept.be\/vaudree-liege\/<\/a> <\/p>\n\n\n\n<p class=\"wp-block-paragraph\"><strong>La Brasserie Sauveni\u00e8re<\/strong><br>Place Xavier-Neujean, 12 &#8211; T\u00e9l.: +32 4 220 20 99<br><a rel=\"noreferrer noopener\" aria-label=\"https:\/\/www.grignoux.be\/fr\/brasserie-sauveniere (ouverture dans un nouvel onglet)\" href=\"https:\/\/www.grignoux.be\/fr\/brasserie-sauveniere\" target=\"_blank\">https:\/\/www.grignoux.be\/fr\/brasserie-sauveniere<\/a><\/p>\n","protected":false},"excerpt":{"rendered":"<p>D\u00e9jeuner EXKi Li\u00e8ge Place Cath\u00e9drale Place Cath\u00e9drale, 8-10 https:\/\/www.exki.be\/fr\/restaurants\/exki-liege-place-cathedrale 12-30Rue des Carmes, 1 &#8211; T\u00e9l :+32 4 221 18 48http:\/\/12-30.be\/ Touch &amp; GoRue des Carmes, 13 &#8211; T\u00e9l.: +32 4 223 15 09http:\/\/www.touch-go.eu Poivre et Sel Li\u00e8ge centreRue de l&#8217;Universit\u00e9,&#8230; <a href=\"https:\/\/services.lib.uliege.be\/stt\/index.php\/edition-2019\/bonnes-adresses\/\" class=\"readmore\">Read more<span class=\"screen-reader-text\">Bonnes adresses&#8230;<\/span><span class=\"fa fa-angle-double-right\" aria-hidden=\"true\"><\/span><\/a><\/p>\n","protected":false},"author":3,"featured_media":0,"parent":58,"menu_order":6,"comment_status":"closed","ping_status":"closed","template":"template\/content-sidebar.php","meta":{"_crdt_document":"","footnotes":""},"class_list":["post-332","page","type-page","status-publish","hentry"],"jetpack_sharing_enabled":true,"jetpack_shortlink":"https:\/\/wp.me\/PaDENg-5m","_links":{"self":[{"href":"https:\/\/services.lib.uliege.be\/stt\/index.php\/wp-json\/wp\/v2\/pages\/332","targetHints":{"allow":["GET"]}}],"collection":[{"href":"https:\/\/services.lib.uliege.be\/stt\/index.php\/wp-json\/wp\/v2\/pages"}],"about":[{"href":"https:\/\/services.lib.uliege.be\/stt\/index.php\/wp-json\/wp\/v2\/types\/page"}],"author":[{"embeddable":true,"href":"https:\/\/services.lib.uliege.be\/stt\/index.php\/wp-json\/wp\/v2\/users\/3"}],"replies":[{"embeddable":true,"href":"https:\/\/services.lib.uliege.be\/stt\/index.php\/wp-json\/wp\/v2\/comments?post=332"}],"version-history":[{"count":4,"href":"https:\/\/services.lib.uliege.be\/stt\/index.php\/wp-json\/wp\/v2\/pages\/332\/revisions"}],"predecessor-version":[{"id":337,"href":"https:\/\/services.lib.uliege.be\/stt\/index.php\/wp-json\/wp\/v2\/pages\/332\/revisions\/337"}],"up":[{"embeddable":true,"href":"https:\/\/services.lib.uliege.be\/stt\/index.php\/wp-json\/wp\/v2\/pages\/58"}],"wp:attachment":[{"href":"https:\/\/services.lib.uliege.be\/stt\/index.php\/wp-json\/wp\/v2\/media?parent=332"}],"curies":[{"name":"wp","href":"https:\/\/api.w.org\/{rel}","templated":true}]}}