{"id":1189,"date":"2023-09-25T16:21:52","date_gmt":"2023-09-25T14:21:52","guid":{"rendered":"https:\/\/app.lib.uliege.be\/stt\/?page_id=1189"},"modified":"2024-06-06T19:21:20","modified_gmt":"2024-06-06T17:21:20","slug":"travel","status":"publish","type":"page","link":"https:\/\/services.lib.uliege.be\/stt\/2024-edition\/travel\/","title":{"rendered":"Travel"},"content":{"rendered":"\n<p class=\"wp-block-paragraph\" id=\"note-that-liege-is-translated-in-some-languages\">Note that \u201cLi\u00e8ge\u201d is translated in some languages:<\/p>\n\n\n\n<ul class=\"wp-block-list\">\n<li><strong>Luik <\/strong>in Dutch<\/li>\n\n\n\n<li><strong>L\u00fcttich <\/strong>in German<\/li>\n<\/ul>\n\n\n\n<p class=\"wp-block-paragraph\">On your way to Li\u00e8ge by car or train, you may sometimes see &#8216;Luik&#8217; or &#8216;L\u00fcttich&#8217; displayed. No worries, all roads lead to Li\u00e8ge&#8230; \ud83d\ude09 <\/p>\n\n\n\n<h3 class=\"wp-block-heading\" id=\"coming-to-liege\">Coming to Li\u00e8ge<\/h3>\n\n\n\n<h4 class=\"wp-block-heading\" id=\"by-train\">By train<\/h4>\n\n\n\n<p class=\"wp-block-paragraph\"><a href=\"https:\/\/www.b-europe.com\/EN\/Stations\/Liege-Guillemins\" target=\"_blank\" rel=\"noreferrer noopener\">Li\u00e8ge-Guillemins<\/a> high speed train station.<br>High speed trains from Paris, Brussels, Cologne and Amsterdam. Regional and intercity trains from most Belgian cities.<br>To get to the centre from the station: buses Nos 1 or 4, train to the Li\u00e8ge Saint-Lambert railway station.<\/p>\n\n\n\n<h4 class=\"wp-block-heading\" id=\"by-air\">By air<\/h4>\n\n\n\n<p class=\"wp-block-paragraph\"><span style=\"text-decoration: underline;\">Airports<\/span>: Brussels National Airport (Zaventem) or Brussels South Airport (Charleroi).<\/p>\n\n\n\n<p class=\"wp-block-paragraph\">From Brussels National Airport: the easiest is to take the train to Li\u00e8ge (station Li\u00e8ge-Guillemins), usually via Leuven [French: &#8216;Louvain&#8217;] or via Brussels. Tickets can be bought online or from a ticket vending machine at the station.<\/p>\n\n\n\n<p class=\"wp-block-paragraph\">Belgian train (SNCB company): <a href=\"https:\/\/www.belgiantrain.be\/en\/\" target=\"_blank\" rel=\"noreferrer noopener\">https:\/\/www.belgiantrain.be\/en\/<\/a><\/p>\n\n\n\n<p class=\"wp-block-paragraph\">From Charleroi Airport: you can take the &#8220;<a href=\"https:\/\/www.flibco.com\/en\/shuttle-liege-charleroi-bus\" target=\"_blank\" rel=\"noreferrer noopener\">Flibco shuttle<\/a>&#8221; to Li\u00e8ge.<\/p>\n\n\n<div class=\"wp-block-image\">\n<figure class=\"aligncenter size-large is-resized\"><img data-recalc-dims=\"1\" loading=\"lazy\" decoding=\"async\" width=\"800\" height=\"616\" data-attachment-id=\"602\" data-permalink=\"https:\/\/services.lib.uliege.be\/stt\/indexphp\/2022-edition\/practical-information\/attachment\/liege_map\/\" data-orig-file=\"https:\/\/i0.wp.com\/services.lib.uliege.be\/stt\/wp-content\/uploads\/2021\/06\/Liege_map.jpg?fit=1200%2C924&amp;ssl=1\" data-orig-size=\"1200,924\" data-comments-opened=\"0\" data-image-meta=\"{&quot;aperture&quot;:&quot;0&quot;,&quot;credit&quot;:&quot;&quot;,&quot;camera&quot;:&quot;&quot;,&quot;caption&quot;:&quot;&quot;,&quot;created_timestamp&quot;:&quot;0&quot;,&quot;copyright&quot;:&quot;&quot;,&quot;focal_length&quot;:&quot;0&quot;,&quot;iso&quot;:&quot;0&quot;,&quot;shutter_speed&quot;:&quot;0&quot;,&quot;title&quot;:&quot;&quot;,&quot;orientation&quot;:&quot;1&quot;}\" data-image-title=\"Liege_map\" data-image-description=\"\" data-image-caption=\"\" data-large-file=\"https:\/\/i0.wp.com\/services.lib.uliege.be\/stt\/wp-content\/uploads\/2021\/06\/Liege_map.jpg?fit=800%2C616&amp;ssl=1\" src=\"https:\/\/i0.wp.com\/services.lib.uliege.be\/stt\/wp-content\/uploads\/2021\/06\/Liege_map.jpg?resize=800%2C616&#038;ssl=1\" alt=\"\" class=\"wp-image-602\" style=\"width:600px\" srcset=\"https:\/\/i0.wp.com\/services.lib.uliege.be\/stt\/wp-content\/uploads\/2021\/06\/Liege_map.jpg?resize=1024%2C788&amp;ssl=1 1024w, https:\/\/i0.wp.com\/services.lib.uliege.be\/stt\/wp-content\/uploads\/2021\/06\/Liege_map.jpg?resize=300%2C231&amp;ssl=1 300w, https:\/\/i0.wp.com\/services.lib.uliege.be\/stt\/wp-content\/uploads\/2021\/06\/Liege_map.jpg?resize=768%2C591&amp;ssl=1 768w, https:\/\/i0.wp.com\/services.lib.uliege.be\/stt\/wp-content\/uploads\/2021\/06\/Liege_map.jpg?w=1200&amp;ssl=1 1200w\" sizes=\"auto, (max-width: 800px) 100vw, 800px\" \/><figcaption class=\"wp-element-caption\"><em>Credits: <a href=\"https:\/\/www.visitezliege.be\/\" target=\"_blank\" rel=\"noreferrer noopener\">Visitez Li\u00e8ge.be<\/a><\/em><\/figcaption><\/figure>\n<\/div>\n\n\n<h3 class=\"wp-block-heading\" id=\"travelling-by-bus-in-liege\">Travelling by bus in Li\u00e8ge<\/h3>\n\n\n\n<p class=\"wp-block-paragraph\">You can easily walk everywhere in the city centre. However, two days of the 2024 edition will be in the <a href=\"https:\/\/www.campus.uliege.be\/cms\/c_9038317\/en\/liege-sart-tilman\" target=\"_blank\" rel=\"noreferrer noopener\">Sart Tilman campus<\/a> and you will need to take the bus (or a taxi) to get there. <\/p>\n\n\n\n<ul class=\"wp-block-list\">\n<li><a href=\"https:\/\/www.letec.be\/Planning\/Details\/Line\/48%20Op%C3%A9ra%20-%20Guillemins%20-%20Sart-Tilman%20Universit%C3%A9%20-%20CHU\/L48\"><strong>Bus line 48 <\/strong>(20-Ao\u00fbt \u2013 Guillemins \u2013 Sart-Tilman Universit\u00e9 \u2013 CHU)<\/a><\/li>\n<\/ul>\n\n\n\n<p class=\"wp-block-paragraph\">A single ticket costs 2,10\u20ac (single tickets are more expensive if you buy them on board) and a \u201cMulti 8 ticket\u201d (for 8 trips) costs 9,2\u20ac. <\/p>\n\n\n\n<p class=\"wp-block-paragraph\">Where can you buy a bus ticket when arriving in Li\u00e8ge? At the &#8220;ESPACE TEC Li\u00e8ge Gare des Guillemins&#8221; located in the main station or in the city. You can also use the <a href=\"https:\/\/www.letec.be\/#\/View\/The_TEC_app\/1118\" target=\"_blank\" rel=\"noreferrer noopener\"><strong>TEC app<\/strong><\/a> to travel and buy tickets.<\/p>\n\n\n\n<p class=\"wp-block-paragraph\">More info: <a href=\"https:\/\/www.letec.be\/#\/View\/Tickets_and_fares\/675\" target=\"_blank\" rel=\"noreferrer noopener\">TEC Tickets and fares<\/a><\/p>\n","protected":false},"excerpt":{"rendered":"<p>Note that \u201cLi\u00e8ge\u201d is translated in some languages: On your way to Li\u00e8ge by car or train, you may sometimes see &#8216;Luik&#8217; or &#8216;L\u00fcttich&#8217; displayed. No worries, all roads lead to Li\u00e8ge&#8230; \ud83d\ude09 Coming to Li\u00e8ge By train Li\u00e8ge-Guillemins high&#8230; <a href=\"https:\/\/services.lib.uliege.be\/stt\/2024-edition\/travel\/\" class=\"readmore\">Read more<span class=\"screen-reader-text\">Travel<\/span><span class=\"fa fa-angle-double-right\" aria-hidden=\"true\"><\/span><\/a><\/p>\n","protected":false},"author":3,"featured_media":0,"parent":1171,"menu_order":25,"comment_status":"closed","ping_status":"closed","template":"template\/content-sidebar.php","meta":{"_crdt_document":"","jetpack_post_was_ever_published":false,"footnotes":""},"class_list":["post-1189","page","type-page","status-publish","hentry"],"jetpack_sharing_enabled":true,"jetpack_shortlink":"https:\/\/wp.me\/PaDENg-jb","_links":{"self":[{"href":"https:\/\/services.lib.uliege.be\/stt\/index.php\/wp-json\/wp\/v2\/pages\/1189","targetHints":{"allow":["GET"]}}],"collection":[{"href":"https:\/\/services.lib.uliege.be\/stt\/index.php\/wp-json\/wp\/v2\/pages"}],"about":[{"href":"https:\/\/services.lib.uliege.be\/stt\/index.php\/wp-json\/wp\/v2\/types\/page"}],"author":[{"embeddable":true,"href":"https:\/\/services.lib.uliege.be\/stt\/index.php\/wp-json\/wp\/v2\/users\/3"}],"replies":[{"embeddable":true,"href":"https:\/\/services.lib.uliege.be\/stt\/index.php\/wp-json\/wp\/v2\/comments?post=1189"}],"version-history":[{"count":6,"href":"https:\/\/services.lib.uliege.be\/stt\/index.php\/wp-json\/wp\/v2\/pages\/1189\/revisions"}],"predecessor-version":[{"id":1534,"href":"https:\/\/services.lib.uliege.be\/stt\/index.php\/wp-json\/wp\/v2\/pages\/1189\/revisions\/1534"}],"up":[{"embeddable":true,"href":"https:\/\/services.lib.uliege.be\/stt\/index.php\/wp-json\/wp\/v2\/pages\/1171"}],"wp:attachment":[{"href":"https:\/\/services.lib.uliege.be\/stt\/index.php\/wp-json\/wp\/v2\/media?parent=1189"}],"curies":[{"name":"wp","href":"https:\/\/api.w.org\/{rel}","templated":true}]}}