{"id":1160,"date":"2023-03-10T14:03:59","date_gmt":"2023-03-10T13:03:59","guid":{"rendered":"https:\/\/app.lib.uliege.be\/stt\/?page_id=1160"},"modified":"2023-03-10T14:04:01","modified_gmt":"2023-03-10T13:04:01","slug":"stage-international-erasmus-santander-2011","status":"publish","type":"page","link":"https:\/\/services.lib.uliege.be\/stt\/stage-international-erasmus-santander-2011\/","title":{"rendered":"Stage international Erasmus Santander 2011"},"content":{"rendered":"\n<p class=\"has-text-align-right wp-block-paragraph\"><a href=\"https:\/\/file.lib.uliege.be\/erasmus2011\/programme.pdf\">Programme<\/a><\/p>\n\n\n\n<p class=\"wp-block-paragraph\">Vous trouverez ci-dessous les liens vers les intervenants de la semaine et les pr\u00e9sentations ppt.<\/p>\n\n\n\n<ul class=\"wp-block-list\">\n<li><a href=\"http:\/\/webtv.ulg.ac.be\/stafftraining\"><\/a><a href=\"https:\/\/file.lib.uliege.be\/erasmus2011\/Presentation-RB_thirion.pdf\">Pr\u00e9sentation g\u00e9n\u00e9rale du R\u00e9seau des Biblioth\u00e8ques<\/a> (13,6 Mo) (<a href=\"http:\/\/annuaire.ulg.ac.be\/search.html?id=u013783\">Paul Thirion<\/a>)<\/li>\n\n\n\n<li><a href=\"https:\/\/file.lib.uliege.be\/erasmus2011\/consortium_boseret.pdf\">Politique globale d&#8217;acquisition en consortium<\/a> (G\u00e9raldine Boseret)<\/li>\n\n\n\n<li>Catalogues de l&#8217;ULg\n<ul class=\"wp-block-list\">\n<li><a href=\"https:\/\/file.lib.uliege.be\/erasmus2011\/SIGB_renaville-richelle.pdf\">Implantation d&#8217;un nouvel SIGB \u00e0 l&#8217;ULg (2005\/2006) &amp; \u00e9volution depuis lors<\/a> (<a href=\"http:\/\/annuaire.ulg.ac.be\/search.html?id=u183995\">Fran\u00e7ois Renaville<\/a>, <a href=\"http:\/\/annuaire.ulg.ac.be\/search.html?id=u027417\">Laurence Richelle<\/a>)<\/li>\n\n\n\n<li><a href=\"https:\/\/file.lib.uliege.be\/erasmus2011\/source_renaville.pdf\">Source, le catalogue de l&#8217;ULg &amp; quelques collaborations interuniversitaires<\/a> (<a href=\"http:\/\/annuaire.ulg.ac.be\/search.html?id=u183995\">Fran\u00e7ois Renaville<\/a>)<\/li>\n\n\n\n<li><a href=\"https:\/\/file.lib.uliege.be\/erasmus2011\/autorites_richelle.pdf\">Autorit\u00e9s : gestion des autorit\u00e9s avec Aleph500<\/a> (<a href=\"http:\/\/annuaire.ulg.ac.be\/search.html?id=u027417\">Laurence Richelle<\/a>)<\/li>\n\n\n\n<li><a href=\"https:\/\/file.lib.uliege.be\/erasmus2011\/acquisition_lhoest.pdf\">Aleph: module d&#8217;acquisition<\/a> (<a href=\"http:\/\/annuaire.ulg.ac.be\/search.html?id=u204840\">R\u00e9my Lhoest<\/a>)<\/li>\n\n\n\n<li><a href=\"https:\/\/file.lib.uliege.be\/erasmus2011\/scribe_lhoest.pdf\">Catalogue Scribe<\/a> (<a href=\"http:\/\/annuaire.ulg.ac.be\/search.html?id=u204840\">R\u00e9my Lhoest<\/a>)<\/li>\n<\/ul>\n<\/li>\n\n\n\n<li>Biblioth\u00e8que Graulich ; Gestion des acquisitions\n<ul class=\"wp-block-list\">\n<li>(<a href=\"http:\/\/annuaire.ulg.ac.be\/search.html?id=u182475\">C\u00e9cile Nissen<\/a>)<\/li>\n\n\n\n<li><a href=\"https:\/\/file.lib.uliege.be\/erasmus2011\/acquisitions_duquesne.pdf\">Acquisition de monographies \u00e0 la Biblioth\u00e8que Graulich<\/a> (Joan Duquesne)<\/li>\n\n\n\n<li>(<a href=\"http:\/\/annuaire.ulg.ac.be\/search.html?id=u028886\">Clarisse Haar-Salle<\/a>)<\/li>\n<\/ul>\n<\/li>\n\n\n\n<li>Biblioth\u00e8que de Philosophie et Lettres : Implantation pilote du RFID (<a href=\"http:\/\/annuaire.ulg.ac.be\/search.html?id=u213105\">St\u00e9phanie Simon<\/a>)<\/li>\n\n\n\n<li>Biblioth\u00e8que de Philosophie et Lettres : Conservation et collections patrimoniales (<a href=\"http:\/\/annuaire.ulg.ac.be\/search.html?id=u181692\">C\u00e9cile Oger<\/a>)<\/li>\n\n\n\n<li>Biblioth\u00e8que des Sciences de la Vie ; Pr\u00eat interbiblioth\u00e8ques\n<ul class=\"wp-block-list\">\n<li>(Fran\u00e7oise Pasleau)<\/li>\n\n\n\n<li><a href=\"https:\/\/file.lib.uliege.be\/erasmus2011\/PIB_vandenput.pdf\">Pr\u00eat interbiblioth\u00e8ques en BSV<\/a> (<a href=\"http:\/\/annuaire.ulg.ac.be\/search.html?id=u015856\">Sandrine Vandenput<\/a>)<\/li>\n\n\n\n<li>(<a href=\"http:\/\/annuaire.ulg.ac.be\/search.html?id=u028945\">Karel Logist<\/a>)<\/li>\n<\/ul>\n<\/li>\n\n\n\n<li>Formation des utilisateurs\n<ul class=\"wp-block-list\">\n<li><a href=\"https:\/\/file.lib.uliege.be\/erasmus2011\/formation_pochet.pdf\">La formation des usagers en biblioth\u00e8ques<\/a> (<a href=\"http:\/\/annuaire.ulg.ac.be\/search.html?id=u301267\">Bernard Pochet<\/a>)\n<ul class=\"wp-block-list\">\n<li><a href=\"http:\/\/www.bib.fsagx.ac.be\/edudoc\/supports\/\">Site web de la formation des usagers en BSA<\/a><\/li>\n<\/ul>\n<\/li>\n\n\n\n<li><a href=\"https:\/\/file.lib.uliege.be\/erasmus2011\/formation_collette.pdf\">La formation des utilisateurs en sciences exactes<\/a> (<a href=\"http:\/\/annuaire.ulg.ac.be\/search.html?id=u016398\">Caroline Collette<\/a>)<\/li>\n\n\n\n<li><a href=\"https:\/\/file.lib.uliege.be\/erasmus2011\/formation_prosmans.pdf\">La formation des utilisateurs en sciences math\u00e9matiques<\/a> (<a href=\"http:\/\/annuaire.ulg.ac.be\/search.html?id=u173504\">Fabienne Prosmans<\/a>)<\/li>\n\n\n\n<li><a href=\"https:\/\/file.lib.uliege.be\/erasmus2011\/formation_durieux.pdf\">La formation \u00e0 la recherche d&#8217;informations en Biblioth\u00e8que des Sciences de la Vie<\/a> (Nancy Durieux)<\/li>\n<\/ul>\n<\/li>\n\n\n\n<li>Gestion des ressources \u00e9lectroniques (Fran\u00e7ois Renaville, Virginie Smits, Philippe Mottet)\n<ul class=\"wp-block-list\">\n<li><a href=\"https:\/\/file.lib.uliege.be\/erasmus2011\/e-ressources_renaville.pdf\">Workflow de la gestion et mise en valeur des e-ressources \u00e0 l&#8217;ULg : historique, \u00e9tat des lieux &amp; perspectives d&#8217;am\u00e9lioration<\/a> (<a href=\"http:\/\/annuaire.ulg.ac.be\/search.html?id=u183995\">Fran\u00e7ois Renaville<\/a>)<\/li>\n\n\n\n<li>SFX : Open Linking (Philippe Mottet)<\/li>\n\n\n\n<li><a href=\"https:\/\/file.lib.uliege.be\/erasmus2011\/ebooks-BSV_smits.pdf\">Traitement des e-books \u00e0 la BSV<\/a> (<a href=\"http:\/\/annuaire.ulg.ac.be\/search.html?id=u180106\">Virginie Smits<\/a>)<\/li>\n<\/ul>\n<\/li>\n\n\n\n<li>Site web des biblioth\u00e8ques et outils \u00e9lectroniques (Aude Alexandre)<\/li>\n\n\n\n<li><a href=\"https:\/\/file.lib.uliege.be\/erasmus2011\/ORBi_thirion.pdf\">ORBi, archives ouvertes de l&#8217;ULg, et PoPuPS, publications en open access de l&#8217;ULg<\/a> (18 Mo) (<a href=\"http:\/\/annuaire.ulg.ac.be\/search.html?id=u013783\">Paul Thirion<\/a>)<\/li>\n<\/ul>\n","protected":false},"excerpt":{"rendered":"<p>Programme Vous trouverez ci-dessous les liens vers les intervenants de la semaine et les pr\u00e9sentations ppt.<\/p>\n","protected":false},"author":2,"featured_media":0,"parent":125,"menu_order":0,"comment_status":"closed","ping_status":"closed","template":"","meta":{"_crdt_document":"","footnotes":""},"class_list":["post-1160","page","type-page","status-publish","hentry"],"jetpack_sharing_enabled":true,"jetpack_shortlink":"https:\/\/wp.me\/PaDENg-iI","_links":{"self":[{"href":"https:\/\/services.lib.uliege.be\/stt\/index.php\/wp-json\/wp\/v2\/pages\/1160","targetHints":{"allow":["GET"]}}],"collection":[{"href":"https:\/\/services.lib.uliege.be\/stt\/index.php\/wp-json\/wp\/v2\/pages"}],"about":[{"href":"https:\/\/services.lib.uliege.be\/stt\/index.php\/wp-json\/wp\/v2\/types\/page"}],"author":[{"embeddable":true,"href":"https:\/\/services.lib.uliege.be\/stt\/index.php\/wp-json\/wp\/v2\/users\/2"}],"replies":[{"embeddable":true,"href":"https:\/\/services.lib.uliege.be\/stt\/index.php\/wp-json\/wp\/v2\/comments?post=1160"}],"version-history":[{"count":2,"href":"https:\/\/services.lib.uliege.be\/stt\/index.php\/wp-json\/wp\/v2\/pages\/1160\/revisions"}],"predecessor-version":[{"id":1162,"href":"https:\/\/services.lib.uliege.be\/stt\/index.php\/wp-json\/wp\/v2\/pages\/1160\/revisions\/1162"}],"up":[{"embeddable":true,"href":"https:\/\/services.lib.uliege.be\/stt\/index.php\/wp-json\/wp\/v2\/pages\/125"}],"wp:attachment":[{"href":"https:\/\/services.lib.uliege.be\/stt\/index.php\/wp-json\/wp\/v2\/media?parent=1160"}],"curies":[{"name":"wp","href":"https:\/\/api.w.org\/{rel}","templated":true}]}}