{"id":110,"date":"2019-01-08T11:34:25","date_gmt":"2019-01-08T10:34:25","guid":{"rendered":"https:\/\/app.lib.uliege.be\/stt\/?page_id=110"},"modified":"2019-02-04T16:59:19","modified_gmt":"2019-02-04T15:59:19","slug":"sessions-annexes","status":"publish","type":"page","link":"https:\/\/services.lib.uliege.be\/stt\/index.php\/edition-2019\/sessions-annexes\/","title":{"rendered":"Sessions annexes"},"content":{"rendered":"\n<p class=\"wp-block-paragraph\">\u00c0 c\u00f4t\u00e9 des cinq demi-journ\u00e9es consacr\u00e9es au SGB, cinq s\u00e9ances plus courtes consacr\u00e9es \u00e0 des th\u00e9matiques annexes sont organis\u00e9es. Celles-ci mettent l&#8217;accent sur des exp\u00e9riences, projets et pratiques en vigueur \u00e0 l&#8217;ULi\u00e8ge.<\/p>\n\n\n\n<ol class=\"wp-block-list\"><li>ORBi : Green OA \u00e0 l&#8217;ULi\u00e8ge (par Paul Thirion ; mercredi 30 janvier 2019, 14:00)<\/li><li>MatheO et la gestion des m\u00e9moires num\u00e9ris\u00e9s \u00e0 l&#8217;ULi\u00e8ge (par Fran\u00e7ois Paquot, Laurence Richelle et St\u00e9phanie Simon ; jeudi 31 janvier 2019, 9:00) <\/li><li>Gestion et r\u00e9f\u00e9rencement des manuscrits et fonds (plus) anciens \u00e0 l&#8217;ULi\u00e8ge (par Laurence Richelle et Marie Goukens ; jeudi 31 janvier 2019, 11:00 )<\/li><li>Information Literacy \u00e0 l&#8217;ULi\u00e8ge (par Bernard Pochet ; jeudi 31 janvier 2019, 11:00)<\/li><li>DONum, fonds pr\u00e9cieux et visite de l&#8217;atelier de num\u00e9risation (par St\u00e9phanie Simon et C\u00e9cile Oger ; vendredi 1er f\u00e9vrier, 9:00)<\/li><\/ol>\n\n\n\n<p class=\"wp-block-paragraph\">Les sessions &#8220;Information Literacy \u00e0 l&#8217;ULi\u00e8ge&#8221; et &#8220;Gestion et r\u00e9f\u00e9rencement des manuscrits et fonds (plus) anciens \u00e0 l&#8217;ULi\u00e8ge&#8221; se donnent en parall\u00e8le.<\/p>\n\n\n\n<h3 class=\"wp-block-heading\">ORBi : Green OA \u00e0 l&#8217;ULi\u00e8ge<\/h3>\n\n\n\n<h4 class=\"wp-block-heading\">The ULi\u00e8ge Open Access experience: from dream to reality<\/h4>\n\n\n\n<p class=\"wp-block-paragraph\"><em>Paul Thirion<\/em><\/p>\n\n\n<div class=\"ead-preview\"><div class=\"ead-document\" style=\"position: relative;padding-top: 90%\"><div class=\"ead-iframe-wrapper\"><iframe src=\"\/\/docs.google.com\/viewer?url=https%3A%2F%2Fservices.lib.uliege.be%2Fstt%2Fwp-content%2Fuploads%2F2019%2F02%2Forbi_erasmus_week_janvier_2019.pdf&amp;embedded=true&amp;hl=en\" title=\"Embedded Document\" class=\"ead-iframe\" style=\"width: 100%;height: 100%;border: none;position: absolute;left: 0;top: 0;visibility: hidden;\"><\/iframe><\/div>\t\t\t<div class=\"ead-document-loading\" style=\"width:100%;height:100%;position:absolute;left:0;top:0;z-index:10\">\n\t\t\t\t<div class=\"ead-loading-wrap\">\n\t\t\t\t\t<div class=\"ead-loading-main\">\n\t\t\t\t\t\t<div class=\"ead-loading\">\n\t\t\t\t\t\t\t<img loading=\"lazy\" decoding=\"async\" src=\"https:\/\/services.lib.uliege.be\/stt\/wp-content\/plugins\/embed-any-document\/images\/loading.svg\" width=\"55\" height=\"55\" alt=\"Loader\">\n\t\t\t\t\t\t\t<span>Loading&#8230;<\/span>\n\t\t\t\t\t\t<\/div>\n\t\t\t\t\t<\/div>\n\t\t\t\t\t<div class=\"ead-loading-foot\">\n\t\t\t\t\t\t<div class=\"ead-loading-foot-title\">\n\t\t\t\t\t\t\t<img loading=\"lazy\" decoding=\"async\" src=\"https:\/\/services.lib.uliege.be\/stt\/wp-content\/plugins\/embed-any-document\/images\/EAD-logo.svg\" alt=\"EAD Logo\" width=\"36\" height=\"23\"\/>\n\t\t\t\t\t\t\t<span>Taking too long?<\/span>\n\t\t\t\t\t\t<\/div>\n\t\t\t\t\t\t<p>\n\t\t\t\t\t\t\t<div class=\"ead-document-btn ead-reload-btn\" role=\"button\">\n\t\t\t\t\t\t\t\t<img loading=\"lazy\" decoding=\"async\" src=\"https:\/\/services.lib.uliege.be\/stt\/wp-content\/plugins\/embed-any-document\/images\/reload.svg\" alt=\"Reload\" width=\"12\" height=\"12\"\/> Reload document\t\t\t\t\t\t\t<\/div>\n\t\t\t\t\t\t\t<span>|<\/span>\n\t\t\t\t\t\t\t<a href=\"https:\/\/services.lib.uliege.be\/stt\/wp-content\/uploads\/2019\/02\/orbi_erasmus_week_janvier_2019.pdf\" class=\"ead-document-btn\" target=\"_blank\">\n\t\t\t\t\t\t\t\t<img loading=\"lazy\" decoding=\"async\" src=\"https:\/\/services.lib.uliege.be\/stt\/wp-content\/plugins\/embed-any-document\/images\/open.svg\" alt=\"Open\" width=\"12\" height=\"12\"\/> Open in new tab\t\t\t\t\t\t\t<\/a>\n\t\t\t\t\t<\/div>\n\t\t\t\t<\/div>\n\t\t\t<\/div>\n\t\t<\/div><p class=\"embed_download\"><a href=\"https:\/\/services.lib.uliege.be\/stt\/wp-content\/uploads\/2019\/02\/orbi_erasmus_week_janvier_2019.pdf\" download>T\u00e9l\u00e9charger [7.99 MB] <\/a><\/p><\/div>\n\n\n<h3 class=\"wp-block-heading\">MatheO et la gestion des m\u00e9moires num\u00e9ris\u00e9s \u00e0 l&#8217;ULi\u00e8ge<\/h3>\n\n\n\n<h4 class=\"wp-block-heading\">MatheO<\/h4>\n\n\n\n<p class=\"wp-block-paragraph\"><em>Fran\u00e7ois Paquot<\/em><\/p>\n\n\n<div class=\"ead-preview\"><div class=\"ead-document\" style=\"position: relative;padding-top: 90%\"><div class=\"ead-iframe-wrapper\"><iframe src=\"\/\/docs.google.com\/viewer?url=https%3A%2F%2Fservices.lib.uliege.be%2Fstt%2Fwp-content%2Fuploads%2F2019%2F02%2Fje_matheo_paquot.pdf&amp;embedded=true&amp;hl=en\" title=\"Embedded Document\" class=\"ead-iframe\" style=\"width: 100%;height: 100%;border: none;position: absolute;left: 0;top: 0;visibility: hidden;\"><\/iframe><\/div>\t\t\t<div class=\"ead-document-loading\" style=\"width:100%;height:100%;position:absolute;left:0;top:0;z-index:10\">\n\t\t\t\t<div class=\"ead-loading-wrap\">\n\t\t\t\t\t<div class=\"ead-loading-main\">\n\t\t\t\t\t\t<div class=\"ead-loading\">\n\t\t\t\t\t\t\t<img loading=\"lazy\" decoding=\"async\" src=\"https:\/\/services.lib.uliege.be\/stt\/wp-content\/plugins\/embed-any-document\/images\/loading.svg\" width=\"55\" height=\"55\" alt=\"Loader\">\n\t\t\t\t\t\t\t<span>Loading&#8230;<\/span>\n\t\t\t\t\t\t<\/div>\n\t\t\t\t\t<\/div>\n\t\t\t\t\t<div class=\"ead-loading-foot\">\n\t\t\t\t\t\t<div class=\"ead-loading-foot-title\">\n\t\t\t\t\t\t\t<img loading=\"lazy\" decoding=\"async\" src=\"https:\/\/services.lib.uliege.be\/stt\/wp-content\/plugins\/embed-any-document\/images\/EAD-logo.svg\" alt=\"EAD Logo\" width=\"36\" height=\"23\"\/>\n\t\t\t\t\t\t\t<span>Taking too long?<\/span>\n\t\t\t\t\t\t<\/div>\n\t\t\t\t\t\t<p>\n\t\t\t\t\t\t\t<div class=\"ead-document-btn ead-reload-btn\" role=\"button\">\n\t\t\t\t\t\t\t\t<img loading=\"lazy\" decoding=\"async\" src=\"https:\/\/services.lib.uliege.be\/stt\/wp-content\/plugins\/embed-any-document\/images\/reload.svg\" alt=\"Reload\" width=\"12\" height=\"12\"\/> Reload document\t\t\t\t\t\t\t<\/div>\n\t\t\t\t\t\t\t<span>|<\/span>\n\t\t\t\t\t\t\t<a href=\"https:\/\/services.lib.uliege.be\/stt\/wp-content\/uploads\/2019\/02\/je_matheo_paquot.pdf\" class=\"ead-document-btn\" target=\"_blank\">\n\t\t\t\t\t\t\t\t<img loading=\"lazy\" decoding=\"async\" src=\"https:\/\/services.lib.uliege.be\/stt\/wp-content\/plugins\/embed-any-document\/images\/open.svg\" alt=\"Open\" width=\"12\" height=\"12\"\/> Open in new tab\t\t\t\t\t\t\t<\/a>\n\t\t\t\t\t<\/div>\n\t\t\t\t<\/div>\n\t\t\t<\/div>\n\t\t<\/div><p class=\"embed_download\"><a href=\"https:\/\/services.lib.uliege.be\/stt\/wp-content\/uploads\/2019\/02\/je_matheo_paquot.pdf\" download>T\u00e9l\u00e9charger [1.00 MB] <\/a><\/p><\/div>\n\n\n<h4 class=\"wp-block-heading\">Num\u00e9risation des m\u00e9moires : Contraintes physiques, solutions num\u00e9riques<\/h4>\n\n\n\n<p class=\"wp-block-paragraph\"><em>St\u00e9phanie Simon, Laurence Richelle<\/em><\/p>\n\n\n<div class=\"ead-preview\"><div class=\"ead-document\" style=\"position: relative;padding-top: 90%\"><iframe src=\"\/\/view.officeapps.live.com\/op\/embed.aspx?src=https%3A%2F%2Fservices.lib.uliege.be%2Fstt%2Fwp-content%2Fuploads%2F2019%2F02%2Fje_memoires_simon.pptx\" title=\"Embedded Document\" class=\"ead-iframe\" style=\"width: 100%;height: 100%;border: none;position: absolute;left: 0;top: 0;\"><\/iframe><\/div><p class=\"embed_download\"><a href=\"https:\/\/services.lib.uliege.be\/stt\/wp-content\/uploads\/2019\/02\/je_memoires_simon.pptx\" download>T\u00e9l\u00e9charger [4.80 MB] <\/a><\/p><\/div>\n\n\n<h3 class=\"wp-block-heading\">Gestion et r\u00e9f\u00e9rencement des manuscrits et fonds (plus) anciens \u00e0 l\u2019ULi\u00e8ge<\/h3>\n\n\n\n<p class=\"wp-block-paragraph\"><em>Laurence Richelle, Marie Goukens<\/em><\/p>\n\n\n<div class=\"ead-preview\"><div class=\"ead-document\" style=\"position: relative;padding-top: 90%\"><iframe src=\"\/\/view.officeapps.live.com\/op\/embed.aspx?src=https%3A%2F%2Fservices.lib.uliege.be%2Fstt%2Fwp-content%2Fuploads%2F2019%2F02%2Fje_richelle_goukens.pptx\" title=\"Embedded Document\" class=\"ead-iframe\" style=\"width: 100%;height: 100%;border: none;position: absolute;left: 0;top: 0;\"><\/iframe><\/div><p class=\"embed_download\"><a href=\"https:\/\/services.lib.uliege.be\/stt\/wp-content\/uploads\/2019\/02\/je_richelle_goukens.pptx\" download>T\u00e9l\u00e9charger [4.99 MB] <\/a><\/p><\/div>\n\n\n<h3 class=\"wp-block-heading\">Information Literacy \u00e0 l\u2019ULi\u00e8ge<\/h3>\n\n\n\n<h4 class=\"wp-block-heading\">Animer un r\u00e9seau de formateurs, s&#8217;organiser pour travailler en r\u00e9seau: le groupe de travail Information Literacy de l&#8217;Universit\u00e9 de Li\u00e8ge<\/h4>\n\n\n\n<p class=\"wp-block-paragraph\"><em>Bernard Pochet<\/em><\/p>\n\n\n<div class=\"ead-preview\"><div class=\"ead-document\" style=\"position: relative;padding-top: 90%\"><div class=\"ead-iframe-wrapper\"><iframe src=\"\/\/docs.google.com\/viewer?url=https%3A%2F%2Fservices.lib.uliege.be%2Fstt%2Fwp-content%2Fuploads%2F2019%2F02%2Fje_infolit_pochet.pdf&amp;embedded=true&amp;hl=en\" title=\"Embedded Document\" class=\"ead-iframe\" style=\"width: 100%;height: 100%;border: none;position: absolute;left: 0;top: 0;visibility: hidden;\"><\/iframe><\/div>\t\t\t<div class=\"ead-document-loading\" style=\"width:100%;height:100%;position:absolute;left:0;top:0;z-index:10\">\n\t\t\t\t<div class=\"ead-loading-wrap\">\n\t\t\t\t\t<div class=\"ead-loading-main\">\n\t\t\t\t\t\t<div class=\"ead-loading\">\n\t\t\t\t\t\t\t<img loading=\"lazy\" decoding=\"async\" src=\"https:\/\/services.lib.uliege.be\/stt\/wp-content\/plugins\/embed-any-document\/images\/loading.svg\" width=\"55\" height=\"55\" alt=\"Loader\">\n\t\t\t\t\t\t\t<span>Loading&#8230;<\/span>\n\t\t\t\t\t\t<\/div>\n\t\t\t\t\t<\/div>\n\t\t\t\t\t<div class=\"ead-loading-foot\">\n\t\t\t\t\t\t<div class=\"ead-loading-foot-title\">\n\t\t\t\t\t\t\t<img loading=\"lazy\" decoding=\"async\" src=\"https:\/\/services.lib.uliege.be\/stt\/wp-content\/plugins\/embed-any-document\/images\/EAD-logo.svg\" alt=\"EAD Logo\" width=\"36\" height=\"23\"\/>\n\t\t\t\t\t\t\t<span>Taking too long?<\/span>\n\t\t\t\t\t\t<\/div>\n\t\t\t\t\t\t<p>\n\t\t\t\t\t\t\t<div class=\"ead-document-btn ead-reload-btn\" role=\"button\">\n\t\t\t\t\t\t\t\t<img loading=\"lazy\" decoding=\"async\" src=\"https:\/\/services.lib.uliege.be\/stt\/wp-content\/plugins\/embed-any-document\/images\/reload.svg\" alt=\"Reload\" width=\"12\" height=\"12\"\/> Reload document\t\t\t\t\t\t\t<\/div>\n\t\t\t\t\t\t\t<span>|<\/span>\n\t\t\t\t\t\t\t<a href=\"https:\/\/services.lib.uliege.be\/stt\/wp-content\/uploads\/2019\/02\/je_infolit_pochet.pdf\" class=\"ead-document-btn\" target=\"_blank\">\n\t\t\t\t\t\t\t\t<img loading=\"lazy\" decoding=\"async\" src=\"https:\/\/services.lib.uliege.be\/stt\/wp-content\/plugins\/embed-any-document\/images\/open.svg\" alt=\"Open\" width=\"12\" height=\"12\"\/> Open in new tab\t\t\t\t\t\t\t<\/a>\n\t\t\t\t\t<\/div>\n\t\t\t\t<\/div>\n\t\t\t<\/div>\n\t\t<\/div><p class=\"embed_download\"><a href=\"https:\/\/services.lib.uliege.be\/stt\/wp-content\/uploads\/2019\/02\/je_infolit_pochet.pdf\" download>T\u00e9l\u00e9charger [2.36 MB] <\/a><\/p><\/div>","protected":false},"excerpt":{"rendered":"<p>\u00c0 c\u00f4t\u00e9 des cinq demi-journ\u00e9es consacr\u00e9es au SGB, cinq s\u00e9ances plus courtes consacr\u00e9es \u00e0 des th\u00e9matiques annexes sont organis\u00e9es. Celles-ci mettent l&#8217;accent sur des exp\u00e9riences, projets et pratiques en vigueur \u00e0 l&#8217;ULi\u00e8ge. ORBi : Green OA \u00e0 l&#8217;ULi\u00e8ge (par Paul&#8230; <a href=\"https:\/\/services.lib.uliege.be\/stt\/index.php\/edition-2019\/sessions-annexes\/\" class=\"readmore\">Read more<span class=\"screen-reader-text\">Sessions annexes<\/span><span class=\"fa fa-angle-double-right\" aria-hidden=\"true\"><\/span><\/a><\/p>\n","protected":false},"author":3,"featured_media":0,"parent":58,"menu_order":4,"comment_status":"closed","ping_status":"closed","template":"template\/content-sidebar.php","meta":{"_crdt_document":"","footnotes":""},"class_list":["post-110","page","type-page","status-publish","hentry"],"jetpack_sharing_enabled":true,"jetpack_shortlink":"https:\/\/wp.me\/PaDENg-1M","_links":{"self":[{"href":"https:\/\/services.lib.uliege.be\/stt\/index.php\/wp-json\/wp\/v2\/pages\/110","targetHints":{"allow":["GET"]}}],"collection":[{"href":"https:\/\/services.lib.uliege.be\/stt\/index.php\/wp-json\/wp\/v2\/pages"}],"about":[{"href":"https:\/\/services.lib.uliege.be\/stt\/index.php\/wp-json\/wp\/v2\/types\/page"}],"author":[{"embeddable":true,"href":"https:\/\/services.lib.uliege.be\/stt\/index.php\/wp-json\/wp\/v2\/users\/3"}],"replies":[{"embeddable":true,"href":"https:\/\/services.lib.uliege.be\/stt\/index.php\/wp-json\/wp\/v2\/comments?post=110"}],"version-history":[{"count":13,"href":"https:\/\/services.lib.uliege.be\/stt\/index.php\/wp-json\/wp\/v2\/pages\/110\/revisions"}],"predecessor-version":[{"id":476,"href":"https:\/\/services.lib.uliege.be\/stt\/index.php\/wp-json\/wp\/v2\/pages\/110\/revisions\/476"}],"up":[{"embeddable":true,"href":"https:\/\/services.lib.uliege.be\/stt\/index.php\/wp-json\/wp\/v2\/pages\/58"}],"wp:attachment":[{"href":"https:\/\/services.lib.uliege.be\/stt\/index.php\/wp-json\/wp\/v2\/media?parent=110"}],"curies":[{"name":"wp","href":"https:\/\/api.w.org\/{rel}","templated":true}]}}