{"id":8994,"date":"2023-03-03T14:05:42","date_gmt":"2023-03-03T13:05:42","guid":{"rendered":"https:\/\/app.lib.uliege.be\/guide_catalo\/?page_id=8994"},"modified":"2024-06-17T13:56:34","modified_gmt":"2024-06-17T11:56:34","slug":"newsletters","status":"publish","type":"page","link":"https:\/\/services.lib.uliege.be\/guide_catalo\/newsletters\/","title":{"rendered":"Newsletters"},"content":{"rendered":"\n<p>Toutes les newsletters concernant les nouveaut\u00e9s du Guide pour le catalogueur se trouvent ici :<\/p>\n\n\n\n<pre class=\"wp-block-preformatted\"><ul class=\"mailpoet_archive\"><li><span class=\"mailpoet_archive_date\">16 mars 2026<\/span>\n          <span class=\"mailpoet_archive_subject\"><a href=\"https:\/\/services.lib.uliege.be\/guide_catalo?mailpoet_router&amp;endpoint=view_in_browser&amp;action=view&amp;data=Wzc1LCJkOWI1MjQwN2UyNTkiLDAsMCw2MSwxXQ\" target=\"_blank\" title=\"Aper\u00e7u dans un nouvel onglet\">Nouveaut\u00e9s en Gestion des ressources &amp; Catalogage - Mars 2026<\/a><\/span>\n        <\/li><li><span class=\"mailpoet_archive_date\">26 novembre 2025<\/span>\n          <span class=\"mailpoet_archive_subject\"><a href=\"https:\/\/services.lib.uliege.be\/guide_catalo?mailpoet_router&amp;endpoint=view_in_browser&amp;action=view&amp;data=WzcyLCI4N2FiZDc4OTVkZmYiLDAsMCw2MCwxXQ\" target=\"_blank\" title=\"Aper\u00e7u dans un nouvel onglet\">Nouveaut\u00e9s en Gestion des ressources &amp; Catalogage - Novembre 2025 (suite)<\/a><\/span>\n        <\/li><li><span class=\"mailpoet_archive_date\">5 novembre 2025<\/span>\n          <span class=\"mailpoet_archive_subject\"><a href=\"https:\/\/services.lib.uliege.be\/guide_catalo?mailpoet_router&amp;endpoint=view_in_browser&amp;action=view&amp;data=Wzc0LCIxOTZhMjAzNDMyNjAiLDAsMCw1OSwxXQ\" target=\"_blank\" title=\"Aper\u00e7u dans un nouvel onglet\">Nouveaut\u00e9s en Gestion des ressources &amp; Catalogage - Novembre 2025<\/a><\/span>\n        <\/li><li><span class=\"mailpoet_archive_date\">27 mai 2025<\/span>\n          <span class=\"mailpoet_archive_subject\"><a href=\"https:\/\/services.lib.uliege.be\/guide_catalo?mailpoet_router&amp;endpoint=view_in_browser&amp;action=view&amp;data=WzcwLCJkYzdmN2I0ZjM1NzEiLDAsMCw1OCwxXQ\" target=\"_blank\" title=\"Aper\u00e7u dans un nouvel onglet\">Nouveaut\u00e9s en Gestion des ressources &amp; Catalogage - Mai 2025 (suite)<\/a><\/span>\n        <\/li><li><span class=\"mailpoet_archive_date\">13 mai 2025<\/span>\n          <span class=\"mailpoet_archive_subject\"><a href=\"https:\/\/services.lib.uliege.be\/guide_catalo?mailpoet_router&amp;endpoint=view_in_browser&amp;action=view&amp;data=WzY4LCI3OTA0MDQ2ZTEyMzciLDAsMCw1NywxXQ\" target=\"_blank\" title=\"Aper\u00e7u dans un nouvel onglet\">Nouveaut\u00e9s en Gestion des ressources &amp; Catalogage - Mai 2025<\/a><\/span>\n        <\/li><li><span class=\"mailpoet_archive_date\">3 f\u00e9vrier 2025<\/span>\n          <span class=\"mailpoet_archive_subject\"><a href=\"https:\/\/services.lib.uliege.be\/guide_catalo?mailpoet_router&amp;endpoint=view_in_browser&amp;action=view&amp;data=WzY1LCIwMWUzMDRlODFkZmYiLDAsMCw1NSwxXQ\" target=\"_blank\" title=\"Aper\u00e7u dans un nouvel onglet\">Nouveaut\u00e9s dans le Guide pour le catalogueur - F\u00e9vrier 2025<\/a><\/span>\n        <\/li><li><span class=\"mailpoet_archive_date\">8 novembre 2024<\/span>\n          <span class=\"mailpoet_archive_subject\"><a href=\"https:\/\/services.lib.uliege.be\/guide_catalo?mailpoet_router&amp;endpoint=view_in_browser&amp;action=view&amp;data=WzY0LCJhZDQ5MGNiYjhlYWQiLDAsMCw1NCwxXQ\" target=\"_blank\" title=\"Aper\u00e7u dans un nouvel onglet\">Nouveaut\u00e9s dans le Guide pour le catalogueur - Novembre 2024<\/a><\/span>\n        <\/li><li><span class=\"mailpoet_archive_date\">14 octobre 2024<\/span>\n          <span class=\"mailpoet_archive_subject\"><a href=\"https:\/\/services.lib.uliege.be\/guide_catalo?mailpoet_router&amp;endpoint=view_in_browser&amp;action=view&amp;data=WzYzLCJhZjM1ZmVhYzUzZmIiLDAsMCw1MywxXQ\" target=\"_blank\" title=\"Aper\u00e7u dans un nouvel onglet\">Nouveaut\u00e9s dans le Guide pour le catalogueur - Octobre 2024<\/a><\/span>\n        <\/li><li><span class=\"mailpoet_archive_date\">3 juillet 2024<\/span>\n          <span class=\"mailpoet_archive_subject\"><a href=\"https:\/\/services.lib.uliege.be\/guide_catalo?mailpoet_router&amp;endpoint=view_in_browser&amp;action=view&amp;data=WzYxLCI3MzRiOTA2Nzk2NDgiLDAsMCw1MiwxXQ\" target=\"_blank\" title=\"Aper\u00e7u dans un nouvel onglet\">Nouveaut\u00e9s dans le Guide pour le catalogueur - Juillet 2024<\/a><\/span>\n        <\/li><li><span class=\"mailpoet_archive_date\">5 avril 2024<\/span>\n          <span class=\"mailpoet_archive_subject\"><a href=\"https:\/\/services.lib.uliege.be\/guide_catalo?mailpoet_router&amp;endpoint=view_in_browser&amp;action=view&amp;data=WzU4LCJlZTA3ZmUwMjc4ODkiLDAsMCw1MCwxXQ\" target=\"_blank\" title=\"Aper\u00e7u dans un nouvel onglet\">Nouveaut\u00e9s dans le Guide pour le catalogueur - Avril 2024<\/a><\/span>\n        <\/li><li><span class=\"mailpoet_archive_date\">7 novembre 2023<\/span>\n          <span class=\"mailpoet_archive_subject\"><a href=\"https:\/\/services.lib.uliege.be\/guide_catalo?mailpoet_router&amp;endpoint=view_in_browser&amp;action=view&amp;data=WzU3LCJmOGFhM2M4OWY2YmUiLDAsMCw0OSwxXQ\" target=\"_blank\" title=\"Aper\u00e7u dans un nouvel onglet\">Nouveaut\u00e9s dans le Guide pour le catalogueur - Novembre 2023<\/a><\/span>\n        <\/li><li><span class=\"mailpoet_archive_date\">25 ao\u00fbt 2023<\/span>\n          <span class=\"mailpoet_archive_subject\"><a href=\"https:\/\/services.lib.uliege.be\/guide_catalo?mailpoet_router&amp;endpoint=view_in_browser&amp;action=view&amp;data=WzU2LCIwMWQ5ZDkwZDg4OGYiLDAsMCw0OCwxXQ\" target=\"_blank\" title=\"Aper\u00e7u dans un nouvel onglet\">Nouveaut\u00e9s dans le Guide pour le catalogueur : Sp\u00e9cial Catalogueurs Autorit\u00e9s - Ao\u00fbt 2023<\/a><\/span>\n        <\/li><li><span class=\"mailpoet_archive_date\">13 juin 2023<\/span>\n          <span class=\"mailpoet_archive_subject\"><a href=\"https:\/\/services.lib.uliege.be\/guide_catalo?mailpoet_router&amp;endpoint=view_in_browser&amp;action=view&amp;data=WzU1LCIzZmIwNzZlZDlmYzQiLDAsMCw0NywxXQ\" target=\"_blank\" title=\"Aper\u00e7u dans un nouvel onglet\">Nouveaut\u00e9s dans le Guide pour le catalogueur - Juin 2023<\/a><\/span>\n        <\/li><li><span class=\"mailpoet_archive_date\">13 mars 2023<\/span>\n          <span class=\"mailpoet_archive_subject\"><a href=\"https:\/\/services.lib.uliege.be\/guide_catalo?mailpoet_router&amp;endpoint=view_in_browser&amp;action=view&amp;data=WzUzLCI4Y2VhMGE5YjMwMzgiLDAsMCw0NiwxXQ\" target=\"_blank\" title=\"Aper\u00e7u dans un nouvel onglet\">Nouveaut\u00e9s dans le Guide pour le catalogueur - Mars 2023<\/a><\/span>\n        <\/li><li><span class=\"mailpoet_archive_date\">10 novembre 2022<\/span>\n          <span class=\"mailpoet_archive_subject\"><a href=\"https:\/\/services.lib.uliege.be\/guide_catalo?mailpoet_router&amp;endpoint=view_in_browser&amp;action=view&amp;data=WzQ3LCI0YTAzZGM1ZGQ1NjUiLDAsMCw0MiwxXQ\" target=\"_blank\" title=\"Aper\u00e7u dans un nouvel onglet\">Nouveaut\u00e9s dans le Guide pour le catalogueur - Novembre 2022<\/a><\/span>\n        <\/li><li><span class=\"mailpoet_archive_date\">25 novembre 2021<\/span>\n          <span class=\"mailpoet_archive_subject\"><a href=\"https:\/\/services.lib.uliege.be\/guide_catalo?mailpoet_router&amp;endpoint=view_in_browser&amp;action=view&amp;data=WzM4LCJhMGFkMjRiYmI5NzQiLDAsMCwzMiwxXQ\" target=\"_blank\" title=\"Aper\u00e7u dans un nouvel onglet\">Nouveaut\u00e9s dans le Guide pour le catalogueur - Novembre 2021<\/a><\/span>\n        <\/li><li><span class=\"mailpoet_archive_date\">8 juillet 2021<\/span>\n          <span class=\"mailpoet_archive_subject\"><a href=\"https:\/\/services.lib.uliege.be\/guide_catalo?mailpoet_router&amp;endpoint=view_in_browser&amp;action=view&amp;data=WzI3LCIyNGE5NTNlYzhmNzgiLDAsMCwyNywxXQ\" target=\"_blank\" title=\"Aper\u00e7u dans un nouvel onglet\">Nouveaut\u00e9s dans le Guide pour le catalogueur - Juillet 2021<\/a><\/span>\n        <\/li><li><span class=\"mailpoet_archive_date\">18 janvier 2021<\/span>\n          <span class=\"mailpoet_archive_subject\"><a href=\"https:\/\/services.lib.uliege.be\/guide_catalo?mailpoet_router&amp;endpoint=view_in_browser&amp;action=view&amp;data=WzI1LCIyMmE4MzU3OWZiZjMiLDAsMCwxOSwxXQ\" target=\"_blank\" title=\"Aper\u00e7u dans un nouvel onglet\">Nouveaut\u00e9s dans le Guide pour le catalogueur - Janvier 2021<\/a><\/span>\n        <\/li><li><span class=\"mailpoet_archive_date\">30 octobre 2020<\/span>\n          <span class=\"mailpoet_archive_subject\"><a href=\"https:\/\/services.lib.uliege.be\/guide_catalo?mailpoet_router&amp;endpoint=view_in_browser&amp;action=view&amp;data=WzIwLCJkOTUzZGU4MTg1ZGEiLDAsMCwxNSwxXQ\" target=\"_blank\" title=\"Aper\u00e7u dans un nouvel onglet\">Nouveaut\u00e9s dans le Guide pour le catalogueur - Octobre 2020<\/a><\/span>\n        <\/li><li><span class=\"mailpoet_archive_date\">7 septembre 2020<\/span>\n          <span class=\"mailpoet_archive_subject\"><a href=\"https:\/\/services.lib.uliege.be\/guide_catalo?mailpoet_router&amp;endpoint=view_in_browser&amp;action=view&amp;data=WzE4LCI1OWQ1OWE5M2Y5MDciLDAsMCwxMiwxXQ\" target=\"_blank\" title=\"Aper\u00e7u dans un nouvel onglet\">Nouveaut\u00e9s dans le Guide pour le catalogueur - Septembre 2020<\/a><\/span>\n        <\/li><li><span class=\"mailpoet_archive_date\">17 ao\u00fbt 2020<\/span>\n          <span class=\"mailpoet_archive_subject\"><a href=\"https:\/\/services.lib.uliege.be\/guide_catalo?mailpoet_router&amp;endpoint=view_in_browser&amp;action=view&amp;data=WzE1LCJkMTQwYTMyNWRlOTgiLDAsMCw5LDFd\" target=\"_blank\" title=\"Aper\u00e7u dans un nouvel onglet\">Nouveaut\u00e9s dans le Guide pour le catalogueur - Ao\u00fbt 2020<\/a><\/span>\n        <\/li><\/ul><\/pre>\n\n\n\n<p><\/p>\n","protected":false},"excerpt":{"rendered":"<p>Toutes les newsletters concernant les nouveaut\u00e9s du Guide pour le catalogueur se trouvent ici :<\/p>\n","protected":false},"author":12,"featured_media":0,"parent":0,"menu_order":0,"comment_status":"closed","ping_status":"closed","template":"","meta":{"footnotes":""},"class_list":["post-8994","page","type-page","status-publish","hentry"],"_links":{"self":[{"href":"https:\/\/services.lib.uliege.be\/guide_catalo\/wp-json\/wp\/v2\/pages\/8994","targetHints":{"allow":["GET"]}}],"collection":[{"href":"https:\/\/services.lib.uliege.be\/guide_catalo\/wp-json\/wp\/v2\/pages"}],"about":[{"href":"https:\/\/services.lib.uliege.be\/guide_catalo\/wp-json\/wp\/v2\/types\/page"}],"author":[{"embeddable":true,"href":"https:\/\/services.lib.uliege.be\/guide_catalo\/wp-json\/wp\/v2\/users\/12"}],"replies":[{"embeddable":true,"href":"https:\/\/services.lib.uliege.be\/guide_catalo\/wp-json\/wp\/v2\/comments?post=8994"}],"version-history":[{"count":2,"href":"https:\/\/services.lib.uliege.be\/guide_catalo\/wp-json\/wp\/v2\/pages\/8994\/revisions"}],"predecessor-version":[{"id":10700,"href":"https:\/\/services.lib.uliege.be\/guide_catalo\/wp-json\/wp\/v2\/pages\/8994\/revisions\/10700"}],"wp:attachment":[{"href":"https:\/\/services.lib.uliege.be\/guide_catalo\/wp-json\/wp\/v2\/media?parent=8994"}],"curies":[{"name":"wp","href":"https:\/\/api.w.org\/{rel}","templated":true}]}}