{"id":5,"date":"2019-06-03T16:07:34","date_gmt":"2019-06-03T14:07:34","guid":{"rendered":"https:\/\/app.lib.uliege.be\/guide_catalo\/?page_id=5"},"modified":"2023-03-03T14:26:14","modified_gmt":"2023-03-03T13:26:14","slug":"accueil","status":"publish","type":"page","link":"https:\/\/services.lib.uliege.be\/guide_catalo\/","title":{"rendered":"Accueil"},"content":{"rendered":"\n<p>La section <a href=\"https:\/\/services.lib.uliege.be\/guide_catalo\/guide-catalogueur-intro\/\">GUIDE POUR LE CATALOGUEUR<\/a> fournit les consignes g\u00e9n\u00e9rales pour le catalogage et le d\u00e9tail d&rsquo;utilisation du Marc21,  ainsi que les consignes pour le traitement sp\u00e9cifique de certains types de document, y compris les fonds patrimoniaux.<\/p>\n\n\n\n<p>La section <a href=\"https:\/\/services.lib.uliege.be\/guide_catalo\/workflows-alma\/\">WORKFLOWS ALMA<\/a> inclut les proc\u00e9dures de travail li\u00e9es au catalogue et \u00e0 l&rsquo;inventaire physique principalement. Certains points se retrouvent \u00e9galement sur la bo\u00eete \u00e0 outils <a rel=\"noreferrer noopener\" href=\"https:\/\/lib.uliege.be\/alma\/\" target=\"_blank\">Alma et Primo @ ULi\u00e8ge Library<\/a>, pr\u00e9sent\u00e9s alors par \u00ab\u00a0cycles de formation\u00a0\u00bb.<\/p>\n\n\n\n<p>La section <a href=\"https:\/\/services.lib.uliege.be\/guide_catalo\/rda-evolution-des-catalogues\/\">RDA &amp; \u00c9VOLUTION DES CATALOGUES<\/a> propose des documents utiles \u00e0 la compr\u00e9hension de la transition bibliographique, ainsi que les \u00e9l\u00e9ments mis en place pour l&rsquo;impl\u00e9mentation de RDA dans notre catalogue et pour l&rsquo;am\u00e9lioration qualit\u00e9 des donn\u00e9es.<\/p>\n\n\n\n<p>La section <a href=\"https:\/\/services.lib.uliege.be\/guide_catalo\/newsletters\/\">NEWSLETTERS<\/a> reprend l&rsquo;ensemble des newsletters informant sur les nouveaut\u00e9s. <\/p>\n","protected":false},"excerpt":{"rendered":"<p>La section GUIDE POUR LE CATALOGUEUR fournit les consignes g\u00e9n\u00e9rales pour le catalogage et le d\u00e9tail d&rsquo;utilisation du Marc21, ainsi que les consignes pour le&hellip;<\/p>\n","protected":false},"author":2,"featured_media":0,"parent":0,"menu_order":0,"comment_status":"closed","ping_status":"closed","template":"","meta":{"footnotes":""},"class_list":["post-5","page","type-page","status-publish","hentry"],"_links":{"self":[{"href":"https:\/\/services.lib.uliege.be\/guide_catalo\/wp-json\/wp\/v2\/pages\/5","targetHints":{"allow":["GET"]}}],"collection":[{"href":"https:\/\/services.lib.uliege.be\/guide_catalo\/wp-json\/wp\/v2\/pages"}],"about":[{"href":"https:\/\/services.lib.uliege.be\/guide_catalo\/wp-json\/wp\/v2\/types\/page"}],"author":[{"embeddable":true,"href":"https:\/\/services.lib.uliege.be\/guide_catalo\/wp-json\/wp\/v2\/users\/2"}],"replies":[{"embeddable":true,"href":"https:\/\/services.lib.uliege.be\/guide_catalo\/wp-json\/wp\/v2\/comments?post=5"}],"version-history":[{"count":14,"href":"https:\/\/services.lib.uliege.be\/guide_catalo\/wp-json\/wp\/v2\/pages\/5\/revisions"}],"predecessor-version":[{"id":8998,"href":"https:\/\/services.lib.uliege.be\/guide_catalo\/wp-json\/wp\/v2\/pages\/5\/revisions\/8998"}],"wp:attachment":[{"href":"https:\/\/services.lib.uliege.be\/guide_catalo\/wp-json\/wp\/v2\/media?parent=5"}],"curies":[{"name":"wp","href":"https:\/\/api.w.org\/{rel}","templated":true}]}}