{"id":4496,"date":"2020-05-14T12:21:58","date_gmt":"2020-05-14T10:21:58","guid":{"rendered":"https:\/\/app.lib.uliege.be\/guide_catalo\/?page_id=4496"},"modified":"2020-06-23T16:46:05","modified_gmt":"2020-06-23T14:46:05","slug":"rda-evolution-des-catalogues","status":"publish","type":"page","link":"https:\/\/services.lib.uliege.be\/guide_catalo\/rda-evolution-des-catalogues\/","title":{"rendered":"RDA &#038; \u00e9volution des catalogues"},"content":{"rendered":"\n<p>R\u00e9f\u00e9rencement de sites, articles&#8230; utiles pour comprendre les enjeux des \u00e9volutions li\u00e9es \u00e0 RDA : sur la page <a href=\"https:\/\/services.lib.uliege.be\/guide_catalo\/sites-de-reference-articles-supports-de-cours\/\">Supports et r\u00e9f\u00e9rences<\/a>.<\/p>\n\n\n\n<p><a href=\"https:\/\/services.lib.uliege.be\/guide_catalo\/en-pratique\/\">En pratique<\/a>, informations sur le toolkit RDA, BIBFRAME.<\/p>\n\n\n\n<p>Ces deux sections sont aliment\u00e9es au fur et \u00e0 mesure des analyses et des lectures du GT. <br>N&rsquo;h\u00e9sitez pas \u00e0 proposer des contenus (articles, blogs&#8230;) !<\/p>\n","protected":false},"excerpt":{"rendered":"<p>R\u00e9f\u00e9rencement de sites, articles&#8230; utiles pour comprendre les enjeux des \u00e9volutions li\u00e9es \u00e0 RDA : sur la page Supports et r\u00e9f\u00e9rences. En pratique, informations sur&hellip;<\/p>\n","protected":false},"author":4,"featured_media":0,"parent":0,"menu_order":0,"comment_status":"closed","ping_status":"closed","template":"","meta":{"footnotes":""},"class_list":["post-4496","page","type-page","status-publish","hentry"],"_links":{"self":[{"href":"https:\/\/services.lib.uliege.be\/guide_catalo\/wp-json\/wp\/v2\/pages\/4496","targetHints":{"allow":["GET"]}}],"collection":[{"href":"https:\/\/services.lib.uliege.be\/guide_catalo\/wp-json\/wp\/v2\/pages"}],"about":[{"href":"https:\/\/services.lib.uliege.be\/guide_catalo\/wp-json\/wp\/v2\/types\/page"}],"author":[{"embeddable":true,"href":"https:\/\/services.lib.uliege.be\/guide_catalo\/wp-json\/wp\/v2\/users\/4"}],"replies":[{"embeddable":true,"href":"https:\/\/services.lib.uliege.be\/guide_catalo\/wp-json\/wp\/v2\/comments?post=4496"}],"version-history":[{"count":3,"href":"https:\/\/services.lib.uliege.be\/guide_catalo\/wp-json\/wp\/v2\/pages\/4496\/revisions"}],"predecessor-version":[{"id":5629,"href":"https:\/\/services.lib.uliege.be\/guide_catalo\/wp-json\/wp\/v2\/pages\/4496\/revisions\/5629"}],"wp:attachment":[{"href":"https:\/\/services.lib.uliege.be\/guide_catalo\/wp-json\/wp\/v2\/media?parent=4496"}],"curies":[{"name":"wp","href":"https:\/\/api.w.org\/{rel}","templated":true}]}}