{"id":3914,"date":"2020-05-07T08:28:43","date_gmt":"2020-05-07T06:28:43","guid":{"rendered":"https:\/\/app.lib.uliege.be\/guide_catalo\/?page_id=3914"},"modified":"2020-06-03T11:15:00","modified_gmt":"2020-06-03T09:15:00","slug":"un-peu-dhistoire","status":"publish","type":"page","link":"https:\/\/services.lib.uliege.be\/guide_catalo\/workflows-alma\/procedures-courantes\/un-peu-dhistoire\/","title":{"rendered":"Un peu d&rsquo;histoire"},"content":{"rendered":"\n<h1 class=\"wp-block-heading\">Un peu d&rsquo;histoire<\/h1>\n\n\n\n<p><strong>D&rsquo;ALEPH\/SFX \u00c0 ALMA (2015)<\/strong><br><strong><a href=\"https:\/\/services.lib.uliege.be\/guide_catalo\/recuperation-des-donnees\/\">R\u00e9cup\u00e9ration des donn\u00e9es<\/a><\/strong><br><br><strong><a href=\"https:\/\/services.lib.uliege.be\/guide_catalo\/comment-supprimer-un-ancien-statut-de-traitement-aleph\/\">How to\u2026 Comment supprimer un ancien statut de traitement Aleph.<\/a><\/strong><\/p>\n","protected":false},"excerpt":{"rendered":"<p>Un peu d&rsquo;histoire D&rsquo;ALEPH\/SFX \u00c0 ALMA (2015)R\u00e9cup\u00e9ration des donn\u00e9es How to\u2026 Comment supprimer un ancien statut de traitement Aleph.<\/p>\n","protected":false},"author":12,"featured_media":0,"parent":239,"menu_order":0,"comment_status":"closed","ping_status":"closed","template":"","meta":{"footnotes":""},"class_list":["post-3914","page","type-page","status-publish","hentry"],"_links":{"self":[{"href":"https:\/\/services.lib.uliege.be\/guide_catalo\/wp-json\/wp\/v2\/pages\/3914","targetHints":{"allow":["GET"]}}],"collection":[{"href":"https:\/\/services.lib.uliege.be\/guide_catalo\/wp-json\/wp\/v2\/pages"}],"about":[{"href":"https:\/\/services.lib.uliege.be\/guide_catalo\/wp-json\/wp\/v2\/types\/page"}],"author":[{"embeddable":true,"href":"https:\/\/services.lib.uliege.be\/guide_catalo\/wp-json\/wp\/v2\/users\/12"}],"replies":[{"embeddable":true,"href":"https:\/\/services.lib.uliege.be\/guide_catalo\/wp-json\/wp\/v2\/comments?post=3914"}],"version-history":[{"count":6,"href":"https:\/\/services.lib.uliege.be\/guide_catalo\/wp-json\/wp\/v2\/pages\/3914\/revisions"}],"predecessor-version":[{"id":5225,"href":"https:\/\/services.lib.uliege.be\/guide_catalo\/wp-json\/wp\/v2\/pages\/3914\/revisions\/5225"}],"up":[{"embeddable":true,"href":"https:\/\/services.lib.uliege.be\/guide_catalo\/wp-json\/wp\/v2\/pages\/239"}],"wp:attachment":[{"href":"https:\/\/services.lib.uliege.be\/guide_catalo\/wp-json\/wp\/v2\/media?parent=3914"}],"curies":[{"name":"wp","href":"https:\/\/api.w.org\/{rel}","templated":true}]}}