{"id":263,"date":"2019-07-05T14:43:49","date_gmt":"2019-07-05T12:43:49","guid":{"rendered":"https:\/\/app.lib.uliege.be\/guide_catalo\/?page_id=263"},"modified":"2026-03-13T16:02:03","modified_gmt":"2026-03-13T15:02:03","slug":"courant","status":"publish","type":"page","link":"https:\/\/services.lib.uliege.be\/guide_catalo\/guide-catalogueur-intro\/documents-particuliers\/courant\/","title":{"rendered":"Catalogage courant"},"content":{"rendered":"\n<h1 class=\"wp-block-heading\">Catalogage courant<\/h1>\n\n\n\n<p>La section Catalogage courant inclut  les consignes de traitement pour les documents les plus fr\u00e9quents dans le catalogue.<\/p>\n\n\n\n<ul class=\"wp-block-list\">\n<li><a href=\"https:\/\/services.lib.uliege.be\/guide_catalo\/bandes-dessinees\/\">Bandes dessin\u00e9es<\/a><\/li>\n\n\n\n<li><a href=\"https:\/\/services.lib.uliege.be\/guide_catalo\/catalogues-dart\/\">Catalogues d&rsquo;art, catalogues d&rsquo;exposition<\/a><\/li>\n\n\n\n<li><a href=\"https:\/\/services.lib.uliege.be\/guide_catalo\/catalogues-de-vente\/\">Catalogues de vente<\/a><\/li>\n\n\n\n<li><a href=\"https:\/\/services.lib.uliege.be\/guide_catalo\/collections-de-monographies\/\">Collections de monographies<\/a>\n<ul class=\"wp-block-list\">\n<li><a href=\"https:\/\/services.lib.uliege.be\/guide_catalo\/fascicule-de-periodique-vs-volume-particulier-dune-collection-monographique\/\">Fascicules de p\u00e9riodiques et volumes particuliers d&rsquo;une collection monographique<\/a> <\/li>\n<\/ul>\n<\/li>\n\n\n\n<li><a href=\"https:\/\/services.lib.uliege.be\/guide_catalo\/compilations-collaborations\/\">Compilations &amp; collaborations<\/a><\/li>\n\n\n\n<li><a href=\"https:\/\/services.lib.uliege.be\/guide_catalo\/congres\/\">Congr\u00e8s<\/a><\/li>\n\n\n\n<li><a href=\"https:\/\/services.lib.uliege.be\/guide_catalo\/documents-cartographiques\/\">Documents cartographiques<\/a><\/li>\n\n\n\n<li><a href=\"https:\/\/services.lib.uliege.be\/guide_catalo\/editions-revisees-quels-points-dacces-autorises-utiliser\/\">\u00c9ditions r\u00e9vis\u00e9es <\/a><\/li>\n\n\n\n<li><a href=\"https:\/\/services.lib.uliege.be\/guide_catalo\/fascicule-thematique-numero-special\/\">Fascicule th\u00e9matique de p\u00e9riodique, num\u00e9ro sp\u00e9cial<\/a><\/li>\n\n\n\n<li>Images anim\u00e9es<\/li>\n\n\n\n<li><a href=\"https:\/\/services.lib.uliege.be\/guide_catalo\/images-fixes\/\">Images fixes<\/a><\/li>\n\n\n\n<li><a href=\"https:\/\/services.lib.uliege.be\/guide_catalo\/jeux\/\">Jeux<\/a><\/li>\n\n\n\n<li><a href=\"https:\/\/services.lib.uliege.be\/guide_catalo\/livres-en-ligne-e-books\/\">Livres en ligne (E-Books)<\/a><\/li>\n\n\n\n<li><a href=\"https:\/\/services.lib.uliege.be\/guide_catalo\/melanges\/\">M\u00e9langes<\/a><\/li>\n\n\n\n<li><a href=\"https:\/\/services.lib.uliege.be\/guide_catalo\/modeles-anatomiques\/\">Mod\u00e8les anatomiques<\/a><\/li>\n\n\n\n<li><a href=\"https:\/\/services.lib.uliege.be\/guide_catalo\/?p=351\">Monographies en plusieurs volumes<\/a><\/li>\n\n\n\n<li><a href=\"https:\/\/services.lib.uliege.be\/guide_catalo\/notes-de-cours\/\">Notes de cours<\/a><\/li>\n\n\n\n<li><a href=\"https:\/\/services.lib.uliege.be\/guide_catalo\/notices-multi-ecritures-caracteres-non-latins\/\">Notices multi-\u00e9critures \/ Caract\u00e8res non latins<\/a><\/li>\n\n\n\n<li><a href=\"https:\/\/services.lib.uliege.be\/guide_catalo\/periodiques\/\">P\u00e9riodiques<\/a><\/li>\n\n\n\n<li><a href=\"https:\/\/services.lib.uliege.be\/guide_catalo\/periodiques-en-ligne-e-journaux\/\">P\u00e9riodiques en ligne (E-Journaux) <\/a><\/li>\n\n\n\n<li><a href=\"https:\/\/services.lib.uliege.be\/guide_catalo\/reproductions-et-fac-similes\/\">Reproductions et fac-simil\u00e9s <\/a><\/li>\n\n\n\n<li><a href=\"https:\/\/services.lib.uliege.be\/guide_catalo\/recueil-factice\/\">Recueils factices<\/a><\/li>\n\n\n\n<li><a href=\"https:\/\/services.lib.uliege.be\/guide_catalo\/theses-memoires\/\">Th\u00e8ses et m\u00e9moires<\/a><\/li>\n<\/ul>\n\n\n<p><!--EndFragment--><\/p>","protected":false},"excerpt":{"rendered":"<p>Catalogage courant La section Catalogage courant inclut les consignes de traitement pour les documents les plus fr\u00e9quents dans le catalogue.<\/p>\n","protected":false},"author":4,"featured_media":0,"parent":195,"menu_order":1,"comment_status":"closed","ping_status":"closed","template":"","meta":{"footnotes":""},"class_list":["post-263","page","type-page","status-publish","hentry"],"_links":{"self":[{"href":"https:\/\/services.lib.uliege.be\/guide_catalo\/wp-json\/wp\/v2\/pages\/263","targetHints":{"allow":["GET"]}}],"collection":[{"href":"https:\/\/services.lib.uliege.be\/guide_catalo\/wp-json\/wp\/v2\/pages"}],"about":[{"href":"https:\/\/services.lib.uliege.be\/guide_catalo\/wp-json\/wp\/v2\/types\/page"}],"author":[{"embeddable":true,"href":"https:\/\/services.lib.uliege.be\/guide_catalo\/wp-json\/wp\/v2\/users\/4"}],"replies":[{"embeddable":true,"href":"https:\/\/services.lib.uliege.be\/guide_catalo\/wp-json\/wp\/v2\/comments?post=263"}],"version-history":[{"count":34,"href":"https:\/\/services.lib.uliege.be\/guide_catalo\/wp-json\/wp\/v2\/pages\/263\/revisions"}],"predecessor-version":[{"id":13214,"href":"https:\/\/services.lib.uliege.be\/guide_catalo\/wp-json\/wp\/v2\/pages\/263\/revisions\/13214"}],"up":[{"embeddable":true,"href":"https:\/\/services.lib.uliege.be\/guide_catalo\/wp-json\/wp\/v2\/pages\/195"}],"wp:attachment":[{"href":"https:\/\/services.lib.uliege.be\/guide_catalo\/wp-json\/wp\/v2\/media?parent=263"}],"curies":[{"name":"wp","href":"https:\/\/api.w.org\/{rel}","templated":true}]}}