{"id":26,"date":"2019-06-07T15:23:35","date_gmt":"2019-06-07T13:23:35","guid":{"rendered":"https:\/\/app.lib.uliege.be\/guide_catalo\/?page_id=26"},"modified":"2021-04-26T08:28:01","modified_gmt":"2021-04-26T06:28:01","slug":"guide-catalogueur-intro","status":"publish","type":"page","link":"https:\/\/services.lib.uliege.be\/guide_catalo\/guide-catalogueur-intro\/","title":{"rendered":"Guide pour le catalogueur"},"content":{"rendered":"\n<p> Le Guide pour le catalogueur fournit les explications utiles pour l\u2019utilisation des zones Marc21 dans notre catalogue ULi\u00e8ge Library et pour le traitement sp\u00e9cifique de certains types de document. <\/p>\n\n\n\n<p>Les <a href=\"https:\/\/services.lib.uliege.be\/guide_catalo\/catalogage-en-marc21\/consignes-generales-marc21\/\">Consignes g\u00e9n\u00e9rales<\/a> fournissent les lignes directrices pour le catalogage des ressources imprim\u00e9es. <\/p>\n\n\n\n<p>La section <a href=\"https:\/\/services.lib.uliege.be\/guide_catalo\/guide-catalogueur-intro\/catalogage-en-marc21\/\">Catalogage en Marc21<\/a> propose une introduction aux formats Marc et le d\u00e9tail des zones qui peuvent \u00eatre exploit\u00e9es dans le catalogue pour les notices bibliographiques, les notices holdings et les donn\u00e9es d&rsquo;autorit\u00e9.<\/p>\n\n\n\n<p>La section <a href=\"https:\/\/services.lib.uliege.be\/guide_catalo\/guide-catalogueur-intro\/documents-particuliers\/\">Documents particuliers<\/a> d\u00e9finit, pour un type de document, les consignes de traitement \u00e0 adopter.<\/p>\n","protected":false},"excerpt":{"rendered":"<p>Le Guide pour le catalogueur fournit les explications utiles pour l\u2019utilisation des zones Marc21 dans notre catalogue ULi\u00e8ge Library et pour le traitement sp\u00e9cifique de&hellip;<\/p>\n","protected":false},"author":4,"featured_media":0,"parent":0,"menu_order":0,"comment_status":"closed","ping_status":"closed","template":"","meta":{"footnotes":""},"class_list":["post-26","page","type-page","status-publish","hentry"],"_links":{"self":[{"href":"https:\/\/services.lib.uliege.be\/guide_catalo\/wp-json\/wp\/v2\/pages\/26","targetHints":{"allow":["GET"]}}],"collection":[{"href":"https:\/\/services.lib.uliege.be\/guide_catalo\/wp-json\/wp\/v2\/pages"}],"about":[{"href":"https:\/\/services.lib.uliege.be\/guide_catalo\/wp-json\/wp\/v2\/types\/page"}],"author":[{"embeddable":true,"href":"https:\/\/services.lib.uliege.be\/guide_catalo\/wp-json\/wp\/v2\/users\/4"}],"replies":[{"embeddable":true,"href":"https:\/\/services.lib.uliege.be\/guide_catalo\/wp-json\/wp\/v2\/comments?post=26"}],"version-history":[{"count":10,"href":"https:\/\/services.lib.uliege.be\/guide_catalo\/wp-json\/wp\/v2\/pages\/26\/revisions"}],"predecessor-version":[{"id":7398,"href":"https:\/\/services.lib.uliege.be\/guide_catalo\/wp-json\/wp\/v2\/pages\/26\/revisions\/7398"}],"wp:attachment":[{"href":"https:\/\/services.lib.uliege.be\/guide_catalo\/wp-json\/wp\/v2\/media?parent=26"}],"curies":[{"name":"wp","href":"https:\/\/api.w.org\/{rel}","templated":true}]}}