{"id":258,"date":"2019-07-03T16:53:44","date_gmt":"2019-07-03T14:53:44","guid":{"rendered":"https:\/\/app.lib.uliege.be\/guide_catalo\/?page_id=258"},"modified":"2024-06-21T12:32:01","modified_gmt":"2024-06-21T10:32:01","slug":"traitements","status":"publish","type":"page","link":"https:\/\/services.lib.uliege.be\/guide_catalo\/workflows-alma\/amelioration-qualite\/traitements\/","title":{"rendered":"Traitements"},"content":{"rendered":"\n<h1 class=\"wp-block-heading\">Traitements<\/h1>\n\n\n\n<p>Divers traitements d&rsquo;am\u00e9lioration qualit\u00e9 du catalogue.<\/p>\n\n\n\n<p><a href=\"https:\/\/services.lib.uliege.be\/guide_catalo\/ameliorations-diverses\/\"><strong>Am\u00e9liorations diverses<\/strong><\/a><\/p>\n\n\n\n<p><a href=\"https:\/\/services.lib.uliege.be\/guide_catalo\/corrections-de-la-zone-995-notices-holdings\/\"><strong>Corrections de la zone 995 (notices holdings)<\/strong><\/a><\/p>\n\n\n\n<p><\/p>\n","protected":false},"excerpt":{"rendered":"<p>Traitements Divers traitements d&rsquo;am\u00e9lioration qualit\u00e9 du catalogue. Am\u00e9liorations diverses Corrections de la zone 995 (notices holdings)<\/p>\n","protected":false},"author":10,"featured_media":0,"parent":237,"menu_order":0,"comment_status":"closed","ping_status":"closed","template":"","meta":{"footnotes":""},"class_list":["post-258","page","type-page","status-publish","hentry"],"_links":{"self":[{"href":"https:\/\/services.lib.uliege.be\/guide_catalo\/wp-json\/wp\/v2\/pages\/258","targetHints":{"allow":["GET"]}}],"collection":[{"href":"https:\/\/services.lib.uliege.be\/guide_catalo\/wp-json\/wp\/v2\/pages"}],"about":[{"href":"https:\/\/services.lib.uliege.be\/guide_catalo\/wp-json\/wp\/v2\/types\/page"}],"author":[{"embeddable":true,"href":"https:\/\/services.lib.uliege.be\/guide_catalo\/wp-json\/wp\/v2\/users\/10"}],"replies":[{"embeddable":true,"href":"https:\/\/services.lib.uliege.be\/guide_catalo\/wp-json\/wp\/v2\/comments?post=258"}],"version-history":[{"count":14,"href":"https:\/\/services.lib.uliege.be\/guide_catalo\/wp-json\/wp\/v2\/pages\/258\/revisions"}],"predecessor-version":[{"id":10741,"href":"https:\/\/services.lib.uliege.be\/guide_catalo\/wp-json\/wp\/v2\/pages\/258\/revisions\/10741"}],"up":[{"embeddable":true,"href":"https:\/\/services.lib.uliege.be\/guide_catalo\/wp-json\/wp\/v2\/pages\/237"}],"wp:attachment":[{"href":"https:\/\/services.lib.uliege.be\/guide_catalo\/wp-json\/wp\/v2\/media?parent=258"}],"curies":[{"name":"wp","href":"https:\/\/api.w.org\/{rel}","templated":true}]}}