{"id":255,"date":"2019-07-03T16:51:36","date_gmt":"2019-07-03T14:51:36","guid":{"rendered":"https:\/\/app.lib.uliege.be\/guide_catalo\/?page_id=255"},"modified":"2020-10-23T11:51:07","modified_gmt":"2020-10-23T09:51:07","slug":"how-to","status":"publish","type":"page","link":"https:\/\/services.lib.uliege.be\/guide_catalo\/workflows-alma\/amelioration-qualite\/how-to\/","title":{"rendered":"How to&#8230;"},"content":{"rendered":"\n<h1 class=\"wp-block-heading\">How to&#8230;<\/h1>\n\n\n\n<p>Les How to&#8230; proposent des consignes de traitement portant sur des points de catalogage.<\/p>\n\n\n\n<p>Soit des corrections de donn\u00e9es.<\/p>\n\n\n\n<p>Soit des am\u00e9liorations dans le cadre de la transition vers RDA.<\/p>\n\n\n\n<p><a href=\"https:\/\/services.lib.uliege.be\/guide_catalo\/how-to-frbriser-nos-donnees-favoriser-les-regroupements-de-versions-dans-primo\/\"><strong>How to FRBR<\/strong><\/a><br> FRBRiser nos donn\u00e9es &amp; favoriser les regroupements de versions dans Primo.<\/p>\n\n\n\n<p><strong><a href=\"https:\/\/services.lib.uliege.be\/guide_catalo\/how-to-catalogage-a-niveaux\/\">How to Catalogage \u00e0 niveaux<\/a><\/strong><br> Nettoyage des notices \u00ab\u00a0m\u00e8res\u00a0\u00bb et notices \u00ab\u00a0filles\u00a0\u00bb issues du catalogage \u00e0 niveaux des monographies en plusieurs volumes.<\/p>\n\n\n\n<p><a href=\"https:\/\/services.lib.uliege.be\/guide_catalo\/corrections-e-tfe\/\"><strong>How to Corrections E-TFE<\/strong><\/a><br>Corrections de notices de m\u00e9moires num\u00e9ris\u00e9s : dates, auteurs, fusions de notices, identification du type de document&#8230; <\/p>\n\n\n\n<p><\/p>\n","protected":false},"excerpt":{"rendered":"<p>How to&#8230; Les How to&#8230; proposent des consignes de traitement portant sur des points de catalogage. Soit des corrections de donn\u00e9es. Soit des am\u00e9liorations dans&hellip;<\/p>\n","protected":false},"author":10,"featured_media":0,"parent":237,"menu_order":0,"comment_status":"closed","ping_status":"closed","template":"","meta":{"footnotes":""},"class_list":["post-255","page","type-page","status-publish","hentry"],"_links":{"self":[{"href":"https:\/\/services.lib.uliege.be\/guide_catalo\/wp-json\/wp\/v2\/pages\/255","targetHints":{"allow":["GET"]}}],"collection":[{"href":"https:\/\/services.lib.uliege.be\/guide_catalo\/wp-json\/wp\/v2\/pages"}],"about":[{"href":"https:\/\/services.lib.uliege.be\/guide_catalo\/wp-json\/wp\/v2\/types\/page"}],"author":[{"embeddable":true,"href":"https:\/\/services.lib.uliege.be\/guide_catalo\/wp-json\/wp\/v2\/users\/10"}],"replies":[{"embeddable":true,"href":"https:\/\/services.lib.uliege.be\/guide_catalo\/wp-json\/wp\/v2\/comments?post=255"}],"version-history":[{"count":9,"href":"https:\/\/services.lib.uliege.be\/guide_catalo\/wp-json\/wp\/v2\/pages\/255\/revisions"}],"predecessor-version":[{"id":6536,"href":"https:\/\/services.lib.uliege.be\/guide_catalo\/wp-json\/wp\/v2\/pages\/255\/revisions\/6536"}],"up":[{"embeddable":true,"href":"https:\/\/services.lib.uliege.be\/guide_catalo\/wp-json\/wp\/v2\/pages\/237"}],"wp:attachment":[{"href":"https:\/\/services.lib.uliege.be\/guide_catalo\/wp-json\/wp\/v2\/media?parent=255"}],"curies":[{"name":"wp","href":"https:\/\/api.w.org\/{rel}","templated":true}]}}