{"id":239,"date":"2019-07-03T16:06:40","date_gmt":"2019-07-03T14:06:40","guid":{"rendered":"https:\/\/app.lib.uliege.be\/guide_catalo\/?page_id=239"},"modified":"2022-10-18T12:13:49","modified_gmt":"2022-10-18T10:13:49","slug":"procedures-courantes","status":"publish","type":"page","link":"https:\/\/services.lib.uliege.be\/guide_catalo\/workflows-alma\/procedures-courantes\/","title":{"rendered":"Proc\u00e9dures courantes"},"content":{"rendered":"\n<h1 class=\"wp-block-heading\">Proc\u00e9dures courantes<\/h1>\n\n\n\n<p><a href=\"https:\/\/services.lib.uliege.be\/guide_catalo\/workflows-alma\/procedures-courantes\/preambule-repertoire-et-inventaire-recherche-et-resultats\/\"><strong>Pr\u00e9ambule : r\u00e9pertoire et inventaire (recherche et r\u00e9sultats)<\/strong><\/a><\/p>\n\n\n\n<p><a href=\"https:\/\/services.lib.uliege.be\/guide_catalo\/workflows-alma\/procedures-courantes\/gestion-des-ressources-2\/\"><strong>Gestion des ressources<\/strong><\/a><\/p>\n\n\n\n<p><a href=\"https:\/\/services.lib.uliege.be\/guide_catalo\/workflows-alma\/procedures-courantes\/un-peu-dhistoire\/\"><strong>Un peu d&rsquo;histoire<\/strong><\/a><\/p>\n\n\n\n<p><\/p>\n","protected":false},"excerpt":{"rendered":"<p>Proc\u00e9dures courantes Pr\u00e9ambule : r\u00e9pertoire et inventaire (recherche et r\u00e9sultats) Gestion des ressources Un peu d&rsquo;histoire<\/p>\n","protected":false},"author":6,"featured_media":0,"parent":233,"menu_order":0,"comment_status":"closed","ping_status":"closed","template":"","meta":{"footnotes":""},"class_list":["post-239","page","type-page","status-publish","hentry"],"_links":{"self":[{"href":"https:\/\/services.lib.uliege.be\/guide_catalo\/wp-json\/wp\/v2\/pages\/239","targetHints":{"allow":["GET"]}}],"collection":[{"href":"https:\/\/services.lib.uliege.be\/guide_catalo\/wp-json\/wp\/v2\/pages"}],"about":[{"href":"https:\/\/services.lib.uliege.be\/guide_catalo\/wp-json\/wp\/v2\/types\/page"}],"author":[{"embeddable":true,"href":"https:\/\/services.lib.uliege.be\/guide_catalo\/wp-json\/wp\/v2\/users\/6"}],"replies":[{"embeddable":true,"href":"https:\/\/services.lib.uliege.be\/guide_catalo\/wp-json\/wp\/v2\/comments?post=239"}],"version-history":[{"count":14,"href":"https:\/\/services.lib.uliege.be\/guide_catalo\/wp-json\/wp\/v2\/pages\/239\/revisions"}],"predecessor-version":[{"id":8266,"href":"https:\/\/services.lib.uliege.be\/guide_catalo\/wp-json\/wp\/v2\/pages\/239\/revisions\/8266"}],"up":[{"embeddable":true,"href":"https:\/\/services.lib.uliege.be\/guide_catalo\/wp-json\/wp\/v2\/pages\/233"}],"wp:attachment":[{"href":"https:\/\/services.lib.uliege.be\/guide_catalo\/wp-json\/wp\/v2\/media?parent=239"}],"curies":[{"name":"wp","href":"https:\/\/api.w.org\/{rel}","templated":true}]}}