{"id":233,"date":"2019-07-03T16:00:10","date_gmt":"2019-07-03T14:00:10","guid":{"rendered":"https:\/\/app.lib.uliege.be\/guide_catalo\/?page_id=233"},"modified":"2020-06-23T14:56:08","modified_gmt":"2020-06-23T12:56:08","slug":"workflows-alma","status":"publish","type":"page","link":"https:\/\/services.lib.uliege.be\/guide_catalo\/workflows-alma\/","title":{"rendered":"Workflows Alma"},"content":{"rendered":"\n<p>Proc\u00e9dures de travail li\u00e9es au catalogue et \u00e0 l\u2019inventaire physique principalement. Certains points se retrouvent \u00e9galement sur la bo\u00eete \u00e0 outils\u00a0<a rel=\"noreferrer noopener\" href=\"https:\/\/lib.uliege.be\/alma\/\" target=\"_blank\">Alma et Primo @ ULi\u00e8ge Library<\/a>.<\/p>\n\n\n\n<p>La partie <a href=\"https:\/\/services.lib.uliege.be\/guide_catalo\/workflows-alma\/procedures-courantes\/\">Proc\u00e9dures courantes<\/a> englobe les informations et supports de formations li\u00e9s \u00e0 la recherche dans le r\u00e9pertoire Alma, la gestion des ressources physiques, l&rsquo;acc\u00e8s \u00e0 la cr\u00e9ation et \u00e0 la modification de notices, ainsi que les fonctionnalit\u00e9s exploitables dans l&rsquo;\u00e9diteur de m\u00e9tadonn\u00e9es et l&rsquo;\u00e9diteur d&rsquo;inventaire physique. \u00c9galement, des consignes de traitements plus sp\u00e9cifiques comme la gestion des collections Alma\/Primo et l&rsquo;ajout d&rsquo;inventaire digital, l&rsquo;utilisation des fichiers d&rsquo;autorit\u00e9, le contr\u00f4le de la liste ACTL, l&rsquo;exploitation des Linked data dans Alma&#8230;<br>Se retrouve aussi dans cette partie la synth\u00e8se sur le processus de migration d&rsquo;Aleph vers Alma pour la partie Ressources.<\/p>\n\n\n\n<p>La partie <a href=\"https:\/\/services.lib.uliege.be\/guide_catalo\/workflows-alma\/amelioration-qualite\/\">Am\u00e9liorations qualit\u00e9<\/a> pr\u00e9sente les <a href=\"https:\/\/services.lib.uliege.be\/guide_catalo\/workflows-alma\/amelioration-qualite\/how-to\/\">How to<\/a> qui portent sur des t\u00e2ches globales de corrections des donn\u00e9es du catalogue et les <a href=\"https:\/\/services.lib.uliege.be\/guide_catalo\/workflows-alma\/amelioration-qualite\/traitements\/\">am\u00e9liorations diverses<\/a> r\u00e9alis\u00e9es en traitements batch sur les notices.<\/p>\n","protected":false},"excerpt":{"rendered":"<p>Proc\u00e9dures de travail li\u00e9es au catalogue et \u00e0 l\u2019inventaire physique principalement. Certains points se retrouvent \u00e9galement sur la bo\u00eete \u00e0 outils\u00a0Alma et Primo @ ULi\u00e8ge&hellip;<\/p>\n","protected":false},"author":6,"featured_media":0,"parent":0,"menu_order":0,"comment_status":"closed","ping_status":"closed","template":"","meta":{"footnotes":""},"class_list":["post-233","page","type-page","status-publish","hentry"],"_links":{"self":[{"href":"https:\/\/services.lib.uliege.be\/guide_catalo\/wp-json\/wp\/v2\/pages\/233","targetHints":{"allow":["GET"]}}],"collection":[{"href":"https:\/\/services.lib.uliege.be\/guide_catalo\/wp-json\/wp\/v2\/pages"}],"about":[{"href":"https:\/\/services.lib.uliege.be\/guide_catalo\/wp-json\/wp\/v2\/types\/page"}],"author":[{"embeddable":true,"href":"https:\/\/services.lib.uliege.be\/guide_catalo\/wp-json\/wp\/v2\/users\/6"}],"replies":[{"embeddable":true,"href":"https:\/\/services.lib.uliege.be\/guide_catalo\/wp-json\/wp\/v2\/comments?post=233"}],"version-history":[{"count":4,"href":"https:\/\/services.lib.uliege.be\/guide_catalo\/wp-json\/wp\/v2\/pages\/233\/revisions"}],"predecessor-version":[{"id":5611,"href":"https:\/\/services.lib.uliege.be\/guide_catalo\/wp-json\/wp\/v2\/pages\/233\/revisions\/5611"}],"wp:attachment":[{"href":"https:\/\/services.lib.uliege.be\/guide_catalo\/wp-json\/wp\/v2\/media?parent=233"}],"curies":[{"name":"wp","href":"https:\/\/api.w.org\/{rel}","templated":true}]}}