{"id":222,"date":"2019-07-03T15:48:31","date_gmt":"2019-07-03T13:48:31","guid":{"rendered":"https:\/\/app.lib.uliege.be\/guide_catalo\/?page_id=222"},"modified":"2025-11-06T16:02:51","modified_gmt":"2025-11-06T15:02:51","slug":"sites-de-reference-articles-supports-de-cours","status":"publish","type":"page","link":"https:\/\/services.lib.uliege.be\/guide_catalo\/sites-de-reference-articles-supports-de-cours\/","title":{"rendered":"Supports et r\u00e9f\u00e9rences"},"content":{"rendered":"\n<h1 class=\"wp-block-heading\">Supports et r\u00e9f\u00e9rences<\/h1>\n\n\n\n<h3 class=\"wp-block-heading\">Sites de r\u00e9f\u00e9rence<\/h3>\n\n\n\n<ul class=\"wp-block-list\">\n<li>Le site de la <a rel=\"noreferrer noopener\" href=\"http:\/\/www.bnf.fr\/\" target=\"_blank\">Biblioth\u00e8que Nationale de France<\/a>\n<ul class=\"wp-block-list\">\n<li>La section <a rel=\"noreferrer noopener\" href=\"https:\/\/www.bnf.fr\/fr\/Signaler\" data-type=\"URL\" data-id=\"https:\/\/www.bnf.fr\/fr\/Signaler\" target=\"_blank\">Normes, Formats, Donn\u00e9es d&rsquo;autorit\u00e9<\/a>\n<ul class=\"wp-block-list\">\n<li>La page consacr\u00e9e aux <a rel=\"noreferrer noopener\" href=\"https:\/\/www.bnf.fr\/fr\/modeles-frbr-frad-et-frsad\" target=\"_blank\" data-type=\"URL\" data-id=\"https:\/\/www.bnf.fr\/fr\/modeles-frbr-frad-et-frsad\">Mod\u00e8les FRBR, FRAD et FRSAD<\/a>, sur laquelle vous trouverez le texte en fran\u00e7ais des mod\u00e8les.<\/li>\n\n\n\n<li>La page sur les <a rel=\"noreferrer noopener\" href=\"https:\/\/www.bnf.fr\/fr\/donnees-autorite-bnf\" target=\"_blank\">Donn\u00e9es d&rsquo;autorit\u00e9 \u00e0 la BnF<\/a><\/li>\n\n\n\n<li>La page consacr\u00e9e au <a rel=\"noreferrer noopener\" href=\"https:\/\/www.bnf.fr\/fr\/programme-national-transition-bibliographique\" target=\"_blank\">Programme national Transition bibliographique<\/a><\/li>\n<\/ul>\n<\/li>\n\n\n\n<li>Les vid\u00e9os autour de la th\u00e9matique <a rel=\"noreferrer noopener\" href=\"https:\/\/www.bnf.fr\/fr\/mediatheque\/la-transition-bibliographique-en-action\" target=\"_blank\">Donn\u00e9es et m\u00e9tadonn\u00e9es<\/a>, notamment :\n<ul class=\"wp-block-list\">\n<li><a rel=\"noreferrer noopener\" href=\"https:\/\/www.bnf.fr\/fr\/mediatheque\/la-transition-bibliographique-en-action\" target=\"_blank\">La transition bibliographique en action<\/a><\/li>\n\n\n\n<li><a rel=\"noreferrer noopener\" href=\"https:\/\/www.bnf.fr\/fr\/mediatheque\/les-identifiants-definition-et-enjeux-pour-les-bibliotheques\" target=\"_blank\">Les identifiants : d\u00e9finition en enjeux pour les biblioth\u00e8ques<\/a><\/li>\n\n\n\n<li><a rel=\"noreferrer noopener\" href=\"https:\/\/www.bnf.fr\/fr\/mediatheque\/des-donnees-dautorite-aux-entites\" target=\"_blank\">Des donn\u00e9es d&rsquo;autorit\u00e9 aux entit\u00e9s<\/a><\/li>\n<\/ul>\n<\/li>\n<\/ul>\n<\/li>\n<\/ul>\n\n\n\n<div class=\"wp-block-group\"><div class=\"wp-block-group__inner-container is-layout-flow wp-block-group-is-layout-flow\">\n<p><\/p>\n<\/div><\/div>\n\n\n\n<ul class=\"wp-block-list\">\n<li>Le site <a rel=\"noreferrer noopener\" href=\"https:\/\/www.transition-bibliographique.fr\/\" target=\"_blank\">Transition bibliographique<\/a><br>G\u00e9r\u00e9 par l&rsquo;<a rel=\"noreferrer noopener\" href=\"http:\/\/www.abes.fr\/\" target=\"_blank\">ABES<\/a> et la <a rel=\"noreferrer noopener\" href=\"https:\/\/www.bnf.fr\/fr\" target=\"_blank\">BNF<\/a> pour la Transition bibliographique en France. Permet de suivre les actualit\u00e9s de la transition bibliographique, principalement en France.\n\n\n\n\n\n\n\n\n<ul class=\"wp-block-list\">\n<li>Sous le lien Documentation professionnelle sont rassembl\u00e9es de nombreuses ressources en lien avec :\n<ul class=\"wp-block-list\">\n<li>le web de donn\u00e9es<\/li>\n\n\n\n<li>le programme Transition bibliographique<\/li>\n\n\n\n<li>le mod\u00e8le de donn\u00e9es IFLA-LRM<\/li>\n\n\n\n<li>les codes et pratiques de catalogage, dont notamment une partie sur RDA et une partie sur la r\u00e9forme de Rameau<\/li>\n\n\n\n<li>les applications informatiques (formats, exp\u00e9rimentation)<\/li>\n<\/ul>\n<\/li>\n\n\n\n<li>Dans la section <a href=\"https:\/\/www.transition-bibliographique.fr\/rda-fr\/\" target=\"_blank\" rel=\"noreferrer noopener\">Code RDA-FR<\/a>, vous trouverez une introduction, mais surtout le texte des \u00e9l\u00e9ments publi\u00e9s d\u00e9sormais sur le site web autonome<strong> <\/strong><a href=\"https:\/\/code.rdafr.fr\/\" target=\"_blank\" rel=\"noreferrer noopener\">https:\/\/code.rdafr.fr<\/a><br>L&rsquo;ontologie RDA-FR est quant \u00e0 elle disponible sur le site <a href=\"https:\/\/rdafr.fr\/ontologie\/index.html\" target=\"_blank\" rel=\"noreferrer noopener\">RDA-FR ontology<\/a>, et son profil d&rsquo;application en version beta partielle (2023) est visible ici : <a href=\"https:\/\/rdafr.fr\/profil-application\/\">https:\/\/rdafr.fr\/profil-application\/<\/a><br><\/li>\n<\/ul>\n\n\n\n<ul class=\"wp-block-list\">\n<li>Dans la section <a rel=\"noreferrer noopener\" href=\"https:\/\/www.transition-bibliographique.fr\/se-former\/\" data-type=\"URL\" data-id=\"https:\/\/www.transition-bibliographique.fr\/se-former\/\" target=\"_blank\">Se former<\/a>, voir les supports de formation <a rel=\"noreferrer noopener\" href=\"https:\/\/www.transition-bibliographique.fr\/se-former\/supports\/\" data-type=\"URL\" data-id=\"https:\/\/www.transition-bibliographique.fr\/se-former\/supports\/\" target=\"_blank\">Sensibilisation \u00e0 l&rsquo;\u00e9volution des catalogues<\/a> :\n<ul class=\"wp-block-list\">\n<li><a rel=\"noreferrer noopener\" href=\"https:\/\/www.transition-bibliographique.fr\/wp-content\/uploads\/2020\/03\/Evolution-des-catalogues_1_Contexte-et-enjeux_dec-2019.pdf\" target=\"_blank\">Contexte et enjeux<\/a>&nbsp;(fichier.pdf -d\u00e9cembre 2019)<\/li>\n\n\n\n<li><a rel=\"noreferrer noopener\" href=\"https:\/\/www.transition-bibliographique.fr\/wp-content\/uploads\/2020\/03\/Evolution-des-catalogues_2_Le-web-semantique_dec-2019.pdf\" target=\"_blank\">Web s\u00e9mantique et web de donn\u00e9es<\/a>&nbsp;(fichier.pdf \u2013 d\u00e9cembre 2019)<\/li>\n\n\n\n<li><a href=\"https:\/\/www.transition-bibliographique.fr\/wp-content\/uploads\/2020\/03\/Evolution-des-catalogues_3_LRM_d%C3%A9c-2019.pdf\">Mod\u00e9lisation FRBR et IFLA-LRM<\/a>&nbsp;(fichier.pdf \u2013 d\u00e9cembre 2019)<\/li>\n\n\n\n<li><a rel=\"noreferrer noopener\" href=\"https:\/\/www.transition-bibliographique.fr\/wp-content\/uploads\/2020\/03\/Evolution-des-catalogues_4_RDA_dec-2019.pdf\" target=\"_blank\">Pr\u00e9sentation de RDA<\/a>&nbsp;(fichier.pdf \u2013 d\u00e9cembre 2019)<\/li>\n\n\n\n<li><a rel=\"noreferrer noopener\" href=\"https:\/\/www.transition-bibliographique.fr\/wp-content\/uploads\/2020\/03\/Evolution-des-catalogues_5_Actualit%C3%A9s_2019-Sept-2019.pdf\" target=\"_blank\">Actualit\u00e9s autour de RDA<\/a>&nbsp;(fichier.pdf \u2013 d\u00e9cembre 2019)<br><\/li>\n<\/ul>\n<\/li>\n\n\n\n<li>Dans la section <a href=\"https:\/\/www.transition-bibliographique.fr\/systemes-et-donnees\/\" target=\"_blank\" rel=\"noreferrer noopener\">Syst\u00e8mes et donn\u00e9es<\/a>, retrouvez les actes des <a rel=\"noreferrer noopener\" href=\"https:\/\/www.transition-bibliographique.fr\/systemes-et-donnees\/journees-professionnelles\/\" data-type=\"URL\" data-id=\"https:\/\/www.transition-bibliographique.fr\/systemes-et-donnees\/journees-professionnelles\/\" target=\"_blank\">Journ\u00e9es professionnelles sur les m\u00e9tadonn\u00e9es en biblioth\u00e8que<\/a> :\n<ul class=\"wp-block-list\">\n<li>2023 : <a href=\"https:\/\/www.transition-bibliographique.fr\/systemes-et-donnees\/8e-journee-professionnelle-metadonnees-en-bibliotheques-du-1er-decembre-2023\/\" target=\"_blank\" rel=\"noreferrer noopener\">Au diapason des nouvelles donn\u00e9es UNIMARC Entit\u00e9s \/ Relations<\/a><\/li>\n\n\n\n<li>2022 : <a rel=\"noreferrer noopener\" href=\"https:\/\/www.transition-bibliographique.fr\/systemes-et-donnees\/7e-journee-professionnelle-metadonnees-en-bibliotheques-du-25-novembre-2022\/\" target=\"_blank\">Faites vos jeux ! Associez \u00ab notices d\u2019entit\u00e9s&nbsp;\u00bb, \u00ab UNIMARC&nbsp;\u00bb, \u00ab IFLA LRM&nbsp;\u00bb<\/a><\/li>\n\n\n\n<li>2021 : <a href=\"https:\/\/www.transition-bibliographique.fr\/systemes-et-donnees\/6e-journee-professionnelle-metadonnees-en-bibliotheques-du-3-decembre-2021\/\" target=\"_blank\" rel=\"noreferrer noopener\">D\u00e9couvrir l\u2019entit\u00e9 Expression : son int\u00e9r\u00eat pour les utilisateurs<\/a><\/li>\n\n\n\n<li>2020 : <a href=\"https:\/\/www.transition-bibliographique.fr\/systemes-et-donnees\/5e-journee-professionnelle-metadonnees-en-bibliotheques-du-4-decembre-2020\/\" target=\"_blank\" rel=\"noreferrer noopener\">Cataloguer par entit\u00e9s ou le big bang des donn\u00e9es !<\/a><\/li>\n\n\n\n<li>2019 : <a href=\"https:\/\/www.transition-bibliographique.fr\/systemes-et-donnees\/4e-journee-professionnelle-metadonnees-en-bibliotheques-du-15-novembre-2019\/\" target=\"_blank\" rel=\"noreferrer noopener\">M\u00e9tadonn\u00e9es en biblioth\u00e8que. N\u2019oubliez pas les donn\u00e9es d\u2019autorit\u00e9 ! Pourquoi et comment les choyer pour pr\u00e9parer les futures entit\u00e9s de votre catalogue<\/a><\/li>\n\n\n\n<li>2018 : <a href=\"https:\/\/www.transition-bibliographique.fr\/systemes-et-donnees\/3e-journee-professionnelle-metadonnees-en-bibliotheques-du-6-novembre-2018\/\" target=\"_blank\" rel=\"noreferrer noopener\">M\u00e9tadonn\u00e9es en biblioth\u00e8que. Prenez le train de la Transition bibliographique : tout savoir sur votre trajet et vos correspondances<\/a><\/li>\n\n\n\n<li>2017 : <a href=\"https:\/\/www.bnf.fr\/fr\/metadonnees-en-bibliotheques-attention-travaux-des-chantiers-de-la-transition-bibliographique\" target=\"_blank\" rel=\"noreferrer noopener\">M\u00e9tadonn\u00e9es en biblioth\u00e8ques : attention, travaux ! Des chantiers de la Transition bibliographique<\/a> et plus particuli\u00e8rement la pr\u00e9sentation de Fran\u00e7oise Leresche : <em><a href=\"https:\/\/www.bnf.fr\/fr\/metadonnees-en-bibliotheques-attention-travaux-des-chantiers-de-la-transition-bibliographique#bnf-actualit-de-la-transition-bibliographique-ifla-lrm-et-rda-fr\" target=\"_blank\" rel=\"noreferrer noopener\">Actualit\u00e9 de la Transition bibliographique : IFLA LRM et RDA-FR<\/a><\/em><\/li>\n\n\n\n<li>2016 : <a rel=\"noreferrer noopener\" href=\"https:\/\/www.bnf.fr\/fr\/quels-usages-innovants-des-metadonnees-des-bibliotheques\" target=\"_blank\">Quels usages innovants des m\u00e9tadonn\u00e9es des biblioth\u00e8ques ?<\/a><br><\/li>\n<\/ul>\n<\/li>\n\n\n\n<li>La vid\u00e9o \u00ab\u00a0<a href=\"https:\/\/videos.univ-grenoble-alpes.fr\/video\/23598-demonstration-de-catalogues-lrmises-pole-qualite-des-donnees\/\" target=\"_blank\" rel=\"noreferrer noopener\">D\u00e9monstration de catalogues LRMis\u00e9s<\/a>\u00a0\u00bb r\u00e9alis\u00e9e par le p\u00f4le Qualit\u00e9 des donn\u00e9es de la Biblioth\u00e8ques et Appui \u00e0 la Science Ouverte (BAPSO) de l&rsquo;Universit\u00e9 de Grenoble-Alpes (2022).&nbsp;<\/li>\n\n\n\n<li>QUIZ <a rel=\"noreferrer noopener\" href=\"https:\/\/callisto-formation.fr\/course\/view.php?id=268\" target=\"_blank\">sur la transition bibliographique<\/a> : \u00e0 vous de jouer !<\/li>\n<\/ul>\n<\/li>\n<\/ul>\n\n\n\n<ul class=\"wp-block-list\">\n<li>Le site <a rel=\"noreferrer noopener\" href=\"https:\/\/rda.abes.fr\/\" target=\"_blank\">RDA@ABES<\/a><br>Blog de l&rsquo;ABES (agence bibliographique de l&rsquo;enseignement sup\u00e9rieur) sur RDA.<br>Attention, ce blog n&rsquo;est plus aliment\u00e9 !<br><br><\/li>\n\n\n\n<li>Le site du <a rel=\"noreferrer noopener\" href=\"http:\/\/www.rda-jsc.org\/archivedsite\/rda.html\" target=\"_blank\">JSC &#8211; Joint Steering Committee for Development of RDA<\/a> <em>(en anglais)<\/em><br>Il permet d&rsquo;acc\u00e9der aux documents de travail autour de la r\u00e9daction de RDA.<br><\/li>\n<\/ul>\n\n\n\n<ul class=\"wp-block-list\">\n<li>Le site de l&rsquo;<a rel=\"noreferrer noopener\" href=\"http:\/\/www.rda-rsc.org\/europe\/\" target=\"_blank\">EURIG &#8211; European RDA Interest Group<\/a> <em>(en anglais)<\/em><br>Les actes des congr\u00e8s sont rassembl\u00e9s <a href=\"http:\/\/www.rda-rsc.org\/europe\/meetings\" target=\"_blank\" rel=\"noreferrer noopener\">ici<\/a>.<\/li>\n<\/ul>\n\n\n\n<ul class=\"wp-block-list\">\n<li>Le site de l&rsquo;IFLA\n<ul class=\"wp-block-list\">\n<li>Dans la section <a rel=\"noreferrer noopener\" href=\"https:\/\/www.ifla.org\/units\/standards\/\" target=\"_blank\">standards<\/a>, la derni\u00e8re \u00e9dition (2016) des Principes internationaux de catalogage <em>(en anglais)<\/em> <a rel=\"noreferrer noopener\" href=\"https:\/\/www.ifla.org\/files\/assets\/cataloguing\/icp\/icp_2016-en.pdf\" target=\"_blank\">International Cataloguing principles<\/a>, \u00e9dition 2016, r\u00e9vis\u00e9e 2017.<\/li>\n\n\n\n<li>La derni\u00e8re \u00e9volution des mod\u00e8les FRBR est la consolidation des 3 mod\u00e8les FRBR-FRAD-FRSAD en un seul mod\u00e8le conceptuel : <a href=\"https:\/\/www.ifla.org\/files\/assets\/cataloguing\/frbr-lrm\/ifla-lrm-august-2017_rev201712.pdf\" target=\"_blank\" rel=\"noreferrer noopener\">IFLA-LRM (Library Reference Model)<\/a> sur lequel se base la derni\u00e8re r\u00e9vision du code de catalogage RDA accessible via le nouveau <a href=\"https:\/\/access.rdatoolkit.org\/\" target=\"_blank\" rel=\"noreferrer noopener\">RDA-Toolkit<\/a>.<br>La version en fran\u00e7ais :<a href=\"https:\/\/repository.ifla.org\/bitstream\/123456789\/1703\/1\/IFLA-LRM-traduction-francaise.pdf\" target=\"_blank\" rel=\"noreferrer noopener\"> IFLA-LRM Un mod\u00e8le conceptuel pour l&rsquo;information bibliographique<\/a>.<\/li>\n<\/ul>\n<\/li>\n<\/ul>\n\n\n\n<h3 class=\"wp-block-heading\">Articles<\/h3>\n\n\n\n<p><strong>2019<\/strong><\/p>\n\n\n\n<ul class=\"wp-block-list\">\n<li>Le num\u00e9ro 197 de d\u00e9cembre 2019 de la revue <a rel=\"noreferrer noopener\" href=\"https:\/\/cdn.ymaws.com\/www.cilip.org.uk\/resource\/collection\/F71F19C3-49CF-462D-8165-B07967EE07F0\/C&amp;I_197.pdf\" target=\"_blank\">Catalogue and Index : periodical of the Chartered Institute of Library and Information Professionals (CILIP)<\/a>\n<ul class=\"wp-block-list\">\n<li>Annick Stein (2019). Has FRBR revolutionised our catalogues? A comparative analysis of AACR2 and RDA-formatted records to the FRBR model.<\/li>\n<\/ul>\n<\/li>\n<\/ul>\n\n\n\n<p><strong>2017<\/strong><\/p>\n\n\n\n<ul class=\"wp-block-list\">\n<li>Le num\u00e9ro d&rsquo;octobre-novembre-d\u00e9cembre 2017 de la revue Ar(abes)ques, n\u00b0 sp\u00e9cial : <a href=\"http:\/\/www.abes.fr\/Publications-Evenements\/Arabesques\/Arabesques-n-87\" target=\"_blank\" rel=\"noreferrer noopener\">Transition bibliographique : \u00e0 la veille d&rsquo;un tournant d\u00e9cisif<\/a><br><\/li>\n\n\n\n<li>Heidrun Wiesenm\u00fcller (2017). <a href=\"https:\/\/www.basiswissen-rda.de\/app\/download\/14613469622\/RDA+at+German+Academic+Libraries.pdf?t=1507027468\" target=\"_blank\" rel=\"noreferrer noopener\">RDA at German academic libraries : first contact and initial reactions : results from focus group interviews with catalogers<\/a><\/li>\n<\/ul>\n\n\n\n<p><strong>2016<\/strong><\/p>\n\n\n\n<ul class=\"wp-block-list\">\n<li>Le num\u00e9ro 183 de Juin 2016 de la revue <a rel=\"noreferrer noopener\" href=\"https:\/\/cdn.ymaws.com\/www.cilip.org.uk\/resource\/collection\/F71F19C3-49CF-462D-8165-B07967EE07F0\/catalogue_and_index_issue_183_june_2016.pdf\" target=\"_blank\">Catalogue and Index : periodical of the Chartered Institute of Library and Information Professionals (CILIP)<\/a> est consacr\u00e9 \u00e0 RDA et au catalogage des fonds pr\u00e9cieux (<em>rare materials<\/em>). Le 1er article pr\u00e9sente les futurs &lsquo;policy statements&rsquo; de l&rsquo;ACRL\/RBMS, r\u00e8gles de catalogage DCRM pour le livre pr\u00e9cieux compatibles avec RDA. Les articles suivants sont des retours d&rsquo;exp\u00e9riences de biblioth\u00e8ques ou fonds sp\u00e9cialis\u00e9s ayant adopt\u00e9 RDA.<br><\/li>\n\n\n\n<li>Karen Coyle (2016). <em><a rel=\"noreferrer noopener\" href=\"https:\/\/kcoyle.net\/beforeAndAfter\/978-0-8389-1364-2.pdf\" target=\"_blank\">FRBR, Before and After : A Look at Our Bibliographic Models<\/a><\/em><\/li>\n<\/ul>\n\n\n\n<p><strong>2011<\/strong><\/p>\n\n\n\n<ul class=\"wp-block-list\">\n<li>Daniel Paradis (2011). <a href=\"https:\/\/www.erudit.org\/fr\/revues\/documentation\/2011-v57-n1-documentation01732\/1028963ar.pdf\" target=\"_blank\" rel=\"noreferrer noopener\">RDA ou le catalogage repens\u00e9 pour l&rsquo;\u00e8re num\u00e9rique<\/a>. Documentation et biblioth\u00e8ques, 57 (1). pp. 33-43.<\/li>\n<\/ul>\n\n\n\n<p><strong>2010<\/strong><\/p>\n\n\n\n<ul class=\"wp-block-list\">\n<li>Deux num\u00e9ros sp\u00e9ciaux du <a href=\"https:\/\/journals.ala.org\/index.php\/ltr\/index\" target=\"_blank\" rel=\"noreferrer noopener\">Library Technology Reports<\/a>, sous la supervision de K. Coyle: v.46, <a href=\"https:\/\/doi.org\/10.5860\/ltr.46n1\" target=\"_blank\" rel=\"noreferrer noopener\">n\u00b0 1<\/a> et <a href=\"https:\/\/doi.org\/10.5860\/ltr.46n2\" target=\"_blank\" rel=\"noreferrer noopener\">n\u00b02<\/a> de 2010.<\/li>\n<\/ul>\n\n\n\n<p><strong>2004<\/strong><\/p>\n\n\n\n<ul class=\"wp-block-list\">\n<li>Barbara B. Tillett (2004). <a href=\"https:\/\/www.loc.gov\/catdir\/cpso\/FRBRFrench.pdf\" target=\"_blank\" rel=\"noreferrer noopener\">FRBR, qu&rsquo;est-ce que c&rsquo;est ? : Un mod\u00e8le conceptuel pour l&rsquo;univers bibliographique<\/a><\/li>\n<\/ul>\n\n\n\n<h3 class=\"wp-block-heading\">Supports de formation ULi\u00e8ge<\/h3>\n\n\n\n<h4 class=\"wp-block-heading\">RDA &amp; Evolution du catalogue &#8211; Support de formation ULi\u00e8ge (juin 2013)<\/h4>\n\n\n\n<p>Support pdf de la formation donn\u00e9e \u00e0 l&rsquo;ULg le mardi 11 juin 2013 par Fran\u00e7oise Leresche (<a href=\"http:\/\/www.bnf.fr\/\">BNF<\/a>), autour du th\u00e8me \u00ab\u00a0Evolution du catalogue, RDA &amp; Web s\u00e9mantique\u00a0\u00bb : <em>Mettre les catalogues de biblioth\u00e8ques dans le Web de donn\u00e9es<\/em><\/p>\n\n\n\n<div class=\"wp-block-file\"><a id=\"wp-block-file--media-fbe47835-ee36-4986-8018-2553a67417cf\" href=\"https:\/\/services.lib.uliege.be\/guide_catalo\/wp-content\/uploads\/2020\/05\/Evolutions-des-catalogues_FLeresche_2013-06-11_ULG-Library.pdf\">Mettre les catalogues de biblioth\u00e8ques dans le Web de donn\u00e9es<\/a><a href=\"https:\/\/services.lib.uliege.be\/guide_catalo\/wp-content\/uploads\/2020\/05\/Evolutions-des-catalogues_FLeresche_2013-06-11_ULG-Library.pdf\" class=\"wp-block-file__button wp-element-button\" download aria-describedby=\"wp-block-file--media-fbe47835-ee36-4986-8018-2553a67417cf\">T\u00e9l\u00e9charger<\/a><\/div>\n\n\n\n<hr class=\"wp-block-separator has-css-opacity\"\/>\n","protected":false},"excerpt":{"rendered":"<p>Supports et r\u00e9f\u00e9rences Sites de r\u00e9f\u00e9rence Articles 2019 2017 2016 2011 2010 2004 Supports de formation ULi\u00e8ge RDA &amp; Evolution du catalogue &#8211; Support de&hellip;<\/p>\n","protected":false},"author":4,"featured_media":0,"parent":0,"menu_order":0,"comment_status":"closed","ping_status":"closed","template":"","meta":{"footnotes":""},"class_list":["post-222","page","type-page","status-publish","hentry"],"_links":{"self":[{"href":"https:\/\/services.lib.uliege.be\/guide_catalo\/wp-json\/wp\/v2\/pages\/222","targetHints":{"allow":["GET"]}}],"collection":[{"href":"https:\/\/services.lib.uliege.be\/guide_catalo\/wp-json\/wp\/v2\/pages"}],"about":[{"href":"https:\/\/services.lib.uliege.be\/guide_catalo\/wp-json\/wp\/v2\/types\/page"}],"author":[{"embeddable":true,"href":"https:\/\/services.lib.uliege.be\/guide_catalo\/wp-json\/wp\/v2\/users\/4"}],"replies":[{"embeddable":true,"href":"https:\/\/services.lib.uliege.be\/guide_catalo\/wp-json\/wp\/v2\/comments?post=222"}],"version-history":[{"count":44,"href":"https:\/\/services.lib.uliege.be\/guide_catalo\/wp-json\/wp\/v2\/pages\/222\/revisions"}],"predecessor-version":[{"id":12642,"href":"https:\/\/services.lib.uliege.be\/guide_catalo\/wp-json\/wp\/v2\/pages\/222\/revisions\/12642"}],"wp:attachment":[{"href":"https:\/\/services.lib.uliege.be\/guide_catalo\/wp-json\/wp\/v2\/media?parent=222"}],"curies":[{"name":"wp","href":"https:\/\/api.w.org\/{rel}","templated":true}]}}