{"id":208,"date":"2019-07-03T14:46:24","date_gmt":"2019-07-03T12:46:24","guid":{"rendered":"https:\/\/app.lib.uliege.be\/guide_catalo\/?page_id=208"},"modified":"2025-09-25T15:23:00","modified_gmt":"2025-09-25T13:23:00","slug":"fonds-patrimoniaux","status":"publish","type":"page","link":"https:\/\/services.lib.uliege.be\/guide_catalo\/guide-catalogueur-intro\/documents-particuliers\/fonds-patrimoniaux\/","title":{"rendered":"Fonds patrimoniaux"},"content":{"rendered":"\n<h1 class=\"wp-block-heading\">Fonds patrimoniaux<\/h1>\n\n\n\n<h2 class=\"wp-block-heading\" id=\"section-Fonds+patrimoniaux-D_C3_89FINITION\">P\u00e9rim\u00e8tre<\/h2>\n\n\n\n<p> On distingue les fonds patrimoniaux des autres collections<\/p>\n\n\n\n<ul class=\"wp-block-list\"><li>par leur date d&rsquo;impression : documents imprim\u00e9s avant 1831. <\/li><li>par leur nature : ouvrages imprim\u00e9s de 1501 \u00e0 1830, ouvrages imprim\u00e9s avant 1500 (incunables), manuscrits m\u00e9di\u00e9vaux, modernes ou contemporains, ouvrages imprim\u00e9s apr\u00e8s 1830 mais consid\u00e9r\u00e9s comme ouvrages rares et pr\u00e9cieux.<\/li><\/ul>\n\n\n\n<h2 class=\"wp-block-heading\" id=\"section-Fonds+patrimoniaux-FORMATSNORMES\">Formats d&rsquo;encodage<\/h2>\n\n\n\n<p><strong>Les formats d\u2019encodage et les outils utilis\u00e9s sont diff\u00e9rents selon le type de document :<\/strong><\/p>\n\n\n\n<ul class=\"wp-block-list\"><li>Nous encodons dans Alma en Marc21 <ul><li>tous les <a href=\"https:\/\/services.lib.uliege.be\/guide_catalo\/description-des-imprimes-anciens\/\">documents imprim\u00e9s<\/a>, y compris les <a href=\"https:\/\/services.lib.uliege.be\/guide_catalo\/incunables\/\">incunables<\/a>.<\/li><li>les <a href=\"https:\/\/services.lib.uliege.be\/guide_catalo\/manuscrits\/\">manuscrits<\/a><\/li><li>les <a href=\"https:\/\/services.lib.uliege.be\/guide_catalo\/fonds-darchives-notices-marc21\/\">fonds d&rsquo;archives<\/a>, par une notice g\u00e9n\u00e9rale de pr\u00e9sentation du fonds (identification, classement, r\u00e9sum\u00e9 du contenu&#8230;)<\/li><\/ul><\/li><li>Nous encodons dans <a href=\"https:\/\/services.lib.uliege.be\/guide_catalo\/oxygen-xml-editor\/\">Oxygen XML Editor<\/a> en EAD<em> (Encoded Archival\u00a0Description)<\/em> les <a href=\"https:\/\/services.lib.uliege.be\/guide_catalo\/manuscrits\/#Encodage_en_EAD\">fonds de manuscrits<\/a> et les inventaires d\u00e9taill\u00e9s des <a href=\"https:\/\/services.lib.uliege.be\/guide_catalo\/fonds-darchives\/\">fonds d&rsquo;archives<\/a>.<\/li><\/ul>\n\n\n\n<p><strong><span style=\"color:#982424\" class=\"has-inline-color\"><em>Les ouvrages anciens, rares ou pr\u00e9cieux, les fonds d&rsquo;archives  divers, sont soumis \u00e0 des r\u00e8gles strictes de conservation et de  conditionnement. Le traitement intellectuel de ces fonds doit \u00eatre  effectu\u00e9 en respectant les consignes donn\u00e9es pour le r\u00e9seau des  biblioth\u00e8ques ; les notices d\u00e9crivant des ouvrages anciens doivent \u00eatre  valid\u00e9es par les catalogueurs sp\u00e9cialis\u00e9s. Si vous poss\u00e9dez des  documents qui entrent dans une de ces cat\u00e9gories, prenez contact avec  l&rsquo;\u00e9quipe (manuscrits@uliege.be).<\/em> <\/span><\/strong><\/p>\n\n\n\n<h2 class=\"wp-block-heading\" id=\"section-Fonds+patrimoniaux-QUELQUESPRINCIPESDEBASE\">Principes de base<\/h2>\n\n\n\n<ul class=\"wp-block-list\"><li>En plus de la ma\u00eetrise du catalogage (normes et formats  d&rsquo;encodage), acqu\u00e9rir des comp\u00e9tences en linguistique, pal\u00e9ographie,  histoire&#8230; <\/li><li>Avoir le r\u00e9flexe de la recherche bibliographique : se cr\u00e9er un corpus d&rsquo;outils de r\u00e9f\u00e9rence g\u00e9n\u00e9raux et sp\u00e9cialis\u00e9s. <\/li><li>Ne pas se contenter de d\u00e9crire ce que l&rsquo;on voit, mais  aller au del\u00e0 et contr\u00f4ler la validit\u00e9 des informations visibles sur le  volume : il peut s&rsquo;agir d&rsquo;une contrefa\u00e7on, l&rsquo;auteur peut \u00eatre identifi\u00e9  par un pseudonyme, l&rsquo;auteur d&rsquo;un texte anonyme peut \u00eatre identifi\u00e9 dans  un dictionnaire sp\u00e9cialis\u00e9&#8230; Apprendre \u00e0 restituer les informations non  visibles : il n&rsquo;y pas de nom d&rsquo;imprimeur mais juste une devise ou une  marque, il n&rsquo;y a pas de date d&rsquo;impression&#8230; Tout cela concerne  l&rsquo;identification de l&rsquo;oeuvre, de la manifestation, mais aussi les  exemplaires : identifier une provenance, identifier une provenance \u00e0  partir d&rsquo;une reliure aux armes, d&rsquo;une devise, utiliser les anciens  registres d&rsquo;inventaire de la biblioth\u00e8que pour identifier une  provenance, un don&#8230; <\/li><li>Toujours effectuer des recherches pr\u00e9alables \u00e0  l&rsquo;encodage ou \u00e0 la modification du catalogue : cela peut aider \u00e0 \u00e9viter  des erreurs dans l&rsquo;enregistrement d&rsquo;\u00e9l\u00e9ments comme le format, les points  d&rsquo;acc\u00e8s (ne pas identifier une oeuvre correctement par m\u00e9connaissance  litt\u00e9raire ou historique&#8230;), ou la description elle-m\u00eame (ne pas  identifier qu&rsquo;un volume appartient \u00e0 un ensemble, ou modifier la notice  d&rsquo;un volume sp\u00e9cifique selon les consignes RDA et ne pas r\u00e9viser  l&rsquo;ensemble&#8230;). Certaines erreurs peuvent conduire \u00e0 fournir la  description d&rsquo;une \u00e9dition qui n&rsquo;existe pas. Si la consultation des  ouvrages sp\u00e9cialis\u00e9s et des outils comme des catalogues ou des bases  d&rsquo;objets num\u00e9ris\u00e9s ne suffisent pas \u00e0 identifier parfaitement le volume,  la prise de contact directe avec d&rsquo;autres institutions reste de mise.  Les recherches pr\u00e9alables incluent aussi bien le catalogue , le fichier <a href=\"http:\/\/scribe.uliege.be\">Scribe<\/a>,  que des catalogues et bases de donn\u00e9es externes. Cette \u00e9tape de  recherche permet d&rsquo;identifier des \u00e9tats, des tirages diff\u00e9rents, ou des  lacunes dans l&rsquo;exemplaire catalogu\u00e9, par exemple.  <\/li><li>Toujours citer en note les sources utilis\u00e9es pour  l&rsquo;identification ou la restitution d&rsquo;un \u00e9l\u00e9ment et respecter les axes de  travail d\u00e9finis par le Conservateur, notamment l&rsquo;identification  syst\u00e9matique des \u00e9ditions li\u00e9geoises, le r\u00e9f\u00e9rencement de l&rsquo;exemplaire  par des catalogues ou bases de donn\u00e9es internationales, l&rsquo;enregistrement de certains \u00e9l\u00e9ments li\u00e9s \u00e0 l&rsquo;entr\u00e9e du document dans les collections&#8230; <\/li><\/ul>\n","protected":false},"excerpt":{"rendered":"<p>Fonds patrimoniaux P\u00e9rim\u00e8tre On distingue les fonds patrimoniaux des autres collections par leur date d&rsquo;impression : documents imprim\u00e9s avant 1831. par leur nature : ouvrages&hellip;<\/p>\n","protected":false},"author":6,"featured_media":0,"parent":195,"menu_order":0,"comment_status":"closed","ping_status":"closed","template":"","meta":{"footnotes":""},"class_list":["post-208","page","type-page","status-publish","hentry"],"_links":{"self":[{"href":"https:\/\/services.lib.uliege.be\/guide_catalo\/wp-json\/wp\/v2\/pages\/208","targetHints":{"allow":["GET"]}}],"collection":[{"href":"https:\/\/services.lib.uliege.be\/guide_catalo\/wp-json\/wp\/v2\/pages"}],"about":[{"href":"https:\/\/services.lib.uliege.be\/guide_catalo\/wp-json\/wp\/v2\/types\/page"}],"author":[{"embeddable":true,"href":"https:\/\/services.lib.uliege.be\/guide_catalo\/wp-json\/wp\/v2\/users\/6"}],"replies":[{"embeddable":true,"href":"https:\/\/services.lib.uliege.be\/guide_catalo\/wp-json\/wp\/v2\/comments?post=208"}],"version-history":[{"count":13,"href":"https:\/\/services.lib.uliege.be\/guide_catalo\/wp-json\/wp\/v2\/pages\/208\/revisions"}],"predecessor-version":[{"id":5666,"href":"https:\/\/services.lib.uliege.be\/guide_catalo\/wp-json\/wp\/v2\/pages\/208\/revisions\/5666"}],"up":[{"embeddable":true,"href":"https:\/\/services.lib.uliege.be\/guide_catalo\/wp-json\/wp\/v2\/pages\/195"}],"wp:attachment":[{"href":"https:\/\/services.lib.uliege.be\/guide_catalo\/wp-json\/wp\/v2\/media?parent=208"}],"curies":[{"name":"wp","href":"https:\/\/api.w.org\/{rel}","templated":true}]}}