{"id":202,"date":"2019-07-03T14:42:00","date_gmt":"2019-07-03T12:42:00","guid":{"rendered":"https:\/\/app.lib.uliege.be\/guide_catalo\/?page_id=202"},"modified":"2025-10-03T13:12:42","modified_gmt":"2025-10-03T11:12:42","slug":"notices-dautorite","status":"publish","type":"page","link":"https:\/\/services.lib.uliege.be\/guide_catalo\/guide-catalogueur-intro\/catalogage-en-marc21\/notices-dautorite\/","title":{"rendered":"Notices d&rsquo;autorit\u00e9"},"content":{"rendered":"\n<h2 class=\"wp-block-heading\"><span class=\"ez-toc-section\" id=\"Notices_dautorite\"><\/span>Notices d&rsquo;autorit\u00e9<span class=\"ez-toc-section-end\"><\/span><\/h2>\n\n\n\n<div id=\"ez-toc-container\" class=\"ez-toc-v2_0_76 ez-toc-wrap-left counter-hierarchy ez-toc-counter ez-toc-grey ez-toc-container-direction\">\n<div class=\"ez-toc-title-container\">\n<p class=\"ez-toc-title ez-toc-toggle\" style=\"cursor:pointer\">Table des mati\u00e8res<\/p>\n<span class=\"ez-toc-title-toggle\"><a href=\"#\" class=\"ez-toc-pull-right ez-toc-btn ez-toc-btn-xs ez-toc-btn-default ez-toc-toggle\" aria-label=\"Toggle Table of Content\"><span class=\"ez-toc-js-icon-con\"><span class=\"\"><span class=\"eztoc-hide\" style=\"display:none;\">Toggle<\/span><span class=\"ez-toc-icon-toggle-span\"><svg style=\"fill: #999;color:#999\" xmlns=\"http:\/\/www.w3.org\/2000\/svg\" class=\"list-377408\" width=\"20px\" height=\"20px\" viewBox=\"0 0 24 24\" fill=\"none\"><path d=\"M6 6H4v2h2V6zm14 0H8v2h12V6zM4 11h2v2H4v-2zm16 0H8v2h12v-2zM4 16h2v2H4v-2zm16 0H8v2h12v-2z\" fill=\"currentColor\"><\/path><\/svg><svg style=\"fill: #999;color:#999\" class=\"arrow-unsorted-368013\" xmlns=\"http:\/\/www.w3.org\/2000\/svg\" width=\"10px\" height=\"10px\" viewBox=\"0 0 24 24\" version=\"1.2\" baseProfile=\"tiny\"><path d=\"M18.2 9.3l-6.2-6.3-6.2 6.3c-.2.2-.3.4-.3.7s.1.5.3.7c.2.2.4.3.7.3h11c.3 0 .5-.1.7-.3.2-.2.3-.5.3-.7s-.1-.5-.3-.7zM5.8 14.7l6.2 6.3 6.2-6.3c.2-.2.3-.5.3-.7s-.1-.5-.3-.7c-.2-.2-.4-.3-.7-.3h-11c-.3 0-.5.1-.7.3-.2.2-.3.5-.3.7s.1.5.3.7z\"\/><\/svg><\/span><\/span><\/span><\/a><\/span><\/div>\n<nav><ul class='ez-toc-list ez-toc-list-level-1 eztoc-toggle-hide-by-default' ><li class='ez-toc-page-1 ez-toc-heading-level-2'><a class=\"ez-toc-link ez-toc-heading-1\" href=\"https:\/\/services.lib.uliege.be\/guide_catalo\/guide-catalogueur-intro\/catalogage-en-marc21\/notices-dautorite\/#Notices_dautorite\" >Notices d&rsquo;autorit\u00e9<\/a><ul class='ez-toc-list-level-3' ><li class='ez-toc-heading-level-3'><a class=\"ez-toc-link ez-toc-heading-2\" href=\"https:\/\/services.lib.uliege.be\/guide_catalo\/guide-catalogueur-intro\/catalogage-en-marc21\/notices-dautorite\/#Le_referentiel_IdRef\" >Le r\u00e9f\u00e9rentiel IdRef<\/a><\/li><li class='ez-toc-page-1 ez-toc-heading-level-3'><a class=\"ez-toc-link ez-toc-heading-3\" href=\"https:\/\/services.lib.uliege.be\/guide_catalo\/guide-catalogueur-intro\/catalogage-en-marc21\/notices-dautorite\/#En_pratique\" >En pratique<\/a><\/li><li class='ez-toc-page-1 ez-toc-heading-level-3'><a class=\"ez-toc-link ez-toc-heading-4\" href=\"https:\/\/services.lib.uliege.be\/guide_catalo\/guide-catalogueur-intro\/catalogage-en-marc21\/notices-dautorite\/#Notre_place_dans_la_structure_de_lAbes\" >Notre place dans la structure de l&rsquo;Abes<\/a><ul class='ez-toc-list-level-6' ><li class='ez-toc-heading-level-6'><ul class='ez-toc-list-level-6' ><li class='ez-toc-heading-level-6'><ul class='ez-toc-list-level-6' ><li class='ez-toc-heading-level-6'><a class=\"ez-toc-link ez-toc-heading-5\" href=\"https:\/\/services.lib.uliege.be\/guide_catalo\/guide-catalogueur-intro\/catalogage-en-marc21\/notices-dautorite\/#Pour_aller_plus_loin\" >Pour aller plus loin<\/a><\/li><\/ul><\/li><\/ul><\/li><\/ul><\/li><\/ul><\/li><\/ul><\/nav><\/div>\n\n\n\n\n<h3 class=\"wp-block-heading\"><span class=\"ez-toc-section\" id=\"Le_referentiel_IdRef\"><\/span>Le r\u00e9f\u00e9rentiel IdRef<span class=\"ez-toc-section-end\"><\/span><\/h3>\n\n\n\n<p>Depuis novembre 2021, le r\u00e9f\u00e9rentiel principal pour les agents de type personne, famille, collectivit\u00e9, pour les points d&rsquo;acc\u00e8s auteur-titre et noms g\u00e9ographiques est le r\u00e9f\u00e9rentie<a rel=\"noreferrer noopener\" href=\"https:\/\/www.idref.fr\/\" target=\"_blank\">l <strong>IdRef<\/strong><\/a> de l&rsquo;<strong><a rel=\"noreferrer noopener\" href=\"https:\/\/abes.fr\/\" data-type=\"URL\" data-id=\"https:\/\/abes.fr\/\" target=\"_blank\">Abes<\/a><\/strong>.<br><strong>Dans ce cadre, la cr\u00e9ation de donn\u00e9es d&rsquo;autorit\u00e9 se fait d\u00e9sormais exclusivement dans IdRef.<\/strong><\/p>\n\n\n\n<p><em><mark style=\"background-color:rgba(0, 0, 0, 0);color:#a93333\" class=\"has-inline-color\">La cr\u00e9ation de donn\u00e9es d&rsquo;autorit\u00e9 locales dans Alma n&rsquo;est plus autoris\u00e9e.<\/mark><\/em> Les notices d&rsquo;autorit\u00e9 locales sont peu \u00e0 peu supprim\u00e9es : soit une notice IdRef existe &#8211; et elle est am\u00e9lior\u00e9e si besoin -, soit une notice est cr\u00e9\u00e9e dans IdRef.<\/p>\n\n\n\n<p>Les donn\u00e9es d&rsquo;autorit\u00e9 sont cr\u00e9\u00e9es dans IdRef par les catalogueurs habilit\u00e9s. ULi\u00e8ge Library faisant d\u00e9sormais partie du r\u00e9seau IdRef, nous nous devons de respecter la convention sign\u00e9e avec l&rsquo;Abes et avons dans ce cadre une r\u00e9elle responsabilit\u00e9 quant \u00e0 la qualit\u00e9 des donn\u00e9es fournies.<\/p>\n\n\n\n<h3 class=\"wp-block-heading\"><span class=\"ez-toc-section\" id=\"En_pratique\"><\/span>En pratique <span class=\"ez-toc-section-end\"><\/span><\/h3>\n\n\n\n<ul class=\"wp-block-list\">\n<li><a href=\"https:\/\/services.lib.uliege.be\/guide_catalo\/workflow-du-catalogueur-autorites\/\">Workflow du catalogueur autorit\u00e9s<\/a><\/li>\n\n\n\n<li><a href=\"https:\/\/services.lib.uliege.be\/guide_catalo\/travailler-dans-idref\/\">Travailler dans IdRef<\/a><\/li>\n\n\n\n<li><a href=\"https:\/\/services.lib.uliege.be\/guide_catalo\/creer-une-notice-dautorite-nom-de-personne\/\">Cr\u00e9er une notice d&rsquo;autorit\u00e9 \u00ab\u00a0Nom de personne\u00a0\u00bb<\/a><\/li>\n\n\n\n<li><a href=\"https:\/\/services.lib.uliege.be\/guide_catalo\/creer-une-notice-dautorite-nom-de-collectivite\/\">Cr\u00e9er une notice d&rsquo;autorit\u00e9 \u00ab\u00a0Collectivit\u00e9\u00a0\u00bb ou \u00ab\u00a0Congr\u00e8s\u00a0\u00bb<\/a><\/li>\n\n\n\n<li>Cr\u00e9er une notice d&rsquo;autorit\u00e9 \u00ab\u00a0Titre\u00a0\u00bb<\/li>\n\n\n\n<li>Cr\u00e9er une notice d&rsquo;autorit\u00e9 \u00ab\u00a0Nom g\u00e9ographique\u00a0\u00bb<\/li>\n\n\n\n<li>Cr\u00e9er une notices d&rsquo;autorit\u00e9 \u00ab\u00a0Auteur-titre\u00a0\u00bb<\/li>\n<\/ul>\n\n\n\n<p>Mais aussi, <\/p>\n\n\n\n<ul class=\"wp-block-list\">\n<li><a href=\"https:\/\/services.lib.uliege.be\/guide_catalo\/exploiter-le-referentiel-idref-dans-alma\/\">Exploiter le r\u00e9f\u00e9rentiel IdRef dans Alma<\/a><\/li>\n\n\n\n<li><a href=\"https:\/\/services.lib.uliege.be\/guide_catalo\/perimetre-de-creation-des-notices-dautorite\/\">P\u00e9rim\u00e8tre de cr\u00e9ation des notices d&rsquo;autorit\u00e9<\/a><\/li>\n\n\n\n<li><a href=\"https:\/\/services.lib.uliege.be\/guide_catalo\/le-plugin-alma-idref\/\">Le Plugin Alma\/IdRef et l\u2019application de demandes IdRef<\/a><\/li>\n\n\n\n<li><a href=\"https:\/\/services.lib.uliege.be\/guide_catalo\/rechercher-dans-idref\/\">Rechercher dans IdRef<\/a><\/li>\n<\/ul>\n\n\n\n<p><mark><strong>Catalogueurs autorit\u00e9s :<\/strong><\/mark> Nicolas Andr\u00e9, Coline Comp\u00e8re, St\u00e9phanie Davister, Yvonne Faufra, Ghislaine Fleury, <mark style=\"background-color:rgba(0, 0, 0, 0);color:#767676\" class=\"has-inline-color\">Aline Gavage<\/mark><mark style=\"background-color:rgba(0, 0, 0, 0)\" class=\"has-inline-color has-cyan-bluish-gray-color\">, <\/mark>Clarisse Haar Salle, Thierry Jacques, Marie Jost, C\u00e9cile Lambrecht, Julie Laurent, Marie-Line Lecourt, Sandra Nisin, Pierre Nys, <mark style=\"background-color:rgba(0, 0, 0, 0);color:#76797c\" class=\"has-inline-color\">Fanny Quindot,<\/mark> V\u00e9ronique Fourny.<\/p>\n\n\n\n<p><strong>Correspondant autorit\u00e9 <\/strong>: Anne-Laure Dewit (+ en support Laurence Richelle et Fran\u00e7ois Renaville), le <strong>pilote<\/strong> est Laurence Richelle. <br>Toute demande qui ne passe pas par l&rsquo;application des demandes (traitement par lot, question de catalogage&#8230;) peut \u00eatre adress\u00e9e \u00e0 l&rsquo;adresse <strong>coraut@lists.uliege.be<\/strong><\/p>\n\n\n\n<p>Dans le contexte actuel d\u2019\u00e9volution des catalogues, de plus en plus d\u2019importance est et sera accord\u00e9e aux donn\u00e9es d\u2019autorit\u00e9. N&rsquo;h\u00e9sitez donc pas \u00e0 vous joindre \u00e0 l&rsquo;\u00e9quipe pour prendre part activement \u00e0 cette \u00e9volution.<\/p>\n\n\n\n<h3 class=\"wp-block-heading\"><span class=\"ez-toc-section\" id=\"Notre_place_dans_la_structure_de_lAbes\"><\/span>Notre place dans la structure de l&rsquo;Abes<span class=\"ez-toc-section-end\"><\/span><\/h3>\n\n\n\n<p>Pour chaque institution adh\u00e9rente :<\/p>\n\n\n<div class=\"wp-block-image\">\n<figure class=\"aligncenter size-large\"><img loading=\"lazy\" decoding=\"async\" width=\"1024\" height=\"485\" src=\"https:\/\/services.lib.uliege.be\/guide_catalo\/wp-content\/uploads\/2023\/06\/image-14-1024x485.png\" alt=\"\" class=\"wp-image-9729\" srcset=\"https:\/\/services.lib.uliege.be\/guide_catalo\/wp-content\/uploads\/2023\/06\/image-14-1024x485.png 1024w, https:\/\/services.lib.uliege.be\/guide_catalo\/wp-content\/uploads\/2023\/06\/image-14-300x142.png 300w, https:\/\/services.lib.uliege.be\/guide_catalo\/wp-content\/uploads\/2023\/06\/image-14-768x364.png 768w, https:\/\/services.lib.uliege.be\/guide_catalo\/wp-content\/uploads\/2023\/06\/image-14.png 1149w\" sizes=\"auto, (max-width: 1024px) 100vw, 1024px\" \/><\/figure><\/div>\n\n\n<p><\/p>\n\n\n\n<p>Les acteurs prenant part \u00e0 cette structure sont :<br><em>(source : Abes)<\/em><\/p>\n\n\n\n<ul class=\"wp-block-list\">\n<li>le <strong>pilote<\/strong> : \n<ul class=\"wp-block-list\">\n<li>est l&rsquo;interlocuteur privil\u00e9gi\u00e9 de l&rsquo;Abes<\/li>\n\n\n\n<li>cr\u00e9e et g\u00e8re les logins utilisateurs pour son RCR, <\/li>\n\n\n\n<li>encadre l\u2019\u00e9quipe de son RCR et organise le p\u00e9rim\u00e8tre d\u2019action des CORAUT<\/li>\n\n\n\n<li>organise des formations \u00e0 IdRef<\/li>\n\n\n\n<li>est responsable de la curation des donn\u00e9es&nbsp;<\/li>\n\n\n\n<li>diffuse les informations de l\u2019Abes aupr\u00e8s des CORAUT et Catalogueurs<br><\/li>\n<\/ul>\n<\/li>\n\n\n\n<li>les <strong>correspondants Autorit\u00e9<\/strong> (CORAUT) :\n\n\n\n\n\n\n\n\n\n\n\n\n\n\n\n\n\n\n\n\n\n\n\n\n\n\n\n\n\n\n\n\n\n\n\n\n\n\n\n\n<ul class=\"wp-block-list\">\n<li>font partie du r\u00e9seau Abes des CORAUT et \u00e0 ce titre, \u00e9changent avec leurs homologues fran\u00e7ais et suisses<\/li>\n\n\n\n<li>sont responsables de la production de donn\u00e9es d\u2019autorit\u00e9 de leur RCR<\/li>\n<\/ul>\n\n\n\n<ul class=\"wp-block-list\">\n<li>contr\u00f4lent la qualit\u00e9 des donn\u00e9es produites dans IdRef en particulier pour leur RCR<\/li>\n\n\n\n<li>coordonnent les demandes de v\u00e9rification et de correction au sein de leur RCR<\/li>\n\n\n\n<li>re\u00e7oivent et traitent les demandes de l\u2019assistance d\u00e9port\u00e9e d\u2019IdRef pour leur RCR<\/li>\n\n\n\n<li>ont les habilitations pour fusionner des notices d\u2019autorit\u00e9<\/li>\n\n\n\n<li>assurent une r\u00e9ponse de premier niveau aux questions des catalogueurs de leur RCR<\/li>\n\n\n\n<li>ont une \u00ab responsabilit\u00e9 morale \u00bb de curation des donn\u00e9es IdRef<br><\/li>\n<\/ul>\n<\/li>\n\n\n\n<li>les <strong>catalogueurs autorit\u00e9<\/strong> :\n<ul class=\"wp-block-list\">\n<li>utilisent les notices d\u2019autorit\u00e9 IdRef <\/li>\n\n\n\n<li>cr\u00e9ent ou modifient des notices d\u2019autorit\u00e9 dans IdRef<\/li>\n\n\n\n<li>g\u00e8rent les demandes de cr\u00e9ation et de modification transmises par les catalogueurs via l&rsquo;application de demandes<\/li>\n\n\n\n<li>demandent le d\u00e9doublonnement de notices dans IdRef<\/li>\n<\/ul>\n<\/li>\n<\/ul>\n\n\n\n<p class=\"has-text-align-center\"><\/p>\n\n\n\n<p>En plus des intervenants directs dans IdRef, les <strong>catalogueurs <\/strong>: <\/p>\n\n\n\n<ul class=\"wp-block-list\">\n<li>utilisent les notices d\u2019autorit\u00e9 IdRef <\/li>\n\n\n\n<li>demandent la cr\u00e9ation de notices d&rsquo;autorit\u00e9 dans IdRef<\/li>\n\n\n\n<li>proposent des am\u00e9liorations de notices d&rsquo;autorit\u00e9 dans IdRef<\/li>\n\n\n\n<li>demandent le d\u00e9doublonnement de notices dans IdRef<\/li>\n<\/ul>\n\n\n\n<h6 class=\"wp-block-heading\"><span class=\"ez-toc-section\" id=\"Pour_aller_plus_loin\"><\/span> Pour aller plus loin  <span class=\"ez-toc-section-end\"><\/span><\/h6>\n\n\n\n<p>Pour une introduction g\u00e9n\u00e9rale \u00e0 la notion de point d&rsquo;acc\u00e8s et au fonctionnement des liens entre notices bibliographiques et notices d&rsquo;autorit\u00e9, voir la section <a href=\"https:\/\/services.lib.uliege.be\/guide_catalo\/zones-des-points-dacces-generalites\/\">Zones des points d\u2019acc\u00e8s \u2013 G\u00e9n\u00e9ralit\u00e9s<\/a>.<br>Pour une application pratique  dans Alma, voir la section <a href=\"https:\/\/services.lib.uliege.be\/guide_catalo\/points-dacces\/\">Points d&rsquo;acc\u00e8s (auteurs, titres et sujets) dans les notices bibliographiques<\/a> dans la Gestion des ressources (Workflows Alma).<\/p>\n\n\n\n<p>Voir aussi la page <a href=\"https:\/\/services.lib.uliege.be\/guide_catalo\/fichiers-dautorite-dans-la-community-zone-dalma\/\">Fichiers d\u2019autorit\u00e9 dans la Community zone d\u2019Alma<\/a> et <a href=\"https:\/\/services.lib.uliege.be\/guide_catalo\/lindexation-matiere-introduction\/\">L\u2019indexation mati\u00e8re : introduction<\/a>.<\/p>\n\n\n\n<p>La page <a href=\"https:\/\/services.lib.uliege.be\/guide_catalo\/sources-pour-la-creation-de-notices-dautorite-dans-idref\/\">Sources pour l\u2019identification et la cr\u00e9ation de notices d\u2019autorit\u00e9<\/a> propose une liste de r\u00e9f\u00e9rences qui peuvent \u00eatre utilis\u00e9es pour l&rsquo;identification et pour la cr\u00e9ation de donn\u00e9es d&rsquo;autorit\u00e9. (N&rsquo;h\u00e9sitez pas \u00e0 faire compl\u00e9ter cette liste par d&rsquo;autres outils que vous consulteriez r\u00e9guli\u00e8rement !)<\/p>\n\n\n\n<p><span style=\"text-decoration: underline;\">Pour les catalogueurs autorit\u00e9s<\/span> : <br>Quiz r\u00e9alis\u00e9 par le p\u00f4le qualit\u00e9 de l&rsquo;Universit\u00e9 Grenoble Rh\u00f4ne Alpes <a rel=\"noreferrer noopener\" href=\"https:\/\/view.genial.ly\/63d7bf634a6ff50012220a0f\" target=\"_blank\">Notices d&rsquo;autorit\u00e9 Personnes physiques<\/a> <\/p>\n","protected":false},"excerpt":{"rendered":"<p>Notices d&rsquo;autorit\u00e9 Le r\u00e9f\u00e9rentiel IdRef Depuis novembre 2021, le r\u00e9f\u00e9rentiel principal pour les agents de type personne, famille, collectivit\u00e9, pour les points d&rsquo;acc\u00e8s auteur-titre et&hellip;<\/p>\n","protected":false},"author":6,"featured_media":0,"parent":166,"menu_order":0,"comment_status":"closed","ping_status":"closed","template":"","meta":{"footnotes":""},"class_list":["post-202","page","type-page","status-publish","hentry"],"_links":{"self":[{"href":"https:\/\/services.lib.uliege.be\/guide_catalo\/wp-json\/wp\/v2\/pages\/202","targetHints":{"allow":["GET"]}}],"collection":[{"href":"https:\/\/services.lib.uliege.be\/guide_catalo\/wp-json\/wp\/v2\/pages"}],"about":[{"href":"https:\/\/services.lib.uliege.be\/guide_catalo\/wp-json\/wp\/v2\/types\/page"}],"author":[{"embeddable":true,"href":"https:\/\/services.lib.uliege.be\/guide_catalo\/wp-json\/wp\/v2\/users\/6"}],"replies":[{"embeddable":true,"href":"https:\/\/services.lib.uliege.be\/guide_catalo\/wp-json\/wp\/v2\/comments?post=202"}],"version-history":[{"count":113,"href":"https:\/\/services.lib.uliege.be\/guide_catalo\/wp-json\/wp\/v2\/pages\/202\/revisions"}],"predecessor-version":[{"id":12520,"href":"https:\/\/services.lib.uliege.be\/guide_catalo\/wp-json\/wp\/v2\/pages\/202\/revisions\/12520"}],"up":[{"embeddable":true,"href":"https:\/\/services.lib.uliege.be\/guide_catalo\/wp-json\/wp\/v2\/pages\/166"}],"wp:attachment":[{"href":"https:\/\/services.lib.uliege.be\/guide_catalo\/wp-json\/wp\/v2\/media?parent=202"}],"curies":[{"name":"wp","href":"https:\/\/api.w.org\/{rel}","templated":true}]}}