{"id":195,"date":"2019-07-03T14:39:13","date_gmt":"2019-07-03T12:39:13","guid":{"rendered":"https:\/\/app.lib.uliege.be\/guide_catalo\/?page_id=195"},"modified":"2020-06-24T11:23:43","modified_gmt":"2020-06-24T09:23:43","slug":"documents-particuliers","status":"publish","type":"page","link":"https:\/\/services.lib.uliege.be\/guide_catalo\/guide-catalogueur-intro\/documents-particuliers\/","title":{"rendered":"Documents particuliers"},"content":{"rendered":"\n<p>Consignes de traitement pour certains documents pr\u00e9sentant des caract\u00e9ristiques diverses : genre, pr\u00e9sence d&rsquo;\u00e9l\u00e9ments linguistiques sp\u00e9ciaux, support&#8230; Les consignes peuvent \u00eatre relatives aux r\u00e8gles de catalogage et au format d&rsquo;encodage, mais aussi \u00e0 des fonctionnalit\u00e9s pr\u00e9cises \u00e0 exploiter dans Alma.<br>Voir la section : <a href=\"https:\/\/services.lib.uliege.be\/guide_catalo\/guide-catalogueur-intro\/documents-particuliers\/courant\/\">Catalogage courant<\/a><\/p>\n\n\n\n<p>Consignes de traitement pour les fonds patrimoniaux : description des imprim\u00e9s dans Alma, description des manuscrits et fonds d&rsquo;archives dans Alma, inventaires EAD&#8230; Les consignes fournissent les pratiques pour la gestion de ces fonds dans les diff\u00e9rents outils et leur exploitation pour l&rsquo;utilisateur final.<br>Voir la section : <a href=\"https:\/\/services.lib.uliege.be\/guide_catalo\/guide-catalogueur-intro\/documents-particuliers\/fonds-patrimoniaux\/\">Fonds patrimoniaux<\/a><\/p>\n","protected":false},"excerpt":{"rendered":"<p>Consignes de traitement pour certains documents pr\u00e9sentant des caract\u00e9ristiques diverses : genre, pr\u00e9sence d&rsquo;\u00e9l\u00e9ments linguistiques sp\u00e9ciaux, support&#8230; Les consignes peuvent \u00eatre relatives aux r\u00e8gles de&hellip;<\/p>\n","protected":false},"author":6,"featured_media":0,"parent":26,"menu_order":0,"comment_status":"closed","ping_status":"closed","template":"","meta":{"footnotes":""},"class_list":["post-195","page","type-page","status-publish","hentry"],"_links":{"self":[{"href":"https:\/\/services.lib.uliege.be\/guide_catalo\/wp-json\/wp\/v2\/pages\/195","targetHints":{"allow":["GET"]}}],"collection":[{"href":"https:\/\/services.lib.uliege.be\/guide_catalo\/wp-json\/wp\/v2\/pages"}],"about":[{"href":"https:\/\/services.lib.uliege.be\/guide_catalo\/wp-json\/wp\/v2\/types\/page"}],"author":[{"embeddable":true,"href":"https:\/\/services.lib.uliege.be\/guide_catalo\/wp-json\/wp\/v2\/users\/6"}],"replies":[{"embeddable":true,"href":"https:\/\/services.lib.uliege.be\/guide_catalo\/wp-json\/wp\/v2\/comments?post=195"}],"version-history":[{"count":7,"href":"https:\/\/services.lib.uliege.be\/guide_catalo\/wp-json\/wp\/v2\/pages\/195\/revisions"}],"predecessor-version":[{"id":5659,"href":"https:\/\/services.lib.uliege.be\/guide_catalo\/wp-json\/wp\/v2\/pages\/195\/revisions\/5659"}],"up":[{"embeddable":true,"href":"https:\/\/services.lib.uliege.be\/guide_catalo\/wp-json\/wp\/v2\/pages\/26"}],"wp:attachment":[{"href":"https:\/\/services.lib.uliege.be\/guide_catalo\/wp-json\/wp\/v2\/media?parent=195"}],"curies":[{"name":"wp","href":"https:\/\/api.w.org\/{rel}","templated":true}]}}