{"id":190,"date":"2019-07-03T14:23:44","date_gmt":"2019-07-03T12:23:44","guid":{"rendered":"https:\/\/app.lib.uliege.be\/guide_catalo\/?page_id=190"},"modified":"2024-10-14T08:06:58","modified_gmt":"2024-10-14T06:06:58","slug":"donnees-sur-les-fonds","status":"publish","type":"page","link":"https:\/\/services.lib.uliege.be\/guide_catalo\/guide-catalogueur-intro\/catalogage-en-marc21\/donnees-sur-les-fonds\/","title":{"rendered":"Donn\u00e9es sur les fonds"},"content":{"rendered":"\n<h2 class=\"wp-block-heading\">Donn\u00e9es sur les fonds<\/h2>\n\n\n\n<p><a href=\"https:\/\/services.lib.uliege.be\/guide_catalo\/introduction-les-donnees-sur-les-fonds-notices-holdings-hol-et-exemplaires-ad\/\">Introduction aux Donn\u00e9es sur les fonds<\/a><\/p>\n\n\n\n<p><a href=\"https:\/\/services.lib.uliege.be\/guide_catalo\/langue-de-catalogage\/#Dans_les_notices_HOL\">Pr\u00e9cisions sur la langue de catalogage des notices Holdings<\/a><\/p>\n\n\n\n<p><a href=\"https:\/\/services.lib.uliege.be\/guide_catalo\/precisions-sur-le-3-et-le-5\/\">Pr\u00e9cisions sur le $$3 et le $$5 dans les notices Holdings<\/a><\/p>\n\n\n<form role=\"search\" method=\"get\" action=\"https:\/\/services.lib.uliege.be\/guide_catalo\/\" class=\"wp-block-search__button-outside wp-block-search__text-button wp-block-search\"    ><label class=\"wp-block-search__label\" for=\"wp-block-search__input-2\" >Rechercher une zone<\/label><div class=\"wp-block-search__inside-wrapper \" ><input class=\"wp-block-search__input\" id=\"wp-block-search__input-2\" placeholder=\"Taper un num\u00e9ro de zone ou un contenu de zone\" value=\"\" type=\"search\" name=\"s\" required \/><button aria-label=\"Rechercher\" class=\"wp-block-search__button wp-element-button\" type=\"submit\" >Rechercher<\/button><\/div><\/form>\n\n\n<details class=\"wp-block-inline-spoilers-block\"><summary>LDR<\/summary>\n\n\n\n<p><a href=\"https:\/\/services.lib.uliege.be\/guide_catalo\/ldr-hol\/\">LDR &#8211; Guide<\/a><\/p>\n\n\n\n<p><\/p><\/details>\n\n\n\n<details class=\"wp-block-inline-spoilers-block\"><summary>001-008 - Zones de contr\u00f4le<\/summary>\n\n\n\n<ul class=\"wp-block-list\">\n<li><a href=\"https:\/\/services.lib.uliege.be\/guide_catalo\/001-HOL\">001 &#8211; Num\u00e9ro de contr\u00f4le (NR)<\/a><\/li>\n\n\n\n<li><a href=\"https:\/\/services.lib.uliege.be\/guide_catalo\/005-HOL\">005 &#8211; Date\/heure de la derni\u00e8re transaction (NR)<\/a><\/li>\n\n\n\n<li><a href=\"https:\/\/services.lib.uliege.be\/guide_catalo\/008-HOL\">008 &#8211; \u00c9l\u00e9ments de donn\u00e9es de longueur fixe &#8211; Renseignements g\u00e9n\u00e9raux<\/a><\/li>\n<\/ul>\n\n\n\n<p><\/p><\/details>\n\n\n\n<details class=\"wp-block-inline-spoilers-block\"><summary> 01X-09X - Num\u00e9ros et codes \u2013 Renseignements g\u00e9n\u00e9raux<\/summary>\n\n\n\n<ul class=\"wp-block-list\">\n<li><a href=\"https:\/\/services.lib.uliege.be\/guide_catalo\/040-HOL\">040 &#8211; Source du catalogage (NR) <\/a><\/li>\n<\/ul>\n\n\n\n<p><\/p><\/details>\n\n\n\n<details class=\"wp-block-inline-spoilers-block\"><summary>5XX, 84X - Zones de notes dans les notices de fonds<\/summary>\n\n\n\n<ul class=\"wp-block-list\">\n<li><a href=\"https:\/\/services.lib.uliege.be\/guide_catalo\/506-HOL\">506 &#8211; Note sur les limites \u00e0 la consultation (R)<\/a><\/li>\n\n\n\n<li><a href=\"https:\/\/services.lib.uliege.be\/guide_catalo\/541-HOL\">541 &#8211; Note sur la source imm\u00e9diate d&rsquo;acquisition (R)<\/a><\/li>\n\n\n\n<li><a href=\"https:\/\/services.lib.uliege.be\/guide_catalo\/561-HOL\">561 &#8211; Propri\u00e9t\u00e9 et historique de la conservation (R)<\/a><\/li>\n\n\n\n<li><a href=\"https:\/\/services.lib.uliege.be\/guide_catalo\/562-HOL\">562 &#8211; Note d&rsquo;identification des copies et versions (R)<\/a><\/li>\n\n\n\n<li><a href=\"https:\/\/services.lib.uliege.be\/guide_catalo\/563-HOL\">563 &#8211; Renseignements au sujet de la reliure (R)<\/a><\/li>\n\n\n\n<li><a href=\"https:\/\/services.lib.uliege.be\/guide_catalo\/583-HOL\">583 &#8211; Note sur les mesures prises (R)<\/a><\/li>\n\n\n\n<li><a href=\"https:\/\/services.lib.uliege.be\/guide_catalo\/zone-590-description-du-modele-r-hol\/\" target=\"_blank\" rel=\"noreferrer noopener\">590 &#8211; Description du mod\u00e8le (R)<\/a><\/li>\n\n\n\n<li><a href=\"https:\/\/services.lib.uliege.be\/guide_catalo\/zone-843-note-de-reproduction-hol\/\">843 &#8211; Note de reproduction (R)<\/a><\/li>\n<\/ul>\n\n\n\n<p><\/p><\/details>\n\n\n\n<details class=\"wp-block-inline-spoilers-block\"><summary>852, 856 - Emplacement et acc\u00e8s<\/summary>\n\n\n\n<ul class=\"wp-block-list\">\n<li><a href=\"https:\/\/services.lib.uliege.be\/guide_catalo\/852-HOL\">852 &#8211; Localisation<\/a><\/li>\n\n\n\n<li><a href=\"https:\/\/services.lib.uliege.be\/guide_catalo\/856-HOL\">856 &#8211; Emplacement et acc\u00e8s \u00e9lectroniques<\/a><\/li>\n<\/ul>\n\n\n\n<p><\/p><\/details>\n\n\n\n<details class=\"wp-block-inline-spoilers-block\"><summary>853-868 - Donn\u00e9es de mention de fonds<\/summary>\n\n\n\n<ul class=\"wp-block-list\">\n<li><a href=\"https:\/\/services.lib.uliege.be\/guide_catalo\/modeles-donnees-denumeration-chronologie-donnees-de-fonds\/\">Mod\u00e8les, donn\u00e9es d\u2019\u00e9num\u00e9ration\/chronologie &amp; donn\u00e9es de fonds &#8211; Introduction<\/a><\/li>\n\n\n\n<li><a href=\"https:\/\/services.lib.uliege.be\/guide_catalo\/853-854-855-hol\/\">853, 854, 855 &#8211; Libell\u00e9 et mod\u00e8le<\/a><\/li>\n\n\n\n<li><a href=\"https:\/\/services.lib.uliege.be\/guide_catalo\/866-867-868-HOL\">866, 867, 868 &#8211; Fonds textuel \u2013 Renseignements g\u00e9n\u00e9raux<\/a><\/li>\n<\/ul>\n\n\n\n<p><\/p><\/details>\n\n\n\n<details class=\"wp-block-inline-spoilers-block\"><summary>9XX - Zones locales dans les notices de fonds<\/summary>\n\n\n\n<ul class=\"wp-block-list\">\n<li><a href=\"https:\/\/services.lib.uliege.be\/guide_catalo\/909-HOL\/\">909 &#8211; M\u00e9thode d&rsquo;acquisition (R) (local ULi\u00e8ge) <\/a><\/li>\n\n\n\n<li><a href=\"https:\/\/services.lib.uliege.be\/guide_catalo\/919-HOL\">919 &#8211; Mention locale d\u2019\u00e9tat de collection (NR) (local ULi\u00e8ge) <\/a><\/li>\n\n\n\n<li><a href=\"https:\/\/services.lib.uliege.be\/guide_catalo\/983-HOL\">983 &#8211; Duplication de la zone 583 pour CIUF\/GeVaFa (R) (local ULi\u00e8ge)<\/a> <\/li>\n\n\n\n<li><a href=\"https:\/\/services.lib.uliege.be\/guide_catalo\/984-HOL\">984 &#8211; Crit\u00e8re de conservation (R) (local ULi\u00e8ge) <\/a><\/li>\n\n\n\n<li><a href=\"https:\/\/services.lib.uliege.be\/guide_catalo\/985-hol\/\">985 &#8211; Mention d&rsquo;engagement p\u00e9dagogique (R) (local ULi\u00e8ge)<\/a><\/li>\n<\/ul>\n\n\n\n<p>\n\n<\/p><\/details>\n\n\n<p><!--EndFragment--><\/p>\n\n\n<p><\/p>\n","protected":false},"excerpt":{"rendered":"<p>Donn\u00e9es sur les fonds Introduction aux Donn\u00e9es sur les fonds Pr\u00e9cisions sur la langue de catalogage des notices Holdings Pr\u00e9cisions sur le $$3 et le&hellip;<\/p>\n","protected":false},"author":6,"featured_media":0,"parent":166,"menu_order":0,"comment_status":"closed","ping_status":"closed","template":"","meta":{"footnotes":""},"class_list":["post-190","page","type-page","status-publish","hentry"],"_links":{"self":[{"href":"https:\/\/services.lib.uliege.be\/guide_catalo\/wp-json\/wp\/v2\/pages\/190","targetHints":{"allow":["GET"]}}],"collection":[{"href":"https:\/\/services.lib.uliege.be\/guide_catalo\/wp-json\/wp\/v2\/pages"}],"about":[{"href":"https:\/\/services.lib.uliege.be\/guide_catalo\/wp-json\/wp\/v2\/types\/page"}],"author":[{"embeddable":true,"href":"https:\/\/services.lib.uliege.be\/guide_catalo\/wp-json\/wp\/v2\/users\/6"}],"replies":[{"embeddable":true,"href":"https:\/\/services.lib.uliege.be\/guide_catalo\/wp-json\/wp\/v2\/comments?post=190"}],"version-history":[{"count":49,"href":"https:\/\/services.lib.uliege.be\/guide_catalo\/wp-json\/wp\/v2\/pages\/190\/revisions"}],"predecessor-version":[{"id":11248,"href":"https:\/\/services.lib.uliege.be\/guide_catalo\/wp-json\/wp\/v2\/pages\/190\/revisions\/11248"}],"up":[{"embeddable":true,"href":"https:\/\/services.lib.uliege.be\/guide_catalo\/wp-json\/wp\/v2\/pages\/166"}],"wp:attachment":[{"href":"https:\/\/services.lib.uliege.be\/guide_catalo\/wp-json\/wp\/v2\/media?parent=190"}],"curies":[{"name":"wp","href":"https:\/\/api.w.org\/{rel}","templated":true}]}}