{"id":1245,"date":"2019-11-26T16:21:56","date_gmt":"2019-11-26T15:21:56","guid":{"rendered":"https:\/\/app.lib.uliege.be\/guide_catalo\/?page_id=1245"},"modified":"2025-09-25T14:14:34","modified_gmt":"2025-09-25T12:14:34","slug":"introduction-au-marc21","status":"publish","type":"page","link":"https:\/\/services.lib.uliege.be\/guide_catalo\/guide-catalogueur-intro\/catalogage-en-marc21\/introduction-au-marc21\/","title":{"rendered":"Introduction au Marc21"},"content":{"rendered":"\n<h1 class=\"wp-block-heading\">Introduction au Marc21<\/h1>\n\n\n\n<p>Les formats Marc (Machine Readable Cataloguing) sont des formats d&rsquo;\u00e9changes de donn\u00e9es bibliographiques.<br>Le format Marc21 que nous utilisons \u00e0 ULi\u00e8ge Library est issu de la fusion (1997) de USMarc et de CANMarc + UKMarc. <\/p>\n\n\n\n<p>Le Marc21 comporte 5 formats :<\/p>\n\n\n\n<ul class=\"wp-block-list\"><li><a href=\"https:\/\/services.lib.uliege.be\/guide_catalo\/guide-catalogueur-intro\/catalogage-en-marc21\/notices-bibliographiques\/\">bibliographique<\/a><\/li><li><a href=\"https:\/\/services.lib.uliege.be\/guide_catalo\/guide-catalogueur-intro\/catalogage-en-marc21\/notices-dautorite\/\">autorit\u00e9s<\/a><\/li><li>classifications<\/li><li><a href=\"https:\/\/services.lib.uliege.be\/guide_catalo\/guide-catalogueur-intro\/catalogage-en-marc21\/donnees-sur-les-fonds\/\">donn\u00e9es sur les fonds<\/a><\/li><li>renseignements communautaires<\/li><\/ul>\n\n\n\n<p>Tous les documents enregistr\u00e9s dans le catalogue le sont en format Marc21.<\/p>\n\n\n\n<p>Chaque manifestation fait l&rsquo;objet d&rsquo;une notice bibliographique en Marc21 distincte.<br> Les notices d&rsquo;autorit\u00e9 permettent d&rsquo;enregistrer les \u00e9l\u00e9ments propres aux personnes, collectivit\u00e9s, oeuvres, noms g\u00e9ographiques, noms communs sujets&#8230; <br> Les donn\u00e9es de localisation et certains \u00e9l\u00e9ments sp\u00e9cifiques aux fonds (\u00e9tat de collection, informations de provenance&#8230;) sont enregistr\u00e9es dans une notice de donn\u00e9es sur les fonds (notice Holding). <\/p>\n\n\n\n<p>Les notices Marc bibliographique, d&rsquo;autorit\u00e9 et holding sont g\u00e9r\u00e9es via l&rsquo;\u00e9diteur de m\u00e9tadonn\u00e9es d&rsquo;Alma.<\/p>\n\n\n\n<p>Pour permettre la circulation des documents dans diff\u00e9rentes proc\u00e9dures de travail, les exemplaires physiques (items) sont enregistr\u00e9s dans l&rsquo;\u00e9diteur d&rsquo;exemplaire physique et portent un code-barres. <br> Certaines op\u00e9rations de fourniture de document \u00e0 l&rsquo;usager (requests) peuvent n\u00e9anmoins \u00eatre effectu\u00e9es sans qu&rsquo;existe obligatoirement un exemplaire physique.<\/p>\n\n\n\n<p>Support de formation <a href=\"https:\/\/services.lib.uliege.be\/guide_catalo\/wp-content\/uploads\/2019\/06\/FO_MARC21_V3_Novembre2016.pptx\">Introduction au Marc21<\/a>.<br>       <code>Public cible<\/code> : nouveaux coll\u00e8gues et stagiaires. <\/p>\n\n\n\n<h2 class=\"wp-block-heading\">Mappages Marc21 &#8211; RDA<\/h2>\n\n\n\n<p>Mappage du <a rel=\"noreferrer noopener\" aria-label=\"Marc21 Bibliographique vers RDA (s\u2019ouvre dans un nouvel onglet)\" href=\"https:\/\/services.lib.uliege.be\/guide_catalo\/wp-content\/uploads\/2020\/04\/jscmap2-fr.pdf\" target=\"_blank\">Marc21 Bibliographique vers RDA<\/a><br> Mappage de  <a href=\"https:\/\/services.lib.uliege.be\/guide_catalo\/wp-content\/uploads\/2020\/04\/jscmap1-fr.pdf\" target=\"_blank\" rel=\"noreferrer noopener\" aria-label=\"RDA  vers le Marc21 Bibliographique (s\u2019ouvre dans un nouvel onglet)\">RDA  vers le Marc21 Bibliographique<\/a><\/p>\n\n\n\n<p>Mappage du <a rel=\"noreferrer noopener\" aria-label=\" (s\u2019ouvre dans un nouvel onglet)\" href=\"https:\/\/services.lib.uliege.be\/guide_catalo\/wp-content\/uploads\/2020\/04\/jscmap4-fr.pdf\" target=\"_blank\">Marc21 Autorit\u00e9s vers RDA<\/a><br>Mappage de <a rel=\"noreferrer noopener\" aria-label=\" (s\u2019ouvre dans un nouvel onglet)\" href=\"https:\/\/services.lib.uliege.be\/guide_catalo\/wp-content\/uploads\/2020\/04\/jscmap3-fr.pdf\" target=\"_blank\">RDA vers le Marc21 Autorit\u00e9s<\/a><\/p>\n\n\n\n<h6 class=\"wp-block-heading\">Pour aller plus loin<\/h6>\n\n\n\n<p>En anglais : le site <a rel=\"noreferrer noopener\" aria-label=\"Marc standards (s\u2019ouvre dans un nouvel onglet)\" href=\"http:\/\/www.loc.gov\/marc\/\" target=\"_blank\">Marc standards<\/a> inclut les diff\u00e9rents formats et listes de codes ainsi que toute la documentation autour du Marc21. Fournit \u00e9galement les informations utiles pour RDA dans Marc21, FRBR et Marc21. <\/p>\n\n\n\n<p>En fran\u00e7ais : le site <a rel=\"noreferrer noopener\" label=\" (s\u2019ouvre dans un nouvel onglet)\" href=\"https:\/\/www.marc21.ca\/index-f.html\" target=\"_blank\">Normes Marc21<\/a> inclut les diff\u00e9rents formats, les listes de codes et termes, les codes de sources, les codes et termes RDA pour les types de contenu, de supports et de m\u00e9dia&#8230; et de la documentation en fran\u00e7ais.<br>Attention qu&rsquo;il y a toujours en d\u00e9lai dans la publication des mises \u00e0 jour par rapport \u00e0 la documentation officielle en anglais.<\/p>\n","protected":false},"excerpt":{"rendered":"<p>Introduction au Marc21 Les formats Marc (Machine Readable Cataloguing) sont des formats d&rsquo;\u00e9changes de donn\u00e9es bibliographiques.Le format Marc21 que nous utilisons \u00e0 ULi\u00e8ge Library est&hellip;<\/p>\n","protected":false},"author":4,"featured_media":0,"parent":166,"menu_order":0,"comment_status":"closed","ping_status":"closed","template":"","meta":{"footnotes":""},"class_list":["post-1245","page","type-page","status-publish","hentry"],"_links":{"self":[{"href":"https:\/\/services.lib.uliege.be\/guide_catalo\/wp-json\/wp\/v2\/pages\/1245","targetHints":{"allow":["GET"]}}],"collection":[{"href":"https:\/\/services.lib.uliege.be\/guide_catalo\/wp-json\/wp\/v2\/pages"}],"about":[{"href":"https:\/\/services.lib.uliege.be\/guide_catalo\/wp-json\/wp\/v2\/types\/page"}],"author":[{"embeddable":true,"href":"https:\/\/services.lib.uliege.be\/guide_catalo\/wp-json\/wp\/v2\/users\/4"}],"replies":[{"embeddable":true,"href":"https:\/\/services.lib.uliege.be\/guide_catalo\/wp-json\/wp\/v2\/comments?post=1245"}],"version-history":[{"count":25,"href":"https:\/\/services.lib.uliege.be\/guide_catalo\/wp-json\/wp\/v2\/pages\/1245\/revisions"}],"predecessor-version":[{"id":12259,"href":"https:\/\/services.lib.uliege.be\/guide_catalo\/wp-json\/wp\/v2\/pages\/1245\/revisions\/12259"}],"up":[{"embeddable":true,"href":"https:\/\/services.lib.uliege.be\/guide_catalo\/wp-json\/wp\/v2\/pages\/166"}],"wp:attachment":[{"href":"https:\/\/services.lib.uliege.be\/guide_catalo\/wp-json\/wp\/v2\/media?parent=1245"}],"curies":[{"name":"wp","href":"https:\/\/api.w.org\/{rel}","templated":true}]}}