{"id":80,"date":"2016-04-07T13:54:04","date_gmt":"2016-04-07T12:54:04","guid":{"rendered":"https:\/\/app.lib.uliege.be\/alma\/?page_id=80"},"modified":"2024-10-03T10:01:27","modified_gmt":"2024-10-03T08:01:27","slug":"projet","status":"publish","type":"page","link":"https:\/\/services.lib.uliege.be\/alma\/projet\/","title":{"rendered":"Projet Alma @ ULi\u00e8ge Library"},"content":{"rendered":"<p>En 2014, les Biblioth\u00e8ques de l\u2019Universit\u00e9 de Li\u00e8ge (ULi\u00e8ge) ont d\u00e9cid\u00e9 de revoir en profondeur\u00a0la gestion de leurs ressources et op\u00e9rations en faisant \u00e9voluer les syst\u00e8mes existants Aleph et SFX vers la solution Alma bas\u00e9e dans le cloud. Le projet<em> Alma @ ULi\u00e8ge<\/em> a commenc\u00e9 concr\u00e8tement en ao\u00fbt 2014 et a about\u00e9 au d\u00e9ploiement du nouveau syst\u00e8me de gestion de biblioth\u00e8que\u00a0le 19 f\u00e9vrier 2015.<\/p>\n<h4>Chronologie du projet :<\/h4>\n<ul>\n<li>septembre 2009: premi\u00e8re d\u00e9couverte de l\u2019Unified Resource Management (URM) en\u00a0cours\u00a0de d\u00e9veloppement par Ex Libris. Depuis lors, une veille est assur\u00e9e sur le d\u00e9veloppement et l&rsquo;\u00e9volution de ce nouvel outil (qui ne s&rsquo;appelle pas encore Alma)<\/li>\n<li>ao\u00fbt et d\u00e9cembre 2013: n\u00e9gociations avec Ex Libris quant au d\u00e9ploiement \u00e9ventuel d&rsquo;Alma \u00e0 l&rsquo;ULi\u00e8ge (upgrade Aleph\/SFX vers Alma)<\/li>\n<li>janvier 2014 : approbation des autorit\u00e9s de tutelle<\/li>\n<li>mars 2014 : R\u00e9ception par les Biblioth\u00e8ques du Alma Welcome Package avec les premiers documents essentiels \u00e0 la pr\u00e9paration du projet (migration, \u00e9tapes, points auxquels il convient d&rsquo;\u00eatre\u00a0attentif&#8230;)<\/li>\n<li>avril 2014 : visite de quelques membres des Biblioth\u00e8ques de l&rsquo;ULi\u00e8ge \u00e0 la University of East London Library, premi\u00e8re institution \u00e0 utiliser \u00e0 Alma en Europe (2012)<\/li>\n<li>d&rsquo;avril 2014 \u00e0 octobre 2014 : nettoyage et consolidation des donn\u00e9es Aleph et SFX<\/li>\n<li>mai 2014 : le Comit\u00e9 de direction des Biblioth\u00e8ques d\u00e9cide de la composition de la <a href=\"https:\/\/services.lib.uliege.be\/alma\/projet\/equipes\/project-team\/\">Project Team<\/a> et approuve le lancement d&rsquo;un appel interne\u00a0aux volontaires pour la composition de 4\u00a0Task Forces (Acquisitions, eResources, Fulfillment, Resource Management).\u00a0Validation de la composition de ces TF.<\/li>\n<li>10 juin 2014 : meeting Kickoff interne avec les volontaires ULg.<\/li>\n<li>ao\u00fbt 2014 : d\u00e9cision du passage \u00e0 Primo dans le cloud et cr\u00e9ation d&rsquo;une 5e Task Force pour les aspects li\u00e9s au PIB (TF Resource Sharing).<\/li>\n<li><strong>27 ao\u00fbt 2014 : meeting Kickoff ULi\u00e8ge\/Ex Libris<\/strong> (coup d\u2019envoi r\u00e9el du projet)<\/li>\n<li>4 septembre 2014 : acc\u00e8s \u00e0 Alma Sandbox<\/li>\n<li>de d\u00e9but septembre \u00e0 fin octobre 2014 : formation des membres des Task Forces (vid\u00e9os, webinars, documentation en ligne&#8230;)<\/li>\n<li>13 octobre 2014 : export des donn\u00e9es Aleph et SFX pour la migration test<\/li>\n<li>de mi-octobre 2014 \u00e0 fin janvier 2015 :\u00a0configuration du nouveau Primo<\/li>\n<li>5 novembre 2014 : acc\u00e8s \u00e0 Alma avec les donn\u00e9es pr\u00e9alablement migr\u00e9es<\/li>\n<li>novembre 2014 : analyse par les TF des donn\u00e9es migr\u00e9es<\/li>\n<li>novembre 2014 : \u00e9tablissement d&rsquo;un <a href=\"https:\/\/services.lib.uliege.be\/alma\/wp-content\/uploads\/2017\/11\/Alma_calendrier-des-formations-2015.jpg\" target=\"_blank\" rel=\"noopener noreferrer\">nouveau calendrier de formations pour les coll\u00e8gues<\/a> (diff\u00e9rent de celui propos\u00e9 par Ex Libris)<\/li>\n<li>de fin novembre 2014 \u00e0 mi-janvier 2015 : visualisation par tous les membres des Biblioth\u00e8ques de vid\u00e9os introductives \u00e0 Alma (<em>Discover Alma<\/em>) et organisation de s\u00e9ances de pr\u00e9sentation g\u00e9n\u00e9rale de la solution<\/li>\n<li>de fin novembre 2014 \u00e0 d\u00e9but f\u00e9vrier\u00a02015 : interfa\u00e7ages avec applications tierces (automates de pr\u00eat, Shibboleth,\u00a0catalogues externes pour la rechercher et l&rsquo;importation de notices, synchronisation des donn\u00e9es\u00a0utilisateurs avec les bases de donn\u00e9es sources,\u00a0Google Scholar, Primo Central&#8230;)<\/li>\n<li>de mi-janvier \u00e0 mi-f\u00e9vrier 2015 : formation des coll\u00e8gues, par les membres des TF, \u00e0 l\u2019essentiel sur Alma, ce qu\u2019il faut pour assurer un \u00ab\u00a0service normal minimal\u00a0\u00bb pour les utilisateurs finaux :\u00a0circulation, gestion des lecteurs, demandes et r\u00e9servations, PIB, catalogage \u00e0 la vol\u00e9e, ma\u00eetrise de la recherche dans Alma et ma\u00eetrise du nouveau Primo<\/li>\n<li>8 f\u00e9vrier 2015 : d\u00e9but de la phase de cutover : plus aucune activit\u00e9 en \u00e9criture ne se fait dans\u00a0SFX et Aleph, hormis pour les op\u00e9rations de circulation<\/li>\n<li>15 f\u00e9vrier 2015 :\u00a0cutover pour les activit\u00e9s de circulation<\/li>\n<li><strong>19 f\u00e9vrier 2015 : mise en production d\u2019Alma<\/strong><\/li>\n<li><strong>23 f\u00e9vrier 2015 : mise en production du nouveau Primo<\/strong> (cloud)<\/li>\n<li>\u00e0 partir de la fin f\u00e9vrier jusque fin juin\u00a02015 : suite des formations (catalographie, acquisitions, gestion des e-ressources, tests et licences,\u00a0statistiques)<\/li>\n<\/ul>\n<h4>Services et d\u00e9ploiements mis en place \u00e0 la suite de l&rsquo;impl\u00e9mentation proprement dite :<\/h4>\n<ul>\n<li>mars 2015 : mise en place de la TF Analytics<\/li>\n<li>mars 2016 : lancement du service de fourniture de num\u00e9risation partielle (en phase pilote jusque fin 2016)<\/li>\n<li>octobre 2016 : d\u00e9finition de t\u00e2ches prioritaires et r\u00e9alisations pour l\u2019ann\u00e9e 2016-2017<\/li>\n<li>novembre 2016 : mise en place de <a href=\"https:\/\/youtu.be\/om0wgW2yCjg\" target=\"_blank\" rel=\"noopener noreferrer\">tableaux de bord\u00a0Analytics<\/a> par biblioth\u00e8que<\/li>\n<li>d\u00e9cembre 2016 : d\u00e9veloppement de nouvelles instances <a href=\"https:\/\/services.lib.uliege.be\/alma\/scriptorium-catalogage-et-import-dans-alma\/\">Scriptorium<\/a> (catalogage rapide)<\/li>\n<li>janvier 2017 :\n<ul>\n<li>lancement d&rsquo;un nouveau formulaire vierge de demande de PIB (int\u00e9gr\u00e9 \u00e0 Alma via des API)<\/li>\n<li>mise en place d&rsquo;une liste des nouveaut\u00e9s via Primo (principalement des nouvelles acquisitions)<\/li>\n<\/ul>\n<\/li>\n<li>f\u00e9vrier 2017 : pour les usagers non membres de la communaut\u00e9 universitaire, lancement d&rsquo;une nouvelle carte de lecteur g\u00e9n\u00e9r\u00e9e par le plugin Alma et imprimable directement sur les postes d&rsquo;accueil des implantations<\/li>\n<li>mai 2017 :\n<ul>\n<li>ouverture du service de num\u00e9risation partielle aux \u00e9tudiants de master (service gratuit, limit\u00e9 \u00e0 un total 20 demandes par an et de 3 demandes simultan\u00e9es) [d\u00e9cision du Comit\u00e9 de direction du 15 mai 2017 ; <a href=\"https:\/\/orbi.uliege.be\/handle\/2268\/211287\" target=\"_blank\" rel=\"noopener noreferrer\">rapport de la phase pilote mars-d\u00e9cembre 2016<\/a>]<\/li>\n<li>mise en place d&rsquo;une nouvelle\u00a0liste des bases de donn\u00e9es\u00a0accessible via Primo<\/li>\n<\/ul>\n<\/li>\n<li>septembre 2017 : int\u00e9gration par API dans Alma des lecteurs externes pr\u00e9-inscrits en ligne<\/li>\n<li>janvier 2018 : regroupement des cinq plates-formes PIB ind\u00e9pendantes en une seule et m\u00eame entit\u00e9 (<em>Resource Sharing Library<\/em>)<\/li>\n<\/ul>\n<p>et ce n&rsquo;est pas fini&#8230;<\/p>\n<p><img loading=\"lazy\" decoding=\"async\" class=\"aligncenter size-full wp-image-1401\" src=\"https:\/\/services.lib.uliege.be\/alma\/wp-content\/uploads\/2016\/04\/Alma.jpg\" alt=\"alma\" width=\"266\" height=\"189\" \/><\/p>\n<h4><\/h4>\n","protected":false},"excerpt":{"rendered":"<p>En 2014, les Biblioth\u00e8ques de l\u2019Universit\u00e9 de Li\u00e8ge (ULi\u00e8ge) ont d\u00e9cid\u00e9 de revoir en profondeur\u00a0la gestion de leurs ressources et op\u00e9rations en faisant \u00e9voluer les syst\u00e8mes existants Aleph et SFX vers la solution Alma bas\u00e9e dans le cloud. Le projet Alma @ ULi\u00e8ge a commenc\u00e9 concr\u00e8tement en ao\u00fbt 2014 et&#8230; <a href=\"https:\/\/services.lib.uliege.be\/alma\/projet\/\" class=\"readmore\">Lire l&#039;int\u00e9gralit\u00e9&#8230;<span class=\"screen-reader-text\">Projet Alma @ ULi\u00e8ge Library<\/span><span class=\"fa fa-angle-double-right\" aria-hidden=\"true\"><\/span><\/a><\/p>\n","protected":false},"author":5,"featured_media":0,"parent":0,"menu_order":1,"comment_status":"closed","ping_status":"closed","template":"","meta":{"jetpack_post_was_ever_published":false,"footnotes":""},"class_list":["post-80","page","type-page","status-publish","hentry"],"jetpack_sharing_enabled":true,"jetpack_shortlink":"https:\/\/wp.me\/P7rJUv-1i","_links":{"self":[{"href":"https:\/\/services.lib.uliege.be\/alma\/wp-json\/wp\/v2\/pages\/80","targetHints":{"allow":["GET"]}}],"collection":[{"href":"https:\/\/services.lib.uliege.be\/alma\/wp-json\/wp\/v2\/pages"}],"about":[{"href":"https:\/\/services.lib.uliege.be\/alma\/wp-json\/wp\/v2\/types\/page"}],"author":[{"embeddable":true,"href":"https:\/\/services.lib.uliege.be\/alma\/wp-json\/wp\/v2\/users\/5"}],"replies":[{"embeddable":true,"href":"https:\/\/services.lib.uliege.be\/alma\/wp-json\/wp\/v2\/comments?post=80"}],"version-history":[{"count":27,"href":"https:\/\/services.lib.uliege.be\/alma\/wp-json\/wp\/v2\/pages\/80\/revisions"}],"predecessor-version":[{"id":6815,"href":"https:\/\/services.lib.uliege.be\/alma\/wp-json\/wp\/v2\/pages\/80\/revisions\/6815"}],"wp:attachment":[{"href":"https:\/\/services.lib.uliege.be\/alma\/wp-json\/wp\/v2\/media?parent=80"}],"curies":[{"name":"wp","href":"https:\/\/api.w.org\/{rel}","templated":true}]}}