{"id":783,"date":"2016-08-19T14:36:41","date_gmt":"2016-08-19T13:36:41","guid":{"rendered":"https:\/\/app.lib.uliege.be\/alma\/?page_id=783"},"modified":"2017-02-21T14:08:34","modified_gmt":"2017-02-21T13:08:34","slug":"gestion-des-ressources-imprimees","status":"publish","type":"page","link":"https:\/\/services.lib.uliege.be\/alma\/resource-management\/gestion-des-ressources-imprimees\/","title":{"rendered":"Gestion des ressources"},"content":{"rendered":"<h3>Phase de post-impl\u00e9mentation Gestion des ressources (cycle 2)<\/h3>\n<h4>La gestion des exemplaires dans Alma<\/h4>\n<div class=\"ead-preview\"><div class=\"ead-document\" style=\"position: relative;padding-top: 90%;\"><iframe src=\"\/\/view.officeapps.live.com\/op\/embed.aspx?src=https%3A%2F%2Fservices.lib.uliege.be%2Falma%2Fwp-content%2Fuploads%2F2016%2F08%2FRM_Gestion-des-exemplaires.pptx\" title=\"Document embarqu\u00e9\" class=\"ead-iframe\" style=\"width: 100%;height: 100%;border: none;position: absolute;left: 0;top: 0;\"><\/iframe><\/div><p class=\"embed_download\"><a href=\"https:\/\/services.lib.uliege.be\/alma\/wp-content\/uploads\/2016\/08\/RM_Gestion-des-exemplaires.pptx\" download>\ufeffT\u00e9l\u00e9charger [2.97 MB] <\/a><\/p><\/div>\n<p>&nbsp;<\/p>\n<h4>Catalogage dans Alma<\/h4>\n<p>Acc\u00e8s sur le wiki <a href=\"http:\/\/doclib.ulg.ac.be\/catalo\" target=\"_blank\" class=\"broken_link\">Gestion des ressources &amp; Catalogage<\/a> <em>(acc\u00e8s r\u00e9serv\u00e9 ou sur demande)<\/em><br \/>\n<div class=\"ead-preview\"><div class=\"ead-document\" style=\"position: relative;padding-top: 90%;\"><iframe src=\"\/\/view.officeapps.live.com\/op\/embed.aspx?src=https%3A%2F%2Fservices.lib.uliege.be%2Falma%2Fwp-content%2Fuploads%2F2016%2F08%2FRM_Metadata-Editor_Catalogage-dans-Alma.pptx\" title=\"Document embarqu\u00e9\" class=\"ead-iframe\" style=\"width: 100%;height: 100%;border: none;position: absolute;left: 0;top: 0;\"><\/iframe><\/div><p class=\"embed_download\"><a href=\"https:\/\/services.lib.uliege.be\/alma\/wp-content\/uploads\/2016\/08\/RM_Metadata-Editor_Catalogage-dans-Alma.pptx\" download>\ufeffT\u00e9l\u00e9charger [3.56 MB] <\/a><\/p><\/div>\n<p>&nbsp;<\/p>\n<h4>Localiser une notice dans un catalogue externe<\/h4>\n<div class=\"ead-preview\"><div class=\"ead-document\" style=\"position: relative;padding-top: 90%;\"><iframe src=\"\/\/view.officeapps.live.com\/op\/embed.aspx?src=https%3A%2F%2Fservices.lib.uliege.be%2Falma%2Fwp-content%2Fuploads%2F2016%2F08%2FRM_Localiser-une-notice-dans-catalogue-externe.pptx\" title=\"Document embarqu\u00e9\" class=\"ead-iframe\" style=\"width: 100%;height: 100%;border: none;position: absolute;left: 0;top: 0;\"><\/iframe><\/div><p class=\"embed_download\"><a href=\"https:\/\/services.lib.uliege.be\/alma\/wp-content\/uploads\/2016\/08\/RM_Localiser-une-notice-dans-catalogue-externe.pptx\" download>\ufeffT\u00e9l\u00e9charger [566.32 KB] <\/a><\/p><\/div>\n<p>&nbsp;<br \/>\n&nbsp;<\/p>\n<h3>Formation continue post-impl\u00e9mentation<\/h3>\n<h4>P\u00e9riodiques :<\/h4>\n<h4>Gestion des p\u00e9riodiques<\/h4>\n<div class=\"ead-preview\"><div class=\"ead-document\" style=\"position: relative;padding-top: 90%;\"><iframe src=\"\/\/view.officeapps.live.com\/op\/embed.aspx?src=https%3A%2F%2Fservices.lib.uliege.be%2Falma%2Fwp-content%2Fuploads%2F2016%2F08%2FRM_Gestion-des-periodiques.pptx\" title=\"Document embarqu\u00e9\" class=\"ead-iframe\" style=\"width: 100%;height: 100%;border: none;position: absolute;left: 0;top: 0;\"><\/iframe><\/div><p class=\"embed_download\"><a href=\"https:\/\/services.lib.uliege.be\/alma\/wp-content\/uploads\/2016\/08\/RM_Gestion-des-periodiques.pptx\" download>\ufeffT\u00e9l\u00e9charger [2.71 MB] <\/a><\/p><\/div>\n<p>&nbsp;<\/p>\n<h4>Affichage et gestion des \u00e9tats de collection<\/h4>\n<div class=\"ead-preview\"><div class=\"ead-document\" style=\"position: relative;padding-top: 90%;\"><iframe src=\"\/\/view.officeapps.live.com\/op\/embed.aspx?src=https%3A%2F%2Fservices.lib.uliege.be%2Falma%2Fwp-content%2Fuploads%2F2016%2F08%2FRM_Periodiques-imprimes_Affichage-et-gestion-des-etats-de-collection.pptx\" title=\"Document embarqu\u00e9\" class=\"ead-iframe\" style=\"width: 100%;height: 100%;border: none;position: absolute;left: 0;top: 0;\"><\/iframe><\/div><p class=\"embed_download\"><a href=\"https:\/\/services.lib.uliege.be\/alma\/wp-content\/uploads\/2016\/08\/RM_Periodiques-imprimes_Affichage-et-gestion-des-etats-de-collection.pptx\" download>\ufeffT\u00e9l\u00e9charger [409.76 KB] <\/a><\/p><\/div>\n<p>&nbsp;<\/p>\n<h4>Exemplariser des fascicules de p\u00e9riodiques dans Alma<\/h4>\n<div class=\"ead-preview\"><div class=\"ead-document\" style=\"position: relative;padding-top: 90%;\"><iframe src=\"\/\/view.officeapps.live.com\/op\/embed.aspx?src=https%3A%2F%2Fservices.lib.uliege.be%2Falma%2Fwp-content%2Fuploads%2F2016%2F08%2FRM_Comment-exemplariser-des-fascicules-de-periodiques.pptx\" title=\"Document embarqu\u00e9\" class=\"ead-iframe\" style=\"width: 100%;height: 100%;border: none;position: absolute;left: 0;top: 0;\"><\/iframe><\/div><p class=\"embed_download\"><a href=\"https:\/\/services.lib.uliege.be\/alma\/wp-content\/uploads\/2016\/08\/RM_Comment-exemplariser-des-fascicules-de-periodiques.pptx\" download>\ufeffT\u00e9l\u00e9charger [1.40 MB] <\/a><\/p><\/div>\n<p>&nbsp;<\/p>\n<h4>Liste des t\u00e2ches du contr\u00f4le d\u2019autorit\u00e9<\/h4>\n<p>Traitements \u2018Autorit\u00e9s\u2019 et r\u00f4le du catalogueur &amp;\u00a0Consignes pour le contr\u00f4le des traitements \u2018Autorit\u00e9s\u2019<br \/>\nAcc\u00e8s sur le wiki <a href=\"http:\/\/doclib.ulg.ac.be\/catalo\/Wiki.jsp?page=AlmaToc#section-AlmaToc-ListeDesT_C3_A2chesDuContr_C3_B4leDAutorit_C3_A9\" target=\"_blank\" class=\"broken_link\">Gestion des ressources &amp; Catalogage<\/a> <em>(acc\u00e8s r\u00e9serv\u00e9 ou sur demande)<\/em><\/p>\n<p>&nbsp;<\/p>\n<h4>Comment cr\u00e9er des liens entre notices dans Alma<\/h4>\n<div class=\"ead-preview\"><div class=\"ead-document\" style=\"position: relative;padding-top: 90%;\"><div class=\"ead-iframe-wrapper\"><iframe src=\"\/\/docs.google.com\/viewer?url=https%3A%2F%2Fservices.lib.uliege.be%2Falma%2Fwp-content%2Fuploads%2F2016%2F08%2FRM_Liens-entre-notices-bibliographiques.pdf&amp;embedded=true&amp;hl=en\" title=\"Document embarqu\u00e9\" class=\"ead-iframe\" style=\"width: 100%;height: 100%;border: none;position: absolute;left: 0;top: 0;visibility: hidden;\"><\/iframe><\/div>\t\t\t<div class=\"ead-document-loading\" style=\"width:100%;height:100%;position:absolute;left:0;top:0;z-index:10;\">\n\t\t\t\t<div class=\"ead-loading-wrap\">\n\t\t\t\t\t<div class=\"ead-loading-main\">\n\t\t\t\t\t\t<div class=\"ead-loading\">\n\t\t\t\t\t\t\t<img loading=\"lazy\" decoding=\"async\" src=\"https:\/\/services.lib.uliege.be\/alma\/wp-content\/plugins\/embed-any-document\/images\/loading.svg\" width=\"55\" height=\"55\" alt=\"Chargeur\">\n\t\t\t\t\t\t\t<span>En cours de chargement&hellip;<\/span>\n\t\t\t\t\t\t<\/div>\n\t\t\t\t\t<\/div>\n\t\t\t\t\t<div class=\"ead-loading-foot\">\n\t\t\t\t\t\t<div class=\"ead-loading-foot-title\">\n\t\t\t\t\t\t\t<img loading=\"lazy\" decoding=\"async\" src=\"https:\/\/services.lib.uliege.be\/alma\/wp-content\/plugins\/embed-any-document\/images\/EAD-logo.svg\" alt=\"Logo EAD\" width=\"36\" height=\"23\"\/>\n\t\t\t\t\t\t\t<span>Cela prend trop de temps\u00a0?<\/span>\n\t\t\t\t\t\t<\/div>\n\t\t\t\t\t\t<p>\n\t\t\t\t\t\t\t<div class=\"ead-document-btn ead-reload-btn\" role=\"button\">\n\t\t\t\t\t\t\t\t<img loading=\"lazy\" decoding=\"async\" src=\"https:\/\/services.lib.uliege.be\/alma\/wp-content\/plugins\/embed-any-document\/images\/reload.svg\" alt=\"Recharger\" width=\"12\" height=\"12\"\/> Recharger le document\t\t\t\t\t\t\t<\/div>\n\t\t\t\t\t\t\t<span>|<\/span>\n\t\t\t\t\t\t\t<a href=\"https:\/\/services.lib.uliege.be\/alma\/wp-content\/uploads\/2016\/08\/RM_Liens-entre-notices-bibliographiques.pdf\" class=\"ead-document-btn\" target=\"_blank\">\n\t\t\t\t\t\t\t\t<img loading=\"lazy\" decoding=\"async\" src=\"https:\/\/services.lib.uliege.be\/alma\/wp-content\/plugins\/embed-any-document\/images\/open.svg\" alt=\"Ouvert\" width=\"12\" height=\"12\"\/> Ouvrir dans un nouvel onglet\t\t\t\t\t\t\t<\/a>\n\t\t\t\t\t<\/div>\n\t\t\t\t<\/div>\n\t\t\t<\/div>\n\t\t<\/div><p class=\"embed_download\"><a href=\"https:\/\/services.lib.uliege.be\/alma\/wp-content\/uploads\/2016\/08\/RM_Liens-entre-notices-bibliographiques.pdf\" download>\ufeffT\u00e9l\u00e9charger [1.73 MB] <\/a><\/p><\/div>\n<p>&nbsp;<\/p>\n","protected":false},"excerpt":{"rendered":"<p>Phase de post-impl\u00e9mentation Gestion des ressources (cycle 2) La gestion des exemplaires dans Alma &nbsp; Catalogage dans Alma Acc\u00e8s sur le wiki Gestion des ressources &amp; Catalogage (acc\u00e8s r\u00e9serv\u00e9 ou sur demande) &nbsp; Localiser une notice dans un catalogue externe &nbsp; &nbsp; Formation continue post-impl\u00e9mentation P\u00e9riodiques : Gestion des p\u00e9riodiques&#8230; <a href=\"https:\/\/services.lib.uliege.be\/alma\/resource-management\/gestion-des-ressources-imprimees\/\" class=\"readmore\">Lire l&#039;int\u00e9gralit\u00e9&#8230;<span class=\"screen-reader-text\">Gestion des ressources<\/span><span class=\"fa fa-angle-double-right\" aria-hidden=\"true\"><\/span><\/a><\/p>\n","protected":false},"author":6,"featured_media":0,"parent":27,"menu_order":2,"comment_status":"closed","ping_status":"closed","template":"","meta":{"jetpack_post_was_ever_published":false,"footnotes":""},"class_list":["post-783","page","type-page","status-publish","hentry"],"jetpack_sharing_enabled":true,"jetpack_shortlink":"https:\/\/wp.me\/P7rJUv-cD","_links":{"self":[{"href":"https:\/\/services.lib.uliege.be\/alma\/wp-json\/wp\/v2\/pages\/783","targetHints":{"allow":["GET"]}}],"collection":[{"href":"https:\/\/services.lib.uliege.be\/alma\/wp-json\/wp\/v2\/pages"}],"about":[{"href":"https:\/\/services.lib.uliege.be\/alma\/wp-json\/wp\/v2\/types\/page"}],"author":[{"embeddable":true,"href":"https:\/\/services.lib.uliege.be\/alma\/wp-json\/wp\/v2\/users\/6"}],"replies":[{"embeddable":true,"href":"https:\/\/services.lib.uliege.be\/alma\/wp-json\/wp\/v2\/comments?post=783"}],"version-history":[{"count":25,"href":"https:\/\/services.lib.uliege.be\/alma\/wp-json\/wp\/v2\/pages\/783\/revisions"}],"predecessor-version":[{"id":2003,"href":"https:\/\/services.lib.uliege.be\/alma\/wp-json\/wp\/v2\/pages\/783\/revisions\/2003"}],"up":[{"embeddable":true,"href":"https:\/\/services.lib.uliege.be\/alma\/wp-json\/wp\/v2\/pages\/27"}],"wp:attachment":[{"href":"https:\/\/services.lib.uliege.be\/alma\/wp-json\/wp\/v2\/media?parent=783"}],"curies":[{"name":"wp","href":"https:\/\/api.w.org\/{rel}","templated":true}]}}