{"id":775,"date":"2016-08-19T14:23:52","date_gmt":"2016-08-19T13:23:52","guid":{"rendered":"https:\/\/app.lib.uliege.be\/alma\/?page_id=775"},"modified":"2017-11-17T09:32:11","modified_gmt":"2017-11-17T08:32:11","slug":"repertoire-et-inventaire","status":"publish","type":"page","link":"https:\/\/services.lib.uliege.be\/alma\/resource-management\/repertoire-et-inventaire\/","title":{"rendered":"R\u00e9pertoire et Inventaire"},"content":{"rendered":"<h3 style=\"text-align: left;\">Phase de pr\u00e9-impl\u00e9mentation R\u00e9pertoire et Inventaire (cycle 1)<\/h3>\n<h4>R\u00e9cup\u00e9ration des donn\u00e9es Aleph\/SFX<\/h4>\n<div class=\"ead-preview\"><div class=\"ead-document\" style=\"position: relative;padding-top: 90%;\"><iframe src=\"\/\/view.officeapps.live.com\/op\/embed.aspx?src=https%3A%2F%2Fservices.lib.uliege.be%2Falma%2Fwp-content%2Fuploads%2F2016%2F08%2FRM_Recuperation-des-donnees.pptx\" title=\"Document embarqu\u00e9\" class=\"ead-iframe\" style=\"width: 100%;height: 100%;border: none;position: absolute;left: 0;top: 0;\"><\/iframe><\/div><p class=\"embed_download\"><a href=\"https:\/\/services.lib.uliege.be\/alma\/wp-content\/uploads\/2016\/08\/RM_Recuperation-des-donnees.pptx\" download>\ufeffT\u00e9l\u00e9charger [558.42 KB] <\/a><\/p><\/div>\n<h4>D\u00e9tails sur l&rsquo;export des donn\u00e9es Aleph ULg<\/h4>\n<p>Document Annexe au support de formation sur la r\u00e9cup\u00e9ration des donn\u00e9es Aleph\/SFX : d\u00e9tail sur les particularit\u00e9s de catalogage dans Aleph (champs et sous-champs locaux principalement, gestion des articles initiaux, codes de fonctions des auteurs&#8230;)<\/p>\n<p>Acc\u00e8s sur le wiki <a href=\"http:\/\/doclib.ulg.ac.be\/catalo\" target=\"_blank\" rel=\"noopener\" class=\"broken_link\">Gestion des ressources &amp; Catalogage<\/a> <em>(acc\u00e8s r\u00e9serv\u00e9 ou sur demande)<\/em><\/p>\n<p>&nbsp;<\/p>\n<h4>Alma, Syst\u00e8me de gestion de m\u00e9tadonn\u00e9es et Inventaire<\/h4>\n<p>Pr\u00e9ambule \u00e0 la recherche et \u00e0 l&rsquo;exploitation des donn\u00e9es, pr\u00e9sentation d&rsquo;Alma en tant que syst\u00e8me de gestion des m\u00e9tadonn\u00e9es et inventaire : zones\u00a0Institution et Communaut\u00e9, contenu des 2 zones et pr\u00e9sentation des donn\u00e9es.<\/p>\n<div class=\"ead-preview\"><div class=\"ead-document\" style=\"position: relative;padding-top: 90%;\"><iframe src=\"\/\/view.officeapps.live.com\/op\/embed.aspx?src=https%3A%2F%2Fservices.lib.uliege.be%2Falma%2Fwp-content%2Fuploads%2F2016%2F08%2FAlma-Systeme-de-gestion-de-m%C3%A9tadonn%C3%A9es-NewUI-V2-06102017.pptx\" title=\"Document embarqu\u00e9\" class=\"ead-iframe\" style=\"width: 100%;height: 100%;border: none;position: absolute;left: 0;top: 0;\"><\/iframe><\/div><p class=\"embed_download\"><a href=\"https:\/\/services.lib.uliege.be\/alma\/wp-content\/uploads\/2016\/08\/Alma-Systeme-de-gestion-de-m\u00e9tadonn\u00e9es-NewUI-V2-06102017.pptx\" download>\ufeffT\u00e9l\u00e9charger [1.80 MB] <\/a><\/p><\/div>\n<p>&nbsp;<\/p>\n<h4>Rechercher dans Alma<\/h4>\n<div class=\"ead-preview\"><div class=\"ead-document\" style=\"position: relative;\"><div class=\"ead-iframe-wrapper\"><iframe src=\"\/\/docs.google.com\/viewer?url=https%3A%2F%2Fservices.lib.uliege.be%2Falma%2Fwp-content%2Fuploads%2F2016%2F08%2FAlma_Recherche-NewUI-V1-102017.pdf&amp;embedded=true&amp;hl=en\" title=\"Document embarqu\u00e9\" class=\"ead-iframe\" style=\"width: 100%;height: 80%;border: none;min-height: 500px;visibility: hidden;\"><\/iframe><\/div>\t\t\t<div class=\"ead-document-loading\" style=\"width:100%;height:100%;position:absolute;left:0;top:0;z-index:10;\">\n\t\t\t\t<div class=\"ead-loading-wrap\">\n\t\t\t\t\t<div class=\"ead-loading-main\">\n\t\t\t\t\t\t<div class=\"ead-loading\">\n\t\t\t\t\t\t\t<img loading=\"lazy\" decoding=\"async\" src=\"https:\/\/services.lib.uliege.be\/alma\/wp-content\/plugins\/embed-any-document\/images\/loading.svg\" width=\"55\" height=\"55\" alt=\"Chargeur\">\n\t\t\t\t\t\t\t<span>En cours de chargement&hellip;<\/span>\n\t\t\t\t\t\t<\/div>\n\t\t\t\t\t<\/div>\n\t\t\t\t\t<div class=\"ead-loading-foot\">\n\t\t\t\t\t\t<div class=\"ead-loading-foot-title\">\n\t\t\t\t\t\t\t<img loading=\"lazy\" decoding=\"async\" src=\"https:\/\/services.lib.uliege.be\/alma\/wp-content\/plugins\/embed-any-document\/images\/EAD-logo.svg\" alt=\"Logo EAD\" width=\"36\" height=\"23\"\/>\n\t\t\t\t\t\t\t<span>Cela prend trop de temps\u00a0?<\/span>\n\t\t\t\t\t\t<\/div>\n\t\t\t\t\t\t<p>\n\t\t\t\t\t\t\t<div class=\"ead-document-btn ead-reload-btn\" role=\"button\">\n\t\t\t\t\t\t\t\t<img loading=\"lazy\" decoding=\"async\" src=\"https:\/\/services.lib.uliege.be\/alma\/wp-content\/plugins\/embed-any-document\/images\/reload.svg\" alt=\"Recharger\" width=\"12\" height=\"12\"\/> Recharger le document\t\t\t\t\t\t\t<\/div>\n\t\t\t\t\t\t\t<span>|<\/span>\n\t\t\t\t\t\t\t<a href=\"https:\/\/services.lib.uliege.be\/alma\/wp-content\/uploads\/2016\/08\/Alma_Recherche-NewUI-V1-102017.pdf\" class=\"ead-document-btn\" target=\"_blank\">\n\t\t\t\t\t\t\t\t<img loading=\"lazy\" decoding=\"async\" src=\"https:\/\/services.lib.uliege.be\/alma\/wp-content\/plugins\/embed-any-document\/images\/open.svg\" alt=\"Ouvert\" width=\"12\" height=\"12\"\/> Ouvrir dans un nouvel onglet\t\t\t\t\t\t\t<\/a>\n\t\t\t\t\t<\/div>\n\t\t\t\t<\/div>\n\t\t\t<\/div>\n\t\t<\/div><p class=\"embed_download\"><a href=\"https:\/\/services.lib.uliege.be\/alma\/wp-content\/uploads\/2016\/08\/Alma_Recherche-NewUI-V1-102017.pdf\" download>\ufeffT\u00e9l\u00e9charger [3.50 MB] <\/a><\/p><\/div>\n<p>&nbsp;<\/p>\n<h4>Exploiter les r\u00e9sultats de recherche<\/h4>\n<div class=\"ead-preview\"><div class=\"ead-document\" style=\"position: relative;\"><div class=\"ead-iframe-wrapper\"><iframe src=\"\/\/docs.google.com\/viewer?url=https%3A%2F%2Fservices.lib.uliege.be%2Falma%2Fwp-content%2Fuploads%2F2016%2F08%2FAlma_RepositeryInventory_Sets_NewUi_V1_102017.pdf&amp;embedded=true&amp;hl=en\" title=\"Document embarqu\u00e9\" class=\"ead-iframe\" style=\"width: 100%;height: 80%;border: none;min-height: 500px;visibility: hidden;\"><\/iframe><\/div>\t\t\t<div class=\"ead-document-loading\" style=\"width:100%;height:100%;position:absolute;left:0;top:0;z-index:10;\">\n\t\t\t\t<div class=\"ead-loading-wrap\">\n\t\t\t\t\t<div class=\"ead-loading-main\">\n\t\t\t\t\t\t<div class=\"ead-loading\">\n\t\t\t\t\t\t\t<img loading=\"lazy\" decoding=\"async\" src=\"https:\/\/services.lib.uliege.be\/alma\/wp-content\/plugins\/embed-any-document\/images\/loading.svg\" width=\"55\" height=\"55\" alt=\"Chargeur\">\n\t\t\t\t\t\t\t<span>En cours de chargement&hellip;<\/span>\n\t\t\t\t\t\t<\/div>\n\t\t\t\t\t<\/div>\n\t\t\t\t\t<div class=\"ead-loading-foot\">\n\t\t\t\t\t\t<div class=\"ead-loading-foot-title\">\n\t\t\t\t\t\t\t<img loading=\"lazy\" decoding=\"async\" src=\"https:\/\/services.lib.uliege.be\/alma\/wp-content\/plugins\/embed-any-document\/images\/EAD-logo.svg\" alt=\"Logo EAD\" width=\"36\" height=\"23\"\/>\n\t\t\t\t\t\t\t<span>Cela prend trop de temps\u00a0?<\/span>\n\t\t\t\t\t\t<\/div>\n\t\t\t\t\t\t<p>\n\t\t\t\t\t\t\t<div class=\"ead-document-btn ead-reload-btn\" role=\"button\">\n\t\t\t\t\t\t\t\t<img loading=\"lazy\" decoding=\"async\" src=\"https:\/\/services.lib.uliege.be\/alma\/wp-content\/plugins\/embed-any-document\/images\/reload.svg\" alt=\"Recharger\" width=\"12\" height=\"12\"\/> Recharger le document\t\t\t\t\t\t\t<\/div>\n\t\t\t\t\t\t\t<span>|<\/span>\n\t\t\t\t\t\t\t<a href=\"https:\/\/services.lib.uliege.be\/alma\/wp-content\/uploads\/2016\/08\/Alma_RepositeryInventory_Sets_NewUi_V1_102017.pdf\" class=\"ead-document-btn\" target=\"_blank\">\n\t\t\t\t\t\t\t\t<img loading=\"lazy\" decoding=\"async\" src=\"https:\/\/services.lib.uliege.be\/alma\/wp-content\/plugins\/embed-any-document\/images\/open.svg\" alt=\"Ouvert\" width=\"12\" height=\"12\"\/> Ouvrir dans un nouvel onglet\t\t\t\t\t\t\t<\/a>\n\t\t\t\t\t<\/div>\n\t\t\t\t<\/div>\n\t\t\t<\/div>\n\t\t<\/div><p class=\"embed_download\"><a href=\"https:\/\/services.lib.uliege.be\/alma\/wp-content\/uploads\/2016\/08\/Alma_RepositeryInventory_Sets_NewUi_V1_102017.pdf\" download>\ufeffT\u00e9l\u00e9charger [2.66 MB] <\/a><\/p><\/div>\n<p>&nbsp;<\/p>\n<h4>Catalogage rapide (quick cataloging)<\/h4>\n<div class=\"ead-preview\"><div class=\"ead-document\" style=\"position: relative;padding-top: 90%;\"><iframe src=\"\/\/view.officeapps.live.com\/op\/embed.aspx?src=https%3A%2F%2Fservices.lib.uliege.be%2Falma%2Fwp-content%2Fuploads%2F2016%2F08%2FRepositoryInventory2_2_QuickCatalo_V3_09032017-1.pptx\" title=\"Document embarqu\u00e9\" class=\"ead-iframe\" style=\"width: 100%;height: 100%;border: none;position: absolute;left: 0;top: 0;\"><\/iframe><\/div><p class=\"embed_download\"><a href=\"https:\/\/services.lib.uliege.be\/alma\/wp-content\/uploads\/2016\/08\/RepositoryInventory2_2_QuickCatalo_V3_09032017-1.pptx\" download>\ufeffT\u00e9l\u00e9charger [871.73 KB] <\/a><\/p><\/div>\n<p>&nbsp;<\/p>\n<h4>Modifier des informations d&rsquo;exemplaires<\/h4>\n<div class=\"ead-preview\"><div class=\"ead-document\" style=\"position: relative;padding-top: 90%;\"><iframe src=\"\/\/view.officeapps.live.com\/op\/embed.aspx?src=https%3A%2F%2Fservices.lib.uliege.be%2Falma%2Fwp-content%2Fuploads%2F2016%2F08%2FRM_Change-item-information.pptx\" title=\"Document embarqu\u00e9\" class=\"ead-iframe\" style=\"width: 100%;height: 100%;border: none;position: absolute;left: 0;top: 0;\"><\/iframe><\/div><p class=\"embed_download\"><a href=\"https:\/\/services.lib.uliege.be\/alma\/wp-content\/uploads\/2016\/08\/RM_Change-item-information.pptx\" download>\ufeffT\u00e9l\u00e9charger <\/a><\/p><\/div>\n","protected":false},"excerpt":{"rendered":"<p>Phase de pr\u00e9-impl\u00e9mentation R\u00e9pertoire et Inventaire (cycle 1) R\u00e9cup\u00e9ration des donn\u00e9es Aleph\/SFX D\u00e9tails sur l&rsquo;export des donn\u00e9es Aleph ULg Document Annexe au support de formation sur la r\u00e9cup\u00e9ration des donn\u00e9es Aleph\/SFX : d\u00e9tail sur les particularit\u00e9s de catalogage dans Aleph (champs et sous-champs locaux principalement, gestion des articles initiaux, codes&#8230; <a href=\"https:\/\/services.lib.uliege.be\/alma\/resource-management\/repertoire-et-inventaire\/\" class=\"readmore\">Lire l&#039;int\u00e9gralit\u00e9&#8230;<span class=\"screen-reader-text\">R\u00e9pertoire et Inventaire<\/span><span class=\"fa fa-angle-double-right\" aria-hidden=\"true\"><\/span><\/a><\/p>\n","protected":false},"author":6,"featured_media":0,"parent":27,"menu_order":1,"comment_status":"closed","ping_status":"closed","template":"","meta":{"jetpack_post_was_ever_published":false,"footnotes":""},"class_list":["post-775","page","type-page","status-publish","hentry"],"jetpack_sharing_enabled":true,"jetpack_shortlink":"https:\/\/wp.me\/P7rJUv-cv","_links":{"self":[{"href":"https:\/\/services.lib.uliege.be\/alma\/wp-json\/wp\/v2\/pages\/775","targetHints":{"allow":["GET"]}}],"collection":[{"href":"https:\/\/services.lib.uliege.be\/alma\/wp-json\/wp\/v2\/pages"}],"about":[{"href":"https:\/\/services.lib.uliege.be\/alma\/wp-json\/wp\/v2\/types\/page"}],"author":[{"embeddable":true,"href":"https:\/\/services.lib.uliege.be\/alma\/wp-json\/wp\/v2\/users\/6"}],"replies":[{"embeddable":true,"href":"https:\/\/services.lib.uliege.be\/alma\/wp-json\/wp\/v2\/comments?post=775"}],"version-history":[{"count":30,"href":"https:\/\/services.lib.uliege.be\/alma\/wp-json\/wp\/v2\/pages\/775\/revisions"}],"predecessor-version":[{"id":2478,"href":"https:\/\/services.lib.uliege.be\/alma\/wp-json\/wp\/v2\/pages\/775\/revisions\/2478"}],"up":[{"embeddable":true,"href":"https:\/\/services.lib.uliege.be\/alma\/wp-json\/wp\/v2\/pages\/27"}],"wp:attachment":[{"href":"https:\/\/services.lib.uliege.be\/alma\/wp-json\/wp\/v2\/media?parent=775"}],"curies":[{"name":"wp","href":"https:\/\/api.w.org\/{rel}","templated":true}]}}