{"id":6777,"date":"2024-08-02T09:36:48","date_gmt":"2024-08-02T07:36:48","guid":{"rendered":"https:\/\/services.lib.uliege.be\/alma\/?page_id=6777"},"modified":"2024-08-02T09:36:48","modified_gmt":"2024-08-02T07:36:48","slug":"tr_j3-journal-usage-by-access-type","status":"publish","type":"page","link":"https:\/\/services.lib.uliege.be\/alma\/e-resources\/statistiques-dusage-counter\/tr_j3-journal-usage-by-access-type\/","title":{"rendered":"TR_J3\u00a0: Journal Usage by Access Type"},"content":{"rendered":"\n<p>Ce rapport est d\u00e9di\u00e9 \u00e0 l\u2019usage des revues, ind\u00e9pendamment de leur type d\u2019acc\u00e8s. Comme le TR_J1, le TR_J3 est d\u00e9riv\u00e9 du Title Master Report, limit\u00e9 aux types de contenus \u00ab Journal \u00bb et \u00e0 la m\u00e9thode d\u2019acc\u00e8s \u00ab Regular \u00bb. Par contre, il n\u2019y a aucun filtre sur le type d\u2019acc\u00e8s : le rapport contient donc les acc\u00e8s de type \u00ab Controlled \u00bb et \u00ab OA \u00bb, donnant une vue d\u2019ensemble de l\u2019usage des revues d\u2019une m\u00eame plateforme, qu\u2019elles soient payantes ou gratuites.<\/p>\n\n\n\n<h2 class=\"wp-block-heading\">Donn\u00e9es<\/h2>\n\n\n\n<p>Pour chaque titre, le rapport contient autant de lignes que de types d\u2019acc\u00e8s (OA et Controlled). Par ailleurs, autant de lignes sont cr\u00e9\u00e9es que de types de donn\u00e9es&nbsp;:<\/p>\n\n\n\n<ul class=\"wp-block-list\">\n<li><strong>Total Item Requests<\/strong>\u00a0: \u00ab\u00a0the number of times users viewed, downloaded, emailed, or printed the full content of a journal article, abstract, book chapter, etc.\u00a0\u00bb<\/li>\n\n\n\n<li><strong>Unique Item Requests<\/strong>\u00a0: \u00ab\u00a0the number of unique journal articles, abstracts, book chapters, etc. accessed in a <strong>single session<\/strong>.\u00a0\u00bb<\/li>\n<\/ul>\n\n\n\n<p>Dans nos analyses, ce deuxi\u00e8me type de donn\u00e9es est \u00e0 privil\u00e9gier. Il permet en effet d\u2019\u00e9viter de compter plusieurs fois l\u2019usage d\u2019un article par un m\u00eame utilisateur. Par exemple :<\/p>\n\n\n\n<ul class=\"wp-block-list\">\n<li>Lorsque l\u2019utilisateur acc\u00e8de \u00e0 l\u2019article en ligne directement (HTML) puis en t\u00e9l\u00e9charge le PDF : 2 \u00ab\u00a0Total Item Requests\u00a0\u00bb vs. 1 \u00ab\u00a0Unique Item Requests\u00a0\u00bb<\/li>\n\n\n\n<li>Lorsqu\u2019un utilisateur, dans une m\u00eame session, arrive plusieurs fois \u00e0 un m\u00eame article, via des sources diff\u00e9rentes (catalogue en ligne, base de donn\u00e9es, moteur de recherche) : autant de \u00ab\u00a0Total Item Requests\u00a0\u00bb que d\u2019acc\u00e8s vs. 1 \u00ab\u00a0Unique Item Requests\u00a0\u00bbPour l\u2019analyse d\u2019usage des e-books, les \u00ab Unique Title Requests \u00bb sont recommand\u00e9s.<\/li>\n<\/ul>\n\n\n\n<p>Note : le rapport inclut aussi les donn\u00e9es li\u00e9es aux \u00ab&nbsp;investigations&nbsp;\u00bb (non abord\u00e9es ici car moins utilis\u00e9es).<\/p>\n\n\n\n<h2 class=\"wp-block-heading\">Points d&rsquo;attention<\/h2>\n\n\n\n<ul class=\"wp-block-list\">\n<li>Le rapport TR_J3 est plus indiqu\u00e9 que le TR_J1 s\u2019il faut \u00e9valuer l\u2019usage de plateformes dont les contenus sont majoritairement gratuits ou en Open Access. Cela peut \u00eatre le cas de plateformes auxquelles nous souscrivons davantage sous la forme d\u2019un partenariat ou pour soutenir des initiatives en Open Access (mod\u00e8les <em>Freemium <\/em>ou S2O). Il vous permettra par ailleurs de v\u00e9rifier si l\u2019int\u00e9r\u00eat des utilisateurs porte davantage sur les contenus en Open Access ou les contenus payants.<\/li>\n\n\n\n<li>Pour chaque revue, vous devrez donc additionner les lignes incluant les \u00ab Unique Item Requests \u00bb pour les acc\u00e8s de type \u00ab Controlled \u00bb et \u00ab OA \u00bb. Il existe beaucoup de cas de revues dont certains num\u00e9ros ou certains articles seulement sont accessibles en Open Access, mais pas les autres.<\/li>\n\n\n\n<li>Dans notre catalogue, une revue est parfois accessible \u00e0 travers plusieurs sources (site de l\u2019\u00e9diteur, archives sur JSTOR, base de donn\u00e9es bibliographiques\u2026). Si votre analyse porte sur une revue dans son ensemble, il convient donc de v\u00e9rifier l\u2019usage de la revue \u00e0 travers l\u2019ensemble des sources disponibles et pas uniquement sur le site de l\u2019\u00e9diteur. Les actions de l\u2019utilisateur sont en effet sans doute davantage influenc\u00e9es par l\u2019ordre d\u2019apparition des sources dans Primo que par une pr\u00e9f\u00e9rence pour le site de l\u2019\u00e9diteur.<\/li>\n\n\n\n<li>Pour une plateforme, le rapport TR_J3 inclut les donn\u00e9es d\u2019usage de tous les titres disponibles sur cette plateforme. Cet ensemble de titres ne correspond pas forc\u00e9ment au package de titres que vous souhaitez analyser : il peut inclure d\u2019anciens titres auxquels nous ne souscrivons plus mais toujours accessibles, des titres souscrits individuellement (en-dehors du package) ou des titres auxquels nous avons temporairement acc\u00e8s. Dans le cas d\u2019une analyse de package, il faudra donc toujours croiser les donn\u00e9es du rapport TR_J3 avec la liste de titres du package en question. Cela permettra \u00e9galement de visualiser la part de titres dans le package qui n\u2019a fait l\u2019objet d\u2019aucun usage (les rapports COUNTER n\u2019incluent pas les titres pour lesquels les requ\u00eates sont nulles sur la p\u00e9riode analys\u00e9e). Pour effectuer ces croisements de liste, les colonnes ISSN, e-ISSN ou DOI des rapports TR_J3 peuvent \u00eatre utilis\u00e9es (parfois \u00e0 plusieurs, les donn\u00e9es n\u2019\u00e9tant pas toujours identiques aux fichiers re\u00e7us dans les contrats).<\/li>\n<\/ul>\n","protected":false},"excerpt":{"rendered":"<p>Ce rapport est d\u00e9di\u00e9 \u00e0 l\u2019usage des revues, ind\u00e9pendamment de leur type d\u2019acc\u00e8s. Comme le TR_J1, le TR_J3 est d\u00e9riv\u00e9 du Title Master Report, limit\u00e9 aux types de contenus \u00ab Journal \u00bb et \u00e0 la m\u00e9thode d\u2019acc\u00e8s \u00ab Regular \u00bb. Par contre, il n\u2019y a aucun filtre sur le type&#8230; <a href=\"https:\/\/services.lib.uliege.be\/alma\/e-resources\/statistiques-dusage-counter\/tr_j3-journal-usage-by-access-type\/\" class=\"readmore\">Lire l&#039;int\u00e9gralit\u00e9&#8230;<span class=\"screen-reader-text\">TR_J3\u00a0: Journal Usage by Access Type<\/span><span class=\"fa fa-angle-double-right\" aria-hidden=\"true\"><\/span><\/a><\/p>\n","protected":false},"author":3,"featured_media":0,"parent":6755,"menu_order":0,"comment_status":"closed","ping_status":"closed","template":"","meta":{"jetpack_post_was_ever_published":false,"footnotes":""},"class_list":["post-6777","page","type-page","status-publish","hentry"],"jetpack_sharing_enabled":true,"jetpack_shortlink":"https:\/\/wp.me\/P7rJUv-1Lj","_links":{"self":[{"href":"https:\/\/services.lib.uliege.be\/alma\/wp-json\/wp\/v2\/pages\/6777","targetHints":{"allow":["GET"]}}],"collection":[{"href":"https:\/\/services.lib.uliege.be\/alma\/wp-json\/wp\/v2\/pages"}],"about":[{"href":"https:\/\/services.lib.uliege.be\/alma\/wp-json\/wp\/v2\/types\/page"}],"author":[{"embeddable":true,"href":"https:\/\/services.lib.uliege.be\/alma\/wp-json\/wp\/v2\/users\/3"}],"replies":[{"embeddable":true,"href":"https:\/\/services.lib.uliege.be\/alma\/wp-json\/wp\/v2\/comments?post=6777"}],"version-history":[{"count":1,"href":"https:\/\/services.lib.uliege.be\/alma\/wp-json\/wp\/v2\/pages\/6777\/revisions"}],"predecessor-version":[{"id":6778,"href":"https:\/\/services.lib.uliege.be\/alma\/wp-json\/wp\/v2\/pages\/6777\/revisions\/6778"}],"up":[{"embeddable":true,"href":"https:\/\/services.lib.uliege.be\/alma\/wp-json\/wp\/v2\/pages\/6755"}],"wp:attachment":[{"href":"https:\/\/services.lib.uliege.be\/alma\/wp-json\/wp\/v2\/media?parent=6777"}],"curies":[{"name":"wp","href":"https:\/\/api.w.org\/{rel}","templated":true}]}}