{"id":6774,"date":"2024-08-02T09:31:04","date_gmt":"2024-08-02T07:31:04","guid":{"rendered":"https:\/\/services.lib.uliege.be\/alma\/?page_id=6774"},"modified":"2024-08-02T09:31:04","modified_gmt":"2024-08-02T07:31:04","slug":"tr_b3-book-usage-by-access-type","status":"publish","type":"page","link":"https:\/\/services.lib.uliege.be\/alma\/e-resources\/statistiques-dusage-counter\/tr_b3-book-usage-by-access-type\/","title":{"rendered":"TR_B3\u00a0: Book Usage by Access Type"},"content":{"rendered":"\n<p>Ce rapport est d\u00e9di\u00e9 \u00e0 l&rsquo;usage des e-books, ind\u00e9pendamment de leur type d&rsquo;acc\u00e8s. Comme le TR_B1, le TR_B3 est d\u00e9riv\u00e9 du Title Master Report, limit\u00e9 aux types de contenus \u00ab\u00a0Book\u00a0\u00bb et \u00e0 la m\u00e9thode d&rsquo;acc\u00e8s \u00ab\u00a0Regular\u00a0\u00bb. Par contre, il n&rsquo;y a aucun filtre sur le type d&rsquo;acc\u00e8s : le rapport contient donc les acc\u00e8s de type \u00ab\u00a0Controlled\u00a0\u00bb et \u00ab\u00a0OA\u00a0\u00bb, donnant une vue d&rsquo;ensemble de l&rsquo;usage des e-books d&rsquo;une m\u00eame plateforme, qu&rsquo;ils soient payants ou gratuits.<\/p>\n\n\n\n<h2 class=\"wp-block-heading\">Donn\u00e9es<\/h2>\n\n\n\n<p>Pour chaque titre, le rapport contient autant de lignes que de types d&rsquo;acc\u00e8s (OA et Controlled). Par ailleurs, autant de lignes sont cr\u00e9\u00e9es que de types de donn\u00e9es\u00a0:<\/p>\n\n\n\n<ul class=\"wp-block-list\">\n<li><strong>Total Item Requests<\/strong>\u00a0: le nombre de fois qu\u2019un usager a vu ou t\u00e9l\u00e9charg\u00e9 un \u00e9l\u00e9ment de contenu (chapitre, section) d\u2019un e-book. Ce chiffre est comparable aux anciennes donn\u00e9es BR2. Le chiffre est forc\u00e9ment tr\u00e8s d\u00e9pendant de la mani\u00e8re dont la plateforme propose l\u2019acc\u00e8s aux e-books (volume complet directement ou mis en \u00e9vidence vs. acc\u00e8s prioritairement aux chapitres). Le t\u00e9l\u00e9chargement d\u2019un livre complet d\u00e9clenche, comme dans le BR2, autant d\u2019usage que le total de ses chapitres\/sections.<\/li>\n\n\n\n<li><strong>Unique Title Requests<\/strong>\u00a0: cette nouvelle donn\u00e9e vise \u00e0 donner un chiffre comparable d\u2019usage, quelles que soient les fonctionnalit\u00e9s ou la structure d\u2019une plateforme. Il fournit le nombre de <strong>titres uniques <\/strong>demand\u00e9s (lus ou t\u00e9l\u00e9charg\u00e9s) <strong>par session d\u2019utilisateur<\/strong>. Si un usager t\u00e9l\u00e9charge un ouvrage complet, le compte est 1. S\u2019il t\u00e9l\u00e9charge 1 chapitre, le compte est 1. S\u2019il t\u00e9l\u00e9charge 3 chapitres du m\u00eame ouvrage, le compte demeure 1. La donn\u00e9e, plus fiable, est \u00e0 voir comme un \u00ab\u00a0minimum\u00a0\u00bb d\u2019usage d\u2019un ouvrage.<\/li>\n<\/ul>\n\n\n\n<p>Pour l\u2019analyse d\u2019usage des e-books, les \u00ab Unique Title Requests \u00bb sont recommand\u00e9s.<\/p>\n\n\n\n<p>Note : le rapport inclut aussi les donn\u00e9es li\u00e9es aux \u00ab\u00a0investigations\u00a0\u00bb (non abord\u00e9es ici car moins utilis\u00e9es).<\/p>\n\n\n\n<h2 class=\"wp-block-heading\">Points d&rsquo;attention<\/h2>\n\n\n\n<ul class=\"wp-block-list\">\n<li>Le rapport TR_B3 est mieux indiqu\u00e9 que le TR_B1 lorsqu&rsquo;il faut \u00e9valuer l\u2019usage de plateformes dont les contenus sont majoritairement gratuits ou en Open Access. Cela peut \u00eatre le cas de plateformes auxquelles nous souscrivons davantage sous la forme d\u2019un partenariat ou pour soutenir des initiatives en Open Access (mod\u00e8les <em>Freemium <\/em>ou S2O). Il vous permettra par ailleurs de v\u00e9rifier si l&rsquo;int\u00e9r\u00eat des utilisateurs porte davantage sur les contenus en Open Access ou aux contenus payants.<\/li>\n\n\n\n<li>Le chiffre obtenu pour chaque mois est \u00e0 voir comme un minimum : \u00ab\u00a0il y a au moins un \u00e9l\u00e9ment de contenu de cet ouvrage qui a \u00e9t\u00e9 consult\u00e9 ou t\u00e9l\u00e9charg\u00e9 lors d\u2019autant de sessions utilisateurs\u00a0\u00bb. Le t\u00e9l\u00e9chargement d\u2019un chapitre seul est en effet consid\u00e9r\u00e9 pareillement que le t\u00e9l\u00e9chargement du livre dans son ensemble (mais \u00e0 l\u2019inverse, les personnes qui t\u00e9l\u00e9chargent un e-book complet en lisent rarement l\u2019ensemble des chapitres).<\/li>\n\n\n\n<li>Pour chaque ouvrage, vous devrez donc additionner les lignes incluant les \u00ab\u00a0Unique Title Requests\u00a0\u00bb pour les acc\u00e8s de type \u00ab\u00a0Controlled\u00a0\u00bb et \u00ab\u00a0OA\u00a0\u00bb. Dans la plupart des cas toutefois, c&rsquo;est l&rsquo;ensemble du livre qui est disponible en Open Access ou payant. Il y a peu de cas d&rsquo;ouvrages dont quelques chapitres seulement seraient accessibles en Open Access (mais cela peut arriver puisque le choix revient parfois \u00e0 l&rsquo;auteur).<\/li>\n\n\n\n<li>Le TR_B3 inclut les usages de l\u2019ensemble des titres sur une m\u00eame plateforme. Si votre analyse porte sur une collection ou sous-collection particuli\u00e8re, il faudra donc croiser ces donn\u00e9es avec la liste de titres obtenue du fournisseur afin de cibler l\u2019usage r\u00e9el de cette collection uniquement (les colonnes ISBN, e-ISBN ou DOI peuvent \u00eatre utilis\u00e9es \u00e0 cette fin).<\/li>\n<\/ul>\n","protected":false},"excerpt":{"rendered":"<p>Ce rapport est d\u00e9di\u00e9 \u00e0 l&rsquo;usage des e-books, ind\u00e9pendamment de leur type d&rsquo;acc\u00e8s. Comme le TR_B1, le TR_B3 est d\u00e9riv\u00e9 du Title Master Report, limit\u00e9 aux types de contenus \u00ab\u00a0Book\u00a0\u00bb et \u00e0 la m\u00e9thode d&rsquo;acc\u00e8s \u00ab\u00a0Regular\u00a0\u00bb. Par contre, il n&rsquo;y a aucun filtre sur le type d&rsquo;acc\u00e8s : le rapport&#8230; <a href=\"https:\/\/services.lib.uliege.be\/alma\/e-resources\/statistiques-dusage-counter\/tr_b3-book-usage-by-access-type\/\" class=\"readmore\">Lire l&#039;int\u00e9gralit\u00e9&#8230;<span class=\"screen-reader-text\">TR_B3\u00a0: Book Usage by Access Type<\/span><span class=\"fa fa-angle-double-right\" aria-hidden=\"true\"><\/span><\/a><\/p>\n","protected":false},"author":3,"featured_media":0,"parent":6755,"menu_order":0,"comment_status":"closed","ping_status":"closed","template":"","meta":{"jetpack_post_was_ever_published":false,"footnotes":""},"class_list":["post-6774","page","type-page","status-publish","hentry"],"jetpack_sharing_enabled":true,"jetpack_shortlink":"https:\/\/wp.me\/P7rJUv-1Lg","_links":{"self":[{"href":"https:\/\/services.lib.uliege.be\/alma\/wp-json\/wp\/v2\/pages\/6774","targetHints":{"allow":["GET"]}}],"collection":[{"href":"https:\/\/services.lib.uliege.be\/alma\/wp-json\/wp\/v2\/pages"}],"about":[{"href":"https:\/\/services.lib.uliege.be\/alma\/wp-json\/wp\/v2\/types\/page"}],"author":[{"embeddable":true,"href":"https:\/\/services.lib.uliege.be\/alma\/wp-json\/wp\/v2\/users\/3"}],"replies":[{"embeddable":true,"href":"https:\/\/services.lib.uliege.be\/alma\/wp-json\/wp\/v2\/comments?post=6774"}],"version-history":[{"count":1,"href":"https:\/\/services.lib.uliege.be\/alma\/wp-json\/wp\/v2\/pages\/6774\/revisions"}],"predecessor-version":[{"id":6775,"href":"https:\/\/services.lib.uliege.be\/alma\/wp-json\/wp\/v2\/pages\/6774\/revisions\/6775"}],"up":[{"embeddable":true,"href":"https:\/\/services.lib.uliege.be\/alma\/wp-json\/wp\/v2\/pages\/6755"}],"wp:attachment":[{"href":"https:\/\/services.lib.uliege.be\/alma\/wp-json\/wp\/v2\/media?parent=6774"}],"curies":[{"name":"wp","href":"https:\/\/api.w.org\/{rel}","templated":true}]}}