{"id":6770,"date":"2024-08-02T09:16:28","date_gmt":"2024-08-02T07:16:28","guid":{"rendered":"https:\/\/services.lib.uliege.be\/alma\/?page_id=6770"},"modified":"2024-08-02T09:18:39","modified_gmt":"2024-08-02T07:18:39","slug":"dr_d1-database-search-and-item-usage","status":"publish","type":"page","link":"https:\/\/services.lib.uliege.be\/alma\/e-resources\/statistiques-dusage-counter\/dr_d1-database-search-and-item-usage\/","title":{"rendered":"DR_D1\u00a0: Database Search and Item Usage"},"content":{"rendered":"\n<p>Ce rapport est le rapport standard pour \u00e9valuer l&rsquo;usage des bases de donn\u00e9es, similaire \u00e0 l\u2019ancien DB1.<\/p>\n\n\n\n<p>Il constitue un rapport d\u00e9riv\u00e9 du rapport Database Master Report, limitant ses donn\u00e9es \u00e0 la m\u00e9thode d\u2019acc\u00e8s (Access_Method) de type \u00ab\u00a0Regular\u00a0\u00bb<a href=\"#_ftn1\" id=\"_ftnref1\">[1]<\/a>.<\/p>\n\n\n\n<h2 class=\"wp-block-heading\">Donn\u00e9es<\/h2>\n\n\n\n<p>Le rapport cible jusqu\u2019\u00e0 5 types de donn\u00e9es (selon les fonctionnalit\u00e9s et contenus disponibles dans la base de donn\u00e9es).<\/p>\n\n\n\n<p>Les trois premi\u00e8res sont relatives aux recherches effectu\u00e9es dans les bases de donn\u00e9es : <\/p>\n\n\n\n<ul class=\"wp-block-list\">\n<li><strong>Searches Automated\u00a0<\/strong>: \u201cSearches conducted on the host site or discovery service where results are returned in the host UI and multiple databases are searched <strong>without user selection of databases<\/strong>. This metric only applies to usage that is tracked at the database level and is not represented at the platform level.\u201d <em>La donn\u00e9e inclurait donc les recherches effectu\u00e9es par un utilisateur sans que celui-ci ait consciemment s\u00e9lectionn\u00e9 une ou plusieurs base(s) de donn\u00e9es sur la plateforme.<\/em><\/li>\n\n\n\n<li><strong>Searches Federated<\/strong>\u00a0: \u201cSearches conducted by a federated search engine where the search activity is conducted remotely via client-server technology. This metric only applies to usage that is tracked at the database level and is not represented at the platform level.\u201d <em>Cette donn\u00e9e est vide presque syst\u00e9matiquement, dans nos rapports.<\/em><\/li>\n\n\n\n<li><strong>Searches Regular<\/strong>\u00a0: \u201cNumber of searches conducted against a user-selected database where results are returned to the user on the host UI. The user is responsible for selecting the databases or set of databases to be searched. This metric only applies to usage tracked at the database level and is not represented at the platform level.\u201d <em>La donn\u00e9e inclurait donc les recherches effectu\u00e9es par un utilisateur qui a consciemment s\u00e9lectionn\u00e9 une ou plusieurs base(s) de donn\u00e9es sur la plateforme.<\/em><\/li>\n<\/ul>\n\n\n\n<p>Lorsqu&rsquo;ils sont disponibles pour une m\u00eame base de donn\u00e9es, les chiffres obtenus en tant que \u00ab\u00a0Searches_Automated\u00a0\u00bb et \u00ab\u00a0Searches_Regular\u00a0\u00bb, compl\u00e9mentaires, seraient donc \u00e0 additionner. Seules les \u00ab\u00a0Searches_Regular\u00a0\u00bb refl\u00e8tent toutefois un choix de l&rsquo;utilisateur pour une base de donn\u00e9es sp\u00e9cifique.<\/p>\n\n\n\n<p>La limite de d\u00e9finition entre ces deux types de donn\u00e9es est laiss\u00e9e \u00e0 l&rsquo;appr\u00e9ciation des fournisseurs. Pendant un temps, ProQuest a par exemple consid\u00e9r\u00e9 que les utilisateurs r\u00e9alisant une recherche dans \u00ab\u00a0toutes\u00a0\u00bb les bases de donn\u00e9es de la plateforme d\u00e9clenchaient des \u00ab\u00a0Searches_Automated\u00a0\u00bb. Ces deux derni\u00e8res ann\u00e9es, ils ont adopt\u00e9 l&rsquo;optique inverse : les recherches dans \u00ab\u00a0toutes\u00a0\u00bb les bases de donn\u00e9es de la plateforme sont consid\u00e9r\u00e9es comme des \u00ab\u00a0Searches_Regular\u00a0\u00bb (o\u00f9 l&rsquo;utilisateur aurait donc choisi consciemment toutes les bases). <\/p>\n\n\n\n<p>Deux types de donn\u00e9es s&rsquo;ajoutent \u00e9galement pour refl\u00e9ter l&rsquo;usage des contenus (et particuli\u00e8rement des contenus disponibles en texte int\u00e9gral, lorsque la base de donn\u00e9es le propose) :<\/p>\n\n\n\n<ul class=\"wp-block-list\">\n<li><strong>Total Item Investigations<\/strong>\u00a0: nombre total d\u2019investigations effectu\u00e9es par les utilisateurs dans la base de donn\u00e9es (voir le r\u00e9sum\u00e9 d&rsquo;une r\u00e9f\u00e9rence, les r\u00e9f\u00e9rences cit\u00e9es, utiliser le r\u00e9solveur de lien ou un formulaire de PIB, voir l\u2019article en pr\u00e9visualisation, en plus des \u00ab\u00a0Requests\u00a0\u00bb (acc\u00e8s au PDF, HTML ou autres contenus)). <\/li>\n\n\n\n<li><strong>Total Item Requests<\/strong>\u00a0: nombre total de requests enregistr\u00e9es dans la base de donn\u00e9es (acc\u00e8s au texte int\u00e9gral en HTML, PDF, visualisation de contenus).<\/li>\n<\/ul>\n\n\n\n<p>Ces deux types de donn\u00e9es n&rsquo;\u00e9taient pas incluses dans les rapports DR1 (COUNTER 4). Or, certaines bases de donn\u00e9es avec texte int\u00e9gral sont davantage utilis\u00e9es pour l&rsquo;acc\u00e8s aux contenus disponibles que pour leurs fonctionnalit\u00e9s de recherche en tant que telles.<\/p>\n\n\n\n<h2 class=\"wp-block-heading\">Points d&rsquo;attention<\/h2>\n\n\n\n<ul class=\"wp-block-list\">\n<li>Dans les rapports COUNTER, la notion de \u00ab\u00a0base de donn\u00e9es\u00a0\u00bb est diff\u00e9rente de la notion de \u00ab\u00a0plateforme\u00a0\u00bb. Une plateforme (ex. : EbscoHost, ProQuest, Ovid, Scopus&#8230;) peut h\u00e9berger de une (ex. : Scopus) \u00e0 plusieurs bases de donn\u00e9es (ex. : ensemble des bases de donn\u00e9es Ebsco ou ProQuest sur les plateformes des deux fournisseurs). Dans le rapport DR_D1 disponible pour <span style=\"text-decoration: underline;\">une<\/span> plateforme, les bases de donn\u00e9es sont distingu\u00e9es dans la colonne \u00ab\u00a0Titre\u00a0\u00bb. Ex. : il faut donc d&rsquo;abord rechercher le rapport DR_D1 pour la plateforme \u00ab\u00a0EbscoHost\u00a0\u00bb avant d&rsquo;y trouver, dans la colonne titre, les donn\u00e9es sp\u00e9cifiques \u00e0 la base de donn\u00e9es \u00ab\u00a0Historical Abstracts\u00a0\u00bb.<\/li>\n\n\n\n<li>Comme d\u00e9j\u00e0 indiqu\u00e9, lorsqu&rsquo;il y en a, les \u00ab\u00a0Searches_Regular\u00a0\u00bb sont \u00e0 prendre en compte en priorit\u00e9. On peut leur additionner les \u00ab\u00a0Searches_Automated\u00a0\u00bb.<\/li>\n\n\n\n<li>Malheureusement, pour les acc\u00e8s au full text, l&rsquo;indicateur inclus est le \u00ab\u00a0Total Item Requests\u00a0\u00bb (et non les \u00ab\u00a0Unique Item Requests\u00a0\u00bb. Cette donn\u00e9e inclut tous les acc\u00e8s aux \u00e9l\u00e9ments de contenus, non d\u00e9doublonn\u00e9s par session utilisateur. Si un utilisateur a consult\u00e9 un article en ligne avant de le t\u00e9l\u00e9charger en PDF, le d\u00e9compte est de 2.<\/li>\n\n\n\n<li>Certaines plateformes proposent une arborescence de bases de donn\u00e9es (ex. : ProQuest propose des bases de donn\u00e9es qui, elles-m\u00eames, sont subdivis\u00e9es en plusieurs bases distinctes). Dans ces cas-l\u00e0, il convient de <strong>ne pas additionner<\/strong> les usages des diff\u00e9rentes parties : ceux-ci se recoupent en effet fortement (d\u00e8s qu&rsquo;un utilisateur effectue une recherche dans un des ensembles, il d\u00e9clenche \u00e9galement le compteur de chacune des bases de donn\u00e9es de premier niveau).<\/li>\n<\/ul>\n\n\n\n<hr class=\"wp-block-separator has-alpha-channel-opacity\"\/>\n\n\n\n<p><a href=\"#_ftnref1\" id=\"_ftn1\">[1]<\/a> Par opposition \u00e0 la m\u00e9thode d\u2019acc\u00e8s \u00ab&nbsp;TDM&nbsp;\u00bb pour <em>Text and Data Mining<\/em> visant les usages de la BDD par le biais d\u2019API pour acc\u00e9der aux contenus et m\u00e9tadonn\u00e9es.<\/p>\n","protected":false},"excerpt":{"rendered":"<p>Ce rapport est le rapport standard pour \u00e9valuer l&rsquo;usage des bases de donn\u00e9es, similaire \u00e0 l\u2019ancien DB1. Il constitue un rapport d\u00e9riv\u00e9 du rapport Database Master Report, limitant ses donn\u00e9es \u00e0 la m\u00e9thode d\u2019acc\u00e8s (Access_Method) de type \u00ab\u00a0Regular\u00a0\u00bb[1]. Donn\u00e9es Le rapport cible jusqu\u2019\u00e0 5 types de donn\u00e9es (selon les fonctionnalit\u00e9s&#8230; <a href=\"https:\/\/services.lib.uliege.be\/alma\/e-resources\/statistiques-dusage-counter\/dr_d1-database-search-and-item-usage\/\" class=\"readmore\">Lire l&#039;int\u00e9gralit\u00e9&#8230;<span class=\"screen-reader-text\">DR_D1\u00a0: Database Search and Item Usage<\/span><span class=\"fa fa-angle-double-right\" aria-hidden=\"true\"><\/span><\/a><\/p>\n","protected":false},"author":3,"featured_media":0,"parent":6755,"menu_order":0,"comment_status":"closed","ping_status":"closed","template":"","meta":{"jetpack_post_was_ever_published":false,"footnotes":""},"class_list":["post-6770","page","type-page","status-publish","hentry"],"jetpack_sharing_enabled":true,"jetpack_shortlink":"https:\/\/wp.me\/P7rJUv-1Lc","_links":{"self":[{"href":"https:\/\/services.lib.uliege.be\/alma\/wp-json\/wp\/v2\/pages\/6770","targetHints":{"allow":["GET"]}}],"collection":[{"href":"https:\/\/services.lib.uliege.be\/alma\/wp-json\/wp\/v2\/pages"}],"about":[{"href":"https:\/\/services.lib.uliege.be\/alma\/wp-json\/wp\/v2\/types\/page"}],"author":[{"embeddable":true,"href":"https:\/\/services.lib.uliege.be\/alma\/wp-json\/wp\/v2\/users\/3"}],"replies":[{"embeddable":true,"href":"https:\/\/services.lib.uliege.be\/alma\/wp-json\/wp\/v2\/comments?post=6770"}],"version-history":[{"count":3,"href":"https:\/\/services.lib.uliege.be\/alma\/wp-json\/wp\/v2\/pages\/6770\/revisions"}],"predecessor-version":[{"id":6773,"href":"https:\/\/services.lib.uliege.be\/alma\/wp-json\/wp\/v2\/pages\/6770\/revisions\/6773"}],"up":[{"embeddable":true,"href":"https:\/\/services.lib.uliege.be\/alma\/wp-json\/wp\/v2\/pages\/6755"}],"wp:attachment":[{"href":"https:\/\/services.lib.uliege.be\/alma\/wp-json\/wp\/v2\/media?parent=6770"}],"curies":[{"name":"wp","href":"https:\/\/api.w.org\/{rel}","templated":true}]}}