{"id":6755,"date":"2024-07-15T15:34:32","date_gmt":"2024-07-15T13:34:32","guid":{"rendered":"https:\/\/services.lib.uliege.be\/alma\/?page_id=6755"},"modified":"2025-06-12T10:13:10","modified_gmt":"2025-06-12T08:13:10","slug":"statistiques-dusage-counter","status":"publish","type":"page","link":"https:\/\/services.lib.uliege.be\/alma\/e-resources\/statistiques-dusage-counter\/","title":{"rendered":"Statistiques d&rsquo;usage COUNTER"},"content":{"rendered":"\n<h2 class=\"wp-block-heading\">Support<\/h2>\n\n\n\n<p>Une formation aux statistiques d&rsquo;usage COUNTER a \u00e9t\u00e9 donn\u00e9e en mai et juin 2024. Le support de cette formation est disponible ci-dessous. L&rsquo;essentiel des contenus \u00e9tait tir\u00e9 d&rsquo;un document plus complet et tr\u00e8s clair&nbsp;:<\/p>\n\n\n\n<p>Mellins-Cohen, T. (2018). <em>Guide pratique de la version 5 pour les biblioth\u00e8ques <\/em>(Traduit par le R\u00e9seau canadien de documentation pour la recherche (RCDR)).<\/p>\n\n\n\n<p>Des fiches techniques par rapport sont \u00e9galement disponibles, via le menu de droite (<a href=\"https:\/\/services.lib.uliege.be\/alma\/e-resources\/statistiques-dusage-counter\/tr_j1-journal-requests-excluding-oa-gold\/\" data-type=\"page\" data-id=\"6764\">TR_J1<\/a>, <a href=\"https:\/\/services.lib.uliege.be\/alma\/e-resources\/statistiques-dusage-counter\/tr_j3-journal-usage-by-access-type\/\" data-type=\"page\" data-id=\"6777\">TR_J3<\/a>, <a href=\"https:\/\/services.lib.uliege.be\/alma\/e-resources\/statistiques-dusage-counter\/tr_b1-book-requests-excluding-oa_gold\/\" data-type=\"page\" data-id=\"6766\">TR_B1<\/a>, <a href=\"https:\/\/services.lib.uliege.be\/alma\/e-resources\/statistiques-dusage-counter\/tr_b3-book-usage-by-access-type\/\" data-type=\"page\" data-id=\"6774\">TR_B3<\/a>, <a href=\"https:\/\/services.lib.uliege.be\/alma\/e-resources\/statistiques-dusage-counter\/dr_d1-database-search-and-item-usage\/\" data-type=\"page\" data-id=\"6770\">DR_D1<\/a>, <a href=\"https:\/\/services.lib.uliege.be\/alma\/e-resources\/statistiques-dusage-counter\/tr_b2-tr_j2-access-denied\/\" data-type=\"page\" data-id=\"6779\">TR_J2 et TR_B2<\/a>).<\/p>\n\n\n\n<div data-wp-interactive=\"core\/file\" class=\"wp-block-file\"><object data-wp-bind--hidden=\"!state.hasPdfPreview\" hidden class=\"wp-block-file__embed\" data=\"https:\/\/services.lib.uliege.be\/alma\/wp-content\/uploads\/2024\/07\/Statistiques-COUNTER.pdf\" type=\"application\/pdf\" style=\"width:100%;height:600px\" aria-label=\"Contenu embarqu\u00e9 Statistiques COUNTER.\"><\/object><a id=\"wp-block-file--media-a82f7257-fc44-46e3-85f5-ee6086f73a98\" href=\"https:\/\/services.lib.uliege.be\/alma\/wp-content\/uploads\/2024\/07\/Statistiques-COUNTER.pdf\">Statistiques COUNTER<\/a><a href=\"https:\/\/services.lib.uliege.be\/alma\/wp-content\/uploads\/2024\/07\/Statistiques-COUNTER.pdf\" class=\"wp-block-file__button wp-element-button\" download aria-describedby=\"wp-block-file--media-a82f7257-fc44-46e3-85f5-ee6086f73a98\">T\u00e9l\u00e9charger<\/a><\/div>\n","protected":false},"excerpt":{"rendered":"<p>Support Une formation aux statistiques d&rsquo;usage COUNTER a \u00e9t\u00e9 donn\u00e9e en mai et juin 2024. Le support de cette formation est disponible ci-dessous. L&rsquo;essentiel des contenus \u00e9tait tir\u00e9 d&rsquo;un document plus complet et tr\u00e8s clair&nbsp;: Mellins-Cohen, T. (2018). Guide pratique de la version 5 pour les biblioth\u00e8ques (Traduit par le&#8230; <a href=\"https:\/\/services.lib.uliege.be\/alma\/e-resources\/statistiques-dusage-counter\/\" class=\"readmore\">Lire l&#039;int\u00e9gralit\u00e9&#8230;<span class=\"screen-reader-text\">Statistiques d&rsquo;usage COUNTER<\/span><span class=\"fa fa-angle-double-right\" aria-hidden=\"true\"><\/span><\/a><\/p>\n","protected":false},"author":3,"featured_media":0,"parent":18,"menu_order":5,"comment_status":"closed","ping_status":"closed","template":"","meta":{"jetpack_post_was_ever_published":false,"footnotes":""},"class_list":["post-6755","page","type-page","status-publish","hentry"],"jetpack_sharing_enabled":true,"jetpack_shortlink":"https:\/\/wp.me\/P7rJUv-1KX","_links":{"self":[{"href":"https:\/\/services.lib.uliege.be\/alma\/wp-json\/wp\/v2\/pages\/6755","targetHints":{"allow":["GET"]}}],"collection":[{"href":"https:\/\/services.lib.uliege.be\/alma\/wp-json\/wp\/v2\/pages"}],"about":[{"href":"https:\/\/services.lib.uliege.be\/alma\/wp-json\/wp\/v2\/types\/page"}],"author":[{"embeddable":true,"href":"https:\/\/services.lib.uliege.be\/alma\/wp-json\/wp\/v2\/users\/3"}],"replies":[{"embeddable":true,"href":"https:\/\/services.lib.uliege.be\/alma\/wp-json\/wp\/v2\/comments?post=6755"}],"version-history":[{"count":7,"href":"https:\/\/services.lib.uliege.be\/alma\/wp-json\/wp\/v2\/pages\/6755\/revisions"}],"predecessor-version":[{"id":6886,"href":"https:\/\/services.lib.uliege.be\/alma\/wp-json\/wp\/v2\/pages\/6755\/revisions\/6886"}],"up":[{"embeddable":true,"href":"https:\/\/services.lib.uliege.be\/alma\/wp-json\/wp\/v2\/pages\/18"}],"wp:attachment":[{"href":"https:\/\/services.lib.uliege.be\/alma\/wp-json\/wp\/v2\/media?parent=6755"}],"curies":[{"name":"wp","href":"https:\/\/api.w.org\/{rel}","templated":true}]}}