{"id":5843,"date":"2021-01-19T09:25:34","date_gmt":"2021-01-19T08:25:34","guid":{"rendered":"http:\/\/app.lib.uliege.be\/alma\/?page_id=5843"},"modified":"2021-01-21T11:15:59","modified_gmt":"2021-01-21T10:15:59","slug":"analyse-des-principaux-modeles-dacquisition","status":"publish","type":"page","link":"https:\/\/services.lib.uliege.be\/alma\/ebooks\/analyse-des-principaux-modeles-dacquisition\/","title":{"rendered":"3. Analyse des principaux mod\u00e8les d\u2019acquisition"},"content":{"rendered":"\n<p>La mise en place de structures sp\u00e9cifiques d\u2019acc\u00e8s \u00e0 des ebooks pour les institutions peut \u00eatre techniquement complexe et fastidieuse pour les maisons d\u2019\u00e9dition, surtout si ces acc\u00e8s sont d\u00e9clin\u00e9s selon diff\u00e9rents mod\u00e8les \u00e9conomiques.<\/p>\n\n\n\n<p>C\u2019est une des raisons plus que probable pour laquelle les plus petites structures et maisons d\u2019\u00e9dition ne proposent pas de version ebooks de leurs catalogues, ou le font uniquement via des agr\u00e9gateurs (par ex. Proquest ou EBSCO) &#8211; lesquels fournissent les services d\u2019acc\u00e8s, de statistiques, et de gestion des DRM.<\/p>\n\n\n\n<p>Les mod\u00e8les bri\u00e8vement d\u00e9crits ci-dessous sont donc principalement disponibles chez les \u00e9diteurs commerciaux et agr\u00e9gateurs importants.<\/p>\n\n\n\n<ul class=\"wp-block-list\"><li><a rel=\"noreferrer noopener\" href=\"https:\/\/services.lib.uliege.be\/alma\/ebooks\/analyse-des-principaux-modeles-dacquisition\/3-1-abonnement-souscription\/\" data-type=\"page\" data-id=\"5929\" target=\"_blank\">3<\/a><a href=\"https:\/\/services.lib.uliege.be\/alma\/ebooks\/analyse-des-principaux-modeles-dacquisition\/3-1-abonnement-souscription\/\" data-type=\"page\" data-id=\"5929\">.1. Abonnement\/souscription<\/a><\/li><li><a href=\"https:\/\/services.lib.uliege.be\/alma\/ebooks\/analyse-des-principaux-modeles-dacquisition\/3-2-eba-evidence-based-acquisition-ou-dda-demand-driven-acquisition\/\" data-type=\"page\" data-id=\"5938\">3.2. EBA (Evidence-based acquisition) ou DDA (Demand-driven acquisition)<\/a><\/li><li><a href=\"https:\/\/services.lib.uliege.be\/alma\/ebooks\/analyse-des-principaux-modeles-dacquisition\/3-3-achat-a-la-piece-avec-drm\/\" data-type=\"page\" data-id=\"5948\">3.3. Achat \u00e0 la pi\u00e8ce avec DRM<\/a><\/li><li><a href=\"https:\/\/services.lib.uliege.be\/alma\/ebooks\/analyse-des-principaux-modeles-dacquisition\/3-4-achat-perenne-a-la-piece-sans-drm\/\" data-type=\"page\" data-id=\"5956\">3.4. Achat p\u00e9renne \u00e0 la pi\u00e8ce sans DRM<\/a><\/li><li><a href=\"https:\/\/services.lib.uliege.be\/alma\/ebooks\/analyse-des-principaux-modeles-dacquisition\/3-5-achat-perenne-de-collections-portfolios\/\" data-type=\"page\" data-id=\"5962\">3.5. Achat p\u00e9renne de collections\/portfolios<\/a><\/li><\/ul>\n\n\n\n<p class=\"has-text-align-left\" style=\"font-size:12px\">Mise \u00e0 jour : 21 janvier 2021<\/p>\n","protected":false},"excerpt":{"rendered":"<p>La mise en place de structures sp\u00e9cifiques d\u2019acc\u00e8s \u00e0 des ebooks pour les institutions peut \u00eatre techniquement complexe et fastidieuse pour les maisons d\u2019\u00e9dition, surtout si ces acc\u00e8s sont d\u00e9clin\u00e9s selon diff\u00e9rents mod\u00e8les \u00e9conomiques. C\u2019est une des raisons plus que probable pour laquelle les plus petites structures et maisons d\u2019\u00e9dition&#8230; <a href=\"https:\/\/services.lib.uliege.be\/alma\/ebooks\/analyse-des-principaux-modeles-dacquisition\/\" class=\"readmore\">Lire l&#039;int\u00e9gralit\u00e9&#8230;<span class=\"screen-reader-text\">3. Analyse des principaux mod\u00e8les d\u2019acquisition<\/span><span class=\"fa fa-angle-double-right\" aria-hidden=\"true\"><\/span><\/a><\/p>\n","protected":false},"author":5,"featured_media":0,"parent":5837,"menu_order":3,"comment_status":"closed","ping_status":"closed","template":"","meta":{"jetpack_post_was_ever_published":false,"footnotes":""},"class_list":["post-5843","page","type-page","status-publish","hentry"],"jetpack_sharing_enabled":true,"jetpack_shortlink":"https:\/\/wp.me\/P7rJUv-1wf","_links":{"self":[{"href":"https:\/\/services.lib.uliege.be\/alma\/wp-json\/wp\/v2\/pages\/5843","targetHints":{"allow":["GET"]}}],"collection":[{"href":"https:\/\/services.lib.uliege.be\/alma\/wp-json\/wp\/v2\/pages"}],"about":[{"href":"https:\/\/services.lib.uliege.be\/alma\/wp-json\/wp\/v2\/types\/page"}],"author":[{"embeddable":true,"href":"https:\/\/services.lib.uliege.be\/alma\/wp-json\/wp\/v2\/users\/5"}],"replies":[{"embeddable":true,"href":"https:\/\/services.lib.uliege.be\/alma\/wp-json\/wp\/v2\/comments?post=5843"}],"version-history":[{"count":22,"href":"https:\/\/services.lib.uliege.be\/alma\/wp-json\/wp\/v2\/pages\/5843\/revisions"}],"predecessor-version":[{"id":5969,"href":"https:\/\/services.lib.uliege.be\/alma\/wp-json\/wp\/v2\/pages\/5843\/revisions\/5969"}],"up":[{"embeddable":true,"href":"https:\/\/services.lib.uliege.be\/alma\/wp-json\/wp\/v2\/pages\/5837"}],"wp:attachment":[{"href":"https:\/\/services.lib.uliege.be\/alma\/wp-json\/wp\/v2\/media?parent=5843"}],"curies":[{"name":"wp","href":"https:\/\/api.w.org\/{rel}","templated":true}]}}