{"id":5841,"date":"2021-01-19T09:25:03","date_gmt":"2021-01-19T08:25:03","guid":{"rendered":"http:\/\/app.lib.uliege.be\/alma\/?page_id=5841"},"modified":"2021-01-21T10:44:07","modified_gmt":"2021-01-21T09:44:07","slug":"drm-digital-management-rights","status":"publish","type":"page","link":"https:\/\/services.lib.uliege.be\/alma\/ebooks\/drm-digital-management-rights\/","title":{"rendered":"2. DRM &#8211; Digital Management Rights"},"content":{"rendered":"\n<p>Pour bien comprendre les limites des mod\u00e8les d&rsquo;acquisition d\u2019ebooks, la notion de DRM est importante.<\/p>\n\n\n\n<p>Les DRM (Digital Management Rights) sont des droits de gestion num\u00e9riques impos\u00e9s par les \u00e9diteurs ou agr\u00e9gateurs qui limitent les possibilit\u00e9s:<\/p>\n\n\n\n<ul class=\"wp-block-list\"><li>de lecture et\/ou de t\u00e9l\u00e9chargements ;<\/li><li>d\u2019impression ;<\/li><li>d\u2019utilisation simultan\u00e9e par plusieurs usagers.<\/li><\/ul>\n\n\n\n<p>Il est parfois question de \u201cSocial-DRM\u201d. Ce libell\u00e9 signifie que les ebooks sont estampill\u00e9s d\u2019un filigrane lors du t\u00e9l\u00e9chargement, lequel peut contenir des informations sur la plateforme ou acc\u00e8s utilis\u00e9 lors du t\u00e9l\u00e9chargement.&nbsp;<\/p>\n\n\n\n<p>Ce filigrane (ou Social-DRM) ne limite PAS les possibilit\u00e9s de t\u00e9l\u00e9chargement; il a pour objectif de dissuader l\u2019usager de diss\u00e9miner\/partager le fichier.<\/p>\n\n\n\n<p style=\"font-size:12px\">Mise \u00e0 jour : 21 janvier 2021<\/p>\n\n\n\n<p class=\"has-text-align-right\">Poursuivre : <a href=\"https:\/\/services.lib.uliege.be\/alma\/ebooks\/analyse-des-principaux-modeles-dacquisition\/\">3. Analyse des principaux mod\u00e8les d\u2019acquisition<\/a><\/p>\n","protected":false},"excerpt":{"rendered":"<p>Pour bien comprendre les limites des mod\u00e8les d&rsquo;acquisition d\u2019ebooks, la notion de DRM est importante. Les DRM (Digital Management Rights) sont des droits de gestion num\u00e9riques impos\u00e9s par les \u00e9diteurs ou agr\u00e9gateurs qui limitent les possibilit\u00e9s: de lecture et\/ou de t\u00e9l\u00e9chargements ; d\u2019impression ; d\u2019utilisation simultan\u00e9e par plusieurs usagers. Il&#8230; <a href=\"https:\/\/services.lib.uliege.be\/alma\/ebooks\/drm-digital-management-rights\/\" class=\"readmore\">Lire l&#039;int\u00e9gralit\u00e9&#8230;<span class=\"screen-reader-text\">2. DRM &#8211; Digital Management Rights<\/span><span class=\"fa fa-angle-double-right\" aria-hidden=\"true\"><\/span><\/a><\/p>\n","protected":false},"author":5,"featured_media":0,"parent":5837,"menu_order":2,"comment_status":"closed","ping_status":"closed","template":"","meta":{"jetpack_post_was_ever_published":false,"footnotes":""},"class_list":["post-5841","page","type-page","status-publish","hentry"],"jetpack_sharing_enabled":true,"jetpack_shortlink":"https:\/\/wp.me\/P7rJUv-1wd","_links":{"self":[{"href":"https:\/\/services.lib.uliege.be\/alma\/wp-json\/wp\/v2\/pages\/5841","targetHints":{"allow":["GET"]}}],"collection":[{"href":"https:\/\/services.lib.uliege.be\/alma\/wp-json\/wp\/v2\/pages"}],"about":[{"href":"https:\/\/services.lib.uliege.be\/alma\/wp-json\/wp\/v2\/types\/page"}],"author":[{"embeddable":true,"href":"https:\/\/services.lib.uliege.be\/alma\/wp-json\/wp\/v2\/users\/5"}],"replies":[{"embeddable":true,"href":"https:\/\/services.lib.uliege.be\/alma\/wp-json\/wp\/v2\/comments?post=5841"}],"version-history":[{"count":4,"href":"https:\/\/services.lib.uliege.be\/alma\/wp-json\/wp\/v2\/pages\/5841\/revisions"}],"predecessor-version":[{"id":5928,"href":"https:\/\/services.lib.uliege.be\/alma\/wp-json\/wp\/v2\/pages\/5841\/revisions\/5928"}],"up":[{"embeddable":true,"href":"https:\/\/services.lib.uliege.be\/alma\/wp-json\/wp\/v2\/pages\/5837"}],"wp:attachment":[{"href":"https:\/\/services.lib.uliege.be\/alma\/wp-json\/wp\/v2\/media?parent=5841"}],"curies":[{"name":"wp","href":"https:\/\/api.w.org\/{rel}","templated":true}]}}