{"id":5837,"date":"2021-01-19T09:23:47","date_gmt":"2021-01-19T08:23:47","guid":{"rendered":"http:\/\/app.lib.uliege.be\/alma\/?page_id=5837"},"modified":"2024-08-02T10:21:18","modified_gmt":"2024-08-02T08:21:18","slug":"ebooks","status":"publish","type":"page","link":"https:\/\/services.lib.uliege.be\/alma\/ebooks\/","title":{"rendered":"Ebooks: Mod\u00e8les, acquisitions et statistiques d\u2019usage"},"content":{"rendered":"\n<h3 class=\"wp-block-heading\">1. Introduction<\/h3>\n\n\n\n<p>Les prix des ebooks g\u00e9n\u00e9ralement affich\u00e9s sur les sites d&rsquo;\u00e9diteurs ou plateformes de type Amazon, Fnac etc. ne sont <strong>PAS <\/strong>des prix institutionnels. Ce sont des prix pour l&rsquo;achat d&rsquo;une unique copie de l&rsquo;ebook, et donc pour un seul usager.<\/p>\n\n\n\n<p>Cette logique d\u2019achat ne peut donc pas s&rsquo;appliquer pour les biblioth\u00e8ques. N\u00e9anmoins, les \u00e9diteurs ont mis en place diff\u00e9rents mod\u00e8les d&rsquo;acquisition en mati\u00e8re d&rsquo;ebooks pour les institutions comme les biblioth\u00e8ques&nbsp; universitaires. Cependant, les conditions de ces mod\u00e8les peuvent varier grandement d\u2019un \u00e9diteur\/agr\u00e9gateur \u00e0 un autre.&nbsp;<\/p>\n\n\n\n<p>Afin de pouvoir envisager les bases d\u2019un d\u00e9veloppement d\u2019une politique d\u2019acquisition d\u2019ebooks, le pr\u00e9sent guide:<\/p>\n\n\n\n<ul class=\"wp-block-list\">\n<li>pr\u00e9sente <a href=\"https:\/\/services.lib.uliege.be\/alma\/ebooks\/analyse-des-principaux-modeles-dacquisition\/\">les conditions et sp\u00e9cificit\u00e9s des principaux mod\u00e8les d&rsquo;acquisition<\/a> d\u2019ebooks existants ;<\/li>\n\n\n\n<li>rassemble les informations pratiques relatives aux accords mis en place par ULi\u00e8ge Library pour un des mod\u00e8les actuellement privil\u00e9gi\u00e9s au sein des implantations et secteurs, \u00e0 savoir <a href=\"https:\/\/services.lib.uliege.be\/alma\/ebooks\/accords-et-possibilites-dachat-perenne-a-la-piece-sans-drm\/\">l\u2019acquisition p\u00e9renne d\u2019ebooks \u00e0 la pi\u00e8ce sans DRM<\/a> (mais <a href=\"https:\/\/services.lib.uliege.be\/alma\/ebooks\/drm-digital-management-rights\/\">qu&rsquo;est-ce que les DRM<\/a>?).<\/li>\n<\/ul>\n\n\n\n<p style=\"font-size:12px\">Mise \u00e0 jour : 21 janvier 2021<\/p>\n\n\n\n<p class=\"has-text-align-right\">Poursuivre : <a href=\"https:\/\/services.lib.uliege.be\/alma\/ebooks\/drm-digital-management-rights\/\">2. DRM &#8211; Digital Management Rights<\/a><\/p>\n","protected":false},"excerpt":{"rendered":"<p>1. Introduction Les prix des ebooks g\u00e9n\u00e9ralement affich\u00e9s sur les sites d&rsquo;\u00e9diteurs ou plateformes de type Amazon, Fnac etc. ne sont PAS des prix institutionnels. Ce sont des prix pour l&rsquo;achat d&rsquo;une unique copie de l&rsquo;ebook, et donc pour un seul usager. Cette logique d\u2019achat ne peut donc pas s&rsquo;appliquer&#8230; <a href=\"https:\/\/services.lib.uliege.be\/alma\/ebooks\/\" class=\"readmore\">Lire l&#039;int\u00e9gralit\u00e9&#8230;<span class=\"screen-reader-text\">Ebooks: Mod\u00e8les, acquisitions et statistiques d\u2019usage<\/span><span class=\"fa fa-angle-double-right\" aria-hidden=\"true\"><\/span><\/a><\/p>\n","protected":false},"author":5,"featured_media":0,"parent":0,"menu_order":0,"comment_status":"closed","ping_status":"closed","template":"","meta":{"jetpack_post_was_ever_published":false,"footnotes":""},"class_list":["post-5837","page","type-page","status-publish","hentry"],"jetpack_sharing_enabled":true,"jetpack_shortlink":"https:\/\/wp.me\/P7rJUv-1w9","_links":{"self":[{"href":"https:\/\/services.lib.uliege.be\/alma\/wp-json\/wp\/v2\/pages\/5837","targetHints":{"allow":["GET"]}}],"collection":[{"href":"https:\/\/services.lib.uliege.be\/alma\/wp-json\/wp\/v2\/pages"}],"about":[{"href":"https:\/\/services.lib.uliege.be\/alma\/wp-json\/wp\/v2\/types\/page"}],"author":[{"embeddable":true,"href":"https:\/\/services.lib.uliege.be\/alma\/wp-json\/wp\/v2\/users\/5"}],"replies":[{"embeddable":true,"href":"https:\/\/services.lib.uliege.be\/alma\/wp-json\/wp\/v2\/comments?post=5837"}],"version-history":[{"count":9,"href":"https:\/\/services.lib.uliege.be\/alma\/wp-json\/wp\/v2\/pages\/5837\/revisions"}],"predecessor-version":[{"id":6784,"href":"https:\/\/services.lib.uliege.be\/alma\/wp-json\/wp\/v2\/pages\/5837\/revisions\/6784"}],"wp:attachment":[{"href":"https:\/\/services.lib.uliege.be\/alma\/wp-json\/wp\/v2\/media?parent=5837"}],"curies":[{"name":"wp","href":"https:\/\/api.w.org\/{rel}","templated":true}]}}