{"id":5677,"date":"2020-10-05T13:46:04","date_gmt":"2020-10-05T11:46:04","guid":{"rendered":"http:\/\/app.lib.uliege.be\/alma\/?page_id=5677"},"modified":"2023-02-05T18:23:51","modified_gmt":"2023-02-05T17:23:51","slug":"lien-vers-le-texte-integral","status":"publish","type":"page","link":"https:\/\/services.lib.uliege.be\/alma\/primo-ve\/sources\/central-discovery-index\/lien-vers-le-texte-integral\/","title":{"rendered":"Lien vers le texte int\u00e9gral"},"content":{"rendered":"\n<h2 class=\"wp-block-heading\">M\u00e9thodes de linking<\/h2>\n\n\n\n<p>Il existe deux types de m\u00e9thodes :<\/p>\n\n\n\n<ul class=\"wp-block-list\">\n<li><strong>Lien via l\u2019OpenURL<\/strong> (<em><strong>OpenURL Linking<\/strong><\/em>) \u2013 Le lien vers le texte int\u00e9gral est g\u00e9r\u00e9 par le r\u00e9solveur de liens Alma qui permet \u00e0 la biblioth\u00e8que de d\u00e9cider quels liens afficher et l\u2019ordre de ceux-ci. Dans la mesure du possible, Primo ajoutera \u00e0 l\u2019OpenURL un identifiant de document sp\u00e9cifique \u00e0 la plate-forme afin de permettre au r\u00e9solveur de liens d&rsquo;utiliser cet identifiant pour cr\u00e9er un lien vers le texte int\u00e9gral. Dans le cas contraire, les m\u00e9tadonn\u00e9es seront utilis\u00e9es pour cr\u00e9er le lien. La fiabilit\u00e9 du linking sera plus grande si un identifiant est utilis\u00e9 par le syst\u00e8me. Le&nbsp;linking via OpenURL est utilis\u00e9 dans environ 60% des collections de CDI. Cela concerne les \u00e9diteurs principaux et des ressources documentaires (articles, ebooks\u2026) qui se trouvent sur plusieurs plates-formes.<\/li>\n<\/ul>\n\n\n\n<figure class=\"wp-block-image size-full\"><img loading=\"lazy\" decoding=\"async\" width=\"994\" height=\"564\" src=\"https:\/\/services.lib.uliege.be\/alma\/wp-content\/uploads\/2020\/10\/image-41.png\" alt=\"\" class=\"wp-image-5743\" srcset=\"https:\/\/services.lib.uliege.be\/alma\/wp-content\/uploads\/2020\/10\/image-41.png 994w, https:\/\/services.lib.uliege.be\/alma\/wp-content\/uploads\/2020\/10\/image-41-300x170.png 300w, https:\/\/services.lib.uliege.be\/alma\/wp-content\/uploads\/2020\/10\/image-41-768x436.png 768w\" sizes=\"auto, (max-width: 994px) 100vw, 994px\" \/><figcaption class=\"wp-element-caption\"><em>Exemple de lien via l&rsquo;OpenURL<\/em><\/figcaption><\/figure>\n\n\n\n<p><\/p>\n\n\n\n<ul class=\"wp-block-list\">\n<li><strong>Lien dans la notice<\/strong> (<strong><em>Link in Record<\/em><\/strong>)\u00a0\u2013 Dans les cas o\u00f9 la notice est uniquement disponible \u00e0 partir d&rsquo;une plate-forme unique et\/ou le lien est difficile ou impossible \u00e0 cr\u00e9er \u00e0 l&rsquo;aide du r\u00e9solveur de liens, Primo utilisera le lien direct fourni par le fournisseur (\u00e9diteur, agr\u00e9gateur\u2026) et stock\u00e9 dans la notice m\u00eame. Cette m\u00e9thode est utilis\u00e9e dans environ 40% des collections CDI. Les collections qui utilisent cette m\u00e9thode incluent, par exemple, des collections de vid\u00e9os (telles que Alexander Street Press ou les ressources JoVE), des encyclop\u00e9dies en ligne, des archives ouvertes comme arXiv ou encore des collections contenant du mat\u00e9riel particulier comme Acta Sanctorum ou Patrologia Latina. G\u00e9n\u00e9ralement, le nom du fournisseur ou de la plate-forme est communiqu\u00e9.<\/li>\n<\/ul>\n\n\n<div class=\"wp-block-image\">\n<figure class=\"aligncenter size-full\"><img loading=\"lazy\" decoding=\"async\" width=\"970\" height=\"339\" src=\"https:\/\/services.lib.uliege.be\/alma\/wp-content\/uploads\/2020\/10\/image-42.png\" alt=\"\" class=\"wp-image-5746\" srcset=\"https:\/\/services.lib.uliege.be\/alma\/wp-content\/uploads\/2020\/10\/image-42.png 970w, https:\/\/services.lib.uliege.be\/alma\/wp-content\/uploads\/2020\/10\/image-42-300x105.png 300w, https:\/\/services.lib.uliege.be\/alma\/wp-content\/uploads\/2020\/10\/image-42-768x268.png 768w\" sizes=\"auto, (max-width: 970px) 100vw, 970px\" \/><figcaption class=\"wp-element-caption\"><em>Exemple de lien via le lien dans la notice<\/em><\/figcaption><\/figure>\n<\/div>\n\n\n<h2 class=\"wp-block-heading\">Linking en cas de notices fusionn\u00e9es<\/h2>\n\n\n\n<p>En r\u00e8gle g\u00e9n\u00e9rale, toutes les notices qui contribuent \u00e0 une notice fusionn\u00e9e (voir aussi la page consacr\u00e9e \u00e0 la <a href=\".\/fusion-de-notices-cdi\/\" class=\"broken_link\">fusion des notices dans CDI<\/a>) utilisent soit le r\u00e9solveur de liens soit le lien dans la notice, mais il peut y avoir des cas o\u00f9 des notices d&rsquo;une collection utilisant le r\u00e9solveur de liens sont fusionn\u00e9es avec des notices qui utilisent le lien dans la notice (<span style=\"text-decoration: underline;\">situation hybride<\/span>). Les sc\u00e9narios de linking possibles sont les suivants&nbsp;:<\/p>\n\n\n\n<ul class=\"wp-block-list\">\n<li><strong>Toutes les notices d&rsquo;un groupe fusionn\u00e9 proviennent de collections utilisant la m\u00e9thode du r\u00e9solveur de liens<\/strong> \u2013 La notice fusionn\u00e9e utilisera le r\u00e9solveur de liens Alma. Les param\u00e8tres configur\u00e9s par les administrateurs d\u00e9finiront le nombre de liens et leur ordre d\u2019affichage (configuration <em>Display Logic Rules<\/em> et <em>Online Services Order<\/em>).<\/li>\n<\/ul>\n\n\n\n<p><\/p>\n\n\n\n<ul class=\"wp-block-list\">\n<li><strong>Toutes les notices d&rsquo;un groupe fusionn\u00e9 proviennent d&rsquo;une collection utilisant le lien dans la notice<\/strong> \u2013 En r\u00e8gle g\u00e9n\u00e9rale, une institution n&rsquo;a des acc\u00e8s qu&rsquo;\u00e0 l&rsquo;une des plates-formes proposant les contenus. Par cons\u00e9quent, les liens de la plate-forme en question seront affich\u00e9s et utilis\u00e9s. Si une institution a acc\u00e8s \u00e0 plusieurs plates-formes, le syst\u00e8me donnera la priorit\u00e9 aux collections avec le lien le plus fiable, en utilisant un identifiant de document de la plate-forme du fournisseur (s&rsquo;il y en a un).<\/li>\n<\/ul>\n\n\n\n<p><\/p>\n\n\n\n<ul class=\"wp-block-list\">\n<li><strong>Une ou plusieurs notices d&rsquo;un groupe fusionn\u00e9 proviennent d&rsquo;une collection utilisant le r\u00e9solveur de liens et d&rsquo;autres proviennent de collections utilisant le lien dans la notice (situation hybride)<\/strong>\n<ul class=\"wp-block-list\">\n<li>Si la biblioth\u00e8que n&rsquo;a acc\u00e8s \u00e0 aucune des collections utilisant le lien dans la notice (ces collections n\u2019\u00e9tant donc pas activ\u00e9es dans CDI pour l&rsquo;ULi\u00e8ge), le linking se fera logiquement via le r\u00e9solveur de liens.<\/li>\n\n\n\n<li>Si la biblioth\u00e8que a acc\u00e8s \u00e0 au moins une des collections qui utilisent le lien dans la notice et que ce lien n&rsquo;est pas pour une r\u00e9f\u00e9rence en Open Access, la m\u00e9thode avec le lien dans la notice sera privil\u00e9gi\u00e9e (le cas \u00e9ch\u00e9ant, un identifiant de document aura la priorit\u00e9 sur un lien dans les m\u00e9tadonn\u00e9es). Si la collection de type \u00ab&nbsp;lien dans la notice&nbsp;\u00bb est en Open Access, alors le lien via l\u2019OpenURL sera prioritaire. <\/li>\n<\/ul>\n<\/li>\n<\/ul>\n\n\n\n<p>Cette r\u00e8gle de fonctionnement en cas de situation hybride a pour objectif d\u2019essayer d\u2019utiliser le plus souvent possible les m\u00e9thodes de lien les plus fiables pour acc\u00e9der au texte int\u00e9gral. Elle peut toutefois amener \u00e0 des situations incoh\u00e9rentes en termes d\u2019affichage de la mention Open Access. <\/p>\n\n\n\n<p><span style=\"text-decoration: underline;\">Exemple<\/span>&nbsp;: La r\u00e9f\u00e9rence suivante provient de collections CDI en acc\u00e8s libre (ArXiv, cdi_arxiv_primary_1508_04347) et de collections CDI pour lesquelles l\u2019acc\u00e8s au texte int\u00e9gral n\u2019est possible que moyennant un abonnement. <\/p>\n\n\n<div class=\"wp-block-image is-style-default\">\n<figure class=\"aligncenter size-full is-resized\"><img loading=\"lazy\" decoding=\"async\" src=\"https:\/\/services.lib.uliege.be\/alma\/wp-content\/uploads\/2020\/10\/image-39.png\" alt=\"\" class=\"wp-image-5710\" width=\"858\" height=\"367\" srcset=\"https:\/\/services.lib.uliege.be\/alma\/wp-content\/uploads\/2020\/10\/image-39.png 858w, https:\/\/services.lib.uliege.be\/alma\/wp-content\/uploads\/2020\/10\/image-39-300x128.png 300w, https:\/\/services.lib.uliege.be\/alma\/wp-content\/uploads\/2020\/10\/image-39-768x329.png 768w\" sizes=\"auto, (max-width: 858px) 100vw, 858px\" \/><\/figure>\n<\/div>\n\n\n<p>Arxiv \u00e9tant une collection accessible en Open Access et utilisant la m\u00e9thode de linking \u00ab&nbsp;lien dans la notice&nbsp;\u00bb, c\u2019est l\u2019OpenURL qui est utilis\u00e9e pour le linking. On utilise ainsi en priorit\u00e9 l\u2019acc\u00e8s via abonnement et le lien vers l\u2019article dans sa version publi\u00e9e. M\u00eame si l\u2019article existe en Open Access sur ArXiv (cf. la mention sur Primo), ce n\u2019est pas vers cette version que Primo renvoie, mais vers la version accessible via l\u2019abonnement.<\/p>\n\n\n\n<hr class=\"wp-block-separator has-css-opacity\"\/>\n\n\n\n<p>Source : <a href=\"https:\/\/knowledge.exlibrisgroup.com\/Primo\/Content_Corner\/Central_Discovery_Index\/Documentation_and_Training\/010CDI_-_The_Central_Discovery_Index\/050CDI_and_Linking_to_Electronic_Full_Text\" target=\"_blank\" rel=\"noreferrer noopener\">CDI and Linking to Electronic Full Text<\/a><\/p>\n","protected":false},"excerpt":{"rendered":"<p>M\u00e9thodes de linking Il existe deux types de m\u00e9thodes : Linking en cas de notices fusionn\u00e9es En r\u00e8gle g\u00e9n\u00e9rale, toutes les notices qui contribuent \u00e0 une notice fusionn\u00e9e (voir aussi la page consacr\u00e9e \u00e0 la fusion des notices dans CDI) utilisent soit le r\u00e9solveur de liens soit le lien dans&#8230; <a href=\"https:\/\/services.lib.uliege.be\/alma\/primo-ve\/sources\/central-discovery-index\/lien-vers-le-texte-integral\/\" class=\"readmore\">Lire l&#039;int\u00e9gralit\u00e9&#8230;<span class=\"screen-reader-text\">Lien vers le texte int\u00e9gral<\/span><span class=\"fa fa-angle-double-right\" aria-hidden=\"true\"><\/span><\/a><\/p>\n","protected":false},"author":5,"featured_media":0,"parent":5474,"menu_order":1,"comment_status":"closed","ping_status":"closed","template":"","meta":{"jetpack_post_was_ever_published":false,"footnotes":""},"class_list":["post-5677","page","type-page","status-publish","hentry"],"jetpack_sharing_enabled":true,"jetpack_shortlink":"https:\/\/wp.me\/P7rJUv-1tz","_links":{"self":[{"href":"https:\/\/services.lib.uliege.be\/alma\/wp-json\/wp\/v2\/pages\/5677","targetHints":{"allow":["GET"]}}],"collection":[{"href":"https:\/\/services.lib.uliege.be\/alma\/wp-json\/wp\/v2\/pages"}],"about":[{"href":"https:\/\/services.lib.uliege.be\/alma\/wp-json\/wp\/v2\/types\/page"}],"author":[{"embeddable":true,"href":"https:\/\/services.lib.uliege.be\/alma\/wp-json\/wp\/v2\/users\/5"}],"replies":[{"embeddable":true,"href":"https:\/\/services.lib.uliege.be\/alma\/wp-json\/wp\/v2\/comments?post=5677"}],"version-history":[{"count":17,"href":"https:\/\/services.lib.uliege.be\/alma\/wp-json\/wp\/v2\/pages\/5677\/revisions"}],"predecessor-version":[{"id":6524,"href":"https:\/\/services.lib.uliege.be\/alma\/wp-json\/wp\/v2\/pages\/5677\/revisions\/6524"}],"up":[{"embeddable":true,"href":"https:\/\/services.lib.uliege.be\/alma\/wp-json\/wp\/v2\/pages\/5474"}],"wp:attachment":[{"href":"https:\/\/services.lib.uliege.be\/alma\/wp-json\/wp\/v2\/media?parent=5677"}],"curies":[{"name":"wp","href":"https:\/\/api.w.org\/{rel}","templated":true}]}}