{"id":5656,"date":"2020-10-05T13:15:34","date_gmt":"2020-10-05T11:15:34","guid":{"rendered":"http:\/\/app.lib.uliege.be\/alma\/?page_id=5656"},"modified":"2020-10-05T13:18:11","modified_gmt":"2020-10-05T11:18:11","slug":"liens","status":"publish","type":"page","link":"https:\/\/services.lib.uliege.be\/alma\/primo-ve\/affichage-et-navigation\/full-record-services\/liens\/","title":{"rendered":"Liens"},"content":{"rendered":"\n<p>La section des Liens permet d&rsquo;afficher les diff\u00e9rents services d\u00e9finis dans la configuration Fulfillment d&rsquo;Alma : Signalez un probl\u00e8me, Google Books, Sherpa\/Romeo&#8230;<\/p>\n\n\n\n<div class=\"wp-block-image\"><figure class=\"aligncenter size-large\"><img loading=\"lazy\" decoding=\"async\" width=\"472\" height=\"160\" src=\"https:\/\/services.lib.uliege.be\/alma\/wp-content\/uploads\/2020\/10\/image-27.png\" alt=\"\" class=\"wp-image-5660\" srcset=\"https:\/\/services.lib.uliege.be\/alma\/wp-content\/uploads\/2020\/10\/image-27.png 472w, https:\/\/services.lib.uliege.be\/alma\/wp-content\/uploads\/2020\/10\/image-27-300x102.png 300w\" sizes=\"auto, (max-width: 472px) 100vw, 472px\" \/><\/figure><\/div>\n\n\n\n<div class=\"wp-block-image\"><figure class=\"aligncenter size-large\"><img loading=\"lazy\" decoding=\"async\" width=\"371\" height=\"132\" src=\"https:\/\/services.lib.uliege.be\/alma\/wp-content\/uploads\/2020\/10\/image-28.png\" alt=\"\" class=\"wp-image-5661\" srcset=\"https:\/\/services.lib.uliege.be\/alma\/wp-content\/uploads\/2020\/10\/image-28.png 371w, https:\/\/services.lib.uliege.be\/alma\/wp-content\/uploads\/2020\/10\/image-28-300x107.png 300w\" sizes=\"auto, (max-width: 371px) 100vw, 371px\" \/><\/figure><\/div>\n\n\n\n<p><\/p>\n\n\n\n<p><\/p>\n\n\n\n<p>Si la notice Marc contient une zone 856, le lien s&rsquo;affiche ici (le texte du lien est le contenu du $3) :<\/p>\n\n\n\n<div class=\"wp-block-image\"><figure class=\"aligncenter size-large is-resized\"><img loading=\"lazy\" decoding=\"async\" src=\"https:\/\/services.lib.uliege.be\/alma\/wp-content\/uploads\/2020\/10\/image-26.png\" alt=\"\" class=\"wp-image-5658\" width=\"628\" height=\"26\" srcset=\"https:\/\/services.lib.uliege.be\/alma\/wp-content\/uploads\/2020\/10\/image-26.png 882w, https:\/\/services.lib.uliege.be\/alma\/wp-content\/uploads\/2020\/10\/image-26-300x13.png 300w, https:\/\/services.lib.uliege.be\/alma\/wp-content\/uploads\/2020\/10\/image-26-768x33.png 768w\" sizes=\"auto, (max-width: 628px) 100vw, 628px\" \/><\/figure><\/div>\n\n\n\n<div class=\"wp-block-image\"><figure class=\"aligncenter size-large\"><img loading=\"lazy\" decoding=\"async\" width=\"387\" height=\"178\" src=\"https:\/\/services.lib.uliege.be\/alma\/wp-content\/uploads\/2020\/10\/image-25.png\" alt=\"\" class=\"wp-image-5657\" srcset=\"https:\/\/services.lib.uliege.be\/alma\/wp-content\/uploads\/2020\/10\/image-25.png 387w, https:\/\/services.lib.uliege.be\/alma\/wp-content\/uploads\/2020\/10\/image-25-300x138.png 300w\" sizes=\"auto, (max-width: 387px) 100vw, 387px\" \/><\/figure><\/div>\n\n\n\n<p><\/p>\n\n\n\n<p><br>Pour les sources locales, on trouve en plus le lien vers la notice source (Marc ou Dublin Core). <br>Exemple : <a href=\"https:\/\/explore.lib.uliege.be\/discovery\/sourceRecord?vid=32ULG_INST:ULIEGE&amp;docId=alma9921605573002321&amp;recordOwner=32ULG_INST\" target=\"_blank\" rel=\"noreferrer noopener\">https:\/\/explore.lib.uliege.be\/discovery\/sourceRecord?vid=32ULG_INST:ULIEGE&amp;docId=alma9921605573002321&amp;recordOwner=32ULG_INST<\/a><\/p>\n\n\n\n<p><\/p>\n","protected":false},"excerpt":{"rendered":"<p>La section des Liens permet d&rsquo;afficher les diff\u00e9rents services d\u00e9finis dans la configuration Fulfillment d&rsquo;Alma : Signalez un probl\u00e8me, Google Books, Sherpa\/Romeo&#8230; Si la notice Marc contient une zone 856, le lien s&rsquo;affiche ici (le texte du lien est le contenu du $3) : Pour les sources locales, on trouve&#8230; <a href=\"https:\/\/services.lib.uliege.be\/alma\/primo-ve\/affichage-et-navigation\/full-record-services\/liens\/\" class=\"readmore\">Lire l&#039;int\u00e9gralit\u00e9&#8230;<span class=\"screen-reader-text\">Liens<\/span><span class=\"fa fa-angle-double-right\" aria-hidden=\"true\"><\/span><\/a><\/p>\n","protected":false},"author":6,"featured_media":0,"parent":3166,"menu_order":9,"comment_status":"closed","ping_status":"closed","template":"","meta":{"jetpack_post_was_ever_published":false,"footnotes":""},"class_list":["post-5656","page","type-page","status-publish","hentry"],"jetpack_sharing_enabled":true,"jetpack_shortlink":"https:\/\/wp.me\/P7rJUv-1te","_links":{"self":[{"href":"https:\/\/services.lib.uliege.be\/alma\/wp-json\/wp\/v2\/pages\/5656","targetHints":{"allow":["GET"]}}],"collection":[{"href":"https:\/\/services.lib.uliege.be\/alma\/wp-json\/wp\/v2\/pages"}],"about":[{"href":"https:\/\/services.lib.uliege.be\/alma\/wp-json\/wp\/v2\/types\/page"}],"author":[{"embeddable":true,"href":"https:\/\/services.lib.uliege.be\/alma\/wp-json\/wp\/v2\/users\/6"}],"replies":[{"embeddable":true,"href":"https:\/\/services.lib.uliege.be\/alma\/wp-json\/wp\/v2\/comments?post=5656"}],"version-history":[{"count":2,"href":"https:\/\/services.lib.uliege.be\/alma\/wp-json\/wp\/v2\/pages\/5656\/revisions"}],"predecessor-version":[{"id":5663,"href":"https:\/\/services.lib.uliege.be\/alma\/wp-json\/wp\/v2\/pages\/5656\/revisions\/5663"}],"up":[{"embeddable":true,"href":"https:\/\/services.lib.uliege.be\/alma\/wp-json\/wp\/v2\/pages\/3166"}],"wp:attachment":[{"href":"https:\/\/services.lib.uliege.be\/alma\/wp-json\/wp\/v2\/media?parent=5656"}],"curies":[{"name":"wp","href":"https:\/\/api.w.org\/{rel}","templated":true}]}}