{"id":5644,"date":"2020-10-05T11:54:49","date_gmt":"2020-10-05T09:54:49","guid":{"rendered":"http:\/\/app.lib.uliege.be\/alma\/?page_id=5644"},"modified":"2020-10-05T11:55:12","modified_gmt":"2020-10-05T09:55:12","slug":"details","status":"publish","type":"page","link":"https:\/\/services.lib.uliege.be\/alma\/primo-ve\/affichage-et-navigation\/full-record-services\/details\/","title":{"rendered":"D\u00e9tails"},"content":{"rendered":"\n<p>Affiche les zones de la notice bibliographique d\u00e9finies pour l&rsquo;affichage. <br>Pour qu&rsquo;un \u00e9l\u00e9ment de la notice Marc soit affich\u00e9, il faut :<br><\/p>\n\n\n\n<ul class=\"wp-block-list\"><li>la pr\u00e9sence d&rsquo;une r\u00e8gle de normalisation pour <ul><li>des zones d&rsquo;affichage OTB (modifiables) : zones principales titre, auteurs, contributeur, ann\u00e9e, \u00e9diteur, collection, sujets&#8230;<\/li><li>des zones cr\u00e9\u00e9es en local : zones de notes principalement, zones plus sp\u00e9cifiques<\/li><\/ul><\/li><li>l&rsquo;ajout de la zone dans la liste des zones affich\u00e9es dans la vue particuli\u00e8re<\/li><\/ul>\n\n\n\n<p class=\"has-text-align-left\"><em>Sont affich\u00e9s ici des \u00e9l\u00e9ments issus des notices bibliographiques uniquement. <\/em><\/p>\n\n\n\n<p>\n\nDe mani\u00e8re g\u00e9n\u00e9rale, nous avons essay\u00e9 de rester le plus possible sur la configuration OTB de Primo VE, afin de ne perdre, en modifiant d&rsquo;un c\u00f4t\u00e9, les b\u00e9n\u00e9fices d&rsquo;une autre configuration, et pour \u00e9viter des d\u00e9veloppements lourds et d&rsquo;\u00e9ventuelles cons\u00e9quences sur les notices Marc21 elles-m\u00eames (sans perdre de vue que certaines personnalisations pourraient alors n&rsquo;\u00eatre possibles que pour des ressources &lsquo;imprim\u00e9es&rsquo; de notre zone Institution).<br>Voir la page <a href=\"https:\/\/services.lib.uliege.be\/alma\/primo-ve\/sources\/alma\/\" target=\"_blank\" rel=\"noreferrer noopener\">Alma<\/a> pour plus de d\u00e9tail sur l&rsquo;affichage des donn\u00e9es.\n\n<\/p>\n\n\n\n<p>Des liens hypertexte peuvent appara\u00eetre dans le d\u00e9tail de la notice.<br>Pour plus d&rsquo;informations, voir la page <a href=\"https:\/\/services.lib.uliege.be\/alma\/primo-ve\/affichage-et-navigation\/navigation\/\">Navigation<\/a>.<\/p>\n","protected":false},"excerpt":{"rendered":"<p>Affiche les zones de la notice bibliographique d\u00e9finies pour l&rsquo;affichage. Pour qu&rsquo;un \u00e9l\u00e9ment de la notice Marc soit affich\u00e9, il faut : la pr\u00e9sence d&rsquo;une r\u00e8gle de normalisation pour des zones d&rsquo;affichage OTB (modifiables) : zones principales titre, auteurs, contributeur, ann\u00e9e, \u00e9diteur, collection, sujets&#8230; des zones cr\u00e9\u00e9es en local :&#8230; <a href=\"https:\/\/services.lib.uliege.be\/alma\/primo-ve\/affichage-et-navigation\/full-record-services\/details\/\" class=\"readmore\">Lire l&#039;int\u00e9gralit\u00e9&#8230;<span class=\"screen-reader-text\">D\u00e9tails<\/span><span class=\"fa fa-angle-double-right\" aria-hidden=\"true\"><\/span><\/a><\/p>\n","protected":false},"author":6,"featured_media":0,"parent":3166,"menu_order":7,"comment_status":"closed","ping_status":"closed","template":"","meta":{"jetpack_post_was_ever_published":false,"footnotes":""},"class_list":["post-5644","page","type-page","status-publish","hentry"],"jetpack_sharing_enabled":true,"jetpack_shortlink":"https:\/\/wp.me\/P7rJUv-1t2","_links":{"self":[{"href":"https:\/\/services.lib.uliege.be\/alma\/wp-json\/wp\/v2\/pages\/5644","targetHints":{"allow":["GET"]}}],"collection":[{"href":"https:\/\/services.lib.uliege.be\/alma\/wp-json\/wp\/v2\/pages"}],"about":[{"href":"https:\/\/services.lib.uliege.be\/alma\/wp-json\/wp\/v2\/types\/page"}],"author":[{"embeddable":true,"href":"https:\/\/services.lib.uliege.be\/alma\/wp-json\/wp\/v2\/users\/6"}],"replies":[{"embeddable":true,"href":"https:\/\/services.lib.uliege.be\/alma\/wp-json\/wp\/v2\/comments?post=5644"}],"version-history":[{"count":1,"href":"https:\/\/services.lib.uliege.be\/alma\/wp-json\/wp\/v2\/pages\/5644\/revisions"}],"predecessor-version":[{"id":5645,"href":"https:\/\/services.lib.uliege.be\/alma\/wp-json\/wp\/v2\/pages\/5644\/revisions\/5645"}],"up":[{"embeddable":true,"href":"https:\/\/services.lib.uliege.be\/alma\/wp-json\/wp\/v2\/pages\/3166"}],"wp:attachment":[{"href":"https:\/\/services.lib.uliege.be\/alma\/wp-json\/wp\/v2\/media?parent=5644"}],"curies":[{"name":"wp","href":"https:\/\/api.w.org\/{rel}","templated":true}]}}