{"id":5635,"date":"2020-10-05T11:51:32","date_gmt":"2020-10-05T09:51:32","guid":{"rendered":"http:\/\/app.lib.uliege.be\/alma\/?page_id=5635"},"modified":"2020-10-05T11:52:48","modified_gmt":"2020-10-05T09:52:48","slug":"rechercher-dans","status":"publish","type":"page","link":"https:\/\/services.lib.uliege.be\/alma\/primo-ve\/affichage-et-navigation\/full-record-services\/rechercher-dans\/","title":{"rendered":"Rechercher dans"},"content":{"rendered":"\n<p>La fonctionnalit\u00e9 <strong>Rechercher dans<\/strong> appara\u00eet lorsque la notice poss\u00e8de un ISSN en identifiant de la ressource.<br><em>(Un ISSN dans les informations de localisation dans un document h\u00f4te n&rsquo;est pas pris en compte).<\/em><\/p>\n\n\n\n<div class=\"wp-block-image\"><figure class=\"aligncenter size-large is-resized\"><img loading=\"lazy\" decoding=\"async\" src=\"https:\/\/services.lib.uliege.be\/alma\/wp-content\/uploads\/2020\/10\/image-21-1024x603.png\" alt=\"\" class=\"wp-image-5639\" width=\"622\" height=\"366\" srcset=\"https:\/\/services.lib.uliege.be\/alma\/wp-content\/uploads\/2020\/10\/image-21-1024x603.png 1024w, https:\/\/services.lib.uliege.be\/alma\/wp-content\/uploads\/2020\/10\/image-21-300x177.png 300w, https:\/\/services.lib.uliege.be\/alma\/wp-content\/uploads\/2020\/10\/image-21-768x452.png 768w, https:\/\/services.lib.uliege.be\/alma\/wp-content\/uploads\/2020\/10\/image-21.png 1118w\" sizes=\"auto, (max-width: 622px) 100vw, 622px\" \/><\/figure><\/div>\n\n\n\n<p><\/p>\n\n\n\n<p>Primo lance une recherche combinant votre requ\u00eate et l&rsquo;issn du p\u00e9riodique. Si nous avons un acc\u00e8s \u00e9lectronique \u00e0 la revue, la recherche ram\u00e8ne les r\u00e9sultats attendus.<\/p>\n\n\n\n<div class=\"wp-block-image\"><figure class=\"aligncenter size-large\"><img loading=\"lazy\" decoding=\"async\" width=\"982\" height=\"802\" src=\"https:\/\/services.lib.uliege.be\/alma\/wp-content\/uploads\/2020\/10\/image-22.png\" alt=\"\" class=\"wp-image-5641\" srcset=\"https:\/\/services.lib.uliege.be\/alma\/wp-content\/uploads\/2020\/10\/image-22.png 982w, https:\/\/services.lib.uliege.be\/alma\/wp-content\/uploads\/2020\/10\/image-22-300x245.png 300w, https:\/\/services.lib.uliege.be\/alma\/wp-content\/uploads\/2020\/10\/image-22-768x627.png 768w\" sizes=\"auto, (max-width: 982px) 100vw, 982px\" \/><figcaption>La recherche s&rsquo;ouvre dans un nouvel onglet.<\/figcaption><\/figure><\/div>\n\n\n\n<p><\/p>\n\n\n\n<p>Si les notices du print et de l&rsquo;\u00e9lectronique ne sont pas d\u00e9doublonn\u00e9es dans Primo, vous pourrez effectuer la m\u00eame recherche \u00e0 partir de la notice de la version imprim\u00e9e.<\/p>\n\n\n\n<p>L&rsquo;ISSN en 022 et l&rsquo;ISSN correspondant \u00e0 un autre format, plac\u00e9 en 776 de la notice MARC, sont pris en compte dans la requ\u00eate.<\/p>\n\n\n\n<p>La barre de recherche appara\u00eet dans tous les cas. S&rsquo;il n&rsquo;existe pas d&rsquo;acc\u00e8s en ligne pour le titre, le r\u00e9sultat de recherche sera nul.<\/p>\n\n\n\n<p><br><\/p>\n","protected":false},"excerpt":{"rendered":"<p>La fonctionnalit\u00e9 Rechercher dans appara\u00eet lorsque la notice poss\u00e8de un ISSN en identifiant de la ressource.(Un ISSN dans les informations de localisation dans un document h\u00f4te n&rsquo;est pas pris en compte). Primo lance une recherche combinant votre requ\u00eate et l&rsquo;issn du p\u00e9riodique. Si nous avons un acc\u00e8s \u00e9lectronique \u00e0 la&#8230; <a href=\"https:\/\/services.lib.uliege.be\/alma\/primo-ve\/affichage-et-navigation\/full-record-services\/rechercher-dans\/\" class=\"readmore\">Lire l&#039;int\u00e9gralit\u00e9&#8230;<span class=\"screen-reader-text\">Rechercher dans<\/span><span class=\"fa fa-angle-double-right\" aria-hidden=\"true\"><\/span><\/a><\/p>\n","protected":false},"author":6,"featured_media":0,"parent":3166,"menu_order":6,"comment_status":"closed","ping_status":"closed","template":"","meta":{"jetpack_post_was_ever_published":false,"footnotes":""},"class_list":["post-5635","page","type-page","status-publish","hentry"],"jetpack_sharing_enabled":true,"jetpack_shortlink":"https:\/\/wp.me\/P7rJUv-1sT","_links":{"self":[{"href":"https:\/\/services.lib.uliege.be\/alma\/wp-json\/wp\/v2\/pages\/5635","targetHints":{"allow":["GET"]}}],"collection":[{"href":"https:\/\/services.lib.uliege.be\/alma\/wp-json\/wp\/v2\/pages"}],"about":[{"href":"https:\/\/services.lib.uliege.be\/alma\/wp-json\/wp\/v2\/types\/page"}],"author":[{"embeddable":true,"href":"https:\/\/services.lib.uliege.be\/alma\/wp-json\/wp\/v2\/users\/6"}],"replies":[{"embeddable":true,"href":"https:\/\/services.lib.uliege.be\/alma\/wp-json\/wp\/v2\/comments?post=5635"}],"version-history":[{"count":2,"href":"https:\/\/services.lib.uliege.be\/alma\/wp-json\/wp\/v2\/pages\/5635\/revisions"}],"predecessor-version":[{"id":5643,"href":"https:\/\/services.lib.uliege.be\/alma\/wp-json\/wp\/v2\/pages\/5635\/revisions\/5643"}],"up":[{"embeddable":true,"href":"https:\/\/services.lib.uliege.be\/alma\/wp-json\/wp\/v2\/pages\/3166"}],"wp:attachment":[{"href":"https:\/\/services.lib.uliege.be\/alma\/wp-json\/wp\/v2\/media?parent=5635"}],"curies":[{"name":"wp","href":"https:\/\/api.w.org\/{rel}","templated":true}]}}