{"id":5594,"date":"2020-10-05T10:59:40","date_gmt":"2020-10-05T08:59:40","guid":{"rendered":"http:\/\/app.lib.uliege.be\/alma\/?page_id=5594"},"modified":"2022-09-30T16:52:17","modified_gmt":"2022-09-30T14:52:17","slug":"obtenir","status":"publish","type":"page","link":"https:\/\/services.lib.uliege.be\/alma\/primo-ve\/affichage-et-navigation\/full-record-services\/obtenir\/","title":{"rendered":"Obtenir"},"content":{"rendered":"\n<p>Si un inventaire physique existe, le lien pour s&rsquo;identifier appara\u00eet avant les donn\u00e9es de localisation. L&rsquo;utilisateur identifi\u00e9 a alors acc\u00e8s aux options de demande, num\u00e9risation, demande de PIB&#8230;<\/p>\n\n\n\n<figure class=\"wp-block-image size-large\"><img loading=\"lazy\" decoding=\"async\" width=\"968\" height=\"123\" src=\"https:\/\/services.lib.uliege.be\/alma\/wp-content\/uploads\/2020\/10\/image-11.png\" alt=\"\" class=\"wp-image-5599\" srcset=\"https:\/\/services.lib.uliege.be\/alma\/wp-content\/uploads\/2020\/10\/image-11.png 968w, https:\/\/services.lib.uliege.be\/alma\/wp-content\/uploads\/2020\/10\/image-11-300x38.png 300w, https:\/\/services.lib.uliege.be\/alma\/wp-content\/uploads\/2020\/10\/image-11-768x98.png 768w\" sizes=\"auto, (max-width: 968px) 100vw, 968px\" \/><\/figure>\n\n\n\n<p><\/p>\n\n\n\n<p>Une fois l&rsquo;utilisateur identifi\u00e9, les options de r\u00e9servation et de num\u00e9risation apparaissent :<\/p>\n\n\n<div class=\"wp-block-image\">\n<figure class=\"aligncenter size-full is-resized\"><img loading=\"lazy\" decoding=\"async\" src=\"https:\/\/services.lib.uliege.be\/alma\/wp-content\/uploads\/2022\/09\/image-27.png\" alt=\"\" class=\"wp-image-6435\" width=\"714\" height=\"247\" srcset=\"https:\/\/services.lib.uliege.be\/alma\/wp-content\/uploads\/2022\/09\/image-27.png 967w, https:\/\/services.lib.uliege.be\/alma\/wp-content\/uploads\/2022\/09\/image-27-300x104.png 300w, https:\/\/services.lib.uliege.be\/alma\/wp-content\/uploads\/2022\/09\/image-27-768x265.png 768w\" sizes=\"auto, (max-width: 714px) 100vw, 714px\" \/><\/figure>\n<\/div>\n\n\n<p>En fonction du type de document et de sa disponibilit\u00e9, d&rsquo;autres options peuvent \u00eatre propos\u00e9es :<\/p>\n\n\n<div class=\"wp-block-image\">\n<figure class=\"aligncenter size-full is-resized\"><img loading=\"lazy\" decoding=\"async\" src=\"https:\/\/services.lib.uliege.be\/alma\/wp-content\/uploads\/2022\/09\/image-28.png\" alt=\"\" class=\"wp-image-6437\" width=\"725\" height=\"357\" srcset=\"https:\/\/services.lib.uliege.be\/alma\/wp-content\/uploads\/2022\/09\/image-28.png 1017w, https:\/\/services.lib.uliege.be\/alma\/wp-content\/uploads\/2022\/09\/image-28-300x148.png 300w, https:\/\/services.lib.uliege.be\/alma\/wp-content\/uploads\/2022\/09\/image-28-768x379.png 768w\" sizes=\"auto, (max-width: 725px) 100vw, 725px\" \/><\/figure>\n<\/div>\n\n\n<p>Pour les publications en s\u00e9rie, tous les fascicules n&rsquo;ont pas \u00e9t\u00e9 syst\u00e9matiquement bulletin\u00e9s : l&rsquo;utilisateur peut donc demander n&rsquo;importe quel fascicule \u00e0 partir du formulaire <strong>R\u00e9server un autre fascicule<\/strong><\/p>\n\n\n<div class=\"wp-block-image\">\n<figure class=\"aligncenter size-full is-resized\"><img loading=\"lazy\" decoding=\"async\" src=\"https:\/\/services.lib.uliege.be\/alma\/wp-content\/uploads\/2022\/09\/image-29.png\" alt=\"\" class=\"wp-image-6439\" width=\"705\" height=\"465\" srcset=\"https:\/\/services.lib.uliege.be\/alma\/wp-content\/uploads\/2022\/09\/image-29.png 973w, https:\/\/services.lib.uliege.be\/alma\/wp-content\/uploads\/2022\/09\/image-29-300x198.png 300w, https:\/\/services.lib.uliege.be\/alma\/wp-content\/uploads\/2022\/09\/image-29-768x507.png 768w\" sizes=\"auto, (max-width: 705px) 100vw, 705px\" \/><\/figure>\n<\/div>\n\n\n<hr class=\"wp-block-separator has-css-opacity\"\/>\n\n\n\n<p>L&rsquo;usager peut faire afficher le nombre d&rsquo;<em>usagers<\/em> plac\u00e9s avant lui dans la file d&rsquo;attente : <\/p>\n\n\n\n<ul class=\"wp-block-list\"><li>pr\u00eats en cours<\/li><li>r\u00e9servations<\/li><li>demandes de num\u00e9risation<\/li><li>work order<\/li><\/ul>\n\n\n\n<p class=\"has-text-align-center\"><img decoding=\"async\" width=\"422px;\" height=\"277px;\" src=\"https:\/\/lh3.googleusercontent.com\/PqARiRdO5TUIuzC54-nPo72t27bcJv0gBrpYuQnfA2bIsfANxxtsPRdbkr_A3ET7qYdB2yaXstqR6o52_uNtC4CS399ttcq-E5vQIfr0J0YjuTce3dPZ5PNhiJAsvukO2jqheXA2aMnpR-IiBrwrQYVHZlVPs4MbnMlqichexWwdesYPob6D2tHrtYA\"><\/p>\n\n\n\n<h2 class=\"wp-block-heading\">Localisation<\/h2>\n\n\n\n<p>La section affiche la <strong>liste des localisations<\/strong> pour les documents physiques :<\/p>\n\n\n<div class=\"wp-block-image\">\n<figure class=\"aligncenter size-full\"><img loading=\"lazy\" decoding=\"async\" width=\"994\" height=\"256\" src=\"https:\/\/services.lib.uliege.be\/alma\/wp-content\/uploads\/2022\/09\/image-22.png\" alt=\"\" class=\"wp-image-6428\" srcset=\"https:\/\/services.lib.uliege.be\/alma\/wp-content\/uploads\/2022\/09\/image-22.png 994w, https:\/\/services.lib.uliege.be\/alma\/wp-content\/uploads\/2022\/09\/image-22-300x77.png 300w, https:\/\/services.lib.uliege.be\/alma\/wp-content\/uploads\/2022\/09\/image-22-768x198.png 768w\" sizes=\"auto, (max-width: 994px) 100vw, 994px\" \/><\/figure>\n<\/div>\n\n<div class=\"wp-block-image\">\n<figure class=\"aligncenter size-full\"><img loading=\"lazy\" decoding=\"async\" width=\"985\" height=\"255\" src=\"https:\/\/services.lib.uliege.be\/alma\/wp-content\/uploads\/2022\/09\/image-23.png\" alt=\"\" class=\"wp-image-6430\" srcset=\"https:\/\/services.lib.uliege.be\/alma\/wp-content\/uploads\/2022\/09\/image-23.png 985w, https:\/\/services.lib.uliege.be\/alma\/wp-content\/uploads\/2022\/09\/image-23-300x78.png 300w, https:\/\/services.lib.uliege.be\/alma\/wp-content\/uploads\/2022\/09\/image-23-768x199.png 768w\" sizes=\"auto, (max-width: 985px) 100vw, 985px\" \/><\/figure>\n<\/div>\n\n\n<h3 class=\"wp-block-heading\">Emplacements pour les titres li\u00e9s<\/h3>\n\n\n\n<p>Certaines notices ont un <strong>inventaire li\u00e9<\/strong> dans le catalogue, notamment des notices d\u00e9crivant des fascicules th\u00e9matiques catalogu\u00e9s comme monographies ou des  notices d\u00e9crivant chaque pi\u00e8ce d&rsquo;un recueil factice. L&rsquo;inventaire li\u00e9 est identifi\u00e9 par la mention \u00ab\u00a0TITRE ASSOCI\u00c9\u00a0\u00bb dans la section de localisation :<\/p>\n\n\n<div class=\"wp-block-image\">\n<figure class=\"aligncenter size-full\"><img loading=\"lazy\" decoding=\"async\" width=\"952\" height=\"417\" src=\"https:\/\/services.lib.uliege.be\/alma\/wp-content\/uploads\/2022\/09\/image-24.png\" alt=\"\" class=\"wp-image-6431\" srcset=\"https:\/\/services.lib.uliege.be\/alma\/wp-content\/uploads\/2022\/09\/image-24.png 952w, https:\/\/services.lib.uliege.be\/alma\/wp-content\/uploads\/2022\/09\/image-24-300x131.png 300w, https:\/\/services.lib.uliege.be\/alma\/wp-content\/uploads\/2022\/09\/image-24-768x336.png 768w\" sizes=\"auto, (max-width: 952px) 100vw, 952px\" \/><figcaption>Exemple d&rsquo;une notice identifi\u00e9e dans deux \u00ab\u00a0recueils factices\u00a0\u00bb diff\u00e9rents<\/figcaption><\/figure>\n<\/div>\n\n\n<h3 class=\"wp-block-heading\">Mentions de fonds<\/h3>\n\n\n\n<p>En plus des informations de l&rsquo;exemplaire, les <strong>mentions de fonds<\/strong> ainsi que toutes les <strong>zones de notes<\/strong> utilis\u00e9es dans les notices de fonds sont visibles dans le d\u00e9tail de l&rsquo;inventaire affich\u00e9.<\/p>\n\n\n\n<p>Les mentions de fonds sont l&rsquo;\u00e9tat de collection pour un p\u00e9riodique ou la mention des volumes conserv\u00e9s pour une monographie en plusieurs volumes (zones Marc21 866\/867\/868).<br>Les notes peuvent \u00eatre des pr\u00e9cisions sur la localisation (note publique de la zone 852 : par exemple, la pr\u00e9cision d&rsquo;un num\u00e9ro de casier pour l&rsquo;ann\u00e9e en cours d&rsquo;une publication en s\u00e9rie), une note concernant une restriction d&rsquo;acc\u00e8s (zone 506), ou des notes sp\u00e9cifiques \u00e0 l&rsquo;exemplaire.<br>Des liens externes peuvent en outre \u00eatre exploit\u00e9s \u00e0 ce niveau (par exemple un lien vers un dossier de restauration ou un organisme ayant soutenu une action de pr\u00e9servation, ou vers des bases de reliure ou de provenances&#8230;)<\/p>\n\n\n\n<p>Mention de l&rsquo;<strong>\u00e9tat de la collection<\/strong> d&rsquo;un p\u00e9riodique dans l&rsquo;implantation :<\/p>\n\n\n<div class=\"wp-block-image\">\n<figure class=\"aligncenter size-full is-resized\"><img loading=\"lazy\" decoding=\"async\" src=\"https:\/\/services.lib.uliege.be\/alma\/wp-content\/uploads\/2022\/09\/image-25.png\" alt=\"\" class=\"wp-image-6432\" width=\"749\" height=\"280\" srcset=\"https:\/\/services.lib.uliege.be\/alma\/wp-content\/uploads\/2022\/09\/image-25.png 970w, https:\/\/services.lib.uliege.be\/alma\/wp-content\/uploads\/2022\/09\/image-25-300x112.png 300w, https:\/\/services.lib.uliege.be\/alma\/wp-content\/uploads\/2022\/09\/image-25-768x287.png 768w\" sizes=\"auto, (max-width: 749px) 100vw, 749px\" \/><\/figure>\n<\/div>\n\n\n<p><\/p>\n\n\n\n<p>Mention de <strong>particularit\u00e9s d&rsquo;exemplaire<\/strong> :<\/p>\n\n\n\n<figure class=\"wp-block-image size-full\"><img loading=\"lazy\" decoding=\"async\" width=\"958\" height=\"519\" src=\"https:\/\/services.lib.uliege.be\/alma\/wp-content\/uploads\/2022\/09\/image-26.png\" alt=\"\" class=\"wp-image-6433\" srcset=\"https:\/\/services.lib.uliege.be\/alma\/wp-content\/uploads\/2022\/09\/image-26.png 958w, https:\/\/services.lib.uliege.be\/alma\/wp-content\/uploads\/2022\/09\/image-26-300x163.png 300w, https:\/\/services.lib.uliege.be\/alma\/wp-content\/uploads\/2022\/09\/image-26-768x416.png 768w\" sizes=\"auto, (max-width: 958px) 100vw, 958px\" \/><\/figure>\n","protected":false},"excerpt":{"rendered":"<p>Si un inventaire physique existe, le lien pour s&rsquo;identifier appara\u00eet avant les donn\u00e9es de localisation. L&rsquo;utilisateur identifi\u00e9 a alors acc\u00e8s aux options de demande, num\u00e9risation, demande de PIB&#8230; Une fois l&rsquo;utilisateur identifi\u00e9, les options de r\u00e9servation et de num\u00e9risation apparaissent : En fonction du type de document et de sa&#8230; <a href=\"https:\/\/services.lib.uliege.be\/alma\/primo-ve\/affichage-et-navigation\/full-record-services\/obtenir\/\" class=\"readmore\">Lire l&#039;int\u00e9gralit\u00e9&#8230;<span class=\"screen-reader-text\">Obtenir<\/span><span class=\"fa fa-angle-double-right\" aria-hidden=\"true\"><\/span><\/a><\/p>\n","protected":false},"author":6,"featured_media":0,"parent":3166,"menu_order":3,"comment_status":"closed","ping_status":"closed","template":"","meta":{"jetpack_post_was_ever_published":false,"footnotes":""},"class_list":["post-5594","page","type-page","status-publish","hentry"],"jetpack_sharing_enabled":true,"jetpack_shortlink":"https:\/\/wp.me\/P7rJUv-1se","_links":{"self":[{"href":"https:\/\/services.lib.uliege.be\/alma\/wp-json\/wp\/v2\/pages\/5594","targetHints":{"allow":["GET"]}}],"collection":[{"href":"https:\/\/services.lib.uliege.be\/alma\/wp-json\/wp\/v2\/pages"}],"about":[{"href":"https:\/\/services.lib.uliege.be\/alma\/wp-json\/wp\/v2\/types\/page"}],"author":[{"embeddable":true,"href":"https:\/\/services.lib.uliege.be\/alma\/wp-json\/wp\/v2\/users\/6"}],"replies":[{"embeddable":true,"href":"https:\/\/services.lib.uliege.be\/alma\/wp-json\/wp\/v2\/comments?post=5594"}],"version-history":[{"count":7,"href":"https:\/\/services.lib.uliege.be\/alma\/wp-json\/wp\/v2\/pages\/5594\/revisions"}],"predecessor-version":[{"id":6442,"href":"https:\/\/services.lib.uliege.be\/alma\/wp-json\/wp\/v2\/pages\/5594\/revisions\/6442"}],"up":[{"embeddable":true,"href":"https:\/\/services.lib.uliege.be\/alma\/wp-json\/wp\/v2\/pages\/3166"}],"wp:attachment":[{"href":"https:\/\/services.lib.uliege.be\/alma\/wp-json\/wp\/v2\/media?parent=5594"}],"curies":[{"name":"wp","href":"https:\/\/api.w.org\/{rel}","templated":true}]}}