{"id":5583,"date":"2020-10-05T10:26:17","date_gmt":"2020-10-05T08:26:17","guid":{"rendered":"http:\/\/app.lib.uliege.be\/alma\/?page_id=5583"},"modified":"2020-10-05T10:29:52","modified_gmt":"2020-10-05T08:29:52","slug":"notice-abregee-et-disponibilite","status":"publish","type":"page","link":"https:\/\/services.lib.uliege.be\/alma\/primo-ve\/affichage-et-navigation\/full-record-services\/notice-abregee-et-disponibilite\/","title":{"rendered":"Notice abr\u00e9g\u00e9e et disponibilit\u00e9"},"content":{"rendered":"\n<p>La notice abr\u00e9g\u00e9e telle qu&rsquo;elle appara\u00eet \u00e9galement dans la liste de r\u00e9sultats.<\/p>\n\n\n\n<p>Les diff\u00e9rents services sont directement visibles, ou accessibles en utilisant les liens sur la gauche :<\/p>\n\n\n\n<div class=\"wp-block-image\"><figure class=\"aligncenter\"><img decoding=\"async\" src=\"https:\/\/services.lib.uliege.be\/alma\/wp-content\/uploads\/2019\/09\/image.png\" alt=\"L\u2019attribut alt de cette image est vide, son nom de fichier est image.png.\"\/><\/figure><\/div>\n\n\n\n<p><\/p>\n\n\n\n<p>Les services (et le cas \u00e9ch\u00e9ant, les liens de navigation) varient en fonction du type de document (P\u00e9riodique avec ISSN, Livre, Article, par exemple) et du type d&rsquo;acc\u00e8s (en ligne ou physique, acc\u00e8s \u00e0 un FT ou non&#8230;).<\/p>\n\n\n\n<div class=\"wp-block-image\"><figure class=\"aligncenter size-large is-resized\"><img loading=\"lazy\" decoding=\"async\" src=\"https:\/\/services.lib.uliege.be\/alma\/wp-content\/uploads\/2020\/10\/image-5-1024x467.png\" alt=\"\" class=\"wp-image-5584\" width=\"626\" height=\"285\" srcset=\"https:\/\/services.lib.uliege.be\/alma\/wp-content\/uploads\/2020\/10\/image-5-1024x467.png 1024w, https:\/\/services.lib.uliege.be\/alma\/wp-content\/uploads\/2020\/10\/image-5-300x137.png 300w, https:\/\/services.lib.uliege.be\/alma\/wp-content\/uploads\/2020\/10\/image-5-768x350.png 768w, https:\/\/services.lib.uliege.be\/alma\/wp-content\/uploads\/2020\/10\/image-5.png 1098w\" sizes=\"auto, (max-width: 626px) 100vw, 626px\" \/><\/figure><\/div>\n\n\n\n<p><\/p>\n","protected":false},"excerpt":{"rendered":"<p>La notice abr\u00e9g\u00e9e telle qu&rsquo;elle appara\u00eet \u00e9galement dans la liste de r\u00e9sultats. Les diff\u00e9rents services sont directement visibles, ou accessibles en utilisant les liens sur la gauche : Les services (et le cas \u00e9ch\u00e9ant, les liens de navigation) varient en fonction du type de document (P\u00e9riodique avec ISSN, Livre, Article,&#8230; <a href=\"https:\/\/services.lib.uliege.be\/alma\/primo-ve\/affichage-et-navigation\/full-record-services\/notice-abregee-et-disponibilite\/\" class=\"readmore\">Lire l&#039;int\u00e9gralit\u00e9&#8230;<span class=\"screen-reader-text\">Notice abr\u00e9g\u00e9e et disponibilit\u00e9<\/span><span class=\"fa fa-angle-double-right\" aria-hidden=\"true\"><\/span><\/a><\/p>\n","protected":false},"author":6,"featured_media":0,"parent":3166,"menu_order":1,"comment_status":"closed","ping_status":"closed","template":"","meta":{"jetpack_post_was_ever_published":false,"footnotes":""},"class_list":["post-5583","page","type-page","status-publish","hentry"],"jetpack_sharing_enabled":true,"jetpack_shortlink":"https:\/\/wp.me\/P7rJUv-1s3","_links":{"self":[{"href":"https:\/\/services.lib.uliege.be\/alma\/wp-json\/wp\/v2\/pages\/5583","targetHints":{"allow":["GET"]}}],"collection":[{"href":"https:\/\/services.lib.uliege.be\/alma\/wp-json\/wp\/v2\/pages"}],"about":[{"href":"https:\/\/services.lib.uliege.be\/alma\/wp-json\/wp\/v2\/types\/page"}],"author":[{"embeddable":true,"href":"https:\/\/services.lib.uliege.be\/alma\/wp-json\/wp\/v2\/users\/6"}],"replies":[{"embeddable":true,"href":"https:\/\/services.lib.uliege.be\/alma\/wp-json\/wp\/v2\/comments?post=5583"}],"version-history":[{"count":2,"href":"https:\/\/services.lib.uliege.be\/alma\/wp-json\/wp\/v2\/pages\/5583\/revisions"}],"predecessor-version":[{"id":5586,"href":"https:\/\/services.lib.uliege.be\/alma\/wp-json\/wp\/v2\/pages\/5583\/revisions\/5586"}],"up":[{"embeddable":true,"href":"https:\/\/services.lib.uliege.be\/alma\/wp-json\/wp\/v2\/pages\/3166"}],"wp:attachment":[{"href":"https:\/\/services.lib.uliege.be\/alma\/wp-json\/wp\/v2\/media?parent=5583"}],"curies":[{"name":"wp","href":"https:\/\/api.w.org\/{rel}","templated":true}]}}