{"id":5222,"date":"2020-04-19T19:43:57","date_gmt":"2020-04-19T17:43:57","guid":{"rendered":"http:\/\/app.lib.uliege.be\/alma\/?page_id=5222"},"modified":"2020-04-19T19:47:18","modified_gmt":"2020-04-19T17:47:18","slug":"catalogue-legito","status":"publish","type":"page","link":"https:\/\/services.lib.uliege.be\/alma\/primo-ve\/catalogue-legito\/","title":{"rendered":"Catalogue Legito"},"content":{"rendered":"\n<p><a href=\"https:\/\/explore.lib.uliege.be\/discovery\/search?vid=32ULG_INST:Legito\" target=\"_blank\" rel=\"noreferrer noopener\" aria-label=\"Legito (opens in a new tab)\">Legito<\/a> est le sous-catalogue (vue Primo sp\u00e9cifique) des fonds patrimoniaux d&rsquo;ULi\u00e8ge Library. Il contient :<\/p>\n\n\n\n<ul class=\"wp-block-list\"><li>plus de 560 incunables &amp; environ 34.000 imprim\u00e9s anciens d&rsquo;avant 1831,<\/li><li>des centaines documents imprim\u00e9s apr\u00e8s 1830 jug\u00e9s comme pr\u00e9cieux,<\/li><li>plus de 700 manuscrits m\u00e9di\u00e9vaux, modernes &amp; contemporains,<\/li><li>des fonds d&rsquo;archives.<\/li><\/ul>\n\n\n\n<p>Legito dispose d&rsquo;index et de facettes sp\u00e9cifiques \u00e0 son p\u00e9rim\u00e8tre. La pr\u00e9sentation suivante d\u00e9crit les fonctionnalit\u00e9s et caract\u00e9ristiques de Legito.<\/p>\n\n\n<div class=\"ead-preview\"><div class=\"ead-document\" style=\"position: relative;padding-top: 90%\"><div class=\"ead-iframe-wrapper\"><iframe src=\"\/\/docs.google.com\/viewer?url=https%3A%2F%2Fservices.lib.uliege.be%2Falma%2Fwp-content%2Fuploads%2F2020%2F04%2FCatalogueLegito_2020-04-15.pdf&amp;embedded=true&amp;hl=en\" title=\"Document embarqu\u00e9\" class=\"ead-iframe\" style=\"width: 100%;height: 100%;border: none;position: absolute;left: 0;top: 0;visibility: hidden;\"><\/iframe><\/div>\t\t\t<div class=\"ead-document-loading\" style=\"width:100%;height:100%;position:absolute;left:0;top:0;z-index:10\">\n\t\t\t\t<div class=\"ead-loading-wrap\">\n\t\t\t\t\t<div class=\"ead-loading-main\">\n\t\t\t\t\t\t<div class=\"ead-loading\">\n\t\t\t\t\t\t\t<img loading=\"lazy\" decoding=\"async\" src=\"https:\/\/services.lib.uliege.be\/alma\/wp-content\/plugins\/embed-any-document\/images\/loading.svg\" width=\"55\" height=\"55\" alt=\"Chargeur\">\n\t\t\t\t\t\t\t<span>En cours de chargement&hellip;<\/span>\n\t\t\t\t\t\t<\/div>\n\t\t\t\t\t<\/div>\n\t\t\t\t\t<div class=\"ead-loading-foot\">\n\t\t\t\t\t\t<div class=\"ead-loading-foot-title\">\n\t\t\t\t\t\t\t<img loading=\"lazy\" decoding=\"async\" src=\"https:\/\/services.lib.uliege.be\/alma\/wp-content\/plugins\/embed-any-document\/images\/EAD-logo.svg\" alt=\"Logo EAD\" width=\"36\" height=\"23\"\/>\n\t\t\t\t\t\t\t<span>Cela prend trop de temps\u00a0?<\/span>\n\t\t\t\t\t\t<\/div>\n\t\t\t\t\t\t<p>\n\t\t\t\t\t\t\t<div class=\"ead-document-btn ead-reload-btn\" role=\"button\">\n\t\t\t\t\t\t\t\t<img loading=\"lazy\" decoding=\"async\" src=\"https:\/\/services.lib.uliege.be\/alma\/wp-content\/plugins\/embed-any-document\/images\/reload.svg\" alt=\"Recharger\" width=\"12\" height=\"12\"\/> Recharger le document\t\t\t\t\t\t\t<\/div>\n\t\t\t\t\t\t\t<span>|<\/span>\n\t\t\t\t\t\t\t<a href=\"https:\/\/services.lib.uliege.be\/alma\/wp-content\/uploads\/2020\/04\/CatalogueLegito_2020-04-15.pdf\" class=\"ead-document-btn\" target=\"_blank\">\n\t\t\t\t\t\t\t\t<img loading=\"lazy\" decoding=\"async\" src=\"https:\/\/services.lib.uliege.be\/alma\/wp-content\/plugins\/embed-any-document\/images\/open.svg\" alt=\"Ouvert\" width=\"12\" height=\"12\"\/> Ouvrir dans un nouvel onglet\t\t\t\t\t\t\t<\/a>\n\t\t\t\t\t<\/div>\n\t\t\t\t<\/div>\n\t\t\t<\/div>\n\t\t<\/div><p class=\"embed_download\"><a href=\"https:\/\/services.lib.uliege.be\/alma\/wp-content\/uploads\/2020\/04\/CatalogueLegito_2020-04-15.pdf\" download>T\u00e9l\u00e9charger [1.48 MB] <\/a><\/p><\/div>","protected":false},"excerpt":{"rendered":"<p>Legito est le sous-catalogue (vue Primo sp\u00e9cifique) des fonds patrimoniaux d&rsquo;ULi\u00e8ge Library. Il contient : plus de 560 incunables &amp; environ 34.000 imprim\u00e9s anciens d&rsquo;avant 1831, des centaines documents imprim\u00e9s apr\u00e8s 1830 jug\u00e9s comme pr\u00e9cieux, plus de 700 manuscrits m\u00e9di\u00e9vaux, modernes &amp; contemporains, des fonds d&rsquo;archives. Legito dispose d&rsquo;index et&#8230; <a href=\"https:\/\/services.lib.uliege.be\/alma\/primo-ve\/catalogue-legito\/\" class=\"readmore\">Lire l&#039;int\u00e9gralit\u00e9&#8230;<span class=\"screen-reader-text\">Catalogue Legito<\/span><span class=\"fa fa-angle-double-right\" aria-hidden=\"true\"><\/span><\/a><\/p>\n","protected":false},"author":5,"featured_media":0,"parent":3133,"menu_order":8,"comment_status":"closed","ping_status":"closed","template":"","meta":{"jetpack_post_was_ever_published":false,"footnotes":""},"class_list":["post-5222","page","type-page","status-publish","hentry"],"jetpack_sharing_enabled":true,"jetpack_shortlink":"https:\/\/wp.me\/P7rJUv-1me","_links":{"self":[{"href":"https:\/\/services.lib.uliege.be\/alma\/wp-json\/wp\/v2\/pages\/5222","targetHints":{"allow":["GET"]}}],"collection":[{"href":"https:\/\/services.lib.uliege.be\/alma\/wp-json\/wp\/v2\/pages"}],"about":[{"href":"https:\/\/services.lib.uliege.be\/alma\/wp-json\/wp\/v2\/types\/page"}],"author":[{"embeddable":true,"href":"https:\/\/services.lib.uliege.be\/alma\/wp-json\/wp\/v2\/users\/5"}],"replies":[{"embeddable":true,"href":"https:\/\/services.lib.uliege.be\/alma\/wp-json\/wp\/v2\/comments?post=5222"}],"version-history":[{"count":5,"href":"https:\/\/services.lib.uliege.be\/alma\/wp-json\/wp\/v2\/pages\/5222\/revisions"}],"predecessor-version":[{"id":5228,"href":"https:\/\/services.lib.uliege.be\/alma\/wp-json\/wp\/v2\/pages\/5222\/revisions\/5228"}],"up":[{"embeddable":true,"href":"https:\/\/services.lib.uliege.be\/alma\/wp-json\/wp\/v2\/pages\/3133"}],"wp:attachment":[{"href":"https:\/\/services.lib.uliege.be\/alma\/wp-json\/wp\/v2\/media?parent=5222"}],"curies":[{"name":"wp","href":"https:\/\/api.w.org\/{rel}","templated":true}]}}