{"id":5216,"date":"2020-04-07T16:13:17","date_gmt":"2020-04-07T14:13:17","guid":{"rendered":"http:\/\/app.lib.uliege.be\/alma\/?page_id=5216"},"modified":"2022-09-30T17:00:55","modified_gmt":"2022-09-30T15:00:55","slug":"find-it","status":"publish","type":"page","link":"https:\/\/services.lib.uliege.be\/alma\/primo-ve\/recherche-et-decouverte\/find-it\/","title":{"rendered":"Find it @&#8230;"},"content":{"rendered":"\n<p>Dans le bas du menu de gauche (<a href=\"https:\/\/services.lib.uliege.be\/alma\/primo-ve\/affichage-et-navigation\/facettes\/\">Facettes<\/a>), Primo propose \u00ab\u00a0Find it @\u2026\u00a0\u00bb, une possibilit\u00e9 de rebond vers des plates-formes externes :<\/p>\n\n\n\n<ul class=\"wp-block-list\"><li>bases de donn\u00e9es bibliographiques majeures (Scopus, PubMed)<\/li><li>agr\u00e9gateurs\/moteurs de recherche scientifiques (BASE, ISIDORE, Google Scholar, Lens.org, EBSCOhost)<\/li><li>catalogues locaux (Scribe, UniCat).<\/li><\/ul>\n\n\n\n<p>\u00ab\u00a0Find it @&#8230;\u00a0\u00bb r\u00e9cup\u00e8re les \u00e9l\u00e9ments de la requ\u00eate, mais toujours de fa\u00e7on simple : s&rsquo;il s&rsquo;agit d&rsquo;une recherche avanc\u00e9e avec des index, filtres sp\u00e9cifiques et op\u00e9rateurs bool\u00e9ens comme OR ou NOT, le rebond vers la ressource externe se fera toujours sur une recherche simple avec l&rsquo;op\u00e9rateur AND.<\/p>\n\n\n<div class=\"wp-block-image\">\n<figure class=\"aligncenter size-full\"><img loading=\"lazy\" decoding=\"async\" width=\"208\" height=\"373\" src=\"https:\/\/services.lib.uliege.be\/alma\/wp-content\/uploads\/2022\/09\/image-30.png\" alt=\"\" class=\"wp-image-6445\" srcset=\"https:\/\/services.lib.uliege.be\/alma\/wp-content\/uploads\/2022\/09\/image-30.png 208w, https:\/\/services.lib.uliege.be\/alma\/wp-content\/uploads\/2022\/09\/image-30-167x300.png 167w\" sizes=\"auto, (max-width: 208px) 100vw, 208px\" \/><\/figure>\n<\/div>","protected":false},"excerpt":{"rendered":"<p>Dans le bas du menu de gauche (Facettes), Primo propose \u00ab\u00a0Find it @\u2026\u00a0\u00bb, une possibilit\u00e9 de rebond vers des plates-formes externes : bases de donn\u00e9es bibliographiques majeures (Scopus, PubMed) agr\u00e9gateurs\/moteurs de recherche scientifiques (BASE, ISIDORE, Google Scholar, Lens.org, EBSCOhost) catalogues locaux (Scribe, UniCat). \u00ab\u00a0Find it @&#8230;\u00a0\u00bb r\u00e9cup\u00e8re les \u00e9l\u00e9ments de&#8230; <a href=\"https:\/\/services.lib.uliege.be\/alma\/primo-ve\/recherche-et-decouverte\/find-it\/\" class=\"readmore\">Lire l&#039;int\u00e9gralit\u00e9&#8230;<span class=\"screen-reader-text\">Find it @&#8230;<\/span><span class=\"fa fa-angle-double-right\" aria-hidden=\"true\"><\/span><\/a><\/p>\n","protected":false},"author":5,"featured_media":0,"parent":3135,"menu_order":6,"comment_status":"closed","ping_status":"closed","template":"","meta":{"jetpack_post_was_ever_published":false,"footnotes":""},"class_list":["post-5216","page","type-page","status-publish","hentry"],"jetpack_sharing_enabled":true,"jetpack_shortlink":"https:\/\/wp.me\/P7rJUv-1m8","_links":{"self":[{"href":"https:\/\/services.lib.uliege.be\/alma\/wp-json\/wp\/v2\/pages\/5216","targetHints":{"allow":["GET"]}}],"collection":[{"href":"https:\/\/services.lib.uliege.be\/alma\/wp-json\/wp\/v2\/pages"}],"about":[{"href":"https:\/\/services.lib.uliege.be\/alma\/wp-json\/wp\/v2\/types\/page"}],"author":[{"embeddable":true,"href":"https:\/\/services.lib.uliege.be\/alma\/wp-json\/wp\/v2\/users\/5"}],"replies":[{"embeddable":true,"href":"https:\/\/services.lib.uliege.be\/alma\/wp-json\/wp\/v2\/comments?post=5216"}],"version-history":[{"count":4,"href":"https:\/\/services.lib.uliege.be\/alma\/wp-json\/wp\/v2\/pages\/5216\/revisions"}],"predecessor-version":[{"id":6448,"href":"https:\/\/services.lib.uliege.be\/alma\/wp-json\/wp\/v2\/pages\/5216\/revisions\/6448"}],"up":[{"embeddable":true,"href":"https:\/\/services.lib.uliege.be\/alma\/wp-json\/wp\/v2\/pages\/3135"}],"wp:attachment":[{"href":"https:\/\/services.lib.uliege.be\/alma\/wp-json\/wp\/v2\/media?parent=5216"}],"curies":[{"name":"wp","href":"https:\/\/api.w.org\/{rel}","templated":true}]}}