{"id":5002,"date":"2019-11-06T17:40:06","date_gmt":"2019-11-06T16:40:06","guid":{"rendered":"http:\/\/app.lib.uliege.be\/alma\/?page_id=5002"},"modified":"2019-12-02T12:18:12","modified_gmt":"2019-12-02T11:18:12","slug":"nouvelle-carte-de-lecteur-b","status":"publish","type":"page","link":"https:\/\/services.lib.uliege.be\/alma\/cyclope\/nouvelle-carte-de-lecteur-b\/","title":{"rendered":"Nouvelle carte de lecteur B"},"content":{"rendered":"\n<p>La nouvelle carte de lecteur d&rsquo;un usager externe est clairement reconnaissable au bandeau oranger, \u00e0 la mention dans ce dernier et au texte du logo. <\/p>\n\n\n\n<div class=\"wp-block-image\"><figure class=\"aligncenter is-resized\"><img loading=\"lazy\" decoding=\"async\" src=\"https:\/\/services.lib.uliege.be\/alma\/wp-content\/uploads\/2019\/11\/image-15.png\" alt=\"L\u2019attribut alt de cette image est vide, son nom de fichier est image-15.png.\" width=\"422\" height=\"263\"\/><\/figure><\/div>\n\n\n\n<p>Le verso reprend, sous forme de code-barres, le num\u00e9ro de lecteur B, le mois et l&rsquo;ann\u00e9e d&rsquo;impression de la carte, une adresse en cas de carte trouv\u00e9e et le code d&rsquo;activation \u00e0 4 chiffres. <\/p>\n\n\n\n<div class=\"wp-block-image\"><figure class=\"aligncenter is-resized\"><img loading=\"lazy\" decoding=\"async\" src=\"https:\/\/services.lib.uliege.be\/alma\/wp-content\/uploads\/2019\/11\/image-17.png\" alt=\"L\u2019attribut alt de cette image est vide, son nom de fichier est image-17.png.\" width=\"431\" height=\"263\"\/><\/figure><\/div>\n\n\n\n<p>Le code \u00e0 quatre chiffres permet aux usagers B d&rsquo;activer la puce Mifare qui se trouve dans la carte.  <\/p>\n\n\n\n<p>Dans le courrier qui accompagne la carte, les usagers sont invit\u00e9s \u00e0 activer leur carte sur <a rel=\"noreferrer noopener\" aria-label=\"https:\/\/my.uliege.be\/carte (opens in a new tab)\" href=\"https:\/\/my.uliege.be\/carte\" target=\"_blank\">https:\/\/my.uliege.be\/carte<\/a> au moyen de leur num\u00e9ro de lecteur (Bxxxxxx), de leur mot de passe (g\u00e9n\u00e9r\u00e9 lors du plugin) et du code d\u2019activation de 4 chiffres. Il peuvent \u00e9galement s\u00e9curiser leur profil et modifier leur mot de passe sur myULiege.<\/p>\n\n\n\n<p>La carte est notamment n\u00e9cessaire pour entrer dans les implantations ULi\u00e8ge Library \u00e9quip\u00e9es de portiques \u00e0 acc\u00e8s s\u00e9curis\u00e9 et, prochainement, pour utiliser les automates de pr\u00eat. <\/p>\n","protected":false},"excerpt":{"rendered":"<p>La nouvelle carte de lecteur d&rsquo;un usager externe est clairement reconnaissable au bandeau oranger, \u00e0 la mention dans ce dernier et au texte du logo. Le verso reprend, sous forme de code-barres, le num\u00e9ro de lecteur B, le mois et l&rsquo;ann\u00e9e d&rsquo;impression de la carte, une adresse en cas de&#8230; <a href=\"https:\/\/services.lib.uliege.be\/alma\/cyclope\/nouvelle-carte-de-lecteur-b\/\" class=\"readmore\">Lire l&#039;int\u00e9gralit\u00e9&#8230;<span class=\"screen-reader-text\">Nouvelle carte de lecteur B<\/span><span class=\"fa fa-angle-double-right\" aria-hidden=\"true\"><\/span><\/a><\/p>\n","protected":false},"author":5,"featured_media":0,"parent":4959,"menu_order":0,"comment_status":"closed","ping_status":"closed","template":"","meta":{"jetpack_post_was_ever_published":false,"footnotes":""},"class_list":["post-5002","page","type-page","status-publish","hentry"],"jetpack_sharing_enabled":true,"jetpack_shortlink":"https:\/\/wp.me\/P7rJUv-1iG","_links":{"self":[{"href":"https:\/\/services.lib.uliege.be\/alma\/wp-json\/wp\/v2\/pages\/5002","targetHints":{"allow":["GET"]}}],"collection":[{"href":"https:\/\/services.lib.uliege.be\/alma\/wp-json\/wp\/v2\/pages"}],"about":[{"href":"https:\/\/services.lib.uliege.be\/alma\/wp-json\/wp\/v2\/types\/page"}],"author":[{"embeddable":true,"href":"https:\/\/services.lib.uliege.be\/alma\/wp-json\/wp\/v2\/users\/5"}],"replies":[{"embeddable":true,"href":"https:\/\/services.lib.uliege.be\/alma\/wp-json\/wp\/v2\/comments?post=5002"}],"version-history":[{"count":5,"href":"https:\/\/services.lib.uliege.be\/alma\/wp-json\/wp\/v2\/pages\/5002\/revisions"}],"predecessor-version":[{"id":5160,"href":"https:\/\/services.lib.uliege.be\/alma\/wp-json\/wp\/v2\/pages\/5002\/revisions\/5160"}],"up":[{"embeddable":true,"href":"https:\/\/services.lib.uliege.be\/alma\/wp-json\/wp\/v2\/pages\/4959"}],"wp:attachment":[{"href":"https:\/\/services.lib.uliege.be\/alma\/wp-json\/wp\/v2\/media?parent=5002"}],"curies":[{"name":"wp","href":"https:\/\/api.w.org\/{rel}","templated":true}]}}