{"id":5,"date":"2016-04-07T12:24:41","date_gmt":"2016-04-07T11:24:41","guid":{"rendered":"https:\/\/app.lib.uliege.be\/alma\/?page_id=5"},"modified":"2025-07-14T14:41:19","modified_gmt":"2025-07-14T12:41:19","slug":"analytics","status":"publish","type":"page","link":"https:\/\/services.lib.uliege.be\/alma\/analytics\/","title":{"rendered":"Analytics \/ Statistiques"},"content":{"rendered":"<p>La formation Alma Analytics \u00e0 l\u2019ULi\u00e8ge a \u00e9t\u00e9 d\u00e9clin\u00e9e en trois volets :<\/p>\n<ul>\n<li><a href=\"https:\/\/services.lib.uliege.be\/alma\/analytics\/analytics-decouverte\/\">Analytics 1 &#8211; D\u00e9couverte<\/a><\/li>\n<li><a href=\"https:\/\/services.lib.uliege.be\/alma\/analytics\/analytics-formation\/\">Analytics 2 &#8211; Rapports<\/a><\/li>\n<li><a href=\"https:\/\/services.lib.uliege.be\/alma\/analytics\/Analytics-Formules\">Analytics 3 &#8211; Formation avanc\u00e9e<\/a><\/li>\n<li><a href=\"https:\/\/services.lib.uliege.be\/alma\/analytics\/Analytics-Dashboards\">Analytics 4 &#8211; Dashboards<\/a><\/li>\n<\/ul>\n<p>Le volet \u00ab\u00a0<a href=\"https:\/\/services.lib.uliege.be\/alma\/analytics\/analytics-decouverte\/\">D\u00e9couverte Analytics 1<\/a>\u00a0\u00bb pr\u00e9sente les points d\u2019acc\u00e8s aux diff\u00e9rents types de synth\u00e8ses statistiques mises \u00e0 disposition via le tableau de bord Alma (Widget, Report, Dashboard, Scheduled Report et Scheduled Dashboard). Ce que l\u2019usager peut esp\u00e9rer obtenir de l\u2019outil est illustr\u00e9 par un assortiment d\u2019exemples issus des diff\u00e9rents domaines (<em>Fulfillment<\/em>, <em>Borrowing requests<\/em>, <em>Lending requests<\/em>, <em>Physical Items<\/em>, <em>Funds Expenditure<\/em>, <em>E-Inventory<\/em>, <em>Usage Data<\/em>, <em>Cost Usage<\/em>).<br \/>\n<u>Public cible<\/u> : tout public<br \/>\n<u>Formation certifiante<\/u> : non<\/p>\n<p>Les volets \u00ab\u00a0<a href=\"https:\/\/services.lib.uliege.be\/alma\/analytics\/analytics-formation\/\">Analytics 2<\/a>\u00ab\u00a0, \u00ab\u00a0<a href=\"https:\/\/services.lib.uliege.be\/alma\/analytics\/Analytics-Formules\">Analytics 3<\/a>\u00a0\u00bb et \u00ab\u00a0<a href=\"https:\/\/services.lib.uliege.be\/alma\/analytics\/Analytics-Dashboards\">Analytics 4<\/a>\u00a0\u00bb sont\u00a0destin\u00e9s \u00e0 celles et ceux qui auront en charge la conception et\/ou la production des synth\u00e8ses statistiques \u00e0 l\u2019usage des managers et des op\u00e9rateurs. Au terme de la formation, les participants sont capables de naviguer dans l\u2019interface Oracle Business Intelligence (OBI), de cr\u00e9er et d\u2019\u00e9diter des analyses statistiques, de cr\u00e9er et g\u00e9rer un Dashboard et enfin de partager leurs productions avec les coll\u00e8gues concern\u00e9s.<br \/>\nDes r\u00e9unions sont organis\u00e9es r\u00e9guli\u00e8rement pour suivre les d\u00e9veloppements de Analytics et am\u00e9liorer la ma\u00eetrise de l\u2019outil dans un esprit coop\u00e9ratif.<br \/>\n<u>Public cible<\/u> : directeurs, responsables de section et tout agent pressenti pour s\u2019impliquer dans la r\u00e9alisation des synth\u00e8ses statistiques<br \/>\n<u>Formation certifiante<\/u> : non<\/p>\n<p>Le groupe de travail Alma Analytics peut \u00eatre contact\u00e9 via cette adresse : <a href=\"mailto:Alma-Analytics@lists.uliege.be\">Alma-Analytics {@} lists(.)uliege(.)be<\/a>.<\/p>\n","protected":false},"excerpt":{"rendered":"<p>La formation Alma Analytics \u00e0 l\u2019ULi\u00e8ge a \u00e9t\u00e9 d\u00e9clin\u00e9e en trois volets : Analytics 1 &#8211; D\u00e9couverte Analytics 2 &#8211; Rapports Analytics 3 &#8211; Formation avanc\u00e9e Analytics 4 &#8211; Dashboards Le volet \u00ab\u00a0D\u00e9couverte Analytics 1\u00a0\u00bb pr\u00e9sente les points d\u2019acc\u00e8s aux diff\u00e9rents types de synth\u00e8ses statistiques mises \u00e0 disposition via le&#8230; <a href=\"https:\/\/services.lib.uliege.be\/alma\/analytics\/\" class=\"readmore\">Lire l&#039;int\u00e9gralit\u00e9&#8230;<span class=\"screen-reader-text\">Analytics \/ Statistiques<\/span><span class=\"fa fa-angle-double-right\" aria-hidden=\"true\"><\/span><\/a><\/p>\n","protected":false},"author":5,"featured_media":0,"parent":0,"menu_order":0,"comment_status":"closed","ping_status":"closed","template":"","meta":{"jetpack_post_was_ever_published":false,"footnotes":""},"class_list":["post-5","page","type-page","status-publish","hentry"],"jetpack_sharing_enabled":true,"jetpack_shortlink":"https:\/\/wp.me\/P7rJUv-5","_links":{"self":[{"href":"https:\/\/services.lib.uliege.be\/alma\/wp-json\/wp\/v2\/pages\/5","targetHints":{"allow":["GET"]}}],"collection":[{"href":"https:\/\/services.lib.uliege.be\/alma\/wp-json\/wp\/v2\/pages"}],"about":[{"href":"https:\/\/services.lib.uliege.be\/alma\/wp-json\/wp\/v2\/types\/page"}],"author":[{"embeddable":true,"href":"https:\/\/services.lib.uliege.be\/alma\/wp-json\/wp\/v2\/users\/5"}],"replies":[{"embeddable":true,"href":"https:\/\/services.lib.uliege.be\/alma\/wp-json\/wp\/v2\/comments?post=5"}],"version-history":[{"count":34,"href":"https:\/\/services.lib.uliege.be\/alma\/wp-json\/wp\/v2\/pages\/5\/revisions"}],"predecessor-version":[{"id":6981,"href":"https:\/\/services.lib.uliege.be\/alma\/wp-json\/wp\/v2\/pages\/5\/revisions\/6981"}],"wp:attachment":[{"href":"https:\/\/services.lib.uliege.be\/alma\/wp-json\/wp\/v2\/media?parent=5"}],"curies":[{"name":"wp","href":"https:\/\/api.w.org\/{rel}","templated":true}]}}