{"id":4959,"date":"2019-11-06T16:04:58","date_gmt":"2019-11-06T15:04:58","guid":{"rendered":"http:\/\/app.lib.uliege.be\/alma\/?page_id=4959"},"modified":"2019-11-28T13:26:24","modified_gmt":"2019-11-28T12:26:24","slug":"cyclope","status":"publish","type":"page","link":"https:\/\/services.lib.uliege.be\/alma\/cyclope\/","title":{"rendered":"Nouvelles cartes : m\u00e9mos et proc\u00e9dures"},"content":{"rendered":"\n<p>Depuis la mi-novembre 2019, une <a href=\"https:\/\/services.lib.uliege.be\/alma\/nouvelle-carte-de-lecteur-b\/\">nouvelle carte de lecteur<\/a> est entr\u00e9e en application. Cette carte est une carte \u00e0 puce sans contact (type MIFARE DESFire) avec photo de l&rsquo;usager. Elle permet notamment :<\/p>\n\n\n\n<ul class=\"wp-block-list\"><li>l&rsquo;acc\u00e8s \u00e0 la biblioth\u00e8que (passage des portiques)<\/li><li>l&rsquo;acc\u00e8s aux services de la biblioth\u00e8que (pr\u00eat&#8230;)<\/li><li>l&rsquo;utilisation des automates de pr\u00eat<\/li><\/ul>\n\n\n\n<p>La g\u00e9n\u00e9ration de ces cartes se fait au moyen du logiciel Cyclope, d\u00e9velopp\u00e9 par le SEGI. Cyclope s&rsquo;utilise dans la foul\u00e9e de l&rsquo;inscription de l&rsquo;usager dans Alma (<em><a href=\"https:\/\/services.lib.uliege.be\/alma\/creer-un-lecteur-exterieur-user-b\/\">Cr\u00e9er un lecteur ext\u00e9rieur (User B)<\/a><\/em>)<\/p>\n\n\n\n<h3 class=\"wp-block-heading\">G\u00e9n\u00e9ralit\u00e9s <\/h3>\n\n\n\n<ul class=\"wp-block-list\"><li><a href=\"https:\/\/services.lib.uliege.be\/alma\/nouvelle-carte-de-lecteur-b\/\">Sur la nouvelle carte de lecteur B<\/a><\/li><\/ul>\n\n\n\n<h3 class=\"wp-block-heading\">Gestion Alma et Cyclope sur les postes d&rsquo;accueil<\/h3>\n\n\n\n<ol class=\"wp-block-list\"><li>Alma : <a href=\"https:\/\/services.lib.uliege.be\/alma\/creer-un-lecteur-exterieur-user-b\/\">Cr\u00e9er un lecteur ext\u00e9rieur (User B)<\/a><\/li><li>Alma : <a href=\"https:\/\/services.lib.uliege.be\/alma\/nouvelle-carte-enregistrer-la-transaction-financiere-de-linscription\/\">Nouvelle carte : enregistrer la transaction financi\u00e8re de l\u2019inscription<\/a><\/li><li>Cyclope : <a href=\"https:\/\/services.lib.uliege.be\/alma\/cyclope-sidentifier-en-tant-quoperateur-fulfillment\/\">S&rsquo;identifier en tant qu&rsquo;op\u00e9rateur Fulfillment<\/a><\/li><li>Cyclope : <a href=\"https:\/\/services.lib.uliege.be\/alma\/cyclope-associer-une-photo-pour-un-usager-b\/\">Associer une photo pour un usager B et g\u00e9n\u00e9rer la carte<\/a><\/li><li>myULiege : <a href=\"https:\/\/services.lib.uliege.be\/alma\/demander-une-nouvelle-impression-de-carte-via-myuliege\/\">Demander une nouvelle impression de carte<\/a><\/li><\/ol>\n\n\n\n<h3 class=\"wp-block-heading\"> Administration<\/h3>\n\n\n\n<ul class=\"wp-block-list\"><li><a href=\"https:\/\/services.lib.uliege.be\/alma\/installer-cyclope-sur-un-poste\/\">Installer Cyclope sur un poste<\/a><\/li><li>Configurer le spouler Cyclope (Salle de lecture)<\/li><li><a href=\"https:\/\/services.lib.uliege.be\/alma\/cyclope\/administration-sur-myuliege-des-gestionnaires-cyclope\/\">Administration des gestionnaires Cyclope<\/a><\/li><\/ul>\n\n\n\n<p><\/p>\n","protected":false},"excerpt":{"rendered":"<p>Depuis la mi-novembre 2019, une nouvelle carte de lecteur est entr\u00e9e en application. Cette carte est une carte \u00e0 puce sans contact (type MIFARE DESFire) avec photo de l&rsquo;usager. Elle permet notamment : l&rsquo;acc\u00e8s \u00e0 la biblioth\u00e8que (passage des portiques) l&rsquo;acc\u00e8s aux services de la biblioth\u00e8que (pr\u00eat&#8230;) l&rsquo;utilisation des automates&#8230; <a href=\"https:\/\/services.lib.uliege.be\/alma\/cyclope\/\" class=\"readmore\">Lire l&#039;int\u00e9gralit\u00e9&#8230;<span class=\"screen-reader-text\">Nouvelles cartes : m\u00e9mos et proc\u00e9dures<\/span><span class=\"fa fa-angle-double-right\" aria-hidden=\"true\"><\/span><\/a><\/p>\n","protected":false},"author":5,"featured_media":0,"parent":0,"menu_order":0,"comment_status":"closed","ping_status":"closed","template":"","meta":{"jetpack_post_was_ever_published":false,"footnotes":""},"class_list":["post-4959","page","type-page","status-publish","hentry"],"jetpack_sharing_enabled":true,"jetpack_shortlink":"https:\/\/wp.me\/P7rJUv-1hZ","_links":{"self":[{"href":"https:\/\/services.lib.uliege.be\/alma\/wp-json\/wp\/v2\/pages\/4959","targetHints":{"allow":["GET"]}}],"collection":[{"href":"https:\/\/services.lib.uliege.be\/alma\/wp-json\/wp\/v2\/pages"}],"about":[{"href":"https:\/\/services.lib.uliege.be\/alma\/wp-json\/wp\/v2\/types\/page"}],"author":[{"embeddable":true,"href":"https:\/\/services.lib.uliege.be\/alma\/wp-json\/wp\/v2\/users\/5"}],"replies":[{"embeddable":true,"href":"https:\/\/services.lib.uliege.be\/alma\/wp-json\/wp\/v2\/comments?post=4959"}],"version-history":[{"count":21,"href":"https:\/\/services.lib.uliege.be\/alma\/wp-json\/wp\/v2\/pages\/4959\/revisions"}],"predecessor-version":[{"id":5208,"href":"https:\/\/services.lib.uliege.be\/alma\/wp-json\/wp\/v2\/pages\/4959\/revisions\/5208"}],"wp:attachment":[{"href":"https:\/\/services.lib.uliege.be\/alma\/wp-json\/wp\/v2\/media?parent=4959"}],"curies":[{"name":"wp","href":"https:\/\/api.w.org\/{rel}","templated":true}]}}