{"id":4584,"date":"2019-04-30T15:07:59","date_gmt":"2019-04-30T13:07:59","guid":{"rendered":"https:\/\/app.lib.uliege.be\/alma\/?page_id=4584"},"modified":"2024-09-02T11:56:05","modified_gmt":"2024-09-02T09:56:05","slug":"formations-et-calendrier","status":"publish","type":"page","link":"https:\/\/services.lib.uliege.be\/alma\/primo-ve\/formations-et-calendrier\/","title":{"rendered":"Historique du projet Primo VE"},"content":{"rendered":"\n<!--h3>S\u00e9ances de formation<\/h3-->\n\n\n\n<p><!--p>Diff\u00e9rentes s\u00e9ances d'explication et de formation sur le nouveau Primo ont \u00e9t\u00e9 planifi\u00e9es :<\/p--><\/p>\n\n\n\n<!--ol><li>jeudi 2 mai \u00e0 9:00 (B63d, grande salle de la DG)<\/li><li>lundi 6 mai \u00e0 13:30 (B35, Sant\u00e9 [BSV], salle informatique)<\/li><li>mardi 7 mai \u00e0 9:30 (A2, salle de Germanique)<\/li><li>mardi 14 mai \u00e0 9:00 (B6b, Sciences)<\/li><li>jeudi 16 mai \u00e0 13:00 (A2, salle de Germanique) <\/li><li>mardi 21 mai \u00e0 13:30 (B35, Sant\u00e9 [BSV], salle informatique ) <\/li><li>mercredi 22 mai \u00e0 9:00 (B63d, grande salle de la DG)  <\/li><li>lundi 27 mai \u00e0 9:00 (B6b, Sciences)<\/li><li>jeudi 27 juin \u00e0 9:30 (B63d, grande salle de la DG)<\/li><\/ol-->\n\n\n\n<p><!--p>Pour une meilleure organisation, nous avons souhait\u00e9 limiter la participation \u00e0 10 personnes. Ces s\u00e9ances n'\u00e9taient pas obligatoires. Une s\u00e9ance durait approximativement 2-3 heures. <\/p--><\/p>\n\n\n\n<p><!--p>Pour votre confort, nous vous recommandions vivement d'avoir d\u00e9j\u00e0 utilis\u00e9 la nouvelle interface avant de participer \u00e0 ces s\u00e9ances. <\/p--><\/p>\n\n\n\n<p><!--p>Des s\u00e9ances additionnelles pouvaient \u00eatre organis\u00e9es en juin si le nombre de places s'av\u00e9rait insuffisant ou en cas de probl\u00e8me de disponibilit\u00e9. Une s\u00e9ance avec moins de trois participants pouvait faire l'objet d'une annulation.<\/p--><\/p>\n\n\n\n<h3 class=\"wp-block-heading\">Calendrier de d\u00e9ploiement<\/h3>\n\n\n\n<ul class=\"wp-block-list\">\n<li>D\u00e9but novembre 2018 : mise \u00e0 disposition par Ex Libris d&rsquo;une <strong>pr\u00e9-configuration initiale<\/strong> du nouveau Primo sur base d&rsquo;\u00e9l\u00e9ments structurant d&rsquo;Alma et du Primo actuel (<em>Primo Classic<\/em>).<\/li>\n\n\n\n<li>Novembre 2018 &#8211; mars 2019 : <strong>configuration<\/strong> du nouveau Primo, moissonnage de donn\u00e9es externes, authentification, tests et v\u00e9rifications&#8230; par les administrateurs. \u00c9changes avec Ex Libris.<\/li>\n\n\n\n<li>Fin mars 2019 : <strong>ouverture du nouveau Primo aux coll\u00e8gues ULi\u00e8ge Library<\/strong> (d\u00e9couverte, ma\u00eetrise de l&rsquo;outil&#8230;) et possibilit\u00e9 d&rsquo;adresser questions et remarques aux administrateurs via un <a label=\"formulaire (opens in a new tab)\" href=\"https:\/\/goo.gl\/forms\/85qBrApYDstMsJRv2\" target=\"_blank\" rel=\"noreferrer noopener\" class=\"broken_link\">formulaire<\/a>.<\/li>\n\n\n\n<li>Mars &#8211; avril 2019 : mise en place par les administrateurs d&rsquo;une <strong>bo\u00eete \u00e0 outils<\/strong> avec des explications sur les composantes et les fonctionnalit\u00e9s du nouveau Primo.<\/li>\n\n\n\n<li>Mai 2019 : organisation de diff\u00e9rentes <strong>s\u00e9ances d&rsquo;explication et de formation<\/strong> sur le nouveau Primo.<\/li>\n\n\n\n<li>Fin mai 2019 : <strong>ouverture en b\u00eata du nouveau Primo aux usagers<\/strong><\/li>\n\n\n\n<li>Mi-septembre 2019 : <strong>d\u00e9ploiement du nouveau Primo et du nouveau site web<\/strong>, l&rsquo;ancien Primo (<em>Primo Classic<\/em>) est d\u00e9sactiv\u00e9.<\/li>\n\n\n\n<li>Automne-hiver 2019-2020 : Travail sur une vue particuli\u00e8re destin\u00e9e \u00e0 <strong>mettre en valeur les fonds patrimoniaux<\/strong> de ULi\u00e8ge Library (voir catalogue Legito)<\/li>\n\n\n\n<li>Mi-juin 2020 : Annonce publique du<strong> lancement de <a href=\"https:\/\/explore.lib.uliege.be\/discovery\/search?vid=32ULG_INST:Legito&amp;lang=fr\" target=\"_blank\" rel=\"noreferrer noopener\">Legito<\/a><\/strong><\/li>\n<\/ul>\n","protected":false},"excerpt":{"rendered":"<p>Calendrier de d\u00e9ploiement<\/p>\n","protected":false},"author":5,"featured_media":0,"parent":3133,"menu_order":9,"comment_status":"closed","ping_status":"closed","template":"","meta":{"jetpack_post_was_ever_published":false,"footnotes":""},"class_list":["post-4584","page","type-page","status-publish","hentry"],"jetpack_sharing_enabled":true,"jetpack_shortlink":"https:\/\/wp.me\/P7rJUv-1bW","_links":{"self":[{"href":"https:\/\/services.lib.uliege.be\/alma\/wp-json\/wp\/v2\/pages\/4584","targetHints":{"allow":["GET"]}}],"collection":[{"href":"https:\/\/services.lib.uliege.be\/alma\/wp-json\/wp\/v2\/pages"}],"about":[{"href":"https:\/\/services.lib.uliege.be\/alma\/wp-json\/wp\/v2\/types\/page"}],"author":[{"embeddable":true,"href":"https:\/\/services.lib.uliege.be\/alma\/wp-json\/wp\/v2\/users\/5"}],"replies":[{"embeddable":true,"href":"https:\/\/services.lib.uliege.be\/alma\/wp-json\/wp\/v2\/comments?post=4584"}],"version-history":[{"count":14,"href":"https:\/\/services.lib.uliege.be\/alma\/wp-json\/wp\/v2\/pages\/4584\/revisions"}],"predecessor-version":[{"id":6801,"href":"https:\/\/services.lib.uliege.be\/alma\/wp-json\/wp\/v2\/pages\/4584\/revisions\/6801"}],"up":[{"embeddable":true,"href":"https:\/\/services.lib.uliege.be\/alma\/wp-json\/wp\/v2\/pages\/3133"}],"wp:attachment":[{"href":"https:\/\/services.lib.uliege.be\/alma\/wp-json\/wp\/v2\/media?parent=4584"}],"curies":[{"name":"wp","href":"https:\/\/api.w.org\/{rel}","templated":true}]}}