{"id":4441,"date":"2019-04-29T10:36:39","date_gmt":"2019-04-29T08:36:39","guid":{"rendered":"https:\/\/app.lib.uliege.be\/alma\/?page_id=4441"},"modified":"2020-10-01T15:58:05","modified_gmt":"2020-10-01T13:58:05","slug":"tri","status":"publish","type":"page","link":"https:\/\/services.lib.uliege.be\/alma\/primo-ve\/affichage-et-navigation\/tri\/","title":{"rendered":"Tri des r\u00e9sultats"},"content":{"rendered":"\n<p> Le tri par d\u00e9faut est le <strong>tri par pertinence<\/strong>. Cette configuration n&rsquo;est pas modifiable :<\/p>\n\n\n\n<div class=\"wp-block-image\"><figure class=\"aligncenter size-large is-resized\"><img loading=\"lazy\" decoding=\"async\" src=\"https:\/\/services.lib.uliege.be\/alma\/wp-content\/uploads\/2020\/10\/image-1.png\" alt=\"\" class=\"wp-image-5555\" width=\"488\" height=\"181\" srcset=\"https:\/\/services.lib.uliege.be\/alma\/wp-content\/uploads\/2020\/10\/image-1.png 897w, https:\/\/services.lib.uliege.be\/alma\/wp-content\/uploads\/2020\/10\/image-1-300x111.png 300w, https:\/\/services.lib.uliege.be\/alma\/wp-content\/uploads\/2020\/10\/image-1-768x285.png 768w\" sizes=\"auto, (max-width: 488px) 100vw, 488px\" \/><\/figure><\/div>\n\n\n\n<p><\/p>\n\n\n\n<p><strong>Les autres possibilit\u00e9s de tri <\/strong>sont :  <\/p>\n\n\n\n<ul class=\"wp-block-list\"><li>Date &#8211; la plus r\u00e9cente<\/li><li>Date &#8211; la plus ancienne<\/li><li>Titre<\/li><li>Auteur<\/li><\/ul>\n\n\n\n<p>Ce classement par pertinence (Relevance Ranking) s&rsquo;applique lors de toute recherche sur l&rsquo;ensemble des collections (<em>blended<\/em>) incluant les r\u00e9f\u00e9rences issues du Central Discovery Index et les r\u00e9f\u00e9rences issues des sources locales (Alma et sources moissonn\u00e9es par Primo VE).<\/p>\n\n\n\n<p><\/p>\n\n\n\n<p>Au sein d&rsquo;un regroupement de plusieurs versions (<a href=\"https:\/\/services.lib.uliege.be\/alma\/primo-ve\/affichage-et-navigation\/frbr-et-dedoublonnement\/\">groupe FRBR<\/a>), le classement par d\u00e9faut est le tri descendant par date &#8211; la plus r\u00e9cente :<\/p>\n\n\n\n<div class=\"wp-block-image\"><figure class=\"aligncenter size-large is-resized\"><img loading=\"lazy\" decoding=\"async\" src=\"https:\/\/services.lib.uliege.be\/alma\/wp-content\/uploads\/2020\/10\/image-4-1024x719.png\" alt=\"\" class=\"wp-image-5560\" width=\"536\" height=\"376\" srcset=\"https:\/\/services.lib.uliege.be\/alma\/wp-content\/uploads\/2020\/10\/image-4-1024x719.png 1024w, https:\/\/services.lib.uliege.be\/alma\/wp-content\/uploads\/2020\/10\/image-4-300x211.png 300w, https:\/\/services.lib.uliege.be\/alma\/wp-content\/uploads\/2020\/10\/image-4-768x540.png 768w, https:\/\/services.lib.uliege.be\/alma\/wp-content\/uploads\/2020\/10\/image-4.png 1298w\" sizes=\"auto, (max-width: 536px) 100vw, 536px\" \/><\/figure><\/div>\n","protected":false},"excerpt":{"rendered":"<p>Le tri par d\u00e9faut est le tri par pertinence. Cette configuration n&rsquo;est pas modifiable : Les autres possibilit\u00e9s de tri sont : Date &#8211; la plus r\u00e9cente Date &#8211; la plus ancienne Titre Auteur Ce classement par pertinence (Relevance Ranking) s&rsquo;applique lors de toute recherche sur l&rsquo;ensemble des collections (blended)&#8230; <a href=\"https:\/\/services.lib.uliege.be\/alma\/primo-ve\/affichage-et-navigation\/tri\/\" class=\"readmore\">Lire l&#039;int\u00e9gralit\u00e9&#8230;<span class=\"screen-reader-text\">Tri des r\u00e9sultats<\/span><span class=\"fa fa-angle-double-right\" aria-hidden=\"true\"><\/span><\/a><\/p>\n","protected":false},"author":6,"featured_media":0,"parent":3162,"menu_order":1,"comment_status":"closed","ping_status":"closed","template":"","meta":{"jetpack_post_was_ever_published":false,"footnotes":""},"class_list":["post-4441","page","type-page","status-publish","hentry"],"jetpack_sharing_enabled":true,"jetpack_shortlink":"https:\/\/wp.me\/P7rJUv-19D","_links":{"self":[{"href":"https:\/\/services.lib.uliege.be\/alma\/wp-json\/wp\/v2\/pages\/4441","targetHints":{"allow":["GET"]}}],"collection":[{"href":"https:\/\/services.lib.uliege.be\/alma\/wp-json\/wp\/v2\/pages"}],"about":[{"href":"https:\/\/services.lib.uliege.be\/alma\/wp-json\/wp\/v2\/types\/page"}],"author":[{"embeddable":true,"href":"https:\/\/services.lib.uliege.be\/alma\/wp-json\/wp\/v2\/users\/6"}],"replies":[{"embeddable":true,"href":"https:\/\/services.lib.uliege.be\/alma\/wp-json\/wp\/v2\/comments?post=4441"}],"version-history":[{"count":14,"href":"https:\/\/services.lib.uliege.be\/alma\/wp-json\/wp\/v2\/pages\/4441\/revisions"}],"predecessor-version":[{"id":5564,"href":"https:\/\/services.lib.uliege.be\/alma\/wp-json\/wp\/v2\/pages\/4441\/revisions\/5564"}],"up":[{"embeddable":true,"href":"https:\/\/services.lib.uliege.be\/alma\/wp-json\/wp\/v2\/pages\/3162"}],"wp:attachment":[{"href":"https:\/\/services.lib.uliege.be\/alma\/wp-json\/wp\/v2\/media?parent=4441"}],"curies":[{"name":"wp","href":"https:\/\/api.w.org\/{rel}","templated":true}]}}